{"id":9365,"date":"2024-04-14T12:07:26","date_gmt":"2024-04-14T12:07:26","guid":{"rendered":"https:\/\/iberoid.com\/?post_type=product&#038;p=9365"},"modified":"2024-09-07T18:33:48","modified_gmt":"2024-09-07T18:33:48","slug":"cypio-meds-250-testosterone-cypionate","status":"publish","type":"product","link":"https:\/\/iberoid.com\/pt\/product\/cypio-meds-250-testosterone-cypionate\/","title":{"rendered":"Cypio Meds 250 (Testosterone cypionate)"},"content":{"rendered":"<p>TESTO &#8211; CYPIONATE 250mg \/ 10 ampolas<\/p>\n<p>Cypio Meds 250 (cipionato de testosterona) \u00e9 um \u00e9ster longo de testosterona. A meia-vida do seu componente ativo \u00e9 de 15 a 16 dias (a meia-vida efetiva \u00e9 de 6 a 8 dias). Este ester\u00f3ide anabolizante \u00e9 um injet\u00e1vel \u00e0 base de \u00f3leo. Devido \u00e0 sua meia-vida mais longa, o agente ativo pode causar maior reten\u00e7\u00e3o de l\u00edquidos em compara\u00e7\u00e3o com outros medicamentos ester\u00f3ides. O cipionato \u00e9 <strong>frequentemente usado para o crescimento muscular como parte de ciclos mistos.<\/strong><\/p>\n<p>O cipionato de testosterona atua afetando os receptores anab\u00f3licos (como qualquer outro \u00e9ster de testosterona). Como resultado, h\u00e1 maior conserva\u00e7\u00e3o de nitrog\u00eanio \u2013 o principal material de constru\u00e7\u00e3o para a produ\u00e7\u00e3o de prote\u00ednas musculares.<\/p>\n<p><strong>BENEF\u00cdCIOS DO CIPIONATO DE TESTOSTERONA<\/strong><\/p>\n<p>Cypio Meds 250 produz efeitos semelhantes aos da testosterona natural, o principal horm\u00f4nio sexual masculino respons\u00e1vel pelas capacidades mais emocionais e f\u00edsicas de uma pessoa. Causa agress\u00e3o, estimula o crescimento muscular, melhora o desejo sexual e d\u00e1 origem a uma voz mais rouca. Os principais efeitos do ester\u00f3ide incluem:<\/p>\n<ul>\n<li><strong>R\u00e1pido desenvolvimento dos m\u00fasculos. <\/strong>O processo de inje\u00e7\u00e3o provoca hidrata\u00e7\u00e3o celular substancial, e a \u00e1gua \u00e9 respons\u00e1vel por uma parcela significativa da massa muscular adquirida. Isso faz com que os m\u00fasculos pare\u00e7am mais atraentes, mas uma vez conclu\u00eddo o processo, isso resulta em contratempos. O fluido cumulativo \u00e9 1\/3 do desenvolvimento total do m\u00fasculo.<\/li>\n<li><strong>Melhor desempenho de for\u00e7a.<\/strong><\/li>\n<li>Aumento do desenvolvimento de gl\u00f3bulos vermelhos. O aumento do oxig\u00eanio na corrente sangu\u00ednea permite <strong>um funcionamento mais eficaz do tecido muscular <\/strong>, aumentando assim a resist\u00eancia dos atletas. A contagem melhorada de gl\u00f3bulos vermelhos tamb\u00e9m facilita uma reabilita\u00e7\u00e3o mais r\u00e1pida ap\u00f3s um treino intensivo.<\/li>\n<li><strong>Melhor desejo sexual e forma\u00e7\u00e3o de esperma.<\/strong><\/li>\n<li>Melhor metabolismo do f\u00f3sforo.<\/li>\n<li>O n\u00famero de prote\u00ednas produzidas muitas vezes supera o n\u00famero de mol\u00e9culas em decomposi\u00e7\u00e3o, garantindo um equil\u00edbrio positivo de nitrog\u00eanio.<\/li>\n<\/ul>\n<p>Um \u00fanico ciclo de medicamento pode resultar em uma massa muscular de 12 kg e um aumento no desempenho de for\u00e7a de 10 a 15%. O cipionato de testosterona afeta e aumenta as fibras musculares. Isto \u00e9 devido aos processos fisiol\u00f3gicos caracter\u00edsticos da droga. O componente ativo mant\u00e9m os m\u00fasculos adquiridos ao mesmo tempo que suprime a a\u00e7\u00e3o dos horm\u00f4nios glicocortic\u00f3ides que causam atrofia muscular natural (efeitos do catabolismo).<\/p>\n<p>A principal desvantagem do uso do cipionato de testosterona \u00e9 a sua tend\u00eancia de aromatiza\u00e7\u00e3o \u2013 a convers\u00e3o da testosterona em estrog\u00eanios. Caracter\u00edsticas femininas como ginecomastia (aperto e incha\u00e7o dos tecidos na regi\u00e3o do mamilo), incha\u00e7o devido \u00e0 reten\u00e7\u00e3o de l\u00edquidos, ac\u00famulo de gordura corporal de padr\u00e3o feminino (nas \u00e1reas abdominal e quadril), diminui\u00e7\u00e3o da atividade sexual e atrofia testicular podem come\u00e7ar a se manifestar quando um grande quantidade de estrog\u00eanio \u00e9 observada no corpo de um homem.<\/p>\n<p><strong>EFEITOS COLATERAIS POSS\u00cdVEIS DO CIPIONATO DE TESTOSTERONA<\/strong><\/p>\n<p>As rea\u00e7\u00f5es adversas decorrentes do uso do esteroide injet\u00e1vel s\u00e3o de fato androg\u00eanicas, evidenciadas pela r\u00e1pida transforma\u00e7\u00e3o da subst\u00e2ncia na forma ativa da diidrotestosterona. Um ciclo de medicamentos pode causar hipertens\u00e3o, crescimento excessivo de pelos (pelos corporais e faciais), queda de cabelo, pele oleosa, acne. Os antiestrog\u00eanios s\u00e3o usados para inibir a produ\u00e7\u00e3o de estrog\u00eanio. Por exemplo, 10 mg de tamoxifeno por dia, come\u00e7ando na segunda semana do ciclo e at\u00e9 2 semanas ap\u00f3s a conclus\u00e3o do ciclo de inje\u00e7\u00e3o.<\/p>\n<p>Por\u00e9m, durante esse ciclo, recomenda-se o uso de inibidores da aromatase como Proviron , Anastrozol ou outros. Ap\u00f3s o t\u00e9rmino do uso do cipionato, Proviron deve ser substitu\u00eddo por tamoxifeno para restaurar a produ\u00e7\u00e3o natural de testosterona. O uso de antiestrog\u00eanio resulta em menor reten\u00e7\u00e3o de l\u00edquidos no tecido muscular e diminui\u00e7\u00e3o dos riscos de desenvolvimento de ginecomastia.<\/p>\n<p>Se a dura\u00e7\u00e3o do uso do cipionato de testosterona atingir 4 semanas, o uso do horm\u00f4nio c\u00f3rion gonadotr\u00f3fico \u00e9 prescrito na dose de 500 UI uma vez por semana durante todo o ciclo e 2 semanas ap\u00f3s o t\u00e9rmino, come\u00e7ando na semana 3.<\/p>\n<p><strong>ADMINISTRA\u00c7\u00c3O E DOSAGEM DE CIPIONATO DE TESTOSTERONA<\/strong><\/p>\n<p>As inje\u00e7\u00f5es devem ser feitas uma vez por semana. As inje\u00e7\u00f5es podem ser feitas de forma menos regular devido ao tempo de a\u00e7\u00e3o do ester\u00f3ide, mas isso n\u00e3o reduzir\u00e1 a alta concentra\u00e7\u00e3o consistente do agente ativo. Dosagem recomendada: 250-500 mg. Aumentar a dose para 800 mg n\u00e3o intensificar\u00e1 os efeitos anab\u00f3licos, mas levar\u00e1 a rea\u00e7\u00f5es adversas. A dosagem semanal pode ser dividida em duas interna\u00e7\u00f5es feitas em dias da semana diferentes. A dura\u00e7\u00e3o do ciclo \u00e9 de 5 a 6 semanas.<\/p>","protected":false},"excerpt":{"rendered":"<p>TESTO &#8211; CYPIONATE 250mg \/ 10 ampolas Cypio Meds 250 (cipionato de testosterona) \u00e9 um \u00e9ster longo de testosterona. A<\/p>\n","protected":false},"featured_media":9367,"comment_status":"open","ping_status":"closed","template":"","meta":[],"product_brand":[],"product_cat":[69],"product_tag":[],"class_list":{"0":"post-9365","1":"product","2":"type-product","3":"status-publish","4":"has-post-thumbnail","6":"product_cat-esteroides_inyectables","8":"first","9":"outofstock","10":"sale","11":"shipping-taxable","12":"purchasable","13":"product-type-simple"},"yoast_head":"<!-- This site is optimized with the Yoast SEO Premium plugin v24.4 (Yoast SEO v27.3) - https:\/\/yoast.com\/product\/yoast-seo-premium-wordpress\/ -->\n<title>Cypio Meds 250 (Testosterone cypionate) - buy online at Ester\u00f3ides Online<\/title>\n<meta name=\"description\" content=\"Cypio Meds 250 (Testosterone cypionate) works by affecting the anabolic receptors (like any other testosterone ester). As a result, there is more nitrogen\" \/>\n<meta name=\"robots\" content=\"index, follow, max-snippet:-1, max-image-preview:large, max-video-preview:-1\" \/>\n<link rel=\"canonical\" href=\"https:\/\/iberoid.com\/pt\/product\/cypio-meds-250-testosterone-cypionate\/\" \/>\n<meta property=\"og:locale\" content=\"pt_PT\" \/>\n<meta property=\"og:type\" content=\"article\" \/>\n<meta property=\"og:title\" content=\"Cypio Meds 250 (Testosterone cypionate)\" \/>\n<meta property=\"og:description\" content=\"Cypio Meds 250 (Testosterone cypionate) works by affecting the anabolic receptors (like any other testosterone ester). As a result, there is more nitrogen\" \/>\n<meta property=\"og:url\" content=\"https:\/\/iberoid.com\/pt\/product\/cypio-meds-250-testosterone-cypionate\/\" \/>\n<meta property=\"og:site_name\" content=\"Ester\u00f3ides Online\" \/>\n<meta property=\"article:modified_time\" content=\"2024-09-07T18:33:48+00:00\" \/>\n<meta property=\"og:image\" content=\"https:\/\/iberoid.com\/wp-content\/uploads\/2024\/04\/1cip.jpg?v=1713096439\" \/>\n\t<meta property=\"og:image:width\" content=\"2048\" \/>\n\t<meta property=\"og:image:height\" content=\"1457\" \/>\n\t<meta property=\"og:image:type\" content=\"image\/jpeg\" \/>\n<meta name=\"twitter:card\" content=\"summary_large_image\" \/>\n<meta name=\"twitter:label1\" content=\"pre\u00e7o\" \/>\n\t<meta name=\"twitter:data1\" content=\"&euro;30.00\" \/>\n\t<meta name=\"twitter:label2\" content=\"Disponibilidade\" \/>\n\t<meta name=\"twitter:data2\" content=\"Esgotado\" \/>\n<script type=\"application\/ld+json\" class=\"yoast-schema-graph\">{\"@context\":\"https:\\\/\\\/schema.org\",\"@graph\":[{\"@type\":\"WebPage\",\"@id\":\"https:\\\/\\\/iberoid.com\\\/pt\\\/product\\\/cypio-meds-250-testosterone-cypionate\\\/\",\"url\":\"https:\\\/\\\/iberoid.com\\\/pt\\\/product\\\/cypio-meds-250-testosterone-cypionate\\\/\",\"name\":\"Cypio Meds 250 (Testosterone cypionate) - buy online at Ester\u00f3ides Online\",\"isPartOf\":{\"@id\":\"https:\\\/\\\/iberoid.com\\\/pt\\\/#website\"},\"primaryImageOfPage\":{\"@id\":\"https:\\\/\\\/iberoid.com\\\/pt\\\/product\\\/cypio-meds-250-testosterone-cypionate\\\/#primaryimage\"},\"image\":{\"@id\":\"https:\\\/\\\/iberoid.com\\\/pt\\\/product\\\/cypio-meds-250-testosterone-cypionate\\\/#primaryimage\"},\"thumbnailUrl\":\"https:\\\/\\\/iberoid.com\\\/wp-content\\\/uploads\\\/2024\\\/04\\\/1cip.jpg?v=1713096439\",\"datePublished\":\"2024-04-14T12:07:26+00:00\",\"dateModified\":\"2024-09-07T18:33:48+00:00\",\"description\":\"Cypio Meds 250 (Testosterone cypionate) works by affecting the anabolic receptors (like any other testosterone ester). As a result, there is more nitrogen\",\"breadcrumb\":{\"@id\":\"https:\\\/\\\/iberoid.com\\\/pt\\\/product\\\/cypio-meds-250-testosterone-cypionate\\\/#breadcrumb\"},\"inLanguage\":\"pt-PT\",\"potentialAction\":[{\"@type\":\"ReadAction\",\"target\":[[\"https:\\\/\\\/iberoid.com\\\/pt\\\/product\\\/cypio-meds-250-testosterone-cypionate\\\/\"]]}]},{\"@type\":\"ImageObject\",\"inLanguage\":\"pt-PT\",\"@id\":\"https:\\\/\\\/iberoid.com\\\/pt\\\/product\\\/cypio-meds-250-testosterone-cypionate\\\/#primaryimage\",\"url\":\"https:\\\/\\\/iberoid.com\\\/wp-content\\\/uploads\\\/2024\\\/04\\\/1cip.jpg?v=1713096439\",\"contentUrl\":\"https:\\\/\\\/iberoid.com\\\/wp-content\\\/uploads\\\/2024\\\/04\\\/1cip.jpg?v=1713096439\",\"width\":2048,\"height\":1457,\"caption\":\"Cypio Meds 250 (Testosterone cypionate)\"},{\"@type\":\"BreadcrumbList\",\"@id\":\"https:\\\/\\\/iberoid.com\\\/pt\\\/product\\\/cypio-meds-250-testosterone-cypionate\\\/#breadcrumb\",\"itemListElement\":[{\"@type\":\"ListItem\",\"position\":1,\"name\":\"Portada\",\"item\":\"https:\\\/\\\/iberoid.com\\\/pt\\\/\"},{\"@type\":\"ListItem\",\"position\":2,\"name\":\"Loja\",\"item\":\"https:\\\/\\\/iberoid.com\\\/pt\\\/shop\\\/\"},{\"@type\":\"ListItem\",\"position\":3,\"name\":\"Cypio Meds 250 (Testosterone cypionate)\"}]},{\"@type\":\"WebSite\",\"@id\":\"https:\\\/\\\/iberoid.com\\\/pt\\\/#website\",\"url\":\"https:\\\/\\\/iberoid.com\\\/pt\\\/\",\"name\":\"Ester\u00f3ides Online\",\"description\":\"Compre ester\u00f3ides online hoje em Espanha e Portugal. Temos o melhor servi\u00e7o ao cliente do setor e produtos da mais alta qualidade\",\"potentialAction\":[{\"@type\":\"SearchAction\",\"target\":{\"@type\":\"EntryPoint\",\"urlTemplate\":\"https:\\\/\\\/iberoid.com\\\/pt\\\/?s={search_term_string}\"},\"query-input\":{\"@type\":\"PropertyValueSpecification\",\"valueRequired\":true,\"valueName\":\"search_term_string\"}}],\"inLanguage\":\"pt-PT\"}]}<\/script>\n<meta property=\"product:brand\" content=\"Vitality Meds\" \/>\n<meta property=\"product:price:amount\" content=\"30.00\" \/>\n<meta property=\"product:price:currency\" content=\"EUR\" \/>\n<meta property=\"og:availability\" content=\"out of stock\" \/>\n<meta property=\"product:availability\" content=\"out of stock\" \/>\n<meta property=\"product:condition\" content=\"new\" \/>\n<!-- \/ Yoast SEO Premium plugin. -->","yoast_head_json":{"title":"Cypio Meds 250 (Testosterone cypionate) - buy online at Ester\u00f3ides Online","description":"Cypio Meds 250 (Testosterone cypionate) works by affecting the anabolic receptors (like any other testosterone ester). As a result, there is more nitrogen","robots":{"index":"index","follow":"follow","max-snippet":"max-snippet:-1","max-image-preview":"max-image-preview:large","max-video-preview":"max-video-preview:-1"},"canonical":"https:\/\/iberoid.com\/pt\/product\/cypio-meds-250-testosterone-cypionate\/","og_locale":"pt_PT","og_type":"article","og_title":"Cypio Meds 250 (Testosterone cypionate)","og_description":"Cypio Meds 250 (Testosterone cypionate) works by affecting the anabolic receptors (like any other testosterone ester). As a result, there is more nitrogen","og_url":"https:\/\/iberoid.com\/pt\/product\/cypio-meds-250-testosterone-cypionate\/","og_site_name":"Ester\u00f3ides Online","article_modified_time":"2024-09-07T18:33:48+00:00","og_image":[{"width":2048,"height":1457,"url":"https:\/\/iberoid.com\/wp-content\/uploads\/2024\/04\/1cip.jpg?v=1713096439","type":"image\/jpeg"}],"twitter_card":"summary_large_image","twitter_misc":{"pre\u00e7o":"&euro;30.00","Disponibilidade":"Esgotado"},"schema":{"@context":"https:\/\/schema.org","@graph":[{"@type":"WebPage","@id":"https:\/\/iberoid.com\/pt\/product\/cypio-meds-250-testosterone-cypionate\/","url":"https:\/\/iberoid.com\/pt\/product\/cypio-meds-250-testosterone-cypionate\/","name":"Cypio Meds 250 (Testosterone cypionate) - buy online at Ester\u00f3ides Online","isPartOf":{"@id":"https:\/\/iberoid.com\/pt\/#website"},"primaryImageOfPage":{"@id":"https:\/\/iberoid.com\/pt\/product\/cypio-meds-250-testosterone-cypionate\/#primaryimage"},"image":{"@id":"https:\/\/iberoid.com\/pt\/product\/cypio-meds-250-testosterone-cypionate\/#primaryimage"},"thumbnailUrl":"https:\/\/iberoid.com\/wp-content\/uploads\/2024\/04\/1cip.jpg?v=1713096439","datePublished":"2024-04-14T12:07:26+00:00","dateModified":"2024-09-07T18:33:48+00:00","description":"Cypio Meds 250 (Testosterone cypionate) works by affecting the anabolic receptors (like any other testosterone ester). As a result, there is more nitrogen","breadcrumb":{"@id":"https:\/\/iberoid.com\/pt\/product\/cypio-meds-250-testosterone-cypionate\/#breadcrumb"},"inLanguage":"pt-PT","potentialAction":[{"@type":"ReadAction","target":[["https:\/\/iberoid.com\/pt\/product\/cypio-meds-250-testosterone-cypionate\/"]]}]},{"@type":"ImageObject","inLanguage":"pt-PT","@id":"https:\/\/iberoid.com\/pt\/product\/cypio-meds-250-testosterone-cypionate\/#primaryimage","url":"https:\/\/iberoid.com\/wp-content\/uploads\/2024\/04\/1cip.jpg?v=1713096439","contentUrl":"https:\/\/iberoid.com\/wp-content\/uploads\/2024\/04\/1cip.jpg?v=1713096439","width":2048,"height":1457,"caption":"Cypio Meds 250 (Testosterone cypionate)"},{"@type":"BreadcrumbList","@id":"https:\/\/iberoid.com\/pt\/product\/cypio-meds-250-testosterone-cypionate\/#breadcrumb","itemListElement":[{"@type":"ListItem","position":1,"name":"Portada","item":"https:\/\/iberoid.com\/pt\/"},{"@type":"ListItem","position":2,"name":"Loja","item":"https:\/\/iberoid.com\/pt\/shop\/"},{"@type":"ListItem","position":3,"name":"Cypio Meds 250 (Testosterone cypionate)"}]},{"@type":"WebSite","@id":"https:\/\/iberoid.com\/pt\/#website","url":"https:\/\/iberoid.com\/pt\/","name":"Ester\u00f3ides Online","description":"Compre ester\u00f3ides online hoje em Espanha e Portugal. Temos o melhor servi\u00e7o ao cliente do setor e produtos da mais alta qualidade","potentialAction":[{"@type":"SearchAction","target":{"@type":"EntryPoint","urlTemplate":"https:\/\/iberoid.com\/pt\/?s={search_term_string}"},"query-input":{"@type":"PropertyValueSpecification","valueRequired":true,"valueName":"search_term_string"}}],"inLanguage":"pt-PT"}]},"product_brand":"Vitality Meds","product_price_amount":"30.00","product_price_currency":"EUR","og_availability":"out of stock","product_availability":"out of stock","product_condition":"new"},"_links":{"self":[{"href":"https:\/\/iberoid.com\/pt\/wp-json\/wp\/v2\/product\/9365","targetHints":{"allow":["GET"]}}],"collection":[{"href":"https:\/\/iberoid.com\/pt\/wp-json\/wp\/v2\/product"}],"about":[{"href":"https:\/\/iberoid.com\/pt\/wp-json\/wp\/v2\/types\/product"}],"replies":[{"embeddable":true,"href":"https:\/\/iberoid.com\/pt\/wp-json\/wp\/v2\/comments?post=9365"}],"wp:featuredmedia":[{"embeddable":true,"href":"https:\/\/iberoid.com\/pt\/wp-json\/wp\/v2\/media\/9367"}],"wp:attachment":[{"href":"https:\/\/iberoid.com\/pt\/wp-json\/wp\/v2\/media?parent=9365"}],"wp:term":[{"taxonomy":"product_brand","embeddable":true,"href":"https:\/\/iberoid.com\/pt\/wp-json\/wp\/v2\/product_brand?post=9365"},{"taxonomy":"product_cat","embeddable":true,"href":"https:\/\/iberoid.com\/pt\/wp-json\/wp\/v2\/product_cat?post=9365"},{"taxonomy":"product_tag","embeddable":true,"href":"https:\/\/iberoid.com\/pt\/wp-json\/wp\/v2\/product_tag?post=9365"}],"curies":[{"name":"wp","href":"https:\/\/api.w.org\/{rel}","templated":true}]}}