{"id":9458,"date":"2024-05-26T11:34:28","date_gmt":"2024-05-26T11:34:28","guid":{"rendered":"https:\/\/iberoid.com\/?post_type=product&#038;p=9458"},"modified":"2026-03-22T12:07:24","modified_gmt":"2026-03-22T12:07:24","slug":"tri-trenbolone","status":"publish","type":"product","link":"https:\/\/iberoid.com\/pt\/product\/tri-trenbolone\/","title":{"rendered":"TRI-TRENBOLONE"},"content":{"rendered":"<p><strong>TRI-TRENBOLONA \/ 200MG-ml<\/strong> cont\u00e9m acetato de trembolona, enantato de trembolona, hexahidrobenzilcarbonato de trembolona ;<\/p>\n<p><strong>Via de administra\u00e7\u00e3o<\/strong><\/p>\n<p>Somente para uso intramuscular;<\/p>\n<p><strong>Indica\u00e7\u00e3o:<\/strong><\/p>\n<p>Os veterin\u00e1rios usam TRI-TRENBOLONE no gado para aumentar o crescimento muscular e o apetite. Este ester\u00f3ide n\u00e3o s\u00f3 causa um crescimento muscular substancial, mas tamb\u00e9m aumenta a dureza, a densidade, a vasculariza\u00e7\u00e3o e a secura. \u00c9 conhecido como um dos melhores intensificadores de for\u00e7a dispon\u00edveis.<\/p>\n<p><strong>Contra-indica\u00e7\u00f5es:<\/strong><\/p>\n<ul>\n<li>N\u00e3o administrar a bovinos com menos de 6 semanas de idade<\/li>\n<li>N\u00e3o administrar em novilhas que estejam produzindo ou possam produzir no futuro leite ou produtos l\u00e1cteos para consumo humano.<\/li>\n<li>N\u00e3o administrar em bovinos credenciados gratuitamente pelo HGP<\/li>\n<\/ul>\n<p><strong>Administra\u00e7\u00e3o de TRI-TRENBOLONE:<\/strong><\/p>\n<p>A dose ideal de Enantato de Trembolona \u00e9 de 300-600 mg por semana. Ajuste a dosagem de acordo com a prescri\u00e7\u00e3o do seu m\u00e9dico. O tratamento depende de fatores como atividade f\u00edsica, idade e gravidade da doen\u00e7a. N\u00e3o use trembolona por mais de 10 semanas.<\/p>\n<p><strong>A\u00e7\u00e3o m\u00e9dica:<\/strong><\/p>\n<p><strong>TRI-TRENBOLONE <\/strong>\u00e9 uma combina\u00e7\u00e3o de tr\u00eas \u00e9steres de trembolona: acetato de trembolona , enantato de trembolona e hexahidrobenzilcarbonato de trembolona . A presen\u00e7a do \u00e9ster acetato permite que o Tri-Tren apresente uma resposta fisiol\u00f3gica inicial r\u00e1pida. Os outros dois \u00e9steres, que s\u00e3o liberados em taxas mais lentas, prolongam a resposta fisiol\u00f3gica com uma curva de absor\u00e7\u00e3o relativamente plana ao longo do ciclo de vida da inje\u00e7\u00e3o.<\/p>\n<p>TRI-TRENBOLONE promove grandemente a s\u00edntese proteica e cria um equil\u00edbrio positivo de nitrog\u00eanio. Estimula o apetite e melhora a convers\u00e3o de prote\u00ednas. Testes laboratoriais mostraram que o acetato de trembolona aumenta a s\u00edntese prot\u00e9ica e reduz a deposi\u00e7\u00e3o de gordura. Promove efetivamente o tamanho e a for\u00e7a quando combinado com prote\u00ednas e calorias adequadas, apoia os processos de constru\u00e7\u00e3o de tecidos corporais e pode reverter o catabolismo.<\/p>\n<p><strong>Precau\u00e7\u00f5es:<\/strong><\/p>\n<p>Enantato de trembolona n\u00e3o deve ser usado se:<\/p>\n<p>Voc\u00ea \u00e9 al\u00e9rgico a qualquer ingrediente da Trembolona<\/p>\n<p>Se voc\u00ea est\u00e1 gr\u00e1vida, planejando engravidar ou amamentando<\/p>\n<p>Voc\u00ea tem c\u00e2ncer de mama e \u00e9 homem; c\u00e2ncer de pr\u00f3stata conhecido ou suspeito; ou problemas graves de cora\u00e7\u00e3o, f\u00edgado ou rins<\/p>\n<p>Contacte o seu m\u00e9dico ou profissional de sa\u00fade imediatamente se alguma destas situa\u00e7\u00f5es se aplicar a voc\u00ea.<\/p>\n<p><strong>Efeitos colaterais:<\/strong><\/p>\n<p>Tri-Tren afeta os n\u00edveis de testosterona, portanto, o uso de drogas estimulantes como Clomid e HCG \u00e9 altamente recomendado no final da terapia com trembolona. Esses produtos ajudam a prevenir dist\u00farbios hormonais; por exemplo, os test\u00edculos podem n\u00e3o responder normalmente \u00e0 produ\u00e7\u00e3o retomada de gonadotrofinas se estiverem em estado atrofiado.<\/p>\n<p>Os efeitos colaterais comuns do Tri-Tren s\u00e3o pele oleosa, comportamento agressivo, queda de cabelo e alta reten\u00e7\u00e3o de \u00e1gua. Muitos pacientes relataram que a acne tende a aparecer no antebra\u00e7o, bra\u00e7o, ombro, t\u00f3rax, costas e tamb\u00e9m no rosto durante os est\u00e1gios iniciais da terapia com este medicamento.<\/p>\n<p>&nbsp;<\/p>\n<p>&nbsp;<\/p>","protected":false},"excerpt":{"rendered":"<p>TRI-TRENBOLONA \/ 200MG-ml cont\u00e9m acetato de trembolona, enantato de trembolona, hexahidrobenzilcarbonato de trembolona ; Via de administra\u00e7\u00e3o Somente para uso<\/p>\n","protected":false},"featured_media":9460,"comment_status":"open","ping_status":"closed","template":"","meta":[],"product_brand":[],"product_cat":[69],"product_tag":[],"class_list":{"0":"post-9458","1":"product","2":"type-product","3":"status-publish","4":"has-post-thumbnail","6":"product_cat-esteroides_inyectables","8":"first","9":"outofstock","10":"sale","11":"shipping-taxable","12":"purchasable","13":"product-type-simple"},"yoast_head":"<!-- This site is optimized with the Yoast SEO Premium plugin v24.4 (Yoast SEO v27.3) - https:\/\/yoast.com\/product\/yoast-seo-premium-wordpress\/ -->\n<title>TRI-TRENBOLONE - Ester\u00f3ides Online<\/title>\n<meta name=\"description\" content=\"TRI-TRENBOLONE is a combination of three esters of Trenbolone: Trenabolone Acetate, Trenbolone Enanthate and Trenbolone Hexahydrobenzylcarbonate.\" \/>\n<meta name=\"robots\" content=\"index, follow, max-snippet:-1, max-image-preview:large, max-video-preview:-1\" \/>\n<link rel=\"canonical\" href=\"https:\/\/iberoid.com\/pt\/product\/tri-trenbolone\/\" \/>\n<meta property=\"og:locale\" content=\"pt_PT\" \/>\n<meta property=\"og:type\" content=\"article\" \/>\n<meta property=\"og:title\" content=\"TRI-TRENBOLONE\" \/>\n<meta property=\"og:description\" content=\"TRI-TRENBOLONE is a combination of three esters of Trenbolone: Trenabolone Acetate, Trenbolone Enanthate and Trenbolone Hexahydrobenzylcarbonate.\" \/>\n<meta property=\"og:url\" content=\"https:\/\/iberoid.com\/pt\/product\/tri-trenbolone\/\" \/>\n<meta property=\"og:site_name\" content=\"Ester\u00f3ides Online\" \/>\n<meta property=\"article:modified_time\" content=\"2026-03-22T12:07:24+00:00\" \/>\n<meta property=\"og:image\" content=\"https:\/\/iberoid.com\/wp-content\/uploads\/2024\/05\/TT-scaled.jpg?v=1716723230\" \/>\n\t<meta property=\"og:image:width\" content=\"1547\" \/>\n\t<meta property=\"og:image:height\" content=\"2560\" \/>\n\t<meta property=\"og:image:type\" content=\"image\/jpeg\" \/>\n<meta name=\"twitter:card\" content=\"summary_large_image\" \/>\n<meta name=\"twitter:label1\" content=\"pre\u00e7o\" \/>\n\t<meta name=\"twitter:data1\" content=\"&euro;50.00\" \/>\n\t<meta name=\"twitter:label2\" content=\"Disponibilidade\" \/>\n\t<meta name=\"twitter:data2\" content=\"Esgotado\" \/>\n<script type=\"application\/ld+json\" class=\"yoast-schema-graph\">{\"@context\":\"https:\\\/\\\/schema.org\",\"@graph\":[{\"@type\":\"WebPage\",\"@id\":\"https:\\\/\\\/iberoid.com\\\/pt\\\/product\\\/tri-trenbolone\\\/\",\"url\":\"https:\\\/\\\/iberoid.com\\\/pt\\\/product\\\/tri-trenbolone\\\/\",\"name\":\"TRI-TRENBOLONE - Ester\u00f3ides Online\",\"isPartOf\":{\"@id\":\"https:\\\/\\\/iberoid.com\\\/pt\\\/#website\"},\"primaryImageOfPage\":{\"@id\":\"https:\\\/\\\/iberoid.com\\\/pt\\\/product\\\/tri-trenbolone\\\/#primaryimage\"},\"image\":{\"@id\":\"https:\\\/\\\/iberoid.com\\\/pt\\\/product\\\/tri-trenbolone\\\/#primaryimage\"},\"thumbnailUrl\":\"https:\\\/\\\/iberoid.com\\\/wp-content\\\/uploads\\\/2024\\\/05\\\/TT-scaled.jpg?v=1716723230\",\"datePublished\":\"2024-05-26T11:34:28+00:00\",\"dateModified\":\"2026-03-22T12:07:24+00:00\",\"description\":\"TRI-TRENBOLONE is a combination of three esters of Trenbolone: Trenabolone Acetate, Trenbolone Enanthate and Trenbolone Hexahydrobenzylcarbonate.\",\"breadcrumb\":{\"@id\":\"https:\\\/\\\/iberoid.com\\\/pt\\\/product\\\/tri-trenbolone\\\/#breadcrumb\"},\"inLanguage\":\"pt-PT\",\"potentialAction\":[{\"@type\":\"ReadAction\",\"target\":[[\"https:\\\/\\\/iberoid.com\\\/pt\\\/product\\\/tri-trenbolone\\\/\"]]}]},{\"@type\":\"ImageObject\",\"inLanguage\":\"pt-PT\",\"@id\":\"https:\\\/\\\/iberoid.com\\\/pt\\\/product\\\/tri-trenbolone\\\/#primaryimage\",\"url\":\"https:\\\/\\\/iberoid.com\\\/wp-content\\\/uploads\\\/2024\\\/05\\\/TT-scaled.jpg?v=1716723230\",\"contentUrl\":\"https:\\\/\\\/iberoid.com\\\/wp-content\\\/uploads\\\/2024\\\/05\\\/TT-scaled.jpg?v=1716723230\",\"width\":1547,\"height\":2560,\"caption\":\"TRI-TRENBOLONE\"},{\"@type\":\"BreadcrumbList\",\"@id\":\"https:\\\/\\\/iberoid.com\\\/pt\\\/product\\\/tri-trenbolone\\\/#breadcrumb\",\"itemListElement\":[{\"@type\":\"ListItem\",\"position\":1,\"name\":\"Portada\",\"item\":\"https:\\\/\\\/iberoid.com\\\/pt\\\/\"},{\"@type\":\"ListItem\",\"position\":2,\"name\":\"Loja\",\"item\":\"https:\\\/\\\/iberoid.com\\\/pt\\\/shop\\\/\"},{\"@type\":\"ListItem\",\"position\":3,\"name\":\"TRI-TRENBOLONE\"}]},{\"@type\":\"WebSite\",\"@id\":\"https:\\\/\\\/iberoid.com\\\/pt\\\/#website\",\"url\":\"https:\\\/\\\/iberoid.com\\\/pt\\\/\",\"name\":\"Ester\u00f3ides Online\",\"description\":\"Compre ester\u00f3ides online hoje em Espanha e Portugal. Temos o melhor servi\u00e7o ao cliente do setor e produtos da mais alta qualidade\",\"potentialAction\":[{\"@type\":\"SearchAction\",\"target\":{\"@type\":\"EntryPoint\",\"urlTemplate\":\"https:\\\/\\\/iberoid.com\\\/pt\\\/?s={search_term_string}\"},\"query-input\":{\"@type\":\"PropertyValueSpecification\",\"valueRequired\":true,\"valueName\":\"search_term_string\"}}],\"inLanguage\":\"pt-PT\"}]}<\/script>\n<meta property=\"product:brand\" content=\"Vitality Meds\" \/>\n<meta property=\"product:price:amount\" content=\"50.00\" \/>\n<meta property=\"product:price:currency\" content=\"EUR\" \/>\n<meta property=\"og:availability\" content=\"out of stock\" \/>\n<meta property=\"product:availability\" content=\"out of stock\" \/>\n<meta property=\"product:condition\" content=\"new\" \/>\n<!-- \/ Yoast SEO Premium plugin. -->","yoast_head_json":{"title":"TRI-TRENBOLONE - Ester\u00f3ides Online","description":"TRI-TRENBOLONE is a combination of three esters of Trenbolone: Trenabolone Acetate, Trenbolone Enanthate and Trenbolone Hexahydrobenzylcarbonate.","robots":{"index":"index","follow":"follow","max-snippet":"max-snippet:-1","max-image-preview":"max-image-preview:large","max-video-preview":"max-video-preview:-1"},"canonical":"https:\/\/iberoid.com\/pt\/product\/tri-trenbolone\/","og_locale":"pt_PT","og_type":"article","og_title":"TRI-TRENBOLONE","og_description":"TRI-TRENBOLONE is a combination of three esters of Trenbolone: Trenabolone Acetate, Trenbolone Enanthate and Trenbolone Hexahydrobenzylcarbonate.","og_url":"https:\/\/iberoid.com\/pt\/product\/tri-trenbolone\/","og_site_name":"Ester\u00f3ides Online","article_modified_time":"2026-03-22T12:07:24+00:00","og_image":[{"width":1547,"height":2560,"url":"https:\/\/iberoid.com\/wp-content\/uploads\/2024\/05\/TT-scaled.jpg?v=1716723230","type":"image\/jpeg"}],"twitter_card":"summary_large_image","twitter_misc":{"pre\u00e7o":"&euro;50.00","Disponibilidade":"Esgotado"},"schema":{"@context":"https:\/\/schema.org","@graph":[{"@type":"WebPage","@id":"https:\/\/iberoid.com\/pt\/product\/tri-trenbolone\/","url":"https:\/\/iberoid.com\/pt\/product\/tri-trenbolone\/","name":"TRI-TRENBOLONE - Ester\u00f3ides Online","isPartOf":{"@id":"https:\/\/iberoid.com\/pt\/#website"},"primaryImageOfPage":{"@id":"https:\/\/iberoid.com\/pt\/product\/tri-trenbolone\/#primaryimage"},"image":{"@id":"https:\/\/iberoid.com\/pt\/product\/tri-trenbolone\/#primaryimage"},"thumbnailUrl":"https:\/\/iberoid.com\/wp-content\/uploads\/2024\/05\/TT-scaled.jpg?v=1716723230","datePublished":"2024-05-26T11:34:28+00:00","dateModified":"2026-03-22T12:07:24+00:00","description":"TRI-TRENBOLONE is a combination of three esters of Trenbolone: Trenabolone Acetate, Trenbolone Enanthate and Trenbolone Hexahydrobenzylcarbonate.","breadcrumb":{"@id":"https:\/\/iberoid.com\/pt\/product\/tri-trenbolone\/#breadcrumb"},"inLanguage":"pt-PT","potentialAction":[{"@type":"ReadAction","target":[["https:\/\/iberoid.com\/pt\/product\/tri-trenbolone\/"]]}]},{"@type":"ImageObject","inLanguage":"pt-PT","@id":"https:\/\/iberoid.com\/pt\/product\/tri-trenbolone\/#primaryimage","url":"https:\/\/iberoid.com\/wp-content\/uploads\/2024\/05\/TT-scaled.jpg?v=1716723230","contentUrl":"https:\/\/iberoid.com\/wp-content\/uploads\/2024\/05\/TT-scaled.jpg?v=1716723230","width":1547,"height":2560,"caption":"TRI-TRENBOLONE"},{"@type":"BreadcrumbList","@id":"https:\/\/iberoid.com\/pt\/product\/tri-trenbolone\/#breadcrumb","itemListElement":[{"@type":"ListItem","position":1,"name":"Portada","item":"https:\/\/iberoid.com\/pt\/"},{"@type":"ListItem","position":2,"name":"Loja","item":"https:\/\/iberoid.com\/pt\/shop\/"},{"@type":"ListItem","position":3,"name":"TRI-TRENBOLONE"}]},{"@type":"WebSite","@id":"https:\/\/iberoid.com\/pt\/#website","url":"https:\/\/iberoid.com\/pt\/","name":"Ester\u00f3ides Online","description":"Compre ester\u00f3ides online hoje em Espanha e Portugal. Temos o melhor servi\u00e7o ao cliente do setor e produtos da mais alta qualidade","potentialAction":[{"@type":"SearchAction","target":{"@type":"EntryPoint","urlTemplate":"https:\/\/iberoid.com\/pt\/?s={search_term_string}"},"query-input":{"@type":"PropertyValueSpecification","valueRequired":true,"valueName":"search_term_string"}}],"inLanguage":"pt-PT"}]},"product_brand":"Vitality Meds","product_price_amount":"50.00","product_price_currency":"EUR","og_availability":"out of stock","product_availability":"out of stock","product_condition":"new"},"_links":{"self":[{"href":"https:\/\/iberoid.com\/pt\/wp-json\/wp\/v2\/product\/9458","targetHints":{"allow":["GET"]}}],"collection":[{"href":"https:\/\/iberoid.com\/pt\/wp-json\/wp\/v2\/product"}],"about":[{"href":"https:\/\/iberoid.com\/pt\/wp-json\/wp\/v2\/types\/product"}],"replies":[{"embeddable":true,"href":"https:\/\/iberoid.com\/pt\/wp-json\/wp\/v2\/comments?post=9458"}],"wp:featuredmedia":[{"embeddable":true,"href":"https:\/\/iberoid.com\/pt\/wp-json\/wp\/v2\/media\/9460"}],"wp:attachment":[{"href":"https:\/\/iberoid.com\/pt\/wp-json\/wp\/v2\/media?parent=9458"}],"wp:term":[{"taxonomy":"product_brand","embeddable":true,"href":"https:\/\/iberoid.com\/pt\/wp-json\/wp\/v2\/product_brand?post=9458"},{"taxonomy":"product_cat","embeddable":true,"href":"https:\/\/iberoid.com\/pt\/wp-json\/wp\/v2\/product_cat?post=9458"},{"taxonomy":"product_tag","embeddable":true,"href":"https:\/\/iberoid.com\/pt\/wp-json\/wp\/v2\/product_tag?post=9458"}],"curies":[{"name":"wp","href":"https:\/\/api.w.org\/{rel}","templated":true}]}}