{"id":9534,"date":"2024-07-13T13:02:44","date_gmt":"2024-07-13T13:02:44","guid":{"rendered":"https:\/\/iberoid.com\/?post_type=product&#038;p=9534"},"modified":"2024-09-07T18:19:25","modified_gmt":"2024-09-07T18:19:25","slug":"stronba-stanozolol","status":"publish","type":"product","link":"https:\/\/iberoid.com\/pt\/product\/stronba-stanozolol\/","title":{"rendered":"STRONBA \/ stanozolol"},"content":{"rendered":"<p><strong>STRONBA \/ estanozolol <\/strong>10mg\/105tabs<\/p>\n<p>A embalagem do Stronba cont\u00e9m 100 comprimidos. Stanozolol trata o angioedema heredit\u00e1rio, uma condi\u00e7\u00e3o que causa epis\u00f3dios de incha\u00e7o da face, extremidades, \u00f3rg\u00e3os genitais, parede intestinal e garganta.<\/p>\n<p>Stanozolol em Stronba pode reduzir a frequ\u00eancia e gravidade desses ataques. Deriva da diidrotestosterona, exibindo efeitos mais leves, exceto pelos efeitos colaterais androg\u00eanicos associados. Demonstra uma forte tend\u00eancia para promover o crescimento muscular.<\/p>\n<p><strong>Contra-indica\u00e7\u00f5es:<\/strong><\/p>\n<p>O Stanozolol n\u00e3o \u00e9 indicado para pacientes que sofrem de hipersensibilidade ao medicamento, c\u00e2ncer de pr\u00f3stata, c\u00e2ncer de mama em homens, carcinoma de mama em mulheres com hipercalcemia, aterosclerose grave, insufici\u00eancia hep\u00e1tica e renal, prostatite aguda e cr\u00f4nica, gravidez e lacta\u00e7\u00e3o.<\/p>\n<h2>Administra\u00e7\u00e3o de STRONBA\/estanozolol:<\/h2>\n<p>A dose ideal para adultos \u00e9 de 10-20 mg\/dia. A dose preservadora \u00e9 de 5-10 mg\/dia.<\/p>\n<p>Para minimizar a frequ\u00eancia e a gravidade dos ataques de angioedema heredit\u00e1rio, os m\u00e9dicos ajustaram as doses individuais com base na capacidade de resposta do paciente. O tratamento come\u00e7a com uma dose de 2 mg tr\u00eas vezes ao dia. Uma vez alcan\u00e7ado um efeito positivo, a dose \u00e9 reduzida gradualmente durante um per\u00edodo de 1 a 3 meses para 2 mg por dia.<\/p>\n<p><strong>A\u00e7\u00e3o m\u00e9dica:<\/strong><\/p>\n<p>Stanozolol \u00e9 um ester\u00f3ide anabolizante. Este medicamento estimula processos anab\u00f3licos e inibe os catab\u00f3licos causados pelos glicocortic\u00f3ides. Stanozol induz aumento da massa muscular, reduz os dep\u00f3sitos de gordura, melhora os tecidos tr\u00f3ficos, promove a deposi\u00e7\u00e3o de c\u00e1lcio nos ossos, ret\u00e9m nitrog\u00eanio, f\u00f3sforo, enxofre, pot\u00e1ssio, s\u00f3dio e \u00e1gua no corpo. A atividade hematopoi\u00e9tica \u00e9 causada pelo aumento do n\u00edvel de s\u00edntese de eritropoietina.<\/p>\n<p>A a\u00e7\u00e3o antial\u00e9rgica \u00e9 causada pelo aumento da fra\u00e7\u00e3o do complemento C1 no soro. A atividade androg\u00eanica moderada pode causar o desenvolvimento de caracter\u00edsticas sexuais secund\u00e1rias masculinas.<\/p>\n<p><strong>Precau\u00e7\u00f5es:<\/strong><\/p>\n<p>Se sentir os primeiros sinais de viriliza\u00e7\u00e3o (como engrossamento da voz, hirsutismo, acne, clitoromegalia), pare de tomar este medicamento para evitar efeitos colaterais indesejados. \u00c9 necess\u00e1ria a monitoriza\u00e7\u00e3o regular dos n\u00edveis de l\u00edpidos e colesterol. O uso pedi\u00e1trico deve ser supervisionado por um especialista experiente para prevenir a calcifica\u00e7\u00e3o \u00f3ssea epifis\u00e1ria prematura.<\/p>\n<h2>Efeitos colaterais:<\/h2>\n<p>Stanozol pode causar diferentes efeitos colaterais em mulheres e homens. Apresentam sintomas diferentes em homens e mulheres, mas podem ser iguais em alguns casos.<\/p>\n<p>Mulheres &#8211; sintomas virilizantes, inibi\u00e7\u00e3o da fun\u00e7\u00e3o ovariana, dist\u00farbios menstruais, hipercalcemia.<\/p>\n<p>Homens: Nos est\u00e1gios pr\u00e9-p\u00faberes, os sintomas podem incluir viriliza\u00e7\u00e3o, hiperpigmenta\u00e7\u00e3o idiop\u00e1tica da pele e cessa\u00e7\u00e3o do crescimento (devido \u00e0 calcifica\u00e7\u00e3o das zonas de crescimento epifis\u00e1rio dos ossos tubulares). Durante os est\u00e1gios p\u00f3s-puberais , problemas comuns incluem irrita\u00e7\u00e3o da bexiga, ginecomastia e priapismo. Em homens idosos podem ocorrer condi\u00e7\u00f5es como hipertrofia e\/ou carcinoma prost\u00e1tico.<\/p>\n<p>Homens e mulheres &#8211; progress\u00e3o da aterosclerose, edema perif\u00e9rico, fun\u00e7\u00e3o hep\u00e1tica prejudicada com icter\u00edcia, altera\u00e7\u00f5es no hemograma, dor nos ossos tubulares longos, hipocoagula\u00e7\u00e3o com tend\u00eancia a sangramento.<\/p>\n<h2>Sobredosagem:<\/h2>\n<p>Caso ocorra uma overdose de Stanozol , procure ajuda de emerg\u00eancia.<\/p>","protected":false},"excerpt":{"rendered":"<p>STRONBA \/ estanozolol 10mg\/105tabs A embalagem do Stronba cont\u00e9m 100 comprimidos. Stanozolol trata o angioedema heredit\u00e1rio, uma condi\u00e7\u00e3o que causa<\/p>\n","protected":false},"featured_media":9536,"comment_status":"open","ping_status":"closed","template":"","meta":[],"product_brand":[],"product_cat":[73],"product_tag":[],"class_list":{"0":"post-9534","1":"product","2":"type-product","3":"status-publish","4":"has-post-thumbnail","6":"product_cat-ssteroides_orales","8":"first","9":"outofstock","10":"shipping-taxable","11":"purchasable","12":"product-type-simple"},"yoast_head":"<!-- This site is optimized with the Yoast SEO Premium plugin v24.4 (Yoast SEO v27.3) - https:\/\/yoast.com\/product\/yoast-seo-premium-wordpress\/ -->\n<title>STRONBA \/ stanozolol - buy online at Ester\u00f3ides Online<\/title>\n<meta name=\"description\" content=\"STRONBA \/ stanozolol is an anabolic steroid. This medicine stimulates anabolic processes and inhibits the catabolic ones caused by the glucocorticoids.\" \/>\n<meta name=\"robots\" content=\"index, follow, max-snippet:-1, max-image-preview:large, max-video-preview:-1\" \/>\n<link rel=\"canonical\" href=\"https:\/\/iberoid.com\/pt\/product\/stronba-stanozolol\/\" \/>\n<meta property=\"og:locale\" content=\"pt_PT\" \/>\n<meta property=\"og:type\" content=\"article\" \/>\n<meta property=\"og:title\" content=\"STRONBA \/ stanozolol\" \/>\n<meta property=\"og:description\" content=\"STRONBA \/ stanozolol is an anabolic steroid. This medicine stimulates anabolic processes and inhibits the catabolic ones caused by the glucocorticoids.\" \/>\n<meta property=\"og:url\" content=\"https:\/\/iberoid.com\/pt\/product\/stronba-stanozolol\/\" \/>\n<meta property=\"og:site_name\" content=\"Ester\u00f3ides Online\" \/>\n<meta property=\"article:modified_time\" content=\"2024-09-07T18:19:25+00:00\" \/>\n<meta property=\"og:image\" content=\"https:\/\/iberoid.com\/wp-content\/uploads\/2024\/07\/PHARMA-GROUP-stronba-570x570-525x700-1.jpg?v=1720875718\" \/>\n\t<meta property=\"og:image:width\" content=\"525\" \/>\n\t<meta property=\"og:image:height\" content=\"700\" \/>\n\t<meta property=\"og:image:type\" content=\"image\/jpeg\" \/>\n<meta name=\"twitter:card\" content=\"summary_large_image\" \/>\n<meta name=\"twitter:label1\" content=\"pre\u00e7o\" \/>\n\t<meta name=\"twitter:data1\" content=\"&euro;35.00\" \/>\n\t<meta name=\"twitter:label2\" content=\"Disponibilidade\" \/>\n\t<meta name=\"twitter:data2\" content=\"Esgotado\" \/>\n<script type=\"application\/ld+json\" class=\"yoast-schema-graph\">{\"@context\":\"https:\\\/\\\/schema.org\",\"@graph\":[{\"@type\":\"WebPage\",\"@id\":\"https:\\\/\\\/iberoid.com\\\/pt\\\/product\\\/stronba-stanozolol\\\/\",\"url\":\"https:\\\/\\\/iberoid.com\\\/pt\\\/product\\\/stronba-stanozolol\\\/\",\"name\":\"STRONBA \\\/ stanozolol - buy online at Ester\u00f3ides Online\",\"isPartOf\":{\"@id\":\"https:\\\/\\\/iberoid.com\\\/pt\\\/#website\"},\"primaryImageOfPage\":{\"@id\":\"https:\\\/\\\/iberoid.com\\\/pt\\\/product\\\/stronba-stanozolol\\\/#primaryimage\"},\"image\":{\"@id\":\"https:\\\/\\\/iberoid.com\\\/pt\\\/product\\\/stronba-stanozolol\\\/#primaryimage\"},\"thumbnailUrl\":\"https:\\\/\\\/iberoid.com\\\/wp-content\\\/uploads\\\/2024\\\/07\\\/PHARMA-GROUP-stronba-570x570-525x700-1.jpg?v=1720875718\",\"datePublished\":\"2024-07-13T13:02:44+00:00\",\"dateModified\":\"2024-09-07T18:19:25+00:00\",\"description\":\"STRONBA \\\/ stanozolol is an anabolic steroid. This medicine stimulates anabolic processes and inhibits the catabolic ones caused by the glucocorticoids.\",\"breadcrumb\":{\"@id\":\"https:\\\/\\\/iberoid.com\\\/pt\\\/product\\\/stronba-stanozolol\\\/#breadcrumb\"},\"inLanguage\":\"pt-PT\",\"potentialAction\":[{\"@type\":\"ReadAction\",\"target\":[[\"https:\\\/\\\/iberoid.com\\\/pt\\\/product\\\/stronba-stanozolol\\\/\"]]}]},{\"@type\":\"ImageObject\",\"inLanguage\":\"pt-PT\",\"@id\":\"https:\\\/\\\/iberoid.com\\\/pt\\\/product\\\/stronba-stanozolol\\\/#primaryimage\",\"url\":\"https:\\\/\\\/iberoid.com\\\/wp-content\\\/uploads\\\/2024\\\/07\\\/PHARMA-GROUP-stronba-570x570-525x700-1.jpg?v=1720875718\",\"contentUrl\":\"https:\\\/\\\/iberoid.com\\\/wp-content\\\/uploads\\\/2024\\\/07\\\/PHARMA-GROUP-stronba-570x570-525x700-1.jpg?v=1720875718\",\"width\":525,\"height\":700,\"caption\":\"STRONBA \\\/ stanozolol\"},{\"@type\":\"BreadcrumbList\",\"@id\":\"https:\\\/\\\/iberoid.com\\\/pt\\\/product\\\/stronba-stanozolol\\\/#breadcrumb\",\"itemListElement\":[{\"@type\":\"ListItem\",\"position\":1,\"name\":\"Portada\",\"item\":\"https:\\\/\\\/iberoid.com\\\/pt\\\/\"},{\"@type\":\"ListItem\",\"position\":2,\"name\":\"Loja\",\"item\":\"https:\\\/\\\/iberoid.com\\\/pt\\\/shop\\\/\"},{\"@type\":\"ListItem\",\"position\":3,\"name\":\"STRONBA \\\/ stanozolol\"}]},{\"@type\":\"WebSite\",\"@id\":\"https:\\\/\\\/iberoid.com\\\/pt\\\/#website\",\"url\":\"https:\\\/\\\/iberoid.com\\\/pt\\\/\",\"name\":\"Ester\u00f3ides Online\",\"description\":\"Compre ester\u00f3ides online hoje em Espanha e Portugal. Temos o melhor servi\u00e7o ao cliente do setor e produtos da mais alta qualidade\",\"potentialAction\":[{\"@type\":\"SearchAction\",\"target\":{\"@type\":\"EntryPoint\",\"urlTemplate\":\"https:\\\/\\\/iberoid.com\\\/pt\\\/?s={search_term_string}\"},\"query-input\":{\"@type\":\"PropertyValueSpecification\",\"valueRequired\":true,\"valueName\":\"search_term_string\"}}],\"inLanguage\":\"pt-PT\"}]}<\/script>\n<meta property=\"product:brand\" content=\"PHARMA GROUP\" \/>\n<meta property=\"product:price:amount\" content=\"35.00\" \/>\n<meta property=\"product:price:currency\" content=\"EUR\" \/>\n<meta property=\"og:availability\" content=\"out of stock\" \/>\n<meta property=\"product:availability\" content=\"out of stock\" \/>\n<meta property=\"product:condition\" content=\"new\" \/>\n<!-- \/ Yoast SEO Premium plugin. -->","yoast_head_json":{"title":"STRONBA \/ stanozolol - buy online at Ester\u00f3ides Online","description":"STRONBA \/ stanozolol is an anabolic steroid. This medicine stimulates anabolic processes and inhibits the catabolic ones caused by the glucocorticoids.","robots":{"index":"index","follow":"follow","max-snippet":"max-snippet:-1","max-image-preview":"max-image-preview:large","max-video-preview":"max-video-preview:-1"},"canonical":"https:\/\/iberoid.com\/pt\/product\/stronba-stanozolol\/","og_locale":"pt_PT","og_type":"article","og_title":"STRONBA \/ stanozolol","og_description":"STRONBA \/ stanozolol is an anabolic steroid. This medicine stimulates anabolic processes and inhibits the catabolic ones caused by the glucocorticoids.","og_url":"https:\/\/iberoid.com\/pt\/product\/stronba-stanozolol\/","og_site_name":"Ester\u00f3ides Online","article_modified_time":"2024-09-07T18:19:25+00:00","og_image":[{"width":525,"height":700,"url":"https:\/\/iberoid.com\/wp-content\/uploads\/2024\/07\/PHARMA-GROUP-stronba-570x570-525x700-1.jpg?v=1720875718","type":"image\/jpeg"}],"twitter_card":"summary_large_image","twitter_misc":{"pre\u00e7o":"&euro;35.00","Disponibilidade":"Esgotado"},"schema":{"@context":"https:\/\/schema.org","@graph":[{"@type":"WebPage","@id":"https:\/\/iberoid.com\/pt\/product\/stronba-stanozolol\/","url":"https:\/\/iberoid.com\/pt\/product\/stronba-stanozolol\/","name":"STRONBA \/ stanozolol - buy online at Ester\u00f3ides Online","isPartOf":{"@id":"https:\/\/iberoid.com\/pt\/#website"},"primaryImageOfPage":{"@id":"https:\/\/iberoid.com\/pt\/product\/stronba-stanozolol\/#primaryimage"},"image":{"@id":"https:\/\/iberoid.com\/pt\/product\/stronba-stanozolol\/#primaryimage"},"thumbnailUrl":"https:\/\/iberoid.com\/wp-content\/uploads\/2024\/07\/PHARMA-GROUP-stronba-570x570-525x700-1.jpg?v=1720875718","datePublished":"2024-07-13T13:02:44+00:00","dateModified":"2024-09-07T18:19:25+00:00","description":"STRONBA \/ stanozolol is an anabolic steroid. This medicine stimulates anabolic processes and inhibits the catabolic ones caused by the glucocorticoids.","breadcrumb":{"@id":"https:\/\/iberoid.com\/pt\/product\/stronba-stanozolol\/#breadcrumb"},"inLanguage":"pt-PT","potentialAction":[{"@type":"ReadAction","target":[["https:\/\/iberoid.com\/pt\/product\/stronba-stanozolol\/"]]}]},{"@type":"ImageObject","inLanguage":"pt-PT","@id":"https:\/\/iberoid.com\/pt\/product\/stronba-stanozolol\/#primaryimage","url":"https:\/\/iberoid.com\/wp-content\/uploads\/2024\/07\/PHARMA-GROUP-stronba-570x570-525x700-1.jpg?v=1720875718","contentUrl":"https:\/\/iberoid.com\/wp-content\/uploads\/2024\/07\/PHARMA-GROUP-stronba-570x570-525x700-1.jpg?v=1720875718","width":525,"height":700,"caption":"STRONBA \/ stanozolol"},{"@type":"BreadcrumbList","@id":"https:\/\/iberoid.com\/pt\/product\/stronba-stanozolol\/#breadcrumb","itemListElement":[{"@type":"ListItem","position":1,"name":"Portada","item":"https:\/\/iberoid.com\/pt\/"},{"@type":"ListItem","position":2,"name":"Loja","item":"https:\/\/iberoid.com\/pt\/shop\/"},{"@type":"ListItem","position":3,"name":"STRONBA \/ stanozolol"}]},{"@type":"WebSite","@id":"https:\/\/iberoid.com\/pt\/#website","url":"https:\/\/iberoid.com\/pt\/","name":"Ester\u00f3ides Online","description":"Compre ester\u00f3ides online hoje em Espanha e Portugal. Temos o melhor servi\u00e7o ao cliente do setor e produtos da mais alta qualidade","potentialAction":[{"@type":"SearchAction","target":{"@type":"EntryPoint","urlTemplate":"https:\/\/iberoid.com\/pt\/?s={search_term_string}"},"query-input":{"@type":"PropertyValueSpecification","valueRequired":true,"valueName":"search_term_string"}}],"inLanguage":"pt-PT"}]},"product_brand":"PHARMA GROUP","product_price_amount":"35.00","product_price_currency":"EUR","og_availability":"out of stock","product_availability":"out of stock","product_condition":"new"},"_links":{"self":[{"href":"https:\/\/iberoid.com\/pt\/wp-json\/wp\/v2\/product\/9534","targetHints":{"allow":["GET"]}}],"collection":[{"href":"https:\/\/iberoid.com\/pt\/wp-json\/wp\/v2\/product"}],"about":[{"href":"https:\/\/iberoid.com\/pt\/wp-json\/wp\/v2\/types\/product"}],"replies":[{"embeddable":true,"href":"https:\/\/iberoid.com\/pt\/wp-json\/wp\/v2\/comments?post=9534"}],"wp:featuredmedia":[{"embeddable":true,"href":"https:\/\/iberoid.com\/pt\/wp-json\/wp\/v2\/media\/9536"}],"wp:attachment":[{"href":"https:\/\/iberoid.com\/pt\/wp-json\/wp\/v2\/media?parent=9534"}],"wp:term":[{"taxonomy":"product_brand","embeddable":true,"href":"https:\/\/iberoid.com\/pt\/wp-json\/wp\/v2\/product_brand?post=9534"},{"taxonomy":"product_cat","embeddable":true,"href":"https:\/\/iberoid.com\/pt\/wp-json\/wp\/v2\/product_cat?post=9534"},{"taxonomy":"product_tag","embeddable":true,"href":"https:\/\/iberoid.com\/pt\/wp-json\/wp\/v2\/product_tag?post=9534"}],"curies":[{"name":"wp","href":"https:\/\/api.w.org\/{rel}","templated":true}]}}