{"id":9544,"date":"2024-07-16T18:08:38","date_gmt":"2024-07-16T18:08:38","guid":{"rendered":"https:\/\/iberoid.com\/?post_type=product&#038;p=9544"},"modified":"2026-02-18T09:51:21","modified_gmt":"2026-02-18T09:51:21","slug":"stanozolol","status":"publish","type":"product","link":"https:\/\/iberoid.com\/pt\/product\/stanozolol\/","title":{"rendered":"STANOZOLOL"},"content":{"rendered":"<p>O <strong>estanozolol<\/strong> \u00e9 um ester\u00f3ide anabolizante muito utilizado e \u00e9 conhecido desde 1962, quando os laborat\u00f3rios Winthrop o introduziram. Pertence aos derivados da dihidrotestosterona, o antagonista da progesterona \u00e9 comummente utilizado para proteger contra os efeitos progestag\u00e9nicos das nandrolonas. O estanozolol possui uma composi\u00e7\u00e3o estrutural \u00fanica com propriedades terap\u00eauticas e cortantes positivas. Na medicina, o Stanozolol \u00e9 utilizado para tratar a perda muscular e a recupera\u00e7\u00e3o de traumas. Na muscula\u00e7\u00e3o, o Stanozolol \u00e9 frequentemente utilizado para obter um al\u00edvio muscular de alta qualidade durante a secagem do corpo. O efeito \u00e9 especialmente not\u00f3rio em atletas com peso corporal suficiente e teor de gordura moderado.<\/p>\n<p><strong>Efeitos do Estanozolol Imperia Labs:<\/strong><\/p>\n<p>utilizando o Imperia Labs Stanozolol 10, os atletas podem aumentar os ganhos de massa muscular magra, aumentar a for\u00e7a, acelerar a queima de gordura, melhorar a s\u00edntese de colag\u00e9nio e elevar o oxig\u00e9nio nas c\u00e9lulas sangu\u00edneas para estimular a regenera\u00e7\u00e3o mais r\u00e1pida do tecido muscular.<\/p>\n<p><strong>Efeitos secund\u00e1rios:<\/strong><\/p>\n<p>As rea\u00e7\u00f5es adversas mais comuns atribu\u00eddas ao Stanozolol s\u00e3o o acne, a interrup\u00e7\u00e3o tempor\u00e1ria da reprodu\u00e7\u00e3o da testosterona, o aumento dos n\u00edveis de colesterol de baixa densidade (LDL), o aumento das enzimas hep\u00e1ticas, o impacto no aparelho \u00f3sseo-ligamentar e o aumento do risco de les\u00f5es.<\/p>\n<p><strong>Prote\u00e7\u00e3o:<\/strong><\/p>\n<p>\u00c9 necess\u00e1ria medica\u00e7\u00e3o para controlar os n\u00edveis do perfil lip\u00eddico e considerar a inclus\u00e3o de gonadotrofina na utiliza\u00e7\u00e3o deste produto. N\u00e3o utilize este PED se tiver alguma doen\u00e7a do trato gastrointestinal. Como resultado do aumento da carga no f\u00edgado, recomendamos dividir a dosagem para metade e n\u00e3o utilizar Stanozolol durante mais de 8 a 12 semanas.<\/p>\n<p><strong>Empilhamento:<\/strong><\/p>\n<p>Imperia Labs Stanozolol 10 produz excelentes resultados e pode ser utilizado com seguran\u00e7a com HGH, agentes secantes injet\u00e1veis \u200b\u200be ester\u00f3ides para aumentar a for\u00e7a.<\/p>\n<p>Revelando Winstrol: um guia abrangente para o popular ester\u00f3ide<br \/>\n<strong>Introdu\u00e7\u00e3o:<\/strong><\/p>\n<p>O Winstrol, um ester\u00f3ide anabolizante sint\u00e9tico amplamente reconhecido que ganhou popularidade no mundo do culturismo e do atletismo devido \u00e0s suas propriedades e benef\u00edcios \u00fanicos, tornou-se um suplemento procurado por indiv\u00edduos que procuram melhorar o seu desempenho e alcan\u00e7ar um f\u00edsico magro e esculpido.<\/p>\n<p><strong>O b\u00e1sico:<\/strong><\/p>\n<p>Derivado da dihidrotestosterona (DHT), o Winstrol est\u00e1 dispon\u00edvel nas formas oral e injet\u00e1vel. Destaca-se entre outros ester\u00f3ides pela sua capacidade de proporcionar ganhos significativos de massa muscular sem reten\u00e7\u00e3o excessiva de \u00e1gua, sendo uma escolha popular para quem procura uma apar\u00eancia magra e vascular.<\/p>\n<p><strong>Melhoria de performance:<\/strong><\/p>\n<p>Uma das principais raz\u00f5es pelas quais os atletas e os culturistas recorrem a este PED \u00e9 a sua not\u00e1vel capacidade de melhoria do desempenho. O ester\u00f3ide promove a produ\u00e7\u00e3o de gl\u00f3bulos vermelhos, levando a um melhor fornecimento de oxig\u00e9nio aos m\u00fasculos. Esta oxigena\u00e7\u00e3o melhorada traduz-se em maior resist\u00eancia e resist\u00eancia, permitindo que os indiv\u00edduos ultrapassem os seus limites durante treinos intensos.<\/p>\n<p><strong>Corte e perda de gordura:<\/strong><\/p>\n<p>Winstrol \u00e9 especialmente conhecido pela sua efic\u00e1cia nos ciclos de corte. Ao promover a perda de gordura e ao mesmo tempo preservar a massa muscular magra, este ester\u00f3ide ajuda os utilizadores a alcan\u00e7ar um f\u00edsico esculpido com m\u00fasculos bem definidos. A sua capacidade de se ligar aos recetores androg\u00e9nios ajuda a reduzir a gordura corporal sem sacrificar os m\u00fasculos conquistados com dificuldade, tornando-o um recurso valioso para quem deseja esculpir o corpo.<\/p>\n<p><strong>Natureza anab\u00f3lica com efeitos androg\u00e9nicos limitados:<\/strong><\/p>\n<p>As propriedades anab\u00f3licas do Winstrol contribuem para o crescimento e repara\u00e7\u00e3o muscular, mas o que o diferencia \u00e9 o seu impacto androg\u00e9nico relativamente baixo. Esta caracter\u00edstica faz deste EAA a escolha preferida tanto para atletas masculinos como femininos, minimizando o risco de viriliza\u00e7\u00e3o nas mulheres. No entanto, os utilizadores devem ainda ter cuidado e seguir as dosagens recomendadas para evitar poss\u00edveis efeitos secund\u00e1rios.<\/p>\n<p><strong>Potenciais efeitos secund\u00e1rios:<\/strong><\/p>\n<p>Como qualquer ester\u00f3ide, este tem os seus potenciais efeitos secund\u00e1rios. Os utilizadores podem sentir tens\u00e3o no f\u00edgado, desconforto nas articula\u00e7\u00f5es e flutua\u00e7\u00f5es nos n\u00edveis de colesterol. \u00c9 crucial consultar um profissional de sa\u00fade antes de incorporar este AAS em qualquer regime e monitorizar de perto a sua utiliza\u00e7\u00e3o para mitigar estes riscos.<\/p>\n<p><strong>Conclus\u00e3o:<\/strong><\/p>\n<p>Este AAS continua a ser uma escolha popular no mundo do melhoramento do desempenho, conhecido pela sua combina\u00e7\u00e3o \u00fanica de propriedades de constru\u00e7\u00e3o muscular e redu\u00e7\u00e3o de gordura. Embora ofere\u00e7a benef\u00edcios not\u00e1veis, os utilizadores devem abordar a sua utiliza\u00e7\u00e3o de forma respons\u00e1vel, aderindo \u00e0s dosagens recomendadas e procurando orienta\u00e7\u00e3o profissional para garantir uma experi\u00eancia segura e eficaz. Tal como acontece com qualquer suplemento ou ester\u00f3ide, compreender as suas propriedades e riscos potenciais \u00e9 essencial para maximizar os benef\u00edcios e minimizar os efeitos adversos.<\/p>","protected":false},"excerpt":{"rendered":"<p>O estanozolol \u00e9 um ester\u00f3ide anabolizante muito utilizado e \u00e9 conhecido desde 1962, quando os laborat\u00f3rios Winthrop o introduziram. Pertence<\/p>\n","protected":false},"featured_media":9545,"comment_status":"open","ping_status":"closed","template":"","meta":[],"product_brand":[3532],"product_cat":[73],"product_tag":[],"class_list":{"0":"post-9544","1":"product","2":"type-product","3":"status-publish","4":"has-post-thumbnail","6":"product_brand-imperia-labs","7":"product_cat-ssteroides_orales","9":"first","10":"instock","11":"sale","12":"shipping-taxable","13":"purchasable","14":"product-type-simple"},"yoast_head":"<!-- This site is optimized with the Yoast SEO Premium plugin v24.4 (Yoast SEO v27.3) - https:\/\/yoast.com\/product\/yoast-seo-premium-wordpress\/ -->\n<title>STANOZOLOL - buy online at Ester\u00f3ides Online<\/title>\n<meta name=\"description\" content=\"Stanozolol is a widely used anabolic steroid and has been known since 1962 when Winthrop laboratories introduced it. In bodybuilding, Stanozolol is often\" \/>\n<meta name=\"robots\" content=\"index, follow, max-snippet:-1, max-image-preview:large, max-video-preview:-1\" \/>\n<link rel=\"canonical\" href=\"https:\/\/iberoid.com\/pt\/product\/stanozolol\/\" \/>\n<meta property=\"og:locale\" content=\"pt_PT\" \/>\n<meta property=\"og:type\" content=\"article\" \/>\n<meta property=\"og:title\" content=\"STANOZOLOL\" \/>\n<meta property=\"og:description\" content=\"Stanozolol is a widely used anabolic steroid and has been known since 1962 when Winthrop laboratories introduced it. In bodybuilding, Stanozolol is often\" \/>\n<meta property=\"og:url\" content=\"https:\/\/iberoid.com\/pt\/product\/stanozolol\/\" \/>\n<meta property=\"og:site_name\" content=\"Ester\u00f3ides Online\" \/>\n<meta property=\"article:modified_time\" content=\"2026-02-18T09:51:21+00:00\" \/>\n<meta property=\"og:image\" content=\"https:\/\/iberoid.com\/wp-content\/uploads\/2024\/07\/stano-oral-imperia-scaled.jpg?v=1721153284\" \/>\n\t<meta property=\"og:image:width\" content=\"1325\" \/>\n\t<meta property=\"og:image:height\" content=\"2560\" \/>\n\t<meta property=\"og:image:type\" content=\"image\/jpeg\" \/>\n<meta name=\"twitter:card\" content=\"summary_large_image\" \/>\n<meta name=\"twitter:label1\" content=\"pre\u00e7o\" \/>\n\t<meta name=\"twitter:data1\" content=\"&euro;35.00\" \/>\n\t<meta name=\"twitter:label2\" content=\"Disponibilidade\" \/>\n\t<meta name=\"twitter:data2\" content=\"Em stock\" \/>\n<script type=\"application\/ld+json\" class=\"yoast-schema-graph\">{\"@context\":\"https:\\\/\\\/schema.org\",\"@graph\":[{\"@type\":\"WebPage\",\"@id\":\"https:\\\/\\\/iberoid.com\\\/pt\\\/product\\\/stanozolol\\\/\",\"url\":\"https:\\\/\\\/iberoid.com\\\/pt\\\/product\\\/stanozolol\\\/\",\"name\":\"STANOZOLOL - buy online at Ester\u00f3ides Online\",\"isPartOf\":{\"@id\":\"https:\\\/\\\/iberoid.com\\\/pt\\\/#website\"},\"primaryImageOfPage\":{\"@id\":\"https:\\\/\\\/iberoid.com\\\/pt\\\/product\\\/stanozolol\\\/#primaryimage\"},\"image\":{\"@id\":\"https:\\\/\\\/iberoid.com\\\/pt\\\/product\\\/stanozolol\\\/#primaryimage\"},\"thumbnailUrl\":\"https:\\\/\\\/iberoid.com\\\/wp-content\\\/uploads\\\/2024\\\/07\\\/stano-oral-imperia-scaled.jpg?v=1721153284\",\"datePublished\":\"2024-07-16T18:08:38+00:00\",\"dateModified\":\"2026-02-18T09:51:21+00:00\",\"description\":\"Stanozolol is a widely used anabolic steroid and has been known since 1962 when Winthrop laboratories introduced it. In bodybuilding, Stanozolol is often\",\"breadcrumb\":{\"@id\":\"https:\\\/\\\/iberoid.com\\\/pt\\\/product\\\/stanozolol\\\/#breadcrumb\"},\"inLanguage\":\"pt-PT\",\"potentialAction\":[{\"@type\":\"ReadAction\",\"target\":[[\"https:\\\/\\\/iberoid.com\\\/pt\\\/product\\\/stanozolol\\\/\"]]}]},{\"@type\":\"ImageObject\",\"inLanguage\":\"pt-PT\",\"@id\":\"https:\\\/\\\/iberoid.com\\\/pt\\\/product\\\/stanozolol\\\/#primaryimage\",\"url\":\"https:\\\/\\\/iberoid.com\\\/wp-content\\\/uploads\\\/2024\\\/07\\\/stano-oral-imperia-scaled.jpg?v=1721153284\",\"contentUrl\":\"https:\\\/\\\/iberoid.com\\\/wp-content\\\/uploads\\\/2024\\\/07\\\/stano-oral-imperia-scaled.jpg?v=1721153284\",\"width\":1325,\"height\":2560,\"caption\":\"STANOZOLOL\"},{\"@type\":\"BreadcrumbList\",\"@id\":\"https:\\\/\\\/iberoid.com\\\/pt\\\/product\\\/stanozolol\\\/#breadcrumb\",\"itemListElement\":[{\"@type\":\"ListItem\",\"position\":1,\"name\":\"Portada\",\"item\":\"https:\\\/\\\/iberoid.com\\\/pt\\\/\"},{\"@type\":\"ListItem\",\"position\":2,\"name\":\"Loja\",\"item\":\"https:\\\/\\\/iberoid.com\\\/pt\\\/shop\\\/\"},{\"@type\":\"ListItem\",\"position\":3,\"name\":\"STANOZOLOL\"}]},{\"@type\":\"WebSite\",\"@id\":\"https:\\\/\\\/iberoid.com\\\/pt\\\/#website\",\"url\":\"https:\\\/\\\/iberoid.com\\\/pt\\\/\",\"name\":\"Ester\u00f3ides Online\",\"description\":\"Compre ester\u00f3ides online hoje em Espanha e Portugal. Temos o melhor servi\u00e7o ao cliente do setor e produtos da mais alta qualidade\",\"potentialAction\":[{\"@type\":\"SearchAction\",\"target\":{\"@type\":\"EntryPoint\",\"urlTemplate\":\"https:\\\/\\\/iberoid.com\\\/pt\\\/?s={search_term_string}\"},\"query-input\":{\"@type\":\"PropertyValueSpecification\",\"valueRequired\":true,\"valueName\":\"search_term_string\"}}],\"inLanguage\":\"pt-PT\"}]}<\/script>\n<meta property=\"product:brand\" content=\"IMPERIA LABS\" \/>\n<meta property=\"product:price:amount\" content=\"35.00\" \/>\n<meta property=\"product:price:currency\" content=\"EUR\" \/>\n<meta property=\"og:availability\" content=\"instock\" \/>\n<meta property=\"product:availability\" content=\"instock\" \/>\n<meta property=\"product:condition\" content=\"new\" \/>\n<!-- \/ Yoast SEO Premium plugin. -->","yoast_head_json":{"title":"STANOZOLOL - buy online at Ester\u00f3ides Online","description":"Stanozolol is a widely used anabolic steroid and has been known since 1962 when Winthrop laboratories introduced it. In bodybuilding, Stanozolol is often","robots":{"index":"index","follow":"follow","max-snippet":"max-snippet:-1","max-image-preview":"max-image-preview:large","max-video-preview":"max-video-preview:-1"},"canonical":"https:\/\/iberoid.com\/pt\/product\/stanozolol\/","og_locale":"pt_PT","og_type":"article","og_title":"STANOZOLOL","og_description":"Stanozolol is a widely used anabolic steroid and has been known since 1962 when Winthrop laboratories introduced it. In bodybuilding, Stanozolol is often","og_url":"https:\/\/iberoid.com\/pt\/product\/stanozolol\/","og_site_name":"Ester\u00f3ides Online","article_modified_time":"2026-02-18T09:51:21+00:00","og_image":[{"width":1325,"height":2560,"url":"https:\/\/iberoid.com\/wp-content\/uploads\/2024\/07\/stano-oral-imperia-scaled.jpg?v=1721153284","type":"image\/jpeg"}],"twitter_card":"summary_large_image","twitter_misc":{"pre\u00e7o":"&euro;35.00","Disponibilidade":"Em stock"},"schema":{"@context":"https:\/\/schema.org","@graph":[{"@type":"WebPage","@id":"https:\/\/iberoid.com\/pt\/product\/stanozolol\/","url":"https:\/\/iberoid.com\/pt\/product\/stanozolol\/","name":"STANOZOLOL - buy online at Ester\u00f3ides Online","isPartOf":{"@id":"https:\/\/iberoid.com\/pt\/#website"},"primaryImageOfPage":{"@id":"https:\/\/iberoid.com\/pt\/product\/stanozolol\/#primaryimage"},"image":{"@id":"https:\/\/iberoid.com\/pt\/product\/stanozolol\/#primaryimage"},"thumbnailUrl":"https:\/\/iberoid.com\/wp-content\/uploads\/2024\/07\/stano-oral-imperia-scaled.jpg?v=1721153284","datePublished":"2024-07-16T18:08:38+00:00","dateModified":"2026-02-18T09:51:21+00:00","description":"Stanozolol is a widely used anabolic steroid and has been known since 1962 when Winthrop laboratories introduced it. In bodybuilding, Stanozolol is often","breadcrumb":{"@id":"https:\/\/iberoid.com\/pt\/product\/stanozolol\/#breadcrumb"},"inLanguage":"pt-PT","potentialAction":[{"@type":"ReadAction","target":[["https:\/\/iberoid.com\/pt\/product\/stanozolol\/"]]}]},{"@type":"ImageObject","inLanguage":"pt-PT","@id":"https:\/\/iberoid.com\/pt\/product\/stanozolol\/#primaryimage","url":"https:\/\/iberoid.com\/wp-content\/uploads\/2024\/07\/stano-oral-imperia-scaled.jpg?v=1721153284","contentUrl":"https:\/\/iberoid.com\/wp-content\/uploads\/2024\/07\/stano-oral-imperia-scaled.jpg?v=1721153284","width":1325,"height":2560,"caption":"STANOZOLOL"},{"@type":"BreadcrumbList","@id":"https:\/\/iberoid.com\/pt\/product\/stanozolol\/#breadcrumb","itemListElement":[{"@type":"ListItem","position":1,"name":"Portada","item":"https:\/\/iberoid.com\/pt\/"},{"@type":"ListItem","position":2,"name":"Loja","item":"https:\/\/iberoid.com\/pt\/shop\/"},{"@type":"ListItem","position":3,"name":"STANOZOLOL"}]},{"@type":"WebSite","@id":"https:\/\/iberoid.com\/pt\/#website","url":"https:\/\/iberoid.com\/pt\/","name":"Ester\u00f3ides Online","description":"Compre ester\u00f3ides online hoje em Espanha e Portugal. Temos o melhor servi\u00e7o ao cliente do setor e produtos da mais alta qualidade","potentialAction":[{"@type":"SearchAction","target":{"@type":"EntryPoint","urlTemplate":"https:\/\/iberoid.com\/pt\/?s={search_term_string}"},"query-input":{"@type":"PropertyValueSpecification","valueRequired":true,"valueName":"search_term_string"}}],"inLanguage":"pt-PT"}]},"product_brand":"IMPERIA LABS","product_price_amount":"35.00","product_price_currency":"EUR","og_availability":"instock","product_availability":"instock","product_condition":"new"},"_links":{"self":[{"href":"https:\/\/iberoid.com\/pt\/wp-json\/wp\/v2\/product\/9544","targetHints":{"allow":["GET"]}}],"collection":[{"href":"https:\/\/iberoid.com\/pt\/wp-json\/wp\/v2\/product"}],"about":[{"href":"https:\/\/iberoid.com\/pt\/wp-json\/wp\/v2\/types\/product"}],"replies":[{"embeddable":true,"href":"https:\/\/iberoid.com\/pt\/wp-json\/wp\/v2\/comments?post=9544"}],"wp:featuredmedia":[{"embeddable":true,"href":"https:\/\/iberoid.com\/pt\/wp-json\/wp\/v2\/media\/9545"}],"wp:attachment":[{"href":"https:\/\/iberoid.com\/pt\/wp-json\/wp\/v2\/media?parent=9544"}],"wp:term":[{"taxonomy":"product_brand","embeddable":true,"href":"https:\/\/iberoid.com\/pt\/wp-json\/wp\/v2\/product_brand?post=9544"},{"taxonomy":"product_cat","embeddable":true,"href":"https:\/\/iberoid.com\/pt\/wp-json\/wp\/v2\/product_cat?post=9544"},{"taxonomy":"product_tag","embeddable":true,"href":"https:\/\/iberoid.com\/pt\/wp-json\/wp\/v2\/product_tag?post=9544"}],"curies":[{"name":"wp","href":"https:\/\/api.w.org\/{rel}","templated":true}]}}