{"id":9565,"date":"2024-07-16T18:42:04","date_gmt":"2024-07-16T18:42:04","guid":{"rendered":"https:\/\/iberoid.com\/?post_type=product&#038;p=9565"},"modified":"2026-03-22T12:01:24","modified_gmt":"2026-03-22T12:01:24","slug":"halogen-halotestin","status":"publish","type":"product","link":"https:\/\/iberoid.com\/pt\/product\/halogen-halotestin\/","title":{"rendered":"HALOGEN ( Halotestin)\/2blisters\/24 tabletas"},"content":{"rendered":"<p>HALOGEN ( Halotestin) \/ fluoximesterona \/2&#215;12 abas-24 abas\/GOLD DRAGON<\/p>\n<p>HALOGEN ( Halotestin) ( fluoximesterona ) \u00e9 um horm\u00f4nio masculino (andr\u00f3geno) usado em homens para substituir a testosterona em condi\u00e7\u00f5es associadas a sintomas de defici\u00eancia ou aus\u00eancia de testosterona end\u00f3gena e para tratar a puberdade retardada. Algumas mulheres tamb\u00e9m podem usar Halotestin para paliar o c\u00e2ncer de mama recorrente responsivo a andr\u00f3genos. A marca Halotestin foi descontinuada, mas vers\u00f5es gen\u00e9ricas podem estar dispon\u00edveis.<\/p>\n<h4>Quais s\u00e3o os efeitos colaterais do HALOGEN ( Halotestin )?<\/h4>\n<p>Os efeitos colaterais comuns do Halotestin ( fluoximesterona ) incluem:<\/p>\n<ul>\n<li>n\u00e1usea<\/li>\n<li>v\u00f4mito<\/li>\n<li>dor de cabe\u00e7a<\/li>\n<li>mudan\u00e7as na cor da pele<\/li>\n<li>aumento\/diminui\u00e7\u00e3o do interesse sexual<\/li>\n<li>pele oleosa<\/li>\n<li>perda de cabelo e<\/li>\n<li>acne<\/li>\n<\/ul>\n<p>Informe o seu m\u00e9dico se sentir estes efeitos colaterais improv\u00e1veis, mas graves: ansiedade, depress\u00e3o, aumento da raiva. Os homens devem informar o seu m\u00e9dico se sentirem efeitos colaterais, incluindo dificuldade para urinar, ere\u00e7\u00f5es frequentes ou prolongadas ou incha\u00e7o\/sensibilidade nos seios. As mulheres devem informar o seu m\u00e9dico se sentirem efeitos colaterais, incluindo voz grave, crescimento incomum de cabelo ou per\u00edodos menstruais irregulares.<\/p>\n<p>Procure atendimento m\u00e9dico ou ligue para o 911 imediatamente se tiver os seguintes efeitos colaterais graves:<\/p>\n<ul>\n<li>Sintomas oculares graves, como perda s\u00fabita de vis\u00e3o, vis\u00e3o turva, vis\u00e3o em t\u00fanel, dor ou incha\u00e7o nos olhos ou vis\u00e3o de halos ao redor das luzes;<\/li>\n<li>Sintomas card\u00edacos graves, como batimentos card\u00edacos r\u00e1pidos, irregulares ou acelerados; vibrando em seu peito; falta de ar; e tontura repentina, desmaio ou desmaio;<\/li>\n<li>Forte dor de cabe\u00e7a, confus\u00e3o, fala arrastada, fraqueza nos bra\u00e7os ou pernas, dificuldade para caminhar, perda de coordena\u00e7\u00e3o, sensa\u00e7\u00e3o de instabilidade, m\u00fasculos muito r\u00edgidos, febre alta, sudorese profusa ou tremores.<\/li>\n<\/ul>\n<p>Este documento n\u00e3o cont\u00e9m todos os poss\u00edveis efeitos colaterais e outros podem ocorrer. Consulte seu m\u00e9dico para obter informa\u00e7\u00f5es adicionais sobre os efeitos colaterais.<\/p>\n<h4>Dosagem para HALOGEN ( Halotestin)<\/h4>\n<p>A dosagem de Halotestin varia dependendo do indiv\u00edduo, da condi\u00e7\u00e3o a ser tratada e de sua gravidade. Voc\u00ea pode administrar a dose oral di\u00e1ria total isoladamente ou em doses divididas (tr\u00eas ou quatro).<\/p>","protected":false},"excerpt":{"rendered":"<p>HALOGEN ( Halotestin) \/ fluoximesterona \/2&#215;12 abas-24 abas\/GOLD DRAGON HALOGEN ( Halotestin) ( fluoximesterona ) \u00e9 um horm\u00f4nio masculino (andr\u00f3geno)<\/p>\n","protected":false},"featured_media":9566,"comment_status":"open","ping_status":"closed","template":"","meta":[],"product_brand":[],"product_cat":[73,3533],"product_tag":[],"class_list":{"0":"post-9565","1":"product","2":"type-product","3":"status-publish","4":"has-post-thumbnail","6":"product_cat-ssteroides_orales","7":"product_cat-sales-rebajas","9":"first","10":"instock","11":"shipping-taxable","12":"purchasable","13":"product-type-simple"},"yoast_head":"<!-- This site is optimized with the Yoast SEO Premium plugin v24.4 (Yoast SEO v27.0) - https:\/\/yoast.com\/product\/yoast-seo-premium-wordpress\/ -->\n<title>HALOGEN ( Halotestin)\/2blisters\/24 tabletas - Ester\u00f3ides Online<\/title>\n<meta name=\"description\" content=\"HALOGEN ( Halotestin) is a male hormone (androgen) used in men as replacement therapy in conditions associated with symptoms of deficiency or absence of\u00a0endogenous\u00a0testosterone, and in delayed puberty.\" \/>\n<meta name=\"robots\" content=\"index, follow, max-snippet:-1, max-image-preview:large, max-video-preview:-1\" \/>\n<link rel=\"canonical\" href=\"https:\/\/iberoid.com\/pt\/product\/halogen-halotestin\/\" \/>\n<meta property=\"og:locale\" content=\"pt_PT\" \/>\n<meta property=\"og:type\" content=\"article\" \/>\n<meta property=\"og:title\" content=\"HALOGEN ( Halotestin)\/2blisters\/24 tabletas\" \/>\n<meta property=\"og:description\" content=\"HALOGEN ( Halotestin) is a male hormone (androgen) used in men as replacement therapy in conditions associated with symptoms of deficiency or absence of\u00a0endogenous\u00a0testosterone, and in delayed puberty.\" \/>\n<meta property=\"og:url\" content=\"https:\/\/iberoid.com\/pt\/product\/halogen-halotestin\/\" \/>\n<meta property=\"og:site_name\" content=\"Ester\u00f3ides Online\" \/>\n<meta property=\"article:modified_time\" content=\"2026-03-22T12:01:24+00:00\" \/>\n<meta property=\"og:image\" content=\"https:\/\/iberoid.com\/wp-content\/uploads\/2024\/07\/halo-24-scaled.jpg?v=1721155255\" \/>\n\t<meta property=\"og:image:width\" content=\"2560\" \/>\n\t<meta property=\"og:image:height\" content=\"2210\" \/>\n\t<meta property=\"og:image:type\" content=\"image\/jpeg\" \/>\n<meta name=\"twitter:card\" content=\"summary_large_image\" \/>\n<meta name=\"twitter:label1\" content=\"pre\u00e7o\" \/>\n\t<meta name=\"twitter:data1\" content=\"&euro;25.00\" \/>\n\t<meta name=\"twitter:label2\" content=\"Disponibilidade\" \/>\n\t<meta name=\"twitter:data2\" content=\"Em stock\" \/>\n<script type=\"application\/ld+json\" class=\"yoast-schema-graph\">{\"@context\":\"https:\/\/schema.org\",\"@graph\":[{\"@type\":\"WebPage\",\"@id\":\"https:\/\/iberoid.com\/pt\/product\/halogen-halotestin\/\",\"url\":\"https:\/\/iberoid.com\/pt\/product\/halogen-halotestin\/\",\"name\":\"HALOGEN ( Halotestin)\/2blisters\/24 tabletas - Ester\u00f3ides Online\",\"isPartOf\":{\"@id\":\"https:\/\/iberoid-shop.com\/#website\"},\"primaryImageOfPage\":{\"@id\":\"https:\/\/iberoid.com\/pt\/product\/halogen-halotestin\/#primaryimage\"},\"image\":{\"@id\":\"https:\/\/iberoid.com\/pt\/product\/halogen-halotestin\/#primaryimage\"},\"thumbnailUrl\":\"https:\/\/iberoid.com\/wp-content\/uploads\/2024\/07\/halo-24-scaled.jpg?v=1721155255\",\"datePublished\":\"2024-07-16T18:42:04+00:00\",\"dateModified\":\"2026-03-22T12:01:24+00:00\",\"description\":\"HALOGEN ( Halotestin) is a male hormone (androgen) used in men as replacement therapy in conditions associated with symptoms of deficiency or absence of\u00a0endogenous\u00a0testosterone, and in delayed puberty.\",\"breadcrumb\":{\"@id\":\"https:\/\/iberoid.com\/pt\/product\/halogen-halotestin\/#breadcrumb\"},\"inLanguage\":\"pt-PT\",\"potentialAction\":[{\"@type\":\"ReadAction\",\"target\":[[\"https:\/\/iberoid.com\/pt\/product\/halogen-halotestin\/\"]]}]},{\"@type\":\"ImageObject\",\"inLanguage\":\"pt-PT\",\"@id\":\"https:\/\/iberoid.com\/pt\/product\/halogen-halotestin\/#primaryimage\",\"url\":\"https:\/\/iberoid.com\/wp-content\/uploads\/2024\/07\/halo-24-scaled.jpg?v=1721155255\",\"contentUrl\":\"https:\/\/iberoid.com\/wp-content\/uploads\/2024\/07\/halo-24-scaled.jpg?v=1721155255\",\"width\":2560,\"height\":2210,\"caption\":\"HALOGEN ( Halotestin)\"},{\"@type\":\"BreadcrumbList\",\"@id\":\"https:\/\/iberoid.com\/pt\/product\/halogen-halotestin\/#breadcrumb\",\"itemListElement\":[{\"@type\":\"ListItem\",\"position\":1,\"name\":\"Portada\",\"item\":\"https:\/\/iberoid.com\/pt\/\"},{\"@type\":\"ListItem\",\"position\":2,\"name\":\"Loja\",\"item\":\"https:\/\/iberoid.com\/pt\/shop\/\"},{\"@type\":\"ListItem\",\"position\":3,\"name\":\"HALOGEN ( Halotestin)\/2blisters\/24 tabletas\"}]},{\"@type\":\"WebSite\",\"@id\":\"https:\/\/iberoid-shop.com\/#website\",\"url\":\"https:\/\/iberoid-shop.com\/\",\"name\":\"Ester\u00f3ides Online\",\"description\":\"Compre ester\u00f3ides online hoje em Espanha e Portugal. Temos o melhor servi\u00e7o ao cliente do setor e produtos da mais alta qualidade\",\"potentialAction\":[{\"@type\":\"SearchAction\",\"target\":{\"@type\":\"EntryPoint\",\"urlTemplate\":\"https:\/\/iberoid-shop.com\/?s={search_term_string}\"},\"query-input\":{\"@type\":\"PropertyValueSpecification\",\"valueRequired\":true,\"valueName\":\"search_term_string\"}}],\"inLanguage\":\"pt-PT\"}]}<\/script>\n<meta property=\"product:brand\" content=\"Gold Dragon LLC.\" \/>\n<meta property=\"product:price:amount\" content=\"25.00\" \/>\n<meta property=\"product:price:currency\" content=\"EUR\" \/>\n<meta property=\"og:availability\" content=\"instock\" \/>\n<meta property=\"product:availability\" content=\"instock\" \/>\n<meta property=\"product:condition\" content=\"new\" \/>\n<!-- \/ Yoast SEO Premium plugin. -->","yoast_head_json":{"title":"HALOGEN ( Halotestin)\/2blisters\/24 tabletas - Ester\u00f3ides Online","description":"HALOGEN ( Halotestin) is a male hormone (androgen) used in men as replacement therapy in conditions associated with symptoms of deficiency or absence of\u00a0endogenous\u00a0testosterone, and in delayed puberty.","robots":{"index":"index","follow":"follow","max-snippet":"max-snippet:-1","max-image-preview":"max-image-preview:large","max-video-preview":"max-video-preview:-1"},"canonical":"https:\/\/iberoid.com\/pt\/product\/halogen-halotestin\/","og_locale":"pt_PT","og_type":"article","og_title":"HALOGEN ( Halotestin)\/2blisters\/24 tabletas","og_description":"HALOGEN ( Halotestin) is a male hormone (androgen) used in men as replacement therapy in conditions associated with symptoms of deficiency or absence of\u00a0endogenous\u00a0testosterone, and in delayed puberty.","og_url":"https:\/\/iberoid.com\/pt\/product\/halogen-halotestin\/","og_site_name":"Ester\u00f3ides Online","article_modified_time":"2026-03-22T12:01:24+00:00","og_image":[{"width":2560,"height":2210,"url":"https:\/\/iberoid.com\/wp-content\/uploads\/2024\/07\/halo-24-scaled.jpg?v=1721155255","type":"image\/jpeg"}],"twitter_card":"summary_large_image","twitter_misc":{"pre\u00e7o":"&euro;25.00","Disponibilidade":"Em stock"},"schema":{"@context":"https:\/\/schema.org","@graph":[{"@type":"WebPage","@id":"https:\/\/iberoid.com\/pt\/product\/halogen-halotestin\/","url":"https:\/\/iberoid.com\/pt\/product\/halogen-halotestin\/","name":"HALOGEN ( Halotestin)\/2blisters\/24 tabletas - Ester\u00f3ides Online","isPartOf":{"@id":"https:\/\/iberoid-shop.com\/#website"},"primaryImageOfPage":{"@id":"https:\/\/iberoid.com\/pt\/product\/halogen-halotestin\/#primaryimage"},"image":{"@id":"https:\/\/iberoid.com\/pt\/product\/halogen-halotestin\/#primaryimage"},"thumbnailUrl":"https:\/\/iberoid.com\/wp-content\/uploads\/2024\/07\/halo-24-scaled.jpg?v=1721155255","datePublished":"2024-07-16T18:42:04+00:00","dateModified":"2026-03-22T12:01:24+00:00","description":"HALOGEN ( Halotestin) is a male hormone (androgen) used in men as replacement therapy in conditions associated with symptoms of deficiency or absence of\u00a0endogenous\u00a0testosterone, and in delayed puberty.","breadcrumb":{"@id":"https:\/\/iberoid.com\/pt\/product\/halogen-halotestin\/#breadcrumb"},"inLanguage":"pt-PT","potentialAction":[{"@type":"ReadAction","target":[["https:\/\/iberoid.com\/pt\/product\/halogen-halotestin\/"]]}]},{"@type":"ImageObject","inLanguage":"pt-PT","@id":"https:\/\/iberoid.com\/pt\/product\/halogen-halotestin\/#primaryimage","url":"https:\/\/iberoid.com\/wp-content\/uploads\/2024\/07\/halo-24-scaled.jpg?v=1721155255","contentUrl":"https:\/\/iberoid.com\/wp-content\/uploads\/2024\/07\/halo-24-scaled.jpg?v=1721155255","width":2560,"height":2210,"caption":"HALOGEN ( Halotestin)"},{"@type":"BreadcrumbList","@id":"https:\/\/iberoid.com\/pt\/product\/halogen-halotestin\/#breadcrumb","itemListElement":[{"@type":"ListItem","position":1,"name":"Portada","item":"https:\/\/iberoid.com\/pt\/"},{"@type":"ListItem","position":2,"name":"Loja","item":"https:\/\/iberoid.com\/pt\/shop\/"},{"@type":"ListItem","position":3,"name":"HALOGEN ( Halotestin)\/2blisters\/24 tabletas"}]},{"@type":"WebSite","@id":"https:\/\/iberoid-shop.com\/#website","url":"https:\/\/iberoid-shop.com\/","name":"Ester\u00f3ides Online","description":"Compre ester\u00f3ides online hoje em Espanha e Portugal. Temos o melhor servi\u00e7o ao cliente do setor e produtos da mais alta qualidade","potentialAction":[{"@type":"SearchAction","target":{"@type":"EntryPoint","urlTemplate":"https:\/\/iberoid-shop.com\/?s={search_term_string}"},"query-input":{"@type":"PropertyValueSpecification","valueRequired":true,"valueName":"search_term_string"}}],"inLanguage":"pt-PT"}]},"product_brand":"Gold Dragon LLC.","product_price_amount":"25.00","product_price_currency":"EUR","og_availability":"instock","product_availability":"instock","product_condition":"new"},"_links":{"self":[{"href":"https:\/\/iberoid.com\/pt\/wp-json\/wp\/v2\/product\/9565","targetHints":{"allow":["GET"]}}],"collection":[{"href":"https:\/\/iberoid.com\/pt\/wp-json\/wp\/v2\/product"}],"about":[{"href":"https:\/\/iberoid.com\/pt\/wp-json\/wp\/v2\/types\/product"}],"replies":[{"embeddable":true,"href":"https:\/\/iberoid.com\/pt\/wp-json\/wp\/v2\/comments?post=9565"}],"wp:featuredmedia":[{"embeddable":true,"href":"https:\/\/iberoid.com\/pt\/wp-json\/wp\/v2\/media\/9566"}],"wp:attachment":[{"href":"https:\/\/iberoid.com\/pt\/wp-json\/wp\/v2\/media?parent=9565"}],"wp:term":[{"taxonomy":"product_brand","embeddable":true,"href":"https:\/\/iberoid.com\/pt\/wp-json\/wp\/v2\/product_brand?post=9565"},{"taxonomy":"product_cat","embeddable":true,"href":"https:\/\/iberoid.com\/pt\/wp-json\/wp\/v2\/product_cat?post=9565"},{"taxonomy":"product_tag","embeddable":true,"href":"https:\/\/iberoid.com\/pt\/wp-json\/wp\/v2\/product_tag?post=9565"}],"curies":[{"name":"wp","href":"https:\/\/api.w.org\/{rel}","templated":true}]}}