{"id":9583,"date":"2024-07-28T18:38:15","date_gmt":"2024-07-28T18:38:15","guid":{"rendered":"https:\/\/iberoid.com\/?post_type=product&#038;p=9583"},"modified":"2026-03-29T16:19:19","modified_gmt":"2026-03-29T16:19:19","slug":"dostiheal-cabergolina","status":"publish","type":"product","link":"https:\/\/iberoid.com\/pt\/product\/dostiheal-cabergolina\/","title":{"rendered":"DOSTIHEAL \/ CABERGOLINA"},"content":{"rendered":"<p><strong>DOSTIHEAL \/ CABERGOLINA 0,50X4 comprimidos.<\/strong><\/p>\n<p>de Dostiheal 0,5 cabergolina tratam a doen\u00e7a com alto teor de prolactina. A prolactina anormalmente alta pode causar altera\u00e7\u00f5es menstruais nas mulheres, impot\u00eancia nos homens e altera\u00e7\u00f5es nas mamas em ambos os sexos.<\/p>\n<p>A prolactina elevada causa infertilidade em homens e mulheres e risco de tumores na hip\u00f3fise. Dostiheal 0,5 tamb\u00e9m pode ser prescrito para suprimir a produ\u00e7\u00e3o de leite em mulheres ap\u00f3s o parto.<\/p>\n<p>Dostihea 0,5 \u00e9 utilizado para cortar o leite, desmamar e eliminar o leite em casos de desmame de beb\u00eas, conforme prescri\u00e7\u00e3o m\u00e9dica.<\/p>\n<p>Pergunte ao seu m\u00e9dico se tiver alguma d\u00favida sobre por que este medicamento foi prescrito para voc\u00ea.<\/p>\n<p>Seu m\u00e9dico pode ter prescrito por outro motivo.<\/p>\n<p>Dostinex est\u00e1 dispon\u00edvel apenas mediante receita m\u00e9dica.<\/p>\n<p><strong>Quais s\u00e3o os efeitos do Dostiheal 0.5? mecanismo?<\/strong><\/p>\n<p>Mecanismo de a\u00e7\u00e3o:<\/p>\n<p>A secre\u00e7\u00e3o de prolactina pela hip\u00f3fise anterior est\u00e1 principalmente sob o controle da inibi\u00e7\u00e3o hipotal\u00e2mica. A prolactina \u00e9 secretada atrav\u00e9s da libera\u00e7\u00e3o de dopamina pelos neur\u00f4nios espinhais.<\/p>\n<p>A cabergolina \u00e9 um agonista dos receptores de dopamina de a\u00e7\u00e3o prolongada com alta afinidade pelos receptores D2.<\/p>\n<p><strong>Posologia e modo de usar DOSTIHEAL\/CABERGOLINA<\/strong><\/p>\n<p><strong>Tratamento de dist\u00farbios de hiperprolactinemia<\/strong><\/p>\n<p>Use cabergolina para tratar disfun\u00e7\u00f5es associadas \u00e0 hiperprolactinemia, como amenorreia, dismenorreia, problemas de ovula\u00e7\u00e3o e galactorreia. Al\u00e9m disso, os m\u00e9dicos prescrevem cabergolina para pacientes com adenomas hipofis\u00e1rios secretores de prolactina (microsc\u00f3picos e macrosc\u00f3picos), hiperprolactinemia idiop\u00e1tica ou semi-vazia. s\u00edndrome de sella com hiperprolactinemia. Estas condi\u00e7\u00f5es contribuem para as manifesta\u00e7\u00f5es cl\u00ednicas mencionadas acima.<\/p>\n<p>Al\u00e9m disso, quando administrada cronicamente, a cabergolina na dose de 1 a 2 mg por semana \u00e9 eficaz na normaliza\u00e7\u00e3o das concentra\u00e7\u00f5es s\u00e9ricas de prolactina em aproximadamente 84% dos pacientes hiperprolactin\u00eamicos.<\/p>\n<p>Al\u00e9m disso, os ciclos menstruais regulares foram retomados em 83% das mulheres que j\u00e1 tinham perdido os seus ciclos menstruais. A restaura\u00e7\u00e3o da ovula\u00e7\u00e3o foi observada em 89% das mulheres cujos n\u00edveis de progesterona foram monitorados durante a fase l\u00fatea.<\/p>\n<p>Finalmente, a galactorreia desaparece em 90% dos casos com tratamento. Al\u00e9m disso, a redu\u00e7\u00e3o do tamanho do tumor \u00e9 alcan\u00e7ada em 50\u201390% dos pacientes do sexo feminino e masculino com doen\u00e7a microsc\u00f3pica ou macrosc\u00f3pica.<\/p>\n<p><strong>Dostiheal 0,5 reduz a produ\u00e7\u00e3o de leite e o desmame<\/strong><\/p>\n<p>Inibe\/suprime a lacta\u00e7\u00e3o fisiol\u00f3gica<\/p>\n<p>Dostiheal 0,5 \u00e9 indicado para a supress\u00e3o da lacta\u00e7\u00e3o fisiol\u00f3gica imediatamente ap\u00f3s o nascimento e para a supress\u00e3o da lacta\u00e7\u00e3o estabelecida:<\/p>\n<p>Ap\u00f3s o parto, quando a gestante n\u00e3o amamenta o beb\u00ea ou tem contraindica\u00e7\u00e3o para amamentar por motivos m\u00e9dicos relacionados \u00e0 m\u00e3e ou ao rec\u00e9m-parto.<\/p>\n<p>Ap\u00f3s natimorto ou aborto.<\/p>\n<p>A cabergolina previne\/inibe a lacta\u00e7\u00e3o fisiol\u00f3gica ao inibir a secre\u00e7\u00e3o de prolactina.<\/p>\n<p>Em ensaios cl\u00ednicos controlados, cabergolina administrada em dose \u00fanica de 1 mg no primeiro dia de vida:<\/p>\n<ul>\n<li>Inibe efetivamente a lacta\u00e7\u00e3o<\/li>\n<li>Sensibilidade e dor nos seios em 70 a 90% das mulheres.<\/li>\n<li>Menos de 5% das mulheres apresentam sintomas mam\u00e1rios que se recuperam na terceira semana ap\u00f3s o parto (geralmente leves).<\/li>\n<\/ul>\n<p>Inibi\u00e7\u00e3o da lacta\u00e7\u00e3o, redu\u00e7\u00e3o do ingurgitamento mam\u00e1rio e da dor: alcan\u00e7ada em aproximadamente 85% das mulheres lactantes tratadas com uma dose total de 1 mg de cabergolina dividida em 4 doses durante 2 dias. A recorr\u00eancia dos sintomas mam\u00e1rios ap\u00f3s o dia 10 \u00e9 incomum (cerca de 2% dos casos).<\/p>\n<p><strong>Efeitos colaterais do Dostiheal 0,5<\/strong><\/p>\n<p>Efeitos colaterais graves<\/p>\n<ul>\n<li>Dor ou aperto no peito, tosse, dificuldade em respirar<\/li>\n<li>Sonol\u00eancia incomum, sonol\u00eancia ou fraqueza<\/li>\n<li>Mudan\u00e7as incomuns no comportamento<\/li>\n<li>Dorm\u00eancia, formigamento ou dor em queima\u00e7\u00e3o nas m\u00e3os, bra\u00e7os, pernas ou p\u00e9s<\/li>\n<li>Tonturas, vertigens ou desmaios<\/li>\n<li>Mudan\u00e7as na quantidade ou frequ\u00eancia com que voc\u00ea urina<\/li>\n<li>Incha\u00e7o no rosto, m\u00e3os, tornozelos, pernas ou p\u00e9s<\/li>\n<li>Rea\u00e7\u00e3o al\u00e9rgica: Comich\u00e3o ou erup\u00e7\u00e3o cut\u00e2nea, incha\u00e7o da face ou das m\u00e3os, incha\u00e7o ou formigueiro na boca ou garganta, aperto no peito, dificuldade em respirar<\/li>\n<li>H\u00e1 sangue na urina, dor lombar, dor de um lado ou dor aguda nas costas logo abaixo das costelas<\/li>\n<li>Dor ou forte dor de est\u00f4mago<\/li>\n<li>Batimento card\u00edaco r\u00e1pido, lento, acelerado ou irregular<\/li>\n<\/ul>\n<p>Os efeitos colaterais s\u00e3o menos graves<\/p>\n<ul>\n<li>N\u00e1useas, v\u00f4mitos, pris\u00e3o de ventre<\/li>\n<li>Dor de cabe\u00e7a<\/li>\n<\/ul>\n<p><strong>Cuidadoso<\/strong><\/p>\n<p>Informe o seu m\u00e9dico se estiver gr\u00e1vida ou amamentando, ou se achar que pode engravidar enquanto estiver usando este medicamento. Al\u00e9m disso, informe o seu m\u00e9dico se tiver doen\u00e7a hep\u00e1tica, problemas respirat\u00f3rios ou pulmonares, doen\u00e7a card\u00edaca ou hipertens\u00e3o.<\/p>\n<p>Al\u00e9m disso, Dostiheal 0.5 pode causar os seguintes problemas: risco aumentado de problemas card\u00edacos, renais, pulmonares ou estomacais graves.<\/p>\n<p>Al\u00e9m disso, as primeiras doses de cabergolina podem causar vertigens ou tonturas, especialmente quando voc\u00ea se levanta de uma posi\u00e7\u00e3o deitada ou sentada. Portanto, levante-se lentamente e evite dirigir ou usar m\u00e1quinas se n\u00e3o estiver alerta.<\/p>\n<p>O seu m\u00e9dico ir\u00e1 verificar o seu progresso e os efeitos deste medicamento em consultas regulares.<\/p>\n<p>Mantenha todos os medicamentos fora do alcance das crian\u00e7as. Nunca compartilhe seu medicamento com ningu\u00e9m.<\/p>\n<p>Tonturas, vertigens ou desmaios<\/p>\n<p>Dorm\u00eancia, formigamento ou dor em queima\u00e7\u00e3o nas m\u00e3os, bra\u00e7os, pernas ou p\u00e9s<\/p>\n<p>Dor ou forte dor de est\u00f4mago<\/p>\n<p>Incha\u00e7o no rosto, m\u00e3os, tornozelos, pernas ou p\u00e9s<\/p>\n<p>Sonol\u00eancia incomum, sonol\u00eancia ou fraqueza.<\/p>\n<p><strong>Intera\u00e7\u00f5es medicamentosas<\/strong><\/p>\n<p>Intera\u00e7\u00f5es medicamentosas: Dostiheal 0,5 pode interagir com medicamentos usados para tratar:<\/p>\n<ul>\n<li>Psicose (clorpromazina, haloperidol), n\u00e1useas e v\u00f4mitos (domperidona, metoclopramida clopramida ).<\/li>\n<li>Medicamentos para a doen\u00e7a de Parkinson, medicamentos para enxaqueca grave (bromocriptina, ergotamina, diidroergotamina).<\/li>\n<li>Antibi\u00f3ticos (eritromicina), esquizofrenia (fenotiazinas, tioxanteno).<\/li>\n<\/ul>\n<p>Intera\u00e7\u00f5es medicamentosas-alimentos: A CABERGOLINA interage com medicamentos de venda livre, vitaminas, suplementos nutricionais e produtos fitoter\u00e1picos que voc\u00ea est\u00e1 tomando ou planeja tomar.<\/p>\n<p>Intera\u00e7\u00f5es medicamentosas-doen\u00e7as: Informe o seu m\u00e9dico se voc\u00ea tem ou j\u00e1 teve press\u00e3o alta, doen\u00e7a card\u00edaca, problemas renais ou hep\u00e1ticos, doen\u00e7a mental.<\/p>\n<p><strong>DOSTIHEAL\/CABERGOLINA \u00e9 bom para uso?<\/strong><\/p>\n<p>Dostiheal 0,5 cont\u00e9m cabergolina, a vantagem de tomar cabergolina \u00e9 que ela reduzir\u00e1 o n\u00edvel de prolactina no sangue e reduzir\u00e1 os efeitos que voc\u00ea sente.<\/p>\n<p>Funciona aumentando uma subst\u00e2ncia qu\u00edmica no c\u00e9rebro chamada dopamina, que reduz a quantidade de prolactina liberada.<\/p>\n<p>Al\u00e9m disso, a CABERGOLINA tamb\u00e9m pode ser usada para tratar outras condi\u00e7\u00f5es causadas por dist\u00farbios hormonais que podem levar \u00e0 produ\u00e7\u00e3o de n\u00edveis elevados de prolactina.<\/p>\n<p>Isto inclui amenorreia, per\u00edodos irregulares e muito leves, per\u00edodos de anovula\u00e7\u00e3o e lacta\u00e7\u00e3o, secre\u00e7\u00e3o de leite pelos seios.<\/p>","protected":false},"excerpt":{"rendered":"<p>DOSTIHEAL \/ CABERGOLINA 0,50X4 comprimidos. de Dostiheal 0,5 cabergolina tratam a doen\u00e7a com alto teor de prolactina. A prolactina anormalmente<\/p>\n","protected":false},"featured_media":9584,"comment_status":"open","ping_status":"closed","template":"","meta":[],"product_brand":[],"product_cat":[73,3533],"product_tag":[],"class_list":{"0":"post-9583","1":"product","2":"type-product","3":"status-publish","4":"has-post-thumbnail","6":"product_cat-ssteroides_orales","7":"product_cat-sales-rebajas","9":"first","10":"instock","11":"shipping-taxable","12":"purchasable","13":"product-type-simple"},"yoast_head":"<!-- This site is optimized with the Yoast SEO Premium plugin v24.4 (Yoast SEO v27.3) - https:\/\/yoast.com\/product\/yoast-seo-premium-wordpress\/ -->\n<title>DOSTIHEAL \/ CABERGOLINA - Ester\u00f3ides Online<\/title>\n<meta name=\"description\" content=\"DOSTIHEAL \/ CABERGOLINA comprimidos orais tratam a doen\u00e7a da prolactina alta. N\u00edveis anormalmente altos de prolactina podem causar altera\u00e7\u00f5es menstruais em mulheres e impot\u00eancia em homens.\" \/>\n<meta name=\"robots\" content=\"index, follow, max-snippet:-1, max-image-preview:large, max-video-preview:-1\" \/>\n<link rel=\"canonical\" href=\"https:\/\/iberoid.com\/pt\/product\/dostiheal-cabergolina\/\" \/>\n<meta property=\"og:locale\" content=\"pt_PT\" \/>\n<meta property=\"og:type\" content=\"article\" \/>\n<meta property=\"og:title\" content=\"DOSTIHEAL \/ CABERGOLINA\" \/>\n<meta property=\"og:description\" content=\"DOSTIHEAL \/ CABERGOLINA comprimidos orais tratam a doen\u00e7a da prolactina alta. N\u00edveis anormalmente altos de prolactina podem causar altera\u00e7\u00f5es menstruais em mulheres e impot\u00eancia em homens.\" \/>\n<meta property=\"og:url\" content=\"https:\/\/iberoid.com\/pt\/product\/dostiheal-cabergolina\/\" \/>\n<meta property=\"og:site_name\" content=\"Ester\u00f3ides Online\" \/>\n<meta property=\"article:modified_time\" content=\"2026-03-29T16:19:19+00:00\" \/>\n<meta property=\"og:image\" content=\"https:\/\/iberoid.com\/wp-content\/uploads\/2024\/07\/Ccabergolin-4.jpg?v=1722191847\" \/>\n\t<meta property=\"og:image:width\" content=\"1416\" \/>\n\t<meta property=\"og:image:height\" content=\"1251\" \/>\n\t<meta property=\"og:image:type\" content=\"image\/jpeg\" \/>\n<meta name=\"twitter:card\" content=\"summary_large_image\" \/>\n<meta name=\"twitter:label1\" content=\"pre\u00e7o\" \/>\n\t<meta name=\"twitter:data1\" content=\"&euro;15.00\" \/>\n\t<meta name=\"twitter:label2\" content=\"Disponibilidade\" \/>\n\t<meta name=\"twitter:data2\" content=\"Em stock\" \/>\n<script type=\"application\/ld+json\" class=\"yoast-schema-graph\">{\"@context\":\"https:\\\/\\\/schema.org\",\"@graph\":[{\"@type\":\"WebPage\",\"@id\":\"https:\\\/\\\/iberoid.com\\\/pt\\\/product\\\/dostiheal-cabergolina\\\/\",\"url\":\"https:\\\/\\\/iberoid.com\\\/pt\\\/product\\\/dostiheal-cabergolina\\\/\",\"name\":\"DOSTIHEAL \\\/ CABERGOLINA - Ester\u00f3ides Online\",\"isPartOf\":{\"@id\":\"https:\\\/\\\/iberoid.com\\\/pt\\\/#website\"},\"primaryImageOfPage\":{\"@id\":\"https:\\\/\\\/iberoid.com\\\/pt\\\/product\\\/dostiheal-cabergolina\\\/#primaryimage\"},\"image\":{\"@id\":\"https:\\\/\\\/iberoid.com\\\/pt\\\/product\\\/dostiheal-cabergolina\\\/#primaryimage\"},\"thumbnailUrl\":\"https:\\\/\\\/iberoid.com\\\/wp-content\\\/uploads\\\/2024\\\/07\\\/Ccabergolin-4.jpg?v=1722191847\",\"datePublished\":\"2024-07-28T18:38:15+00:00\",\"dateModified\":\"2026-03-29T16:19:19+00:00\",\"description\":\"DOSTIHEAL \\\/ CABERGOLINA comprimidos orais tratam a doen\u00e7a da prolactina alta. N\u00edveis anormalmente altos de prolactina podem causar altera\u00e7\u00f5es menstruais em mulheres e impot\u00eancia em homens.\",\"breadcrumb\":{\"@id\":\"https:\\\/\\\/iberoid.com\\\/pt\\\/product\\\/dostiheal-cabergolina\\\/#breadcrumb\"},\"inLanguage\":\"pt-PT\",\"potentialAction\":[{\"@type\":\"ReadAction\",\"target\":[[\"https:\\\/\\\/iberoid.com\\\/pt\\\/product\\\/dostiheal-cabergolina\\\/\"]]}]},{\"@type\":\"ImageObject\",\"inLanguage\":\"pt-PT\",\"@id\":\"https:\\\/\\\/iberoid.com\\\/pt\\\/product\\\/dostiheal-cabergolina\\\/#primaryimage\",\"url\":\"https:\\\/\\\/iberoid.com\\\/wp-content\\\/uploads\\\/2024\\\/07\\\/Ccabergolin-4.jpg?v=1722191847\",\"contentUrl\":\"https:\\\/\\\/iberoid.com\\\/wp-content\\\/uploads\\\/2024\\\/07\\\/Ccabergolin-4.jpg?v=1722191847\",\"width\":1416,\"height\":1251,\"caption\":\"DOSTIHEAL \\\/ CABERGOLINA\"},{\"@type\":\"BreadcrumbList\",\"@id\":\"https:\\\/\\\/iberoid.com\\\/pt\\\/product\\\/dostiheal-cabergolina\\\/#breadcrumb\",\"itemListElement\":[{\"@type\":\"ListItem\",\"position\":1,\"name\":\"Portada\",\"item\":\"https:\\\/\\\/iberoid.com\\\/pt\\\/\"},{\"@type\":\"ListItem\",\"position\":2,\"name\":\"Loja\",\"item\":\"https:\\\/\\\/iberoid.com\\\/pt\\\/shop\\\/\"},{\"@type\":\"ListItem\",\"position\":3,\"name\":\"DOSTIHEAL \\\/ CABERGOLINA\"}]},{\"@type\":\"WebSite\",\"@id\":\"https:\\\/\\\/iberoid.com\\\/pt\\\/#website\",\"url\":\"https:\\\/\\\/iberoid.com\\\/pt\\\/\",\"name\":\"Ester\u00f3ides Online\",\"description\":\"Compre ester\u00f3ides online hoje em Espanha e Portugal. Temos o melhor servi\u00e7o ao cliente do setor e produtos da mais alta qualidade\",\"potentialAction\":[{\"@type\":\"SearchAction\",\"target\":{\"@type\":\"EntryPoint\",\"urlTemplate\":\"https:\\\/\\\/iberoid.com\\\/pt\\\/?s={search_term_string}\"},\"query-input\":{\"@type\":\"PropertyValueSpecification\",\"valueRequired\":true,\"valueName\":\"search_term_string\"}}],\"inLanguage\":\"pt-PT\"}]}<\/script>\n<meta property=\"product:brand\" content=\"HEALING PHARMA\" \/>\n<meta property=\"product:price:amount\" content=\"15.00\" \/>\n<meta property=\"product:price:currency\" content=\"EUR\" \/>\n<meta property=\"og:availability\" content=\"instock\" \/>\n<meta property=\"product:availability\" content=\"instock\" \/>\n<meta property=\"product:condition\" content=\"new\" \/>\n<!-- \/ Yoast SEO Premium plugin. -->","yoast_head_json":{"title":"DOSTIHEAL \/ CABERGOLINA - Ester\u00f3ides Online","description":"DOSTIHEAL \/ CABERGOLINA comprimidos orais tratam a doen\u00e7a da prolactina alta. N\u00edveis anormalmente altos de prolactina podem causar altera\u00e7\u00f5es menstruais em mulheres e impot\u00eancia em homens.","robots":{"index":"index","follow":"follow","max-snippet":"max-snippet:-1","max-image-preview":"max-image-preview:large","max-video-preview":"max-video-preview:-1"},"canonical":"https:\/\/iberoid.com\/pt\/product\/dostiheal-cabergolina\/","og_locale":"pt_PT","og_type":"article","og_title":"DOSTIHEAL \/ CABERGOLINA","og_description":"DOSTIHEAL \/ CABERGOLINA comprimidos orais tratam a doen\u00e7a da prolactina alta. N\u00edveis anormalmente altos de prolactina podem causar altera\u00e7\u00f5es menstruais em mulheres e impot\u00eancia em homens.","og_url":"https:\/\/iberoid.com\/pt\/product\/dostiheal-cabergolina\/","og_site_name":"Ester\u00f3ides Online","article_modified_time":"2026-03-29T16:19:19+00:00","og_image":[{"width":1416,"height":1251,"url":"https:\/\/iberoid.com\/wp-content\/uploads\/2024\/07\/Ccabergolin-4.jpg?v=1722191847","type":"image\/jpeg"}],"twitter_card":"summary_large_image","twitter_misc":{"pre\u00e7o":"&euro;15.00","Disponibilidade":"Em stock"},"schema":{"@context":"https:\/\/schema.org","@graph":[{"@type":"WebPage","@id":"https:\/\/iberoid.com\/pt\/product\/dostiheal-cabergolina\/","url":"https:\/\/iberoid.com\/pt\/product\/dostiheal-cabergolina\/","name":"DOSTIHEAL \/ CABERGOLINA - Ester\u00f3ides Online","isPartOf":{"@id":"https:\/\/iberoid.com\/pt\/#website"},"primaryImageOfPage":{"@id":"https:\/\/iberoid.com\/pt\/product\/dostiheal-cabergolina\/#primaryimage"},"image":{"@id":"https:\/\/iberoid.com\/pt\/product\/dostiheal-cabergolina\/#primaryimage"},"thumbnailUrl":"https:\/\/iberoid.com\/wp-content\/uploads\/2024\/07\/Ccabergolin-4.jpg?v=1722191847","datePublished":"2024-07-28T18:38:15+00:00","dateModified":"2026-03-29T16:19:19+00:00","description":"DOSTIHEAL \/ CABERGOLINA comprimidos orais tratam a doen\u00e7a da prolactina alta. N\u00edveis anormalmente altos de prolactina podem causar altera\u00e7\u00f5es menstruais em mulheres e impot\u00eancia em homens.","breadcrumb":{"@id":"https:\/\/iberoid.com\/pt\/product\/dostiheal-cabergolina\/#breadcrumb"},"inLanguage":"pt-PT","potentialAction":[{"@type":"ReadAction","target":[["https:\/\/iberoid.com\/pt\/product\/dostiheal-cabergolina\/"]]}]},{"@type":"ImageObject","inLanguage":"pt-PT","@id":"https:\/\/iberoid.com\/pt\/product\/dostiheal-cabergolina\/#primaryimage","url":"https:\/\/iberoid.com\/wp-content\/uploads\/2024\/07\/Ccabergolin-4.jpg?v=1722191847","contentUrl":"https:\/\/iberoid.com\/wp-content\/uploads\/2024\/07\/Ccabergolin-4.jpg?v=1722191847","width":1416,"height":1251,"caption":"DOSTIHEAL \/ CABERGOLINA"},{"@type":"BreadcrumbList","@id":"https:\/\/iberoid.com\/pt\/product\/dostiheal-cabergolina\/#breadcrumb","itemListElement":[{"@type":"ListItem","position":1,"name":"Portada","item":"https:\/\/iberoid.com\/pt\/"},{"@type":"ListItem","position":2,"name":"Loja","item":"https:\/\/iberoid.com\/pt\/shop\/"},{"@type":"ListItem","position":3,"name":"DOSTIHEAL \/ CABERGOLINA"}]},{"@type":"WebSite","@id":"https:\/\/iberoid.com\/pt\/#website","url":"https:\/\/iberoid.com\/pt\/","name":"Ester\u00f3ides Online","description":"Compre ester\u00f3ides online hoje em Espanha e Portugal. Temos o melhor servi\u00e7o ao cliente do setor e produtos da mais alta qualidade","potentialAction":[{"@type":"SearchAction","target":{"@type":"EntryPoint","urlTemplate":"https:\/\/iberoid.com\/pt\/?s={search_term_string}"},"query-input":{"@type":"PropertyValueSpecification","valueRequired":true,"valueName":"search_term_string"}}],"inLanguage":"pt-PT"}]},"product_brand":"HEALING PHARMA","product_price_amount":"15.00","product_price_currency":"EUR","og_availability":"instock","product_availability":"instock","product_condition":"new"},"_links":{"self":[{"href":"https:\/\/iberoid.com\/pt\/wp-json\/wp\/v2\/product\/9583","targetHints":{"allow":["GET"]}}],"collection":[{"href":"https:\/\/iberoid.com\/pt\/wp-json\/wp\/v2\/product"}],"about":[{"href":"https:\/\/iberoid.com\/pt\/wp-json\/wp\/v2\/types\/product"}],"replies":[{"embeddable":true,"href":"https:\/\/iberoid.com\/pt\/wp-json\/wp\/v2\/comments?post=9583"}],"wp:featuredmedia":[{"embeddable":true,"href":"https:\/\/iberoid.com\/pt\/wp-json\/wp\/v2\/media\/9584"}],"wp:attachment":[{"href":"https:\/\/iberoid.com\/pt\/wp-json\/wp\/v2\/media?parent=9583"}],"wp:term":[{"taxonomy":"product_brand","embeddable":true,"href":"https:\/\/iberoid.com\/pt\/wp-json\/wp\/v2\/product_brand?post=9583"},{"taxonomy":"product_cat","embeddable":true,"href":"https:\/\/iberoid.com\/pt\/wp-json\/wp\/v2\/product_cat?post=9583"},{"taxonomy":"product_tag","embeddable":true,"href":"https:\/\/iberoid.com\/pt\/wp-json\/wp\/v2\/product_tag?post=9583"}],"curies":[{"name":"wp","href":"https:\/\/api.w.org\/{rel}","templated":true}]}}