{"id":9619,"date":"2024-08-06T19:48:03","date_gmt":"2024-08-06T19:48:03","guid":{"rendered":"https:\/\/iberoid.com\/?post_type=product&#038;p=9619"},"modified":"2026-04-18T23:16:21","modified_gmt":"2026-04-18T23:16:21","slug":"gonadotropin-hcg-5000","status":"publish","type":"product","link":"https:\/\/iberoid.com\/pt\/product\/gonadotropin-hcg-5000\/","title":{"rendered":"GONADOTROPIN \/ HCG 5000"},"content":{"rendered":"<p><strong>GONADOTROPINA \/ HCG 5000 <\/strong> Inje\u00e7\u00e3o \u00e9 utilizada no tratamento da infertilidade em mulheres. Tamb\u00e9m \u00e9 \u00fatil no tratamento do hipogonadismo masculino (puberdade atrasada e baixo contagem de espermatozoides). Funciona liberando os \u00f3vulos do ov\u00e1rio nas mulheres e aumentando o n\u00edvel de testosterona nos homens.<\/p>\n<p><strong>GONADOTROPINA \/ HCG 5000 <\/strong> Inje\u00e7\u00e3o \u00e9 administrada como uma inje\u00e7\u00e3o sob a supervis\u00e3o de um m\u00e9dico. Seu m\u00e9dico decidir\u00e1 o momento certo para tomar a inje\u00e7\u00e3o; portanto, siga sempre o conselho do seu m\u00e9dico. Al\u00e9m disso, a dose e a frequ\u00eancia de administra\u00e7\u00e3o dependem da condi\u00e7\u00e3o que est\u00e1 sendo tratada. Consequentemente, voc\u00ea deve usar este medicamento durante toda a dura\u00e7\u00e3o prescrita.<\/p>\n<p>Os efeitos colaterais mais comuns deste medicamento incluem dor no local da inje\u00e7\u00e3o, dor de cabe\u00e7a, fadiga e depress\u00e3o. Se esses sintomas lhe incomodarem ou parecerem graves, informe ao seu m\u00e9dico. Pode haver maneiras de reduzir ou prevenir esses efeitos. Os homens podem notar acne, sudorese e engrossamento da voz. Se voc\u00ea sentir tontura, desmaios, dor abdominal e v\u00f4mitos ap\u00f3s receber a inje\u00e7\u00e3o, informe seu m\u00e9dico imediatamente.<\/p>\n<p>Antes de tomar este medicamento, informe ao seu m\u00e9dico se voc\u00ea j\u00e1 teve alguma vez doen\u00e7a card\u00edaca, um cisto ovariano ou um dist\u00farbio da gl\u00e2ndula tireoide. Al\u00e9m disso, seu m\u00e9dico deve estar ciente de todos os outros medicamentos que voc\u00ea est\u00e1 tomando, uma vez que muitos deles podem tornar este medicamento menos eficaz ou alterar a forma como ele funciona. Al\u00e9m disso, certifique-se de informar ao seu m\u00e9dico se voc\u00ea est\u00e1 gr\u00e1vida ou amamentando. Al\u00e9m disso, voc\u00ea deve evitar o \u00e1lcool e seguir qualquer orienta\u00e7\u00e3o diet\u00e9tica fornecida pelo seu m\u00e9dico enquanto estiver tomando este medicamento.<\/p>\n<p><strong>Usos de GONADOTROPINA \/ HCG 5000<\/strong><\/p>\n<ul>\n<li>Tratamento da infertilidade feminina<\/li>\n<li>Tratamento do hipogonadismo masculino<\/li>\n<\/ul>\n<p><strong>Benef\u00edcios da inje\u00e7\u00e3o de HCG<\/strong><\/p>\n<p>No tratamento da infertilidade feminina<\/p>\n<p>A inje\u00e7\u00e3o de HCG 5000UI cont\u00e9m uma hormona que ajuda no desenvolvimento normal de um \u00f3vulo no ov\u00e1rio de uma mulher (\u00f3rg\u00e3o reprodutor feminino) e estimula a libera\u00e7\u00e3o do \u00f3vulo durante um processo chamado ovula\u00e7\u00e3o. Os m\u00e9dicos a utilizam para induzir a ovula\u00e7\u00e3o, o que ajuda a tratar a infertilidade em mulheres e aumenta a chance de uma gravidez bem-sucedida. Um m\u00e9dico ou enfermeira administra o medicamento. Voc\u00ea deve usar o medicamento conforme prescrito para garantir sua efic\u00e1cia. Al\u00e9m disso, pode ser necess\u00e1rio continuar com este tratamento por um per\u00edodo ap\u00f3s engravidar.<\/p>\n<p><strong>Efeitos colaterais de GONADOTROPINA \/ HCG 5000<\/strong><\/p>\n<p>A maioria dos efeitos colaterais n\u00e3o requer aten\u00e7\u00e3o m\u00e9dica e desaparece conforme seu corpo se ajusta ao medicamento. Consulte seu m\u00e9dico se persistirem ou se voc\u00ea estiver preocupado com eles.<\/p>\n<p><strong>Efeitos colaterais comuns de HCG<\/strong><\/p>\n<ul>\n<li>Dor no local da inje\u00e7\u00e3o<\/li>\n<li>Dor de cabe\u00e7a<\/li>\n<li>Fadiga<\/li>\n<li>Depress\u00e3o<\/li>\n<li>Irrita\u00e7\u00e3o<\/li>\n<li>Agita\u00e7\u00e3o<\/li>\n<\/ul>\n<p><strong>Como usar a inje\u00e7\u00e3o de HCG<\/strong><\/p>\n<p>Seu m\u00e9dico ou enfermeira lhe administrar\u00e1 este medicamento. Por favor, n\u00e3o se auto-administre.<\/p>\n<p><strong>Como GONADOTROPINA \/ HCG 5000 funciona<\/strong><\/p>\n<p>A inje\u00e7\u00e3o de HCG 5000UI \u00e9 um horm\u00f4nio sexual. Nas mulheres, ajuda na libera\u00e7\u00e3o dos \u00f3vulos do ov\u00e1rio. Nos homens, funciona aumentando a produ\u00e7\u00e3o de testosterona; consequentemente, isso ajuda no tratamento de condi\u00e7\u00f5es como puberdade atrasada e baixo contagem de espermatozoides.<\/p>","protected":false},"excerpt":{"rendered":"<p>GONADOTROPINA \/ HCG 5000 Inje\u00e7\u00e3o \u00e9 utilizada no tratamento da infertilidade em mulheres. Tamb\u00e9m \u00e9 \u00fatil no tratamento do hipogonadismo<\/p>\n","protected":false},"featured_media":10563,"comment_status":"open","ping_status":"closed","template":"","meta":[],"product_brand":[3531],"product_cat":[76],"product_tag":[],"class_list":{"0":"post-9619","1":"product","2":"type-product","3":"status-publish","4":"has-post-thumbnail","6":"product_brand-adam-pharm","7":"product_cat-hgh_peptido","9":"first","10":"instock","11":"sale","12":"shipping-taxable","13":"purchasable","14":"product-type-simple"},"yoast_head":"<!-- This site is optimized with the Yoast SEO Premium plugin v24.4 (Yoast SEO v27.3) - https:\/\/yoast.com\/product\/yoast-seo-premium-wordpress\/ -->\n<title>GONADOTROPIN \/ HCG 5000 - Ester\u00f3ides Online<\/title>\n<meta name=\"description\" content=\"GONADOTROPIN \/ HCG 5000 Injection is used in the treatment of infertility in women. It is also helpful in the treatment of male hypogonadism\" \/>\n<meta name=\"robots\" content=\"index, follow, max-snippet:-1, max-image-preview:large, max-video-preview:-1\" \/>\n<link rel=\"canonical\" href=\"https:\/\/iberoid.com\/pt\/product\/gonadotropin-hcg-5000\/\" \/>\n<meta property=\"og:locale\" content=\"pt_PT\" \/>\n<meta property=\"og:type\" content=\"article\" \/>\n<meta property=\"og:title\" content=\"GONADOTROPIN \/ HCG 5000\" \/>\n<meta property=\"og:description\" content=\"GONADOTROPIN \/ HCG 5000 Injection is used in the treatment of infertility in women. It is also helpful in the treatment of male hypogonadism\" \/>\n<meta property=\"og:url\" content=\"https:\/\/iberoid.com\/pt\/product\/gonadotropin-hcg-5000\/\" \/>\n<meta property=\"og:site_name\" content=\"Ester\u00f3ides Online\" \/>\n<meta property=\"article:modified_time\" content=\"2026-04-18T23:16:21+00:00\" \/>\n<meta property=\"og:image\" content=\"https:\/\/iberoid.com\/wp-content\/uploads\/2024\/08\/hcg1.jpeg?v=1770549099\" \/>\n\t<meta property=\"og:image:width\" content=\"1131\" \/>\n\t<meta property=\"og:image:height\" content=\"1600\" \/>\n\t<meta property=\"og:image:type\" content=\"image\/jpeg\" \/>\n<meta name=\"twitter:card\" content=\"summary_large_image\" \/>\n<meta name=\"twitter:label1\" content=\"pre\u00e7o\" \/>\n\t<meta name=\"twitter:data1\" content=\"&euro;25.00\" \/>\n\t<meta name=\"twitter:label2\" content=\"Disponibilidade\" \/>\n\t<meta name=\"twitter:data2\" content=\"Em stock\" \/>\n<script type=\"application\/ld+json\" class=\"yoast-schema-graph\">{\"@context\":\"https:\\\/\\\/schema.org\",\"@graph\":[{\"@type\":\"WebPage\",\"@id\":\"https:\\\/\\\/iberoid.com\\\/pt\\\/product\\\/gonadotropin-hcg-5000\\\/\",\"url\":\"https:\\\/\\\/iberoid.com\\\/pt\\\/product\\\/gonadotropin-hcg-5000\\\/\",\"name\":\"GONADOTROPIN \\\/ HCG 5000 - Ester\u00f3ides Online\",\"isPartOf\":{\"@id\":\"https:\\\/\\\/iberoid.com\\\/pt\\\/#website\"},\"primaryImageOfPage\":{\"@id\":\"https:\\\/\\\/iberoid.com\\\/pt\\\/product\\\/gonadotropin-hcg-5000\\\/#primaryimage\"},\"image\":{\"@id\":\"https:\\\/\\\/iberoid.com\\\/pt\\\/product\\\/gonadotropin-hcg-5000\\\/#primaryimage\"},\"thumbnailUrl\":\"https:\\\/\\\/iberoid.com\\\/wp-content\\\/uploads\\\/2024\\\/08\\\/hcg1.jpeg?v=1770549099\",\"datePublished\":\"2024-08-06T19:48:03+00:00\",\"dateModified\":\"2026-04-18T23:16:21+00:00\",\"description\":\"GONADOTROPIN \\\/ HCG 5000 Injection is used in the treatment of infertility in women. It is also helpful in the treatment of male hypogonadism\",\"breadcrumb\":{\"@id\":\"https:\\\/\\\/iberoid.com\\\/pt\\\/product\\\/gonadotropin-hcg-5000\\\/#breadcrumb\"},\"inLanguage\":\"pt-PT\",\"potentialAction\":[{\"@type\":\"ReadAction\",\"target\":[[\"https:\\\/\\\/iberoid.com\\\/pt\\\/product\\\/gonadotropin-hcg-5000\\\/\"]]}]},{\"@type\":\"ImageObject\",\"inLanguage\":\"pt-PT\",\"@id\":\"https:\\\/\\\/iberoid.com\\\/pt\\\/product\\\/gonadotropin-hcg-5000\\\/#primaryimage\",\"url\":\"https:\\\/\\\/iberoid.com\\\/wp-content\\\/uploads\\\/2024\\\/08\\\/hcg1.jpeg?v=1770549099\",\"contentUrl\":\"https:\\\/\\\/iberoid.com\\\/wp-content\\\/uploads\\\/2024\\\/08\\\/hcg1.jpeg?v=1770549099\",\"width\":1131,\"height\":1600},{\"@type\":\"BreadcrumbList\",\"@id\":\"https:\\\/\\\/iberoid.com\\\/pt\\\/product\\\/gonadotropin-hcg-5000\\\/#breadcrumb\",\"itemListElement\":[{\"@type\":\"ListItem\",\"position\":1,\"name\":\"Portada\",\"item\":\"https:\\\/\\\/iberoid.com\\\/pt\\\/\"},{\"@type\":\"ListItem\",\"position\":2,\"name\":\"Loja\",\"item\":\"https:\\\/\\\/iberoid.com\\\/pt\\\/shop\\\/\"},{\"@type\":\"ListItem\",\"position\":3,\"name\":\"GONADOTROPIN \\\/ HCG 5000\"}]},{\"@type\":\"WebSite\",\"@id\":\"https:\\\/\\\/iberoid.com\\\/pt\\\/#website\",\"url\":\"https:\\\/\\\/iberoid.com\\\/pt\\\/\",\"name\":\"Ester\u00f3ides Online\",\"description\":\"Compre ester\u00f3ides online hoje em Espanha e Portugal. Temos o melhor servi\u00e7o ao cliente do setor e produtos da mais alta qualidade\",\"potentialAction\":[{\"@type\":\"SearchAction\",\"target\":{\"@type\":\"EntryPoint\",\"urlTemplate\":\"https:\\\/\\\/iberoid.com\\\/pt\\\/?s={search_term_string}\"},\"query-input\":{\"@type\":\"PropertyValueSpecification\",\"valueRequired\":true,\"valueName\":\"search_term_string\"}}],\"inLanguage\":\"pt-PT\"}]}<\/script>\n<meta property=\"product:brand\" content=\"AdamLabs\" \/>\n<meta property=\"product:price:amount\" content=\"25.00\" \/>\n<meta property=\"product:price:currency\" content=\"EUR\" \/>\n<meta property=\"og:availability\" content=\"instock\" \/>\n<meta property=\"product:availability\" content=\"instock\" \/>\n<meta property=\"product:condition\" content=\"new\" \/>\n<!-- \/ Yoast SEO Premium plugin. -->","yoast_head_json":{"title":"GONADOTROPIN \/ HCG 5000 - Ester\u00f3ides Online","description":"GONADOTROPIN \/ HCG 5000 Injection is used in the treatment of infertility in women. It is also helpful in the treatment of male hypogonadism","robots":{"index":"index","follow":"follow","max-snippet":"max-snippet:-1","max-image-preview":"max-image-preview:large","max-video-preview":"max-video-preview:-1"},"canonical":"https:\/\/iberoid.com\/pt\/product\/gonadotropin-hcg-5000\/","og_locale":"pt_PT","og_type":"article","og_title":"GONADOTROPIN \/ HCG 5000","og_description":"GONADOTROPIN \/ HCG 5000 Injection is used in the treatment of infertility in women. It is also helpful in the treatment of male hypogonadism","og_url":"https:\/\/iberoid.com\/pt\/product\/gonadotropin-hcg-5000\/","og_site_name":"Ester\u00f3ides Online","article_modified_time":"2026-04-18T23:16:21+00:00","og_image":[{"width":1131,"height":1600,"url":"https:\/\/iberoid.com\/wp-content\/uploads\/2024\/08\/hcg1.jpeg?v=1770549099","type":"image\/jpeg"}],"twitter_card":"summary_large_image","twitter_misc":{"pre\u00e7o":"&euro;25.00","Disponibilidade":"Em stock"},"schema":{"@context":"https:\/\/schema.org","@graph":[{"@type":"WebPage","@id":"https:\/\/iberoid.com\/pt\/product\/gonadotropin-hcg-5000\/","url":"https:\/\/iberoid.com\/pt\/product\/gonadotropin-hcg-5000\/","name":"GONADOTROPIN \/ HCG 5000 - Ester\u00f3ides Online","isPartOf":{"@id":"https:\/\/iberoid.com\/pt\/#website"},"primaryImageOfPage":{"@id":"https:\/\/iberoid.com\/pt\/product\/gonadotropin-hcg-5000\/#primaryimage"},"image":{"@id":"https:\/\/iberoid.com\/pt\/product\/gonadotropin-hcg-5000\/#primaryimage"},"thumbnailUrl":"https:\/\/iberoid.com\/wp-content\/uploads\/2024\/08\/hcg1.jpeg?v=1770549099","datePublished":"2024-08-06T19:48:03+00:00","dateModified":"2026-04-18T23:16:21+00:00","description":"GONADOTROPIN \/ HCG 5000 Injection is used in the treatment of infertility in women. It is also helpful in the treatment of male hypogonadism","breadcrumb":{"@id":"https:\/\/iberoid.com\/pt\/product\/gonadotropin-hcg-5000\/#breadcrumb"},"inLanguage":"pt-PT","potentialAction":[{"@type":"ReadAction","target":[["https:\/\/iberoid.com\/pt\/product\/gonadotropin-hcg-5000\/"]]}]},{"@type":"ImageObject","inLanguage":"pt-PT","@id":"https:\/\/iberoid.com\/pt\/product\/gonadotropin-hcg-5000\/#primaryimage","url":"https:\/\/iberoid.com\/wp-content\/uploads\/2024\/08\/hcg1.jpeg?v=1770549099","contentUrl":"https:\/\/iberoid.com\/wp-content\/uploads\/2024\/08\/hcg1.jpeg?v=1770549099","width":1131,"height":1600},{"@type":"BreadcrumbList","@id":"https:\/\/iberoid.com\/pt\/product\/gonadotropin-hcg-5000\/#breadcrumb","itemListElement":[{"@type":"ListItem","position":1,"name":"Portada","item":"https:\/\/iberoid.com\/pt\/"},{"@type":"ListItem","position":2,"name":"Loja","item":"https:\/\/iberoid.com\/pt\/shop\/"},{"@type":"ListItem","position":3,"name":"GONADOTROPIN \/ HCG 5000"}]},{"@type":"WebSite","@id":"https:\/\/iberoid.com\/pt\/#website","url":"https:\/\/iberoid.com\/pt\/","name":"Ester\u00f3ides Online","description":"Compre ester\u00f3ides online hoje em Espanha e Portugal. Temos o melhor servi\u00e7o ao cliente do setor e produtos da mais alta qualidade","potentialAction":[{"@type":"SearchAction","target":{"@type":"EntryPoint","urlTemplate":"https:\/\/iberoid.com\/pt\/?s={search_term_string}"},"query-input":{"@type":"PropertyValueSpecification","valueRequired":true,"valueName":"search_term_string"}}],"inLanguage":"pt-PT"}]},"product_brand":"AdamLabs","product_price_amount":"25.00","product_price_currency":"EUR","og_availability":"instock","product_availability":"instock","product_condition":"new"},"_links":{"self":[{"href":"https:\/\/iberoid.com\/pt\/wp-json\/wp\/v2\/product\/9619","targetHints":{"allow":["GET"]}}],"collection":[{"href":"https:\/\/iberoid.com\/pt\/wp-json\/wp\/v2\/product"}],"about":[{"href":"https:\/\/iberoid.com\/pt\/wp-json\/wp\/v2\/types\/product"}],"replies":[{"embeddable":true,"href":"https:\/\/iberoid.com\/pt\/wp-json\/wp\/v2\/comments?post=9619"}],"wp:featuredmedia":[{"embeddable":true,"href":"https:\/\/iberoid.com\/pt\/wp-json\/wp\/v2\/media\/10563"}],"wp:attachment":[{"href":"https:\/\/iberoid.com\/pt\/wp-json\/wp\/v2\/media?parent=9619"}],"wp:term":[{"taxonomy":"product_brand","embeddable":true,"href":"https:\/\/iberoid.com\/pt\/wp-json\/wp\/v2\/product_brand?post=9619"},{"taxonomy":"product_cat","embeddable":true,"href":"https:\/\/iberoid.com\/pt\/wp-json\/wp\/v2\/product_cat?post=9619"},{"taxonomy":"product_tag","embeddable":true,"href":"https:\/\/iberoid.com\/pt\/wp-json\/wp\/v2\/product_tag?post=9619"}],"curies":[{"name":"wp","href":"https:\/\/api.w.org\/{rel}","templated":true}]}}