{"id":9650,"date":"2024-09-15T12:24:00","date_gmt":"2024-09-15T12:24:00","guid":{"rendered":"https:\/\/iberoid.com\/?post_type=product&#038;p=9650"},"modified":"2026-02-13T16:05:15","modified_gmt":"2026-02-13T16:05:15","slug":"primobolan-100mg-imperia-labs","status":"publish","type":"product","link":"https:\/\/iberoid.com\/pt\/product\/primobolan-100mg-imperia-labs\/","title":{"rendered":"Primobolan 100mg"},"content":{"rendered":"<p>Primobolan 100 \u00e9 uma droga com atividade androg\u00e9nica e anab\u00f3lica conhecida por muitos atletas como Primobolan. A principal subst\u00e2ncia ativa \u00e9 o Enantato de Metenolona, \u200b\u200bque \u00e9 a forma injet\u00e1vel do Primobolan. De acordo com a sua estrutura qu\u00edmica, o medicamento \u00e9 um derivado da dihidrotestosterona. Penetrando no organismo, os componentes ativos do Enantato de Metenolona acumulam-se na camada de gordura, ap\u00f3s o que entram gradualmente na corrente sangu\u00ednea.<\/p>\n<p>A\u00e7\u00e3o do Primobolan<\/p>\n<p>Os atletas experientes preferem a forma injet\u00e1vel do\u00a0ester\u00f3ide. Na sua opini\u00e3o, as inje\u00e7\u00f5es s\u00e3o mais eficazes e t\u00eam efeitos ligeiramente menos negativos para a sa\u00fade. Do grande n\u00famero de efeitos ben\u00e9ficos, os atletas escolhem o medicamento porque, com a sua ajuda, \u00e9 poss\u00edvel conseguir:<\/p>\n<p>Crescimento muscular acelerado;<br \/>\nAumento dos indicadores de for\u00e7a;<br \/>\nLivrar-se dos dep\u00f3sitos de gordura;<br \/>\nMelhorando a qualidade dos m\u00fasculos, aumentando a sua defini\u00e7\u00e3o e tra\u00e7ado.<\/p>\n<p>Basicamente, este f\u00e1rmaco tem sido amplamente utilizado em ciclos destinados a melhorar a qualidade dos m\u00fasculos. Ao mesmo tempo, ap\u00f3s o t\u00e9rmino da ingest\u00e3o, o efeito de revers\u00e3o \u00e9 m\u00ednimo.<\/p>\n<p>Recomenda\u00e7\u00f5es de utiliza\u00e7\u00e3o de Primobolan<\/p>\n<p>Basicamente, este ester\u00f3ide \u00e9 utilizado pelos atletas nos casos em que \u00e9 necess\u00e1rio melhorar a qualidade da musculatura, bem como dar-lhe tra\u00e7ado e vasculariza\u00e7\u00e3o. Muitos especialistas recomendam fazer todo o conjunto de exames necess\u00e1rios e consultar um m\u00e9dico antes de tomar o medicamento, o que permitir\u00e1 manter sob controlo os principais indicadores fisiol\u00f3gicos. A administra\u00e7\u00e3o individual do medicamento n\u00e3o pode durar mais de 8 semanas, enquanto a posologia semanal n\u00e3o deve exceder os 400 mg.A PCT\u00a0deve ser realizada 3 semanas ap\u00f3s a \u00faltima inje\u00e7\u00e3o. Primobolan pode ser tomado com outros ester\u00f3ides. Por exemplo, para ganhar massa muscular, pode tomar o medicamento juntamente com Nandrolona, \u200b\u200b\u200b\u200bMetandrostenolona, \u200b\u200b\u200b\u200bv\u00e1rias\u00a0testosteronas,\u00a0Sustanon\u00a0e\u00a0Oximetolona. Quando tomado corretamente, um ciclo combinado permite obter excelentes resultados com efeitos secund\u00e1rios m\u00ednimos. Os especialistas n\u00e3o recomendam a toma de um ester\u00f3ide em associa\u00e7\u00e3o com mais de dois medicamentos ester\u00f3ides. Para uma maior efic\u00e1cia do ciclo combinado, recomenda-se a utiliza\u00e7\u00e3o de metade das dosagens. \u00c9 extremamente contra-indicado que as mulheres fa\u00e7am um ciclo combinado de ester\u00f3ides.<\/p>","protected":false},"excerpt":{"rendered":"<p>Primobolan 100 \u00e9 uma droga com atividade androg\u00e9nica e anab\u00f3lica conhecida por muitos atletas como Primobolan. A principal subst\u00e2ncia ativa<\/p>\n","protected":false},"featured_media":9651,"comment_status":"open","ping_status":"closed","template":"","meta":[],"product_brand":[3532],"product_cat":[69],"product_tag":[],"class_list":{"0":"post-9650","1":"product","2":"type-product","3":"status-publish","4":"has-post-thumbnail","6":"product_brand-imperia-labs","7":"product_cat-esteroides_inyectables","9":"first","10":"instock","11":"sale","12":"shipping-taxable","13":"purchasable","14":"product-type-simple"},"yoast_head":"<!-- This site is optimized with the Yoast SEO Premium plugin v24.4 (Yoast SEO v27.3) - https:\/\/yoast.com\/product\/yoast-seo-premium-wordpress\/ -->\n<title>Primobolan 100mg - Ester\u00f3ides Online<\/title>\n<meta name=\"description\" content=\"Primobolan 100 (Metenolona Enantato) \u00e9 um ester\u00f3ide anabolizante inject\u00e1vel utilizado por atletas para o crescimento muscular, ganho de for\u00e7a, perda de gordura e melhor defini\u00e7\u00e3o muscular\" \/>\n<meta name=\"robots\" content=\"index, follow, max-snippet:-1, max-image-preview:large, max-video-preview:-1\" \/>\n<link rel=\"canonical\" href=\"https:\/\/iberoid.com\/pt\/product\/primobolan-100mg-imperia-labs\/\" \/>\n<meta property=\"og:locale\" content=\"pt_PT\" \/>\n<meta property=\"og:type\" content=\"article\" \/>\n<meta property=\"og:title\" content=\"Primobolan 100mg\" \/>\n<meta property=\"og:description\" content=\"Primobolan 100 (Metenolona Enantato) \u00e9 um ester\u00f3ide anabolizante inject\u00e1vel utilizado por atletas para o crescimento muscular, ganho de for\u00e7a, perda de gordura e melhor defini\u00e7\u00e3o muscular\" \/>\n<meta property=\"og:url\" content=\"https:\/\/iberoid.com\/pt\/product\/primobolan-100mg-imperia-labs\/\" \/>\n<meta property=\"og:site_name\" content=\"Ester\u00f3ides Online\" \/>\n<meta property=\"article:modified_time\" content=\"2026-02-13T16:05:15+00:00\" \/>\n<meta property=\"og:image\" content=\"https:\/\/iberoid.com\/wp-content\/uploads\/2024\/09\/Imperia-Labs-Primobolan-100-1.jpg?v=1726403007\" \/>\n\t<meta property=\"og:image:width\" content=\"2560\" \/>\n\t<meta property=\"og:image:height\" content=\"1707\" \/>\n\t<meta property=\"og:image:type\" content=\"image\/jpeg\" \/>\n<meta name=\"twitter:card\" content=\"summary_large_image\" \/>\n<meta name=\"twitter:label1\" content=\"pre\u00e7o\" \/>\n\t<meta name=\"twitter:data1\" content=\"&euro;75.00\" \/>\n\t<meta name=\"twitter:label2\" content=\"Disponibilidade\" \/>\n\t<meta name=\"twitter:data2\" content=\"Em stock\" \/>\n<script type=\"application\/ld+json\" class=\"yoast-schema-graph\">{\"@context\":\"https:\\\/\\\/schema.org\",\"@graph\":[{\"@type\":\"WebPage\",\"@id\":\"https:\\\/\\\/iberoid.com\\\/pt\\\/product\\\/primobolan-100mg-imperia-labs\\\/\",\"url\":\"https:\\\/\\\/iberoid.com\\\/pt\\\/product\\\/primobolan-100mg-imperia-labs\\\/\",\"name\":\"Primobolan 100mg - Ester\u00f3ides Online\",\"isPartOf\":{\"@id\":\"https:\\\/\\\/iberoid.com\\\/pt\\\/#website\"},\"primaryImageOfPage\":{\"@id\":\"https:\\\/\\\/iberoid.com\\\/pt\\\/product\\\/primobolan-100mg-imperia-labs\\\/#primaryimage\"},\"image\":{\"@id\":\"https:\\\/\\\/iberoid.com\\\/pt\\\/product\\\/primobolan-100mg-imperia-labs\\\/#primaryimage\"},\"thumbnailUrl\":\"https:\\\/\\\/iberoid.com\\\/wp-content\\\/uploads\\\/2024\\\/09\\\/Imperia-Labs-Primobolan-100-1.jpg?v=1726403007\",\"datePublished\":\"2024-09-15T12:24:00+00:00\",\"dateModified\":\"2026-02-13T16:05:15+00:00\",\"description\":\"Primobolan 100 (Metenolona Enantato) \u00e9 um ester\u00f3ide anabolizante inject\u00e1vel utilizado por atletas para o crescimento muscular, ganho de for\u00e7a, perda de gordura e melhor defini\u00e7\u00e3o muscular\",\"breadcrumb\":{\"@id\":\"https:\\\/\\\/iberoid.com\\\/pt\\\/product\\\/primobolan-100mg-imperia-labs\\\/#breadcrumb\"},\"inLanguage\":\"pt-PT\",\"potentialAction\":[{\"@type\":\"ReadAction\",\"target\":[[\"https:\\\/\\\/iberoid.com\\\/pt\\\/product\\\/primobolan-100mg-imperia-labs\\\/\"]]}]},{\"@type\":\"ImageObject\",\"inLanguage\":\"pt-PT\",\"@id\":\"https:\\\/\\\/iberoid.com\\\/pt\\\/product\\\/primobolan-100mg-imperia-labs\\\/#primaryimage\",\"url\":\"https:\\\/\\\/iberoid.com\\\/wp-content\\\/uploads\\\/2024\\\/09\\\/Imperia-Labs-Primobolan-100-1.jpg?v=1726403007\",\"contentUrl\":\"https:\\\/\\\/iberoid.com\\\/wp-content\\\/uploads\\\/2024\\\/09\\\/Imperia-Labs-Primobolan-100-1.jpg?v=1726403007\",\"width\":2560,\"height\":1707},{\"@type\":\"BreadcrumbList\",\"@id\":\"https:\\\/\\\/iberoid.com\\\/pt\\\/product\\\/primobolan-100mg-imperia-labs\\\/#breadcrumb\",\"itemListElement\":[{\"@type\":\"ListItem\",\"position\":1,\"name\":\"Portada\",\"item\":\"https:\\\/\\\/iberoid.com\\\/pt\\\/\"},{\"@type\":\"ListItem\",\"position\":2,\"name\":\"Loja\",\"item\":\"https:\\\/\\\/iberoid.com\\\/pt\\\/shop\\\/\"},{\"@type\":\"ListItem\",\"position\":3,\"name\":\"Primobolan 100mg\"}]},{\"@type\":\"WebSite\",\"@id\":\"https:\\\/\\\/iberoid.com\\\/pt\\\/#website\",\"url\":\"https:\\\/\\\/iberoid.com\\\/pt\\\/\",\"name\":\"Ester\u00f3ides Online\",\"description\":\"Compre ester\u00f3ides online hoje em Espanha e Portugal. Temos o melhor servi\u00e7o ao cliente do setor e produtos da mais alta qualidade\",\"potentialAction\":[{\"@type\":\"SearchAction\",\"target\":{\"@type\":\"EntryPoint\",\"urlTemplate\":\"https:\\\/\\\/iberoid.com\\\/pt\\\/?s={search_term_string}\"},\"query-input\":{\"@type\":\"PropertyValueSpecification\",\"valueRequired\":true,\"valueName\":\"search_term_string\"}}],\"inLanguage\":\"pt-PT\"}]}<\/script>\n<meta property=\"product:brand\" content=\"IMPERIA LABS\" \/>\n<meta property=\"product:price:amount\" content=\"75.00\" \/>\n<meta property=\"product:price:currency\" content=\"EUR\" \/>\n<meta property=\"og:availability\" content=\"instock\" \/>\n<meta property=\"product:availability\" content=\"instock\" \/>\n<meta property=\"product:condition\" content=\"new\" \/>\n<!-- \/ Yoast SEO Premium plugin. -->","yoast_head_json":{"title":"Primobolan 100mg - Ester\u00f3ides Online","description":"Primobolan 100 (Metenolona Enantato) \u00e9 um ester\u00f3ide anabolizante inject\u00e1vel utilizado por atletas para o crescimento muscular, ganho de for\u00e7a, perda de gordura e melhor defini\u00e7\u00e3o muscular","robots":{"index":"index","follow":"follow","max-snippet":"max-snippet:-1","max-image-preview":"max-image-preview:large","max-video-preview":"max-video-preview:-1"},"canonical":"https:\/\/iberoid.com\/pt\/product\/primobolan-100mg-imperia-labs\/","og_locale":"pt_PT","og_type":"article","og_title":"Primobolan 100mg","og_description":"Primobolan 100 (Metenolona Enantato) \u00e9 um ester\u00f3ide anabolizante inject\u00e1vel utilizado por atletas para o crescimento muscular, ganho de for\u00e7a, perda de gordura e melhor defini\u00e7\u00e3o muscular","og_url":"https:\/\/iberoid.com\/pt\/product\/primobolan-100mg-imperia-labs\/","og_site_name":"Ester\u00f3ides Online","article_modified_time":"2026-02-13T16:05:15+00:00","og_image":[{"width":2560,"height":1707,"url":"https:\/\/iberoid.com\/wp-content\/uploads\/2024\/09\/Imperia-Labs-Primobolan-100-1.jpg?v=1726403007","type":"image\/jpeg"}],"twitter_card":"summary_large_image","twitter_misc":{"pre\u00e7o":"&euro;75.00","Disponibilidade":"Em stock"},"schema":{"@context":"https:\/\/schema.org","@graph":[{"@type":"WebPage","@id":"https:\/\/iberoid.com\/pt\/product\/primobolan-100mg-imperia-labs\/","url":"https:\/\/iberoid.com\/pt\/product\/primobolan-100mg-imperia-labs\/","name":"Primobolan 100mg - Ester\u00f3ides Online","isPartOf":{"@id":"https:\/\/iberoid.com\/pt\/#website"},"primaryImageOfPage":{"@id":"https:\/\/iberoid.com\/pt\/product\/primobolan-100mg-imperia-labs\/#primaryimage"},"image":{"@id":"https:\/\/iberoid.com\/pt\/product\/primobolan-100mg-imperia-labs\/#primaryimage"},"thumbnailUrl":"https:\/\/iberoid.com\/wp-content\/uploads\/2024\/09\/Imperia-Labs-Primobolan-100-1.jpg?v=1726403007","datePublished":"2024-09-15T12:24:00+00:00","dateModified":"2026-02-13T16:05:15+00:00","description":"Primobolan 100 (Metenolona Enantato) \u00e9 um ester\u00f3ide anabolizante inject\u00e1vel utilizado por atletas para o crescimento muscular, ganho de for\u00e7a, perda de gordura e melhor defini\u00e7\u00e3o muscular","breadcrumb":{"@id":"https:\/\/iberoid.com\/pt\/product\/primobolan-100mg-imperia-labs\/#breadcrumb"},"inLanguage":"pt-PT","potentialAction":[{"@type":"ReadAction","target":[["https:\/\/iberoid.com\/pt\/product\/primobolan-100mg-imperia-labs\/"]]}]},{"@type":"ImageObject","inLanguage":"pt-PT","@id":"https:\/\/iberoid.com\/pt\/product\/primobolan-100mg-imperia-labs\/#primaryimage","url":"https:\/\/iberoid.com\/wp-content\/uploads\/2024\/09\/Imperia-Labs-Primobolan-100-1.jpg?v=1726403007","contentUrl":"https:\/\/iberoid.com\/wp-content\/uploads\/2024\/09\/Imperia-Labs-Primobolan-100-1.jpg?v=1726403007","width":2560,"height":1707},{"@type":"BreadcrumbList","@id":"https:\/\/iberoid.com\/pt\/product\/primobolan-100mg-imperia-labs\/#breadcrumb","itemListElement":[{"@type":"ListItem","position":1,"name":"Portada","item":"https:\/\/iberoid.com\/pt\/"},{"@type":"ListItem","position":2,"name":"Loja","item":"https:\/\/iberoid.com\/pt\/shop\/"},{"@type":"ListItem","position":3,"name":"Primobolan 100mg"}]},{"@type":"WebSite","@id":"https:\/\/iberoid.com\/pt\/#website","url":"https:\/\/iberoid.com\/pt\/","name":"Ester\u00f3ides Online","description":"Compre ester\u00f3ides online hoje em Espanha e Portugal. Temos o melhor servi\u00e7o ao cliente do setor e produtos da mais alta qualidade","potentialAction":[{"@type":"SearchAction","target":{"@type":"EntryPoint","urlTemplate":"https:\/\/iberoid.com\/pt\/?s={search_term_string}"},"query-input":{"@type":"PropertyValueSpecification","valueRequired":true,"valueName":"search_term_string"}}],"inLanguage":"pt-PT"}]},"product_brand":"IMPERIA LABS","product_price_amount":"75.00","product_price_currency":"EUR","og_availability":"instock","product_availability":"instock","product_condition":"new"},"_links":{"self":[{"href":"https:\/\/iberoid.com\/pt\/wp-json\/wp\/v2\/product\/9650","targetHints":{"allow":["GET"]}}],"collection":[{"href":"https:\/\/iberoid.com\/pt\/wp-json\/wp\/v2\/product"}],"about":[{"href":"https:\/\/iberoid.com\/pt\/wp-json\/wp\/v2\/types\/product"}],"replies":[{"embeddable":true,"href":"https:\/\/iberoid.com\/pt\/wp-json\/wp\/v2\/comments?post=9650"}],"wp:featuredmedia":[{"embeddable":true,"href":"https:\/\/iberoid.com\/pt\/wp-json\/wp\/v2\/media\/9651"}],"wp:attachment":[{"href":"https:\/\/iberoid.com\/pt\/wp-json\/wp\/v2\/media?parent=9650"}],"wp:term":[{"taxonomy":"product_brand","embeddable":true,"href":"https:\/\/iberoid.com\/pt\/wp-json\/wp\/v2\/product_brand?post=9650"},{"taxonomy":"product_cat","embeddable":true,"href":"https:\/\/iberoid.com\/pt\/wp-json\/wp\/v2\/product_cat?post=9650"},{"taxonomy":"product_tag","embeddable":true,"href":"https:\/\/iberoid.com\/pt\/wp-json\/wp\/v2\/product_tag?post=9650"}],"curies":[{"name":"wp","href":"https:\/\/api.w.org\/{rel}","templated":true}]}}