{"id":9656,"date":"2024-09-15T12:45:14","date_gmt":"2024-09-15T12:45:14","guid":{"rendered":"https:\/\/iberoid.com\/?post_type=product&#038;p=9656"},"modified":"2025-01-26T14:03:48","modified_gmt":"2025-01-26T14:03:48","slug":"testosteronecypionate250mg-imperia-labs","status":"publish","type":"product","link":"https:\/\/iberoid.com\/pt\/product\/testosteronecypionate250mg-imperia-labs\/","title":{"rendered":"TESTOSTERONE CYPIONATE 250mg"},"content":{"rendered":"<p>CIPIONATO DE TESTOSTERONA 250 mg \u00e9 um produto inject\u00e1vel frequentemente utilizado por culturistas num ciclo de ester\u00f3ides. A subst\u00e2ncia ativa deste medicamento \u00e9 o Cipionato de Testosterona.<\/p>\n<p>Caracter\u00edsticas do Cipionato de Testosterona:<br \/>\nAumenta a s\u00edntese proteica no organismo;<br \/>\nAumenta a capacidade de recupera\u00e7\u00e3o ap\u00f3s o treino (o utilizador recupera muito mais rapidamente);<br \/>\nAjuda a restaurar as dores nas articula\u00e7\u00f5es;<br \/>\nAumenta a capacidade de oxig\u00e9nio no sangue.<br \/>\nEfeitos positivos:<br \/>\nCrescimento muscular eficaz (podem ser adicionados 6 a 10 kg de m\u00fasculo em 6 semanas);<br \/>\nImpacto m\u00ednimo no processo de queima de gordura corporal;<br \/>\nCrescimento efetivo dos indicadores de for\u00e7a;<br \/>\nAumento da libido (aumento da ere\u00e7\u00e3o e do desejo sexual).<br \/>\nDosagem e dura\u00e7\u00e3o do ciclo<\/p>\n<p>As dosagens para os homens n\u00e3o ultrapassam os 500 mg por semana, que se divide em duas doses iguais em dias diferentes, por exemplo, segunda e quinta-feira, 250 mg cada.Um ciclo de Cipionato de Testosterona dura geralmente 5 a 6 semanas.<\/p>\n<p>Compatibilidade com outros ester\u00f3ides<\/p>\n<p>O Cypionate 250 pode ser tomado com\u00a0nandrolona,\u00a0testosterona\u00a0ou outros\u00a0ester\u00f3ides inject\u00e1veis, que s\u00e3o decentemente inundados com \u00e1gua, mas tamb\u00e9m aumentam a massa. Isto \u00e9 necess\u00e1rio para obter uma melhor massa muscular, mas depois disso, o\u00a0PCT\u00a0\u00e9 necess\u00e1rio.No processo de secagem, \u00e9 habitualmente utilizado juntamente com Stanozolol injet\u00e1vel, para n\u00e3o sobrecarregar o f\u00edgado. Se houver uma combina\u00e7\u00e3o de medicamentos, ent\u00e3o, naturalmente, a dosagem do Cypionate 250 ser\u00e1 reduzida.<\/p>","protected":false},"excerpt":{"rendered":"<p>CIPIONATO DE TESTOSTERONA 250 mg \u00e9 um produto inject\u00e1vel frequentemente utilizado por culturistas num ciclo de ester\u00f3ides. A subst\u00e2ncia ativa<\/p>\n","protected":false},"featured_media":9657,"comment_status":"open","ping_status":"closed","template":"","meta":[],"product_brand":[],"product_cat":[69],"product_tag":[],"class_list":{"0":"post-9656","1":"product","2":"type-product","3":"status-publish","4":"has-post-thumbnail","6":"product_cat-esteroides_inyectables","8":"first","9":"outofstock","10":"sale","11":"shipping-taxable","12":"purchasable","13":"product-type-simple"},"yoast_head":"<!-- This site is optimized with the Yoast SEO Premium plugin v24.4 (Yoast SEO v27.0) - https:\/\/yoast.com\/product\/yoast-seo-premium-wordpress\/ -->\n<title>TESTOSTERONE CYPIONATE 250mg - Ester\u00f3ides Online<\/title>\n<meta name=\"robots\" content=\"index, follow, max-snippet:-1, max-image-preview:large, max-video-preview:-1\" \/>\n<link rel=\"canonical\" href=\"https:\/\/iberoid.com\/pt\/product\/testosteronecypionate250mg-imperia-labs\/\" \/>\n<meta property=\"og:locale\" content=\"pt_PT\" \/>\n<meta property=\"og:type\" content=\"article\" \/>\n<meta property=\"og:title\" content=\"TESTOSTERONE CYPIONATE 250mg\" \/>\n<meta property=\"og:description\" content=\"CIPIONATO DE TESTOSTERONA 250 mg \u00e9 um produto inject\u00e1vel frequentemente utilizado por culturistas num ciclo de ester\u00f3ides. A subst\u00e2ncia ativa\" \/>\n<meta property=\"og:url\" content=\"https:\/\/iberoid.com\/pt\/product\/testosteronecypionate250mg-imperia-labs\/\" \/>\n<meta property=\"og:site_name\" content=\"Ester\u00f3ides Online\" \/>\n<meta property=\"article:modified_time\" content=\"2025-01-26T14:03:48+00:00\" \/>\n<meta property=\"og:image\" content=\"https:\/\/iberoid.com\/wp-content\/uploads\/2024\/09\/CYPIONATE-scaled.jpg?v=1726404301\" \/>\n\t<meta property=\"og:image:width\" content=\"1920\" \/>\n\t<meta property=\"og:image:height\" content=\"2560\" \/>\n\t<meta property=\"og:image:type\" content=\"image\/jpeg\" \/>\n<meta name=\"twitter:card\" content=\"summary_large_image\" \/>\n<meta name=\"twitter:label1\" content=\"pre\u00e7o\" \/>\n\t<meta name=\"twitter:data1\" content=\"&euro;55.00\" \/>\n\t<meta name=\"twitter:label2\" content=\"Disponibilidade\" \/>\n\t<meta name=\"twitter:data2\" content=\"Esgotado\" \/>\n<script type=\"application\/ld+json\" class=\"yoast-schema-graph\">{\"@context\":\"https:\/\/schema.org\",\"@graph\":[{\"@type\":\"WebPage\",\"@id\":\"https:\/\/iberoid.com\/pt\/product\/testosteronecypionate250mg-imperia-labs\/\",\"url\":\"https:\/\/iberoid.com\/pt\/product\/testosteronecypionate250mg-imperia-labs\/\",\"name\":\"TESTOSTERONE CYPIONATE 250mg - Ester\u00f3ides Online\",\"isPartOf\":{\"@id\":\"https:\/\/iberoid-shop.com\/#website\"},\"primaryImageOfPage\":{\"@id\":\"https:\/\/iberoid.com\/pt\/product\/testosteronecypionate250mg-imperia-labs\/#primaryimage\"},\"image\":{\"@id\":\"https:\/\/iberoid.com\/pt\/product\/testosteronecypionate250mg-imperia-labs\/#primaryimage\"},\"thumbnailUrl\":\"https:\/\/iberoid.com\/wp-content\/uploads\/2024\/09\/CYPIONATE-scaled.jpg?v=1726404301\",\"datePublished\":\"2024-09-15T12:45:14+00:00\",\"dateModified\":\"2025-01-26T14:03:48+00:00\",\"breadcrumb\":{\"@id\":\"https:\/\/iberoid.com\/pt\/product\/testosteronecypionate250mg-imperia-labs\/#breadcrumb\"},\"inLanguage\":\"pt-PT\",\"potentialAction\":[{\"@type\":\"ReadAction\",\"target\":[[\"https:\/\/iberoid.com\/pt\/product\/testosteronecypionate250mg-imperia-labs\/\"]]}]},{\"@type\":\"ImageObject\",\"inLanguage\":\"pt-PT\",\"@id\":\"https:\/\/iberoid.com\/pt\/product\/testosteronecypionate250mg-imperia-labs\/#primaryimage\",\"url\":\"https:\/\/iberoid.com\/wp-content\/uploads\/2024\/09\/CYPIONATE-scaled.jpg?v=1726404301\",\"contentUrl\":\"https:\/\/iberoid.com\/wp-content\/uploads\/2024\/09\/CYPIONATE-scaled.jpg?v=1726404301\",\"width\":1920,\"height\":2560},{\"@type\":\"BreadcrumbList\",\"@id\":\"https:\/\/iberoid.com\/pt\/product\/testosteronecypionate250mg-imperia-labs\/#breadcrumb\",\"itemListElement\":[{\"@type\":\"ListItem\",\"position\":1,\"name\":\"Portada\",\"item\":\"https:\/\/iberoid.com\/pt\/\"},{\"@type\":\"ListItem\",\"position\":2,\"name\":\"Loja\",\"item\":\"https:\/\/iberoid.com\/pt\/shop\/\"},{\"@type\":\"ListItem\",\"position\":3,\"name\":\"TESTOSTERONE CYPIONATE 250mg\"}]},{\"@type\":\"WebSite\",\"@id\":\"https:\/\/iberoid-shop.com\/#website\",\"url\":\"https:\/\/iberoid-shop.com\/\",\"name\":\"Ester\u00f3ides Online\",\"description\":\"Compre ester\u00f3ides online hoje em Espanha e Portugal. Temos o melhor servi\u00e7o ao cliente do setor e produtos da mais alta qualidade\",\"potentialAction\":[{\"@type\":\"SearchAction\",\"target\":{\"@type\":\"EntryPoint\",\"urlTemplate\":\"https:\/\/iberoid-shop.com\/?s={search_term_string}\"},\"query-input\":{\"@type\":\"PropertyValueSpecification\",\"valueRequired\":true,\"valueName\":\"search_term_string\"}}],\"inLanguage\":\"pt-PT\"}]}<\/script>\n<meta property=\"product:brand\" content=\"IMPERIA LABS\" \/>\n<meta property=\"product:price:amount\" content=\"55.00\" \/>\n<meta property=\"product:price:currency\" content=\"EUR\" \/>\n<meta property=\"og:availability\" content=\"out of stock\" \/>\n<meta property=\"product:availability\" content=\"out of stock\" \/>\n<meta property=\"product:condition\" content=\"new\" \/>\n<!-- \/ Yoast SEO Premium plugin. -->","yoast_head_json":{"title":"TESTOSTERONE CYPIONATE 250mg - Ester\u00f3ides Online","robots":{"index":"index","follow":"follow","max-snippet":"max-snippet:-1","max-image-preview":"max-image-preview:large","max-video-preview":"max-video-preview:-1"},"canonical":"https:\/\/iberoid.com\/pt\/product\/testosteronecypionate250mg-imperia-labs\/","og_locale":"pt_PT","og_type":"article","og_title":"TESTOSTERONE CYPIONATE 250mg","og_description":"CIPIONATO DE TESTOSTERONA 250 mg \u00e9 um produto inject\u00e1vel frequentemente utilizado por culturistas num ciclo de ester\u00f3ides. A subst\u00e2ncia ativa","og_url":"https:\/\/iberoid.com\/pt\/product\/testosteronecypionate250mg-imperia-labs\/","og_site_name":"Ester\u00f3ides Online","article_modified_time":"2025-01-26T14:03:48+00:00","og_image":[{"width":1920,"height":2560,"url":"https:\/\/iberoid.com\/wp-content\/uploads\/2024\/09\/CYPIONATE-scaled.jpg?v=1726404301","type":"image\/jpeg"}],"twitter_card":"summary_large_image","twitter_misc":{"pre\u00e7o":"&euro;55.00","Disponibilidade":"Esgotado"},"schema":{"@context":"https:\/\/schema.org","@graph":[{"@type":"WebPage","@id":"https:\/\/iberoid.com\/pt\/product\/testosteronecypionate250mg-imperia-labs\/","url":"https:\/\/iberoid.com\/pt\/product\/testosteronecypionate250mg-imperia-labs\/","name":"TESTOSTERONE CYPIONATE 250mg - Ester\u00f3ides Online","isPartOf":{"@id":"https:\/\/iberoid-shop.com\/#website"},"primaryImageOfPage":{"@id":"https:\/\/iberoid.com\/pt\/product\/testosteronecypionate250mg-imperia-labs\/#primaryimage"},"image":{"@id":"https:\/\/iberoid.com\/pt\/product\/testosteronecypionate250mg-imperia-labs\/#primaryimage"},"thumbnailUrl":"https:\/\/iberoid.com\/wp-content\/uploads\/2024\/09\/CYPIONATE-scaled.jpg?v=1726404301","datePublished":"2024-09-15T12:45:14+00:00","dateModified":"2025-01-26T14:03:48+00:00","breadcrumb":{"@id":"https:\/\/iberoid.com\/pt\/product\/testosteronecypionate250mg-imperia-labs\/#breadcrumb"},"inLanguage":"pt-PT","potentialAction":[{"@type":"ReadAction","target":[["https:\/\/iberoid.com\/pt\/product\/testosteronecypionate250mg-imperia-labs\/"]]}]},{"@type":"ImageObject","inLanguage":"pt-PT","@id":"https:\/\/iberoid.com\/pt\/product\/testosteronecypionate250mg-imperia-labs\/#primaryimage","url":"https:\/\/iberoid.com\/wp-content\/uploads\/2024\/09\/CYPIONATE-scaled.jpg?v=1726404301","contentUrl":"https:\/\/iberoid.com\/wp-content\/uploads\/2024\/09\/CYPIONATE-scaled.jpg?v=1726404301","width":1920,"height":2560},{"@type":"BreadcrumbList","@id":"https:\/\/iberoid.com\/pt\/product\/testosteronecypionate250mg-imperia-labs\/#breadcrumb","itemListElement":[{"@type":"ListItem","position":1,"name":"Portada","item":"https:\/\/iberoid.com\/pt\/"},{"@type":"ListItem","position":2,"name":"Loja","item":"https:\/\/iberoid.com\/pt\/shop\/"},{"@type":"ListItem","position":3,"name":"TESTOSTERONE CYPIONATE 250mg"}]},{"@type":"WebSite","@id":"https:\/\/iberoid-shop.com\/#website","url":"https:\/\/iberoid-shop.com\/","name":"Ester\u00f3ides Online","description":"Compre ester\u00f3ides online hoje em Espanha e Portugal. Temos o melhor servi\u00e7o ao cliente do setor e produtos da mais alta qualidade","potentialAction":[{"@type":"SearchAction","target":{"@type":"EntryPoint","urlTemplate":"https:\/\/iberoid-shop.com\/?s={search_term_string}"},"query-input":{"@type":"PropertyValueSpecification","valueRequired":true,"valueName":"search_term_string"}}],"inLanguage":"pt-PT"}]},"product_brand":"IMPERIA LABS","product_price_amount":"55.00","product_price_currency":"EUR","og_availability":"out of stock","product_availability":"out of stock","product_condition":"new"},"_links":{"self":[{"href":"https:\/\/iberoid.com\/pt\/wp-json\/wp\/v2\/product\/9656","targetHints":{"allow":["GET"]}}],"collection":[{"href":"https:\/\/iberoid.com\/pt\/wp-json\/wp\/v2\/product"}],"about":[{"href":"https:\/\/iberoid.com\/pt\/wp-json\/wp\/v2\/types\/product"}],"replies":[{"embeddable":true,"href":"https:\/\/iberoid.com\/pt\/wp-json\/wp\/v2\/comments?post=9656"}],"wp:featuredmedia":[{"embeddable":true,"href":"https:\/\/iberoid.com\/pt\/wp-json\/wp\/v2\/media\/9657"}],"wp:attachment":[{"href":"https:\/\/iberoid.com\/pt\/wp-json\/wp\/v2\/media?parent=9656"}],"wp:term":[{"taxonomy":"product_brand","embeddable":true,"href":"https:\/\/iberoid.com\/pt\/wp-json\/wp\/v2\/product_brand?post=9656"},{"taxonomy":"product_cat","embeddable":true,"href":"https:\/\/iberoid.com\/pt\/wp-json\/wp\/v2\/product_cat?post=9656"},{"taxonomy":"product_tag","embeddable":true,"href":"https:\/\/iberoid.com\/pt\/wp-json\/wp\/v2\/product_tag?post=9656"}],"curies":[{"name":"wp","href":"https:\/\/api.w.org\/{rel}","templated":true}]}}