{"id":9698,"date":"2024-10-11T11:40:10","date_gmt":"2024-10-11T11:40:10","guid":{"rendered":"https:\/\/iberoid.com\/?post_type=product&#038;p=9698"},"modified":"2026-02-18T09:43:23","modified_gmt":"2026-02-18T09:43:23","slug":"sarms-ligandrol15mg-adam-pharm-2","status":"publish","type":"product","link":"https:\/\/iberoid.com\/pt\/product\/sarms-ligandrol15mg-adam-pharm-2\/","title":{"rendered":"SARMS &#8211; LIGANDROL 15mg"},"content":{"rendered":"<p>O LIGANDROL \u00e9 um dos SARM mais fortes<br \/>\naumenta a libido<br \/>\ntem um forte efeito anab\u00f3lico<br \/>\n\u00e9 dedicado a um ciclo de ester\u00f3ides, onde se trata de construir massa muscular pura e de alta qualidade<br \/>\n\u00e9 utilizado para prote\u00e7\u00e3o muscular durante uma dieta<br \/>\nEFEITO LIGANDROL<br \/>\nO estudo mais conhecido sobre o Ligandrol mostrou que com uma dose elevada (1 mg \/ dia) pode ser acumulada uma m\u00e9dia de 1,5 kg de massa muscular pura em tr\u00eas semanas. Que resultado incr\u00edvel para um SARM.<br \/>\nOutra caracter\u00edstica interessante do Ligandrol \u00e9 que ao contr\u00e1rio, por exemplo, do Ostarine, tem um certo efeito androg\u00e9nico, que na maioria dos utilizadores se manifesta no aumento da agressividade e no aumento da libido. Devido ao forte efeito anab\u00f3lico e androg\u00e9nico moderado, o Ligandrol parece ser o SARM mais eficaz quando se trata de construir massa muscular de alta qualidade. A experi\u00eancia demonstrou que o Ligandrol \u00e9, pelo menos, duas vezes mais potente no ganho muscular do que o Ostarine.<\/p>\n<p>Uso sugerido<\/p>\n<p>O ligandrol \u00e9 geralmente utilizado na dose de 5-10 mg por dia.<\/p>\n<p>Como o Ligandrol tem uma semi-vida estimada de 24 a 36 horas, a ingest\u00e3o uma vez por dia \u00e9 suficiente.<\/p>\n<p>O rendimento m\u00e1ximo \u00e9 entre 8 a 12 semanas.<\/p>","protected":false},"excerpt":{"rendered":"<p>O LIGANDROL \u00e9 um dos SARM mais fortes aumenta a libido tem um forte efeito anab\u00f3lico \u00e9 dedicado a um<\/p>\n","protected":false},"featured_media":9699,"comment_status":"open","ping_status":"closed","template":"","meta":[],"product_brand":[],"product_cat":[73],"product_tag":[],"class_list":{"0":"post-9698","1":"product","2":"type-product","3":"status-publish","4":"has-post-thumbnail","6":"product_cat-ssteroides_orales","8":"first","9":"instock","10":"sale","11":"shipping-taxable","12":"purchasable","13":"product-type-simple"},"yoast_head":"<!-- This site is optimized with the Yoast SEO Premium plugin v24.4 (Yoast SEO v27.0) - https:\/\/yoast.com\/product\/yoast-seo-premium-wordpress\/ -->\n<title>SARMS - LIGANDROL 15mg - Ester\u00f3ides Online<\/title>\n<meta name=\"description\" content=\"LIGANDROL: SARM forte para ganho de m\u00fasculo puro (at\u00e9 1,5kg em 3 semanas com 1mg\/dia). Aumenta a libido, algum efeito androg\u00eanico. Usar 5-10mg por dia durante 8-12 semanas.\" \/>\n<meta name=\"robots\" content=\"index, follow, max-snippet:-1, max-image-preview:large, max-video-preview:-1\" \/>\n<link rel=\"canonical\" href=\"https:\/\/iberoid.com\/pt\/product\/sarms-ligandrol15mg-adam-pharm-2\/\" \/>\n<meta property=\"og:locale\" content=\"pt_PT\" \/>\n<meta property=\"og:type\" content=\"article\" \/>\n<meta property=\"og:title\" content=\"SARMS - LIGANDROL 15mg\" \/>\n<meta property=\"og:description\" content=\"LIGANDROL: SARM forte para ganho de m\u00fasculo puro (at\u00e9 1,5kg em 3 semanas com 1mg\/dia). Aumenta a libido, algum efeito androg\u00eanico. Usar 5-10mg por dia durante 8-12 semanas.\" \/>\n<meta property=\"og:url\" content=\"https:\/\/iberoid.com\/pt\/product\/sarms-ligandrol15mg-adam-pharm-2\/\" \/>\n<meta property=\"og:site_name\" content=\"Ester\u00f3ides Online\" \/>\n<meta property=\"article:modified_time\" content=\"2026-02-18T09:43:23+00:00\" \/>\n<meta property=\"og:image\" content=\"https:\/\/iberoid.com\/wp-content\/uploads\/2024\/10\/ligandrol-1-scaled.jpg?v=1728646799\" \/>\n\t<meta property=\"og:image:width\" content=\"1617\" \/>\n\t<meta property=\"og:image:height\" content=\"2560\" \/>\n\t<meta property=\"og:image:type\" content=\"image\/jpeg\" \/>\n<meta name=\"twitter:card\" content=\"summary_large_image\" \/>\n<meta name=\"twitter:label1\" content=\"pre\u00e7o\" \/>\n\t<meta name=\"twitter:data1\" content=\"&euro;55.00\" \/>\n\t<meta name=\"twitter:label2\" content=\"Disponibilidade\" \/>\n\t<meta name=\"twitter:data2\" content=\"Em stock\" \/>\n<script type=\"application\/ld+json\" class=\"yoast-schema-graph\">{\"@context\":\"https:\/\/schema.org\",\"@graph\":[{\"@type\":\"WebPage\",\"@id\":\"https:\/\/iberoid.com\/pt\/product\/sarms-ligandrol15mg-adam-pharm-2\/\",\"url\":\"https:\/\/iberoid.com\/pt\/product\/sarms-ligandrol15mg-adam-pharm-2\/\",\"name\":\"SARMS - LIGANDROL 15mg - Ester\u00f3ides Online\",\"isPartOf\":{\"@id\":\"https:\/\/iberoid-shop.com\/#website\"},\"primaryImageOfPage\":{\"@id\":\"https:\/\/iberoid.com\/pt\/product\/sarms-ligandrol15mg-adam-pharm-2\/#primaryimage\"},\"image\":{\"@id\":\"https:\/\/iberoid.com\/pt\/product\/sarms-ligandrol15mg-adam-pharm-2\/#primaryimage\"},\"thumbnailUrl\":\"https:\/\/iberoid.com\/wp-content\/uploads\/2024\/10\/ligandrol-1-scaled.jpg?v=1728646799\",\"datePublished\":\"2024-10-11T11:40:10+00:00\",\"dateModified\":\"2026-02-18T09:43:23+00:00\",\"description\":\"LIGANDROL: SARM forte para ganho de m\u00fasculo puro (at\u00e9 1,5kg em 3 semanas com 1mg\/dia). Aumenta a libido, algum efeito androg\u00eanico. Usar 5-10mg por dia durante 8-12 semanas.\",\"breadcrumb\":{\"@id\":\"https:\/\/iberoid.com\/pt\/product\/sarms-ligandrol15mg-adam-pharm-2\/#breadcrumb\"},\"inLanguage\":\"pt-PT\",\"potentialAction\":[{\"@type\":\"ReadAction\",\"target\":[[\"https:\/\/iberoid.com\/pt\/product\/sarms-ligandrol15mg-adam-pharm-2\/\"]]}]},{\"@type\":\"ImageObject\",\"inLanguage\":\"pt-PT\",\"@id\":\"https:\/\/iberoid.com\/pt\/product\/sarms-ligandrol15mg-adam-pharm-2\/#primaryimage\",\"url\":\"https:\/\/iberoid.com\/wp-content\/uploads\/2024\/10\/ligandrol-1-scaled.jpg?v=1728646799\",\"contentUrl\":\"https:\/\/iberoid.com\/wp-content\/uploads\/2024\/10\/ligandrol-1-scaled.jpg?v=1728646799\",\"width\":1617,\"height\":2560},{\"@type\":\"BreadcrumbList\",\"@id\":\"https:\/\/iberoid.com\/pt\/product\/sarms-ligandrol15mg-adam-pharm-2\/#breadcrumb\",\"itemListElement\":[{\"@type\":\"ListItem\",\"position\":1,\"name\":\"Portada\",\"item\":\"https:\/\/iberoid.com\/pt\/\"},{\"@type\":\"ListItem\",\"position\":2,\"name\":\"Loja\",\"item\":\"https:\/\/iberoid.com\/pt\/shop\/\"},{\"@type\":\"ListItem\",\"position\":3,\"name\":\"SARMS &#8211; LIGANDROL 15mg\"}]},{\"@type\":\"WebSite\",\"@id\":\"https:\/\/iberoid-shop.com\/#website\",\"url\":\"https:\/\/iberoid-shop.com\/\",\"name\":\"Ester\u00f3ides Online\",\"description\":\"Compre ester\u00f3ides online hoje em Espanha e Portugal. Temos o melhor servi\u00e7o ao cliente do setor e produtos da mais alta qualidade\",\"potentialAction\":[{\"@type\":\"SearchAction\",\"target\":{\"@type\":\"EntryPoint\",\"urlTemplate\":\"https:\/\/iberoid-shop.com\/?s={search_term_string}\"},\"query-input\":{\"@type\":\"PropertyValueSpecification\",\"valueRequired\":true,\"valueName\":\"search_term_string\"}}],\"inLanguage\":\"pt-PT\"}]}<\/script>\n<meta property=\"product:brand\" content=\"AdamLabs\" \/>\n<meta property=\"product:price:amount\" content=\"55.00\" \/>\n<meta property=\"product:price:currency\" content=\"EUR\" \/>\n<meta property=\"og:availability\" content=\"instock\" \/>\n<meta property=\"product:availability\" content=\"instock\" \/>\n<meta property=\"product:condition\" content=\"new\" \/>\n<!-- \/ Yoast SEO Premium plugin. -->","yoast_head_json":{"title":"SARMS - LIGANDROL 15mg - Ester\u00f3ides Online","description":"LIGANDROL: SARM forte para ganho de m\u00fasculo puro (at\u00e9 1,5kg em 3 semanas com 1mg\/dia). Aumenta a libido, algum efeito androg\u00eanico. Usar 5-10mg por dia durante 8-12 semanas.","robots":{"index":"index","follow":"follow","max-snippet":"max-snippet:-1","max-image-preview":"max-image-preview:large","max-video-preview":"max-video-preview:-1"},"canonical":"https:\/\/iberoid.com\/pt\/product\/sarms-ligandrol15mg-adam-pharm-2\/","og_locale":"pt_PT","og_type":"article","og_title":"SARMS - LIGANDROL 15mg","og_description":"LIGANDROL: SARM forte para ganho de m\u00fasculo puro (at\u00e9 1,5kg em 3 semanas com 1mg\/dia). Aumenta a libido, algum efeito androg\u00eanico. Usar 5-10mg por dia durante 8-12 semanas.","og_url":"https:\/\/iberoid.com\/pt\/product\/sarms-ligandrol15mg-adam-pharm-2\/","og_site_name":"Ester\u00f3ides Online","article_modified_time":"2026-02-18T09:43:23+00:00","og_image":[{"width":1617,"height":2560,"url":"https:\/\/iberoid.com\/wp-content\/uploads\/2024\/10\/ligandrol-1-scaled.jpg?v=1728646799","type":"image\/jpeg"}],"twitter_card":"summary_large_image","twitter_misc":{"pre\u00e7o":"&euro;55.00","Disponibilidade":"Em stock"},"schema":{"@context":"https:\/\/schema.org","@graph":[{"@type":"WebPage","@id":"https:\/\/iberoid.com\/pt\/product\/sarms-ligandrol15mg-adam-pharm-2\/","url":"https:\/\/iberoid.com\/pt\/product\/sarms-ligandrol15mg-adam-pharm-2\/","name":"SARMS - LIGANDROL 15mg - Ester\u00f3ides Online","isPartOf":{"@id":"https:\/\/iberoid-shop.com\/#website"},"primaryImageOfPage":{"@id":"https:\/\/iberoid.com\/pt\/product\/sarms-ligandrol15mg-adam-pharm-2\/#primaryimage"},"image":{"@id":"https:\/\/iberoid.com\/pt\/product\/sarms-ligandrol15mg-adam-pharm-2\/#primaryimage"},"thumbnailUrl":"https:\/\/iberoid.com\/wp-content\/uploads\/2024\/10\/ligandrol-1-scaled.jpg?v=1728646799","datePublished":"2024-10-11T11:40:10+00:00","dateModified":"2026-02-18T09:43:23+00:00","description":"LIGANDROL: SARM forte para ganho de m\u00fasculo puro (at\u00e9 1,5kg em 3 semanas com 1mg\/dia). Aumenta a libido, algum efeito androg\u00eanico. Usar 5-10mg por dia durante 8-12 semanas.","breadcrumb":{"@id":"https:\/\/iberoid.com\/pt\/product\/sarms-ligandrol15mg-adam-pharm-2\/#breadcrumb"},"inLanguage":"pt-PT","potentialAction":[{"@type":"ReadAction","target":[["https:\/\/iberoid.com\/pt\/product\/sarms-ligandrol15mg-adam-pharm-2\/"]]}]},{"@type":"ImageObject","inLanguage":"pt-PT","@id":"https:\/\/iberoid.com\/pt\/product\/sarms-ligandrol15mg-adam-pharm-2\/#primaryimage","url":"https:\/\/iberoid.com\/wp-content\/uploads\/2024\/10\/ligandrol-1-scaled.jpg?v=1728646799","contentUrl":"https:\/\/iberoid.com\/wp-content\/uploads\/2024\/10\/ligandrol-1-scaled.jpg?v=1728646799","width":1617,"height":2560},{"@type":"BreadcrumbList","@id":"https:\/\/iberoid.com\/pt\/product\/sarms-ligandrol15mg-adam-pharm-2\/#breadcrumb","itemListElement":[{"@type":"ListItem","position":1,"name":"Portada","item":"https:\/\/iberoid.com\/pt\/"},{"@type":"ListItem","position":2,"name":"Loja","item":"https:\/\/iberoid.com\/pt\/shop\/"},{"@type":"ListItem","position":3,"name":"SARMS &#8211; LIGANDROL 15mg"}]},{"@type":"WebSite","@id":"https:\/\/iberoid-shop.com\/#website","url":"https:\/\/iberoid-shop.com\/","name":"Ester\u00f3ides Online","description":"Compre ester\u00f3ides online hoje em Espanha e Portugal. Temos o melhor servi\u00e7o ao cliente do setor e produtos da mais alta qualidade","potentialAction":[{"@type":"SearchAction","target":{"@type":"EntryPoint","urlTemplate":"https:\/\/iberoid-shop.com\/?s={search_term_string}"},"query-input":{"@type":"PropertyValueSpecification","valueRequired":true,"valueName":"search_term_string"}}],"inLanguage":"pt-PT"}]},"product_brand":"AdamLabs","product_price_amount":"55.00","product_price_currency":"EUR","og_availability":"instock","product_availability":"instock","product_condition":"new"},"_links":{"self":[{"href":"https:\/\/iberoid.com\/pt\/wp-json\/wp\/v2\/product\/9698","targetHints":{"allow":["GET"]}}],"collection":[{"href":"https:\/\/iberoid.com\/pt\/wp-json\/wp\/v2\/product"}],"about":[{"href":"https:\/\/iberoid.com\/pt\/wp-json\/wp\/v2\/types\/product"}],"replies":[{"embeddable":true,"href":"https:\/\/iberoid.com\/pt\/wp-json\/wp\/v2\/comments?post=9698"}],"wp:featuredmedia":[{"embeddable":true,"href":"https:\/\/iberoid.com\/pt\/wp-json\/wp\/v2\/media\/9699"}],"wp:attachment":[{"href":"https:\/\/iberoid.com\/pt\/wp-json\/wp\/v2\/media?parent=9698"}],"wp:term":[{"taxonomy":"product_brand","embeddable":true,"href":"https:\/\/iberoid.com\/pt\/wp-json\/wp\/v2\/product_brand?post=9698"},{"taxonomy":"product_cat","embeddable":true,"href":"https:\/\/iberoid.com\/pt\/wp-json\/wp\/v2\/product_cat?post=9698"},{"taxonomy":"product_tag","embeddable":true,"href":"https:\/\/iberoid.com\/pt\/wp-json\/wp\/v2\/product_tag?post=9698"}],"curies":[{"name":"wp","href":"https:\/\/api.w.org\/{rel}","templated":true}]}}