{"id":9715,"date":"2024-10-20T10:09:48","date_gmt":"2024-10-20T10:09:48","guid":{"rendered":"https:\/\/iberoid.com\/?post_type=product&#038;p=9715"},"modified":"2024-11-11T09:34:45","modified_gmt":"2024-11-11T09:34:45","slug":"nandrolone-decanoste-driada","status":"publish","type":"product","link":"https:\/\/iberoid.com\/pt\/product\/nandrolone-decanoste-driada\/","title":{"rendered":"Nandecos 200 mg\/ml (Nandrolone Decanoate)"},"content":{"rendered":"<p><\/p>\n<ul>\n<li><strong>Princ\u00edpio ativo:<\/strong>\u00a0Decanoato de Nandrolona<\/li>\n<li><strong>Tipo:<\/strong>\u00a0Ester\u00f3ide anabolizante (derivado da 19-nortestosterona)<\/li>\n<li><strong>Formul\u00e1rio:<\/strong>\u00a0Inje\u00e7\u00e3o<\/li>\n<li><strong>\u00d3leo transportador:<\/strong>\u00a0\u00f3leo de gergelim<\/li>\n<\/ul>\n<h2>O que \u00e9 Decanoato de Nandrolona?<\/h2>\n<p><strong>Decanoato de nandrolona<\/strong>\u00a0, \u200b\u200bcomumente conhecido pela marca\u00a0<strong>Deca Durabolin<\/strong>\u00a0, \u00e9 um ester\u00f3ide anab\u00f3lico androg\u00eanico (AAS) usado na \u00e1rea m\u00e9dica para tratar uma variedade de condi\u00e7\u00f5es de sa\u00fade, incluindo anemia, osteoporose e certas formas de neoplasia, como c\u00e2ncer de mama. Tamb\u00e9m \u00e9 utilizado para preservar a massa magra em pacientes que sofrem de s\u00edndromes de emacia\u00e7\u00e3o ou em casos de queimaduras graves, traumas ou corticoterapia prolongada.<\/p>\n<p>Assim como a testosterona, a nandrolona apresenta propriedades anab\u00f3licas relativamente fortes. No entanto, ao contr\u00e1rio da testosterona, a sua actividade de constru\u00e7\u00e3o de tecidos \u00e9 acompanhada por propriedades androg\u00e9nicas fracas. Muito disso se deve \u00e0 redu\u00e7\u00e3o da nandrolona a um esteroide mais fraco, a diidronandrolona, \u200b\u200bnos mesmos tecidos-alvo androg\u00eanicos que potencializam a a\u00e7\u00e3o da testosterona (convertendo-a em DHT). As propriedades suaves do Decanoato de Nandrolona tornaram-no um dos esteroides injet\u00e1veis \u200b\u200bmais populares em todo o mundo, altamente valorizado pelos atletas por sua capacidade de promover aumentos significativos na for\u00e7a e na massa muscular magra sem fortes efeitos colaterais androg\u00eanicos ou estrog\u00eanicos.<\/p>\n<p>Pode ser encontrado em diversas concentra\u00e7\u00f5es 50 mg\/ml, 100 mg\/ml, mas a mais comum \u00e9 o decanoato de nandrolona 200 mg\/ml.<\/p>\n<p>O decanoato de nandrolona 10ml \u00e9 comercializado em frascos e \u00e9 o formato mais comum deste medicamento. Embora o custo da Nandrolona n\u00e3o seja t\u00e3o caro, o pre\u00e7o da inje\u00e7\u00e3o de Decanoato de Nandrolona em frascos \u00e9 menor do que em ampolas, raz\u00e3o pela qual os frascos s\u00e3o muito populares entre os fisiculturistas.<\/p>\n<h2>O mecanismo de a\u00e7\u00e3o do decanoato de nandrolona<\/h2>\n<p>A nandrolona se liga aos receptores andr\u00f3genos, aumentando a s\u00edntese prot\u00e9ica e a reten\u00e7\u00e3o de nitrog\u00eanio nos m\u00fasculos, levando ao aumento do crescimento muscular. Reduz os efeitos catab\u00f3licos dos horm\u00f4nios glicocortic\u00f3ides, como o cortisol, e aumenta a produ\u00e7\u00e3o de IGF-1, apoiando ainda mais o desenvolvimento muscular. Ao contr\u00e1rio da testosterona, ela \u00e9 menos convertida em estrog\u00eanio, mas tem alguma atividade progestog\u00eanica, o que afeta os efeitos colaterais. A nandrolona tamb\u00e9m melhora a s\u00edntese de col\u00e1geno e a densidade \u00f3ssea, o que \u00e9 ben\u00e9fico para as articula\u00e7\u00f5es e a sa\u00fade \u00f3ssea.<\/p>\n<h2>Os benef\u00edcios do decanoato de nandrolona para o corpo<\/h2>\n<p>Entre os benef\u00edcios comuns a todos os ester\u00f3ides anabolizantes, os benef\u00edcios exclusivos da Nandrolona s\u00e3o:<\/p>\n<ul>\n<li><strong>Crescimento muscular pronunciado.<\/strong><\/li>\n<li><strong>For\u00e7a melhorada.<\/strong><\/li>\n<li><strong>Melhor tempo de recupera\u00e7\u00e3o<\/strong>\u00a0entre s\u00e9ries e sess\u00f5es de treinamento.<\/li>\n<li><strong>Maior reten\u00e7\u00e3o de nitrog\u00eanio.<\/strong><\/li>\n<li><strong>Aumento da s\u00edntese proteica<\/strong>\u00a0nos m\u00fasculos e reduz a perda muscular.<\/li>\n<\/ul>\n<h2>Efeitos colaterais da nandrolona<\/h2>\n<p>Antes de considerar o uso da Nandrolona, \u200b\u200b\u00e9 fundamental entender seus poss\u00edveis efeitos e considera\u00e7\u00f5es:<\/p>\n<ul>\n<li><strong>Apoio \u00e0 sa\u00fade articular e \u00f3ssea.<\/strong>\u00a0A nandrolona auxilia na sa\u00fade das articula\u00e7\u00f5es e dos ossos, melhorando a s\u00edntese de col\u00e1geno e a densidade \u00f3ssea.<\/li>\n<li><strong>Crescimento de tecido canceroso.<\/strong>\u00a0Os ester\u00f3ides podem estimular o crescimento de tecido canceroso, tornando-os inadequados para pacientes do sexo masculino com c\u00e2ncer de pr\u00f3stata ou de mama.<\/li>\n<li><strong>Redu\u00e7\u00e3o do crescimento da pr\u00f3stata.<\/strong>\u00a0Ao contr\u00e1rio de outros ester\u00f3ides, a nandrolona pode reduzir o crescimento da pr\u00f3stata, aliviando potencialmente os sintomas do trato urin\u00e1rio inferior associados a condi\u00e7\u00f5es como a hiperplasia prost\u00e1tica benigna (HPB).<\/li>\n<li><strong>Redu\u00e7\u00e3o da Alopecia.<\/strong>\u00a0Existe a possibilidade te\u00f3rica de ocorrer diminui\u00e7\u00e3o das taxas de alopecia com o uso de nandrolona.<\/li>\n<li><strong>Tratamento do C\u00e2ncer de Mama Avan\u00e7ado.<\/strong>\u00a0O decanoato de nandrolona \u00e9 utilizado no tratamento do c\u00e2ncer de mama avan\u00e7ado, oferecendo uma op\u00e7\u00e3o potencial de tratamento para os pacientes.<\/li>\n<li><strong>Efeitos cardiovasculares.<\/strong>\u00a0O decanoato de nandrolona, \u200b\u200bum ester\u00f3ide anabolizante, pode ter efeitos cardiovasculares adversos. Estes incluem um aumento no colesterol LDL (o colesterol \u201cruim\u201d) e uma diminui\u00e7\u00e3o no colesterol HDL (o colesterol \u201cbom\u201d), aumentando potencialmente o risco de aterosclerose e eventos cardiovasculares. Al\u00e9m disso, pode aumentar a press\u00e3o arterial, contribuindo ainda mais para o estresse cardiovascular. Cuidado e monitoramento s\u00e3o essenciais, especialmente para pessoas com doen\u00e7as cardiovasculares pr\u00e9-existentes.<\/li>\n<li><strong>Toxicidade hep\u00e1tica.<\/strong>\u00a0Evite o consumo de \u00e1lcool para mitigar os riscos de toxicidade hep\u00e1tica associados ao uso de nandrolona.<\/li>\n<li><strong>Viriliza\u00e7\u00e3o em Mulheres.<\/strong>\u00a0O decanoato de nandrolona comumente induz viriliza\u00e7\u00e3o em mulheres, caracterizada por sintomas como acne, rouquid\u00e3o, crescimento excessivo de pelos faciais\/corporais (hirsutismo) e altera\u00e7\u00f5es na libido. O aumento do clit\u00f3ris, embora menos comum, tamb\u00e9m pode ocorrer.<\/li>\n<li><strong>Mudan\u00e7as de humor e agress\u00e3o.<\/strong>\u00a0O uso prolongado de nandrolona pode aumentar os n\u00edveis de prolactina no sangue, levando potencialmente a altera\u00e7\u00f5es de humor, como depress\u00e3o, perda de interesse e fadiga. Exames de sangue regulares s\u00e3o recomendados para monitorar os n\u00edveis de prolactina.<\/li>\n<\/ul>\n<h2>Como usar o Decanoato de Nandrolona?<\/h2>\n<p>Ciclos e doses. A nandrolona \u00e9 perfeita para ciclos de aumento de volume e for\u00e7a. Um ciclo t\u00edpico pode envolver inje\u00e7\u00f5es semanais de Decanoato de Nandrolona na dose de 200-400 mg por 8-12 semanas. Tenha em mente que o decanoato \u00e9 um \u00e9ster longo, por isso levar\u00e1 de 3 a 4 semanas para que n\u00e3o haja concentra\u00e7\u00f5es significativas de nandrolona no sangue.\u00a0<strong>\u00c9 proibido o uso de nandrolona durante a gravidez; No caso de s\u00edndromes oncol\u00f3gicas \u00e9 necess\u00e1ria consulta, pois alguns tipos de c\u00e2ncer podem ser tratados com nandrolona, \u200b\u200bpor\u00e9m esse tema foge ao escopo deste artigo e requer acompanhamento m\u00e9dico.<\/strong><\/p>\n<p>Armazene o Decanoato de Nandrolona em temperatura ambiente, normalmente entre 20\u00b0C e 25\u00b0C (68\u00b0F e 77\u00b0F). Evite a exposi\u00e7\u00e3o a temperaturas extremas.<\/p>\n<p>Mantenha-o em local escuro para proteger da luz e da umidade, que podem degradar o Decanoato de Nandrolona. Evite congelar e mantenha fora do alcance de crian\u00e7as e animais de estima\u00e7\u00e3o.<\/p>\n<p>Se pretende recuperar de uma les\u00e3o, acelerar a regenera\u00e7\u00e3o articular ou ganhar peso, ent\u00e3o a Nandrolona \u00e9 uma excelente solu\u00e7\u00e3o. Ciclos de ganho de massa de 8 a 12 semanas, rara frequ\u00eancia de efeitos colaterais e alta efic\u00e1cia &#8211; essas s\u00e3o as principais propriedades do ciclo da Nandrolona.<\/p>","protected":false},"excerpt":{"rendered":"<p>Princ\u00edpio ativo:\u00a0Decanoato de Nandrolona Tipo:\u00a0Ester\u00f3ide anabolizante (derivado da 19-nortestosterona) Formul\u00e1rio:\u00a0Inje\u00e7\u00e3o \u00d3leo transportador:\u00a0\u00f3leo de gergelim O que \u00e9 Decanoato de Nandrolona?<\/p>\n","protected":false},"featured_media":9716,"comment_status":"open","ping_status":"closed","template":"","meta":[],"product_brand":[],"product_cat":[69],"product_tag":[],"class_list":{"0":"post-9715","1":"product","2":"type-product","3":"status-publish","4":"has-post-thumbnail","6":"product_cat-esteroides_inyectables","8":"first","9":"outofstock","10":"sale","11":"shipping-taxable","12":"purchasable","13":"product-type-simple"},"yoast_head":"<!-- This site is optimized with the Yoast SEO Premium plugin v24.4 (Yoast SEO v27.3) - https:\/\/yoast.com\/product\/yoast-seo-premium-wordpress\/ -->\n<title>Nandecos 200 mg\/ml (Nandrolone Decanoate) - Ester\u00f3ides Online<\/title>\n<meta name=\"robots\" content=\"index, follow, max-snippet:-1, max-image-preview:large, max-video-preview:-1\" \/>\n<link rel=\"canonical\" href=\"https:\/\/iberoid.com\/pt\/product\/nandrolone-decanoste-driada\/\" \/>\n<meta property=\"og:locale\" content=\"pt_PT\" \/>\n<meta property=\"og:type\" content=\"article\" \/>\n<meta property=\"og:title\" content=\"Nandecos 200 mg\/ml (Nandrolone Decanoate)\" \/>\n<meta property=\"og:description\" content=\"Princ\u00edpio ativo:\u00a0Decanoato de Nandrolona Tipo:\u00a0Ester\u00f3ide anabolizante (derivado da 19-nortestosterona) Formul\u00e1rio:\u00a0Inje\u00e7\u00e3o \u00d3leo transportador:\u00a0\u00f3leo de gergelim O que \u00e9 Decanoato de Nandrolona?\" \/>\n<meta property=\"og:url\" content=\"https:\/\/iberoid.com\/pt\/product\/nandrolone-decanoste-driada\/\" \/>\n<meta property=\"og:site_name\" content=\"Ester\u00f3ides Online\" \/>\n<meta property=\"article:modified_time\" content=\"2024-11-11T09:34:45+00:00\" \/>\n<meta property=\"og:image\" content=\"https:\/\/iberoid.com\/wp-content\/uploads\/2024\/10\/nandecos-driada-medical.webp\" \/>\n\t<meta property=\"og:image:width\" content=\"1000\" \/>\n\t<meta property=\"og:image:height\" content=\"1000\" \/>\n\t<meta property=\"og:image:type\" content=\"image\/webp\" \/>\n<meta name=\"twitter:card\" content=\"summary_large_image\" \/>\n<meta name=\"twitter:label1\" content=\"pre\u00e7o\" \/>\n\t<meta name=\"twitter:data1\" content=\"&euro;45.00\" \/>\n\t<meta name=\"twitter:label2\" content=\"Disponibilidade\" \/>\n\t<meta name=\"twitter:data2\" content=\"Esgotado\" \/>\n<script type=\"application\/ld+json\" class=\"yoast-schema-graph\">{\"@context\":\"https:\\\/\\\/schema.org\",\"@graph\":[{\"@type\":\"WebPage\",\"@id\":\"https:\\\/\\\/iberoid.com\\\/pt\\\/product\\\/nandrolone-decanoste-driada\\\/\",\"url\":\"https:\\\/\\\/iberoid.com\\\/pt\\\/product\\\/nandrolone-decanoste-driada\\\/\",\"name\":\"Nandecos 200 mg\\\/ml (Nandrolone Decanoate) - Ester\u00f3ides Online\",\"isPartOf\":{\"@id\":\"https:\\\/\\\/iberoid-shop.com\\\/#website\"},\"primaryImageOfPage\":{\"@id\":\"https:\\\/\\\/iberoid.com\\\/pt\\\/product\\\/nandrolone-decanoste-driada\\\/#primaryimage\"},\"image\":{\"@id\":\"https:\\\/\\\/iberoid.com\\\/pt\\\/product\\\/nandrolone-decanoste-driada\\\/#primaryimage\"},\"thumbnailUrl\":\"https:\\\/\\\/iberoid.com\\\/wp-content\\\/uploads\\\/2024\\\/10\\\/nandecos-driada-medical.webp\",\"datePublished\":\"2024-10-20T10:09:48+00:00\",\"dateModified\":\"2024-11-11T09:34:45+00:00\",\"breadcrumb\":{\"@id\":\"https:\\\/\\\/iberoid.com\\\/pt\\\/product\\\/nandrolone-decanoste-driada\\\/#breadcrumb\"},\"inLanguage\":\"pt-PT\",\"potentialAction\":[{\"@type\":\"ReadAction\",\"target\":[[\"https:\\\/\\\/iberoid.com\\\/pt\\\/product\\\/nandrolone-decanoste-driada\\\/\"]]}]},{\"@type\":\"ImageObject\",\"inLanguage\":\"pt-PT\",\"@id\":\"https:\\\/\\\/iberoid.com\\\/pt\\\/product\\\/nandrolone-decanoste-driada\\\/#primaryimage\",\"url\":\"https:\\\/\\\/iberoid.com\\\/wp-content\\\/uploads\\\/2024\\\/10\\\/nandecos-driada-medical.webp\",\"contentUrl\":\"https:\\\/\\\/iberoid.com\\\/wp-content\\\/uploads\\\/2024\\\/10\\\/nandecos-driada-medical.webp\",\"width\":1000,\"height\":1000},{\"@type\":\"BreadcrumbList\",\"@id\":\"https:\\\/\\\/iberoid.com\\\/pt\\\/product\\\/nandrolone-decanoste-driada\\\/#breadcrumb\",\"itemListElement\":[{\"@type\":\"ListItem\",\"position\":1,\"name\":\"Portada\",\"item\":\"https:\\\/\\\/iberoid.com\\\/pt\\\/\"},{\"@type\":\"ListItem\",\"position\":2,\"name\":\"Loja\",\"item\":\"https:\\\/\\\/iberoid.com\\\/pt\\\/shop\\\/\"},{\"@type\":\"ListItem\",\"position\":3,\"name\":\"Nandecos 200 mg\\\/ml (Nandrolone Decanoate)\"}]},{\"@type\":\"WebSite\",\"@id\":\"https:\\\/\\\/iberoid-shop.com\\\/#website\",\"url\":\"https:\\\/\\\/iberoid-shop.com\\\/\",\"name\":\"Ester\u00f3ides Online\",\"description\":\"Compre ester\u00f3ides online hoje em Espanha e Portugal. Temos o melhor servi\u00e7o ao cliente do setor e produtos da mais alta qualidade\",\"potentialAction\":[{\"@type\":\"SearchAction\",\"target\":{\"@type\":\"EntryPoint\",\"urlTemplate\":\"https:\\\/\\\/iberoid-shop.com\\\/?s={search_term_string}\"},\"query-input\":{\"@type\":\"PropertyValueSpecification\",\"valueRequired\":true,\"valueName\":\"search_term_string\"}}],\"inLanguage\":\"pt-PT\"}]}<\/script>\n<meta property=\"product:brand\" content=\"Driada\" \/>\n<meta property=\"product:price:amount\" content=\"45.00\" \/>\n<meta property=\"product:price:currency\" content=\"EUR\" \/>\n<meta property=\"og:availability\" content=\"out of stock\" \/>\n<meta property=\"product:availability\" content=\"out of stock\" \/>\n<meta property=\"product:condition\" content=\"new\" \/>\n<!-- \/ Yoast SEO Premium plugin. -->","yoast_head_json":{"title":"Nandecos 200 mg\/ml (Nandrolone Decanoate) - Ester\u00f3ides Online","robots":{"index":"index","follow":"follow","max-snippet":"max-snippet:-1","max-image-preview":"max-image-preview:large","max-video-preview":"max-video-preview:-1"},"canonical":"https:\/\/iberoid.com\/pt\/product\/nandrolone-decanoste-driada\/","og_locale":"pt_PT","og_type":"article","og_title":"Nandecos 200 mg\/ml (Nandrolone Decanoate)","og_description":"Princ\u00edpio ativo:\u00a0Decanoato de Nandrolona Tipo:\u00a0Ester\u00f3ide anabolizante (derivado da 19-nortestosterona) Formul\u00e1rio:\u00a0Inje\u00e7\u00e3o \u00d3leo transportador:\u00a0\u00f3leo de gergelim O que \u00e9 Decanoato de Nandrolona?","og_url":"https:\/\/iberoid.com\/pt\/product\/nandrolone-decanoste-driada\/","og_site_name":"Ester\u00f3ides Online","article_modified_time":"2024-11-11T09:34:45+00:00","og_image":[{"width":1000,"height":1000,"url":"https:\/\/iberoid.com\/wp-content\/uploads\/2024\/10\/nandecos-driada-medical.webp","type":"image\/webp"}],"twitter_card":"summary_large_image","twitter_misc":{"pre\u00e7o":"&euro;45.00","Disponibilidade":"Esgotado"},"schema":{"@context":"https:\/\/schema.org","@graph":[{"@type":"WebPage","@id":"https:\/\/iberoid.com\/pt\/product\/nandrolone-decanoste-driada\/","url":"https:\/\/iberoid.com\/pt\/product\/nandrolone-decanoste-driada\/","name":"Nandecos 200 mg\/ml (Nandrolone Decanoate) - Ester\u00f3ides Online","isPartOf":{"@id":"https:\/\/iberoid-shop.com\/#website"},"primaryImageOfPage":{"@id":"https:\/\/iberoid.com\/pt\/product\/nandrolone-decanoste-driada\/#primaryimage"},"image":{"@id":"https:\/\/iberoid.com\/pt\/product\/nandrolone-decanoste-driada\/#primaryimage"},"thumbnailUrl":"https:\/\/iberoid.com\/wp-content\/uploads\/2024\/10\/nandecos-driada-medical.webp","datePublished":"2024-10-20T10:09:48+00:00","dateModified":"2024-11-11T09:34:45+00:00","breadcrumb":{"@id":"https:\/\/iberoid.com\/pt\/product\/nandrolone-decanoste-driada\/#breadcrumb"},"inLanguage":"pt-PT","potentialAction":[{"@type":"ReadAction","target":[["https:\/\/iberoid.com\/pt\/product\/nandrolone-decanoste-driada\/"]]}]},{"@type":"ImageObject","inLanguage":"pt-PT","@id":"https:\/\/iberoid.com\/pt\/product\/nandrolone-decanoste-driada\/#primaryimage","url":"https:\/\/iberoid.com\/wp-content\/uploads\/2024\/10\/nandecos-driada-medical.webp","contentUrl":"https:\/\/iberoid.com\/wp-content\/uploads\/2024\/10\/nandecos-driada-medical.webp","width":1000,"height":1000},{"@type":"BreadcrumbList","@id":"https:\/\/iberoid.com\/pt\/product\/nandrolone-decanoste-driada\/#breadcrumb","itemListElement":[{"@type":"ListItem","position":1,"name":"Portada","item":"https:\/\/iberoid.com\/pt\/"},{"@type":"ListItem","position":2,"name":"Loja","item":"https:\/\/iberoid.com\/pt\/shop\/"},{"@type":"ListItem","position":3,"name":"Nandecos 200 mg\/ml (Nandrolone Decanoate)"}]},{"@type":"WebSite","@id":"https:\/\/iberoid-shop.com\/#website","url":"https:\/\/iberoid-shop.com\/","name":"Ester\u00f3ides Online","description":"Compre ester\u00f3ides online hoje em Espanha e Portugal. Temos o melhor servi\u00e7o ao cliente do setor e produtos da mais alta qualidade","potentialAction":[{"@type":"SearchAction","target":{"@type":"EntryPoint","urlTemplate":"https:\/\/iberoid-shop.com\/?s={search_term_string}"},"query-input":{"@type":"PropertyValueSpecification","valueRequired":true,"valueName":"search_term_string"}}],"inLanguage":"pt-PT"}]},"product_brand":"Driada","product_price_amount":"45.00","product_price_currency":"EUR","og_availability":"out of stock","product_availability":"out of stock","product_condition":"new"},"_links":{"self":[{"href":"https:\/\/iberoid.com\/pt\/wp-json\/wp\/v2\/product\/9715","targetHints":{"allow":["GET"]}}],"collection":[{"href":"https:\/\/iberoid.com\/pt\/wp-json\/wp\/v2\/product"}],"about":[{"href":"https:\/\/iberoid.com\/pt\/wp-json\/wp\/v2\/types\/product"}],"replies":[{"embeddable":true,"href":"https:\/\/iberoid.com\/pt\/wp-json\/wp\/v2\/comments?post=9715"}],"wp:featuredmedia":[{"embeddable":true,"href":"https:\/\/iberoid.com\/pt\/wp-json\/wp\/v2\/media\/9716"}],"wp:attachment":[{"href":"https:\/\/iberoid.com\/pt\/wp-json\/wp\/v2\/media?parent=9715"}],"wp:term":[{"taxonomy":"product_brand","embeddable":true,"href":"https:\/\/iberoid.com\/pt\/wp-json\/wp\/v2\/product_brand?post=9715"},{"taxonomy":"product_cat","embeddable":true,"href":"https:\/\/iberoid.com\/pt\/wp-json\/wp\/v2\/product_cat?post=9715"},{"taxonomy":"product_tag","embeddable":true,"href":"https:\/\/iberoid.com\/pt\/wp-json\/wp\/v2\/product_tag?post=9715"}],"curies":[{"name":"wp","href":"https:\/\/api.w.org\/{rel}","templated":true}]}}