{"id":9726,"date":"2024-10-20T10:26:53","date_gmt":"2024-10-20T10:26:53","guid":{"rendered":"https:\/\/iberoid.com\/?post_type=product&#038;p=9726"},"modified":"2024-11-11T09:24:05","modified_gmt":"2024-11-11T09:24:05","slug":"tritrenbolone150mg-driada","status":"publish","type":"product","link":"https:\/\/iberoid.com\/pt\/product\/tritrenbolone150mg-driada\/","title":{"rendered":"Tremilad 150 mg\/ml (Trenbolone Mix)"},"content":{"rendered":"<p><\/p>\n<ul>\n<li><span>Ingrediente ativo: Acetato de trembolona: 50 mg\/ml, Carbonato de hexahidrobenzila de trembolona: 50 mg\/ml, Enantato de trembolona: 50 mg\/ml<\/span><\/li>\n<li><span>Tipo: Ester\u00f3ide anabolizante (derivado da 19-nortestosterona)<\/span><\/li>\n<li><span>Formul\u00e1rio: Inje\u00e7\u00e3o<\/span><\/li>\n<li><b><span>\u00d3leo transportador:<\/span><\/b><span>\u00a0\u00f3leo de gergelim<\/span><\/li>\n<\/ul>\n<h2><b><span>Descri\u00e7\u00e3o<\/span><\/b><\/h2>\n<p><span>Trembolona \u00e9 um ester\u00f3ide anabolizante injet\u00e1vel bem conhecido. O mais poderoso dos medicamentos dispon\u00edveis comercialmente. A trembolona n\u00e3o \u00e9 t\u00e3o agressiva como \u00e0s vezes \u00e9 descrita, mas definitivamente n\u00e3o \u00e9 um medicamento para iniciantes. \u00c9 normalmente usado por atletas avan\u00e7ados que est\u00e3o familiarizados com ester\u00f3ides. A trembolona \u00e9 um derivado da nandrolona, \u200b\u200bparte de um grupo de ester\u00f3ides anabolizantes conhecidos como compostos 19-nor (19-nortestosterona).<\/span><\/p>\n<p><span>Esta categoria \u00e9 caracterizada por uma estrutura molecular espec\u00edfica que n\u00e3o \u00e9 compar\u00e1vel a outros grupos. Essa diferen\u00e7a, juntamente com outras caracter\u00edsticas, confere ao medicamento a capacidade de criar uma conex\u00e3o est\u00e1vel com o receptor andr\u00f3geno e resist\u00eancia \u00e0 destrui\u00e7\u00e3o metab\u00f3lica no corpo. Isto demonstra um fato extremamente importante (que todos devem lembrar): a Trembolona \u00e9 um ester\u00f3ide anabolizante de for\u00e7a excepcional, o mais poderoso e dispon\u00edvel. Os n\u00fameros acima indicam que \u00e9 poss\u00edvel obter resultados impressionantes com pequenas doses. A trembolona \u00e9 um atalho para alcan\u00e7ar o efeito desejado.<\/span><\/p>\n<p><span>A trembolona exibe atividade androg\u00eanica e anab\u00f3lica com \u00edndice de 500, que \u00e9 cinco vezes a for\u00e7a da testosterona (\u00edndice 100). Para melhor compreens\u00e3o, podemos dizer que 200 mg de trembolona correspondem a 1000 mg de testosterona, e 500 mg correspondem a 2500 mg.<\/span><\/p>\n<p><span>O ester\u00f3ide mostra altas taxas de crescimento muscular. N\u00e3o ret\u00e9m \u00e1gua (em qualquer concentra\u00e7\u00e3o) devido \u00e0 falta de aromatiza\u00e7\u00e3o (capacidade de convers\u00e3o em estrog\u00eanio). Descobriu-se tamb\u00e9m que a trembolona estimula a produ\u00e7\u00e3o de IGF-1 (fator de crescimento semelhante \u00e0 insulina 1) nos tecidos musculares.<\/span><\/p>\n<p><span>Hoje, a trembolona \u00e9 usada legalmente como medicamento veterin\u00e1rio destinado a estimular o crescimento do gado. No entanto, continua a ser de particular interesse para a comunidade m\u00e9dica. Mas a trembolona ainda n\u00e3o recebeu a aprova\u00e7\u00e3o do FDA e n\u00e3o pode ser usada oficialmente em humanos.<\/span><\/p>\n<p><span>Quanto aos processos metab\u00f3licos, a trembolona \u00e9 absolutamente resistente \u00e0 enzima aromatase, respons\u00e1vel pela convers\u00e3o de andr\u00f3genos em estrog\u00eanios. Tem baixa atividade estrog\u00eanica e n\u00e3o pode ser convertido em estrog\u00eanio. A trembolona tamb\u00e9m \u00e9 completamente resistente \u00e0 enzima 5-alfa redutase, respons\u00e1vel pela convers\u00e3o da testosterona no andr\u00f3geno mais potente diidrotestosterona (DHT). N\u00e3o interage com a enzima 5-alfa redutase e n\u00e3o pode ser convertido em DHT.<\/span><\/p>\n<p><span>Os ciclos de trembolona s\u00e3o muito eficazes na queima de gordura ou na constru\u00e7\u00e3o muscular. Como mencionado acima, a droga se liga aos receptores hormonais catab\u00f3licos e bloqueia sua participa\u00e7\u00e3o na sinaliza\u00e7\u00e3o para as c\u00e9lulas musculares. Isto \u00e9 de particular import\u00e2ncia quando se trata do horm\u00f4nio catab\u00f3lico cortisol, que inibe o crescimento muscular, e a trembolona \u00e9 seu inibidor ativo. A n\u00edvel celular, atrav\u00e9s da sua a\u00e7\u00e3o anticatab\u00f3lica, a trembolona reduz os efeitos negativos do catabolismo, encurtando assim a dura\u00e7\u00e3o de dietas competitivas e programas de treino. Al\u00e9m disso, a influ\u00eancia da trembolona \u00e9 amplamente conhecida por suas propriedades cortantes: os receptores androg\u00eanicos est\u00e3o presentes nas c\u00e9lulas de gordura e, quando ativados, envolvem a c\u00e9lula no processo de queima de gordura. A trembolona \u00e9 capaz de reter nitrog\u00eanio no tecido muscular, o que \u00e9 importante para a manuten\u00e7\u00e3o da massa e do volume.<\/span><\/p>\n<h3><b><span>Efeitos<\/span><\/b><\/h3>\n<ul>\n<li><span>Crescimento muscular r\u00e1pido<\/span><\/li>\n<li><span>Queima de gordura<\/span><\/li>\n<li><span>Maior for\u00e7a<\/span><\/li>\n<\/ul>\n<h3><b><span>Efeitos colaterais<\/span><\/b><\/h3>\n<ul>\n<li><span>Supress\u00e3o da fun\u00e7\u00e3o testicular<\/span><\/li>\n<li><span>Problemas de sono<\/span><\/li>\n<li><span>humor negativo<\/span><\/li>\n<li><span>Aumento do n\u00edvel de prolactina<\/span><\/li>\n<\/ul>\n<h3><b><span>Dosagem<\/span><\/b><\/h3>\n<ul>\n<li><span>A varia\u00e7\u00e3o nos protocolos de dosagem de trembolona \u00e9 extremamente ampla. Come\u00e7a de 150 mg a 800 mg por semana.<\/span><\/li>\n<li><span>Mas a maioria das doses m\u00e9dias \u00e9 de 200-600 mg por semana.<\/span><\/li>\n<\/ul>\n<p><span>Tal prepara\u00e7\u00e3o foi criada para criar uma concentra\u00e7\u00e3o da subst\u00e2ncia no sangue t\u00e3o uniforme e prolongada quanto poss\u00edvel, para acelerar o in\u00edcio do efeito e prolongar a meia-vida. \u00c9 aconselh\u00e1vel administrar o medicamento 1 a 2 vezes por semana.<\/span><\/p>\n<h3><b><span>forma farmac\u00eautica<\/span><\/b><\/h3>\n<ul>\n<li><span>Solu\u00e7\u00e3o oleosa para inje\u00e7\u00e3o intramuscular.<\/span><\/li>\n<\/ul>\n<h3><b><span>Perfil<\/span><\/b><\/h3>\n<ul>\n<li><span>Meia-vida:-<\/span><\/li>\n<li><span>Frequ\u00eancia de ingest\u00e3o: 2 vezes por semana<\/span><\/li>\n<\/ul>\n<p><\/p>","protected":false},"excerpt":{"rendered":"<p>Ingrediente ativo: Acetato de trembolona: 50 mg\/ml, Carbonato de hexahidrobenzila de trembolona: 50 mg\/ml, Enantato de trembolona: 50 mg\/ml Tipo:<\/p>\n","protected":false},"featured_media":9727,"comment_status":"open","ping_status":"closed","template":"","meta":[],"product_brand":[],"product_cat":[69],"product_tag":[],"class_list":{"0":"post-9726","1":"product","2":"type-product","3":"status-publish","4":"has-post-thumbnail","6":"product_cat-esteroides_inyectables","8":"first","9":"outofstock","10":"sale","11":"shipping-taxable","12":"purchasable","13":"product-type-simple"},"yoast_head":"<!-- This site is optimized with the Yoast SEO Premium plugin v24.4 (Yoast SEO v27.0) - https:\/\/yoast.com\/product\/yoast-seo-premium-wordpress\/ -->\n<title>Tremilad 150 mg\/ml (Trenbolone Mix) - Ester\u00f3ides Online<\/title>\n<meta name=\"robots\" content=\"index, follow, max-snippet:-1, max-image-preview:large, max-video-preview:-1\" \/>\n<link rel=\"canonical\" href=\"https:\/\/iberoid.com\/pt\/product\/tritrenbolone150mg-driada\/\" \/>\n<meta property=\"og:locale\" content=\"pt_PT\" \/>\n<meta property=\"og:type\" content=\"article\" \/>\n<meta property=\"og:title\" content=\"Tremilad 150 mg\/ml (Trenbolone Mix)\" \/>\n<meta property=\"og:description\" content=\"Ingrediente ativo: Acetato de trembolona: 50 mg\/ml, Carbonato de hexahidrobenzila de trembolona: 50 mg\/ml, Enantato de trembolona: 50 mg\/ml Tipo:\" \/>\n<meta property=\"og:url\" content=\"https:\/\/iberoid.com\/pt\/product\/tritrenbolone150mg-driada\/\" \/>\n<meta property=\"og:site_name\" content=\"Ester\u00f3ides Online\" \/>\n<meta property=\"article:modified_time\" content=\"2024-11-11T09:24:05+00:00\" \/>\n<meta property=\"og:image\" content=\"https:\/\/iberoid.com\/wp-content\/uploads\/2024\/10\/tritrenbo-driada-scaled.webp\" \/>\n\t<meta property=\"og:image:width\" content=\"2560\" \/>\n\t<meta property=\"og:image:height\" content=\"2560\" \/>\n\t<meta property=\"og:image:type\" content=\"image\/webp\" \/>\n<meta name=\"twitter:card\" content=\"summary_large_image\" \/>\n<meta name=\"twitter:label1\" content=\"pre\u00e7o\" \/>\n\t<meta name=\"twitter:data1\" content=\"&euro;60.00\" \/>\n\t<meta name=\"twitter:label2\" content=\"Disponibilidade\" \/>\n\t<meta name=\"twitter:data2\" content=\"Esgotado\" \/>\n<script type=\"application\/ld+json\" class=\"yoast-schema-graph\">{\"@context\":\"https:\/\/schema.org\",\"@graph\":[{\"@type\":\"WebPage\",\"@id\":\"https:\/\/iberoid.com\/pt\/product\/tritrenbolone150mg-driada\/\",\"url\":\"https:\/\/iberoid.com\/pt\/product\/tritrenbolone150mg-driada\/\",\"name\":\"Tremilad 150 mg\/ml (Trenbolone Mix) - Ester\u00f3ides Online\",\"isPartOf\":{\"@id\":\"https:\/\/iberoid-shop.com\/#website\"},\"primaryImageOfPage\":{\"@id\":\"https:\/\/iberoid.com\/pt\/product\/tritrenbolone150mg-driada\/#primaryimage\"},\"image\":{\"@id\":\"https:\/\/iberoid.com\/pt\/product\/tritrenbolone150mg-driada\/#primaryimage\"},\"thumbnailUrl\":\"https:\/\/iberoid.com\/wp-content\/uploads\/2024\/10\/tritrenbo-driada-scaled.webp\",\"datePublished\":\"2024-10-20T10:26:53+00:00\",\"dateModified\":\"2024-11-11T09:24:05+00:00\",\"breadcrumb\":{\"@id\":\"https:\/\/iberoid.com\/pt\/product\/tritrenbolone150mg-driada\/#breadcrumb\"},\"inLanguage\":\"pt-PT\",\"potentialAction\":[{\"@type\":\"ReadAction\",\"target\":[[\"https:\/\/iberoid.com\/pt\/product\/tritrenbolone150mg-driada\/\"]]}]},{\"@type\":\"ImageObject\",\"inLanguage\":\"pt-PT\",\"@id\":\"https:\/\/iberoid.com\/pt\/product\/tritrenbolone150mg-driada\/#primaryimage\",\"url\":\"https:\/\/iberoid.com\/wp-content\/uploads\/2024\/10\/tritrenbo-driada-scaled.webp\",\"contentUrl\":\"https:\/\/iberoid.com\/wp-content\/uploads\/2024\/10\/tritrenbo-driada-scaled.webp\",\"width\":2560,\"height\":2560},{\"@type\":\"BreadcrumbList\",\"@id\":\"https:\/\/iberoid.com\/pt\/product\/tritrenbolone150mg-driada\/#breadcrumb\",\"itemListElement\":[{\"@type\":\"ListItem\",\"position\":1,\"name\":\"Portada\",\"item\":\"https:\/\/iberoid.com\/pt\/\"},{\"@type\":\"ListItem\",\"position\":2,\"name\":\"Loja\",\"item\":\"https:\/\/iberoid.com\/pt\/shop\/\"},{\"@type\":\"ListItem\",\"position\":3,\"name\":\"Tremilad 150 mg\/ml (Trenbolone Mix)\"}]},{\"@type\":\"WebSite\",\"@id\":\"https:\/\/iberoid-shop.com\/#website\",\"url\":\"https:\/\/iberoid-shop.com\/\",\"name\":\"Ester\u00f3ides Online\",\"description\":\"Compre ester\u00f3ides online hoje em Espanha e Portugal. Temos o melhor servi\u00e7o ao cliente do setor e produtos da mais alta qualidade\",\"potentialAction\":[{\"@type\":\"SearchAction\",\"target\":{\"@type\":\"EntryPoint\",\"urlTemplate\":\"https:\/\/iberoid-shop.com\/?s={search_term_string}\"},\"query-input\":{\"@type\":\"PropertyValueSpecification\",\"valueRequired\":true,\"valueName\":\"search_term_string\"}}],\"inLanguage\":\"pt-PT\"}]}<\/script>\n<meta property=\"product:brand\" content=\"Driada\" \/>\n<meta property=\"product:price:amount\" content=\"60.00\" \/>\n<meta property=\"product:price:currency\" content=\"EUR\" \/>\n<meta property=\"og:availability\" content=\"out of stock\" \/>\n<meta property=\"product:availability\" content=\"out of stock\" \/>\n<meta property=\"product:condition\" content=\"new\" \/>\n<!-- \/ Yoast SEO Premium plugin. -->","yoast_head_json":{"title":"Tremilad 150 mg\/ml (Trenbolone Mix) - Ester\u00f3ides Online","robots":{"index":"index","follow":"follow","max-snippet":"max-snippet:-1","max-image-preview":"max-image-preview:large","max-video-preview":"max-video-preview:-1"},"canonical":"https:\/\/iberoid.com\/pt\/product\/tritrenbolone150mg-driada\/","og_locale":"pt_PT","og_type":"article","og_title":"Tremilad 150 mg\/ml (Trenbolone Mix)","og_description":"Ingrediente ativo: Acetato de trembolona: 50 mg\/ml, Carbonato de hexahidrobenzila de trembolona: 50 mg\/ml, Enantato de trembolona: 50 mg\/ml Tipo:","og_url":"https:\/\/iberoid.com\/pt\/product\/tritrenbolone150mg-driada\/","og_site_name":"Ester\u00f3ides Online","article_modified_time":"2024-11-11T09:24:05+00:00","og_image":[{"width":2560,"height":2560,"url":"https:\/\/iberoid.com\/wp-content\/uploads\/2024\/10\/tritrenbo-driada-scaled.webp","type":"image\/webp"}],"twitter_card":"summary_large_image","twitter_misc":{"pre\u00e7o":"&euro;60.00","Disponibilidade":"Esgotado"},"schema":{"@context":"https:\/\/schema.org","@graph":[{"@type":"WebPage","@id":"https:\/\/iberoid.com\/pt\/product\/tritrenbolone150mg-driada\/","url":"https:\/\/iberoid.com\/pt\/product\/tritrenbolone150mg-driada\/","name":"Tremilad 150 mg\/ml (Trenbolone Mix) - Ester\u00f3ides Online","isPartOf":{"@id":"https:\/\/iberoid-shop.com\/#website"},"primaryImageOfPage":{"@id":"https:\/\/iberoid.com\/pt\/product\/tritrenbolone150mg-driada\/#primaryimage"},"image":{"@id":"https:\/\/iberoid.com\/pt\/product\/tritrenbolone150mg-driada\/#primaryimage"},"thumbnailUrl":"https:\/\/iberoid.com\/wp-content\/uploads\/2024\/10\/tritrenbo-driada-scaled.webp","datePublished":"2024-10-20T10:26:53+00:00","dateModified":"2024-11-11T09:24:05+00:00","breadcrumb":{"@id":"https:\/\/iberoid.com\/pt\/product\/tritrenbolone150mg-driada\/#breadcrumb"},"inLanguage":"pt-PT","potentialAction":[{"@type":"ReadAction","target":[["https:\/\/iberoid.com\/pt\/product\/tritrenbolone150mg-driada\/"]]}]},{"@type":"ImageObject","inLanguage":"pt-PT","@id":"https:\/\/iberoid.com\/pt\/product\/tritrenbolone150mg-driada\/#primaryimage","url":"https:\/\/iberoid.com\/wp-content\/uploads\/2024\/10\/tritrenbo-driada-scaled.webp","contentUrl":"https:\/\/iberoid.com\/wp-content\/uploads\/2024\/10\/tritrenbo-driada-scaled.webp","width":2560,"height":2560},{"@type":"BreadcrumbList","@id":"https:\/\/iberoid.com\/pt\/product\/tritrenbolone150mg-driada\/#breadcrumb","itemListElement":[{"@type":"ListItem","position":1,"name":"Portada","item":"https:\/\/iberoid.com\/pt\/"},{"@type":"ListItem","position":2,"name":"Loja","item":"https:\/\/iberoid.com\/pt\/shop\/"},{"@type":"ListItem","position":3,"name":"Tremilad 150 mg\/ml (Trenbolone Mix)"}]},{"@type":"WebSite","@id":"https:\/\/iberoid-shop.com\/#website","url":"https:\/\/iberoid-shop.com\/","name":"Ester\u00f3ides Online","description":"Compre ester\u00f3ides online hoje em Espanha e Portugal. Temos o melhor servi\u00e7o ao cliente do setor e produtos da mais alta qualidade","potentialAction":[{"@type":"SearchAction","target":{"@type":"EntryPoint","urlTemplate":"https:\/\/iberoid-shop.com\/?s={search_term_string}"},"query-input":{"@type":"PropertyValueSpecification","valueRequired":true,"valueName":"search_term_string"}}],"inLanguage":"pt-PT"}]},"product_brand":"Driada","product_price_amount":"60.00","product_price_currency":"EUR","og_availability":"out of stock","product_availability":"out of stock","product_condition":"new"},"_links":{"self":[{"href":"https:\/\/iberoid.com\/pt\/wp-json\/wp\/v2\/product\/9726","targetHints":{"allow":["GET"]}}],"collection":[{"href":"https:\/\/iberoid.com\/pt\/wp-json\/wp\/v2\/product"}],"about":[{"href":"https:\/\/iberoid.com\/pt\/wp-json\/wp\/v2\/types\/product"}],"replies":[{"embeddable":true,"href":"https:\/\/iberoid.com\/pt\/wp-json\/wp\/v2\/comments?post=9726"}],"wp:featuredmedia":[{"embeddable":true,"href":"https:\/\/iberoid.com\/pt\/wp-json\/wp\/v2\/media\/9727"}],"wp:attachment":[{"href":"https:\/\/iberoid.com\/pt\/wp-json\/wp\/v2\/media?parent=9726"}],"wp:term":[{"taxonomy":"product_brand","embeddable":true,"href":"https:\/\/iberoid.com\/pt\/wp-json\/wp\/v2\/product_brand?post=9726"},{"taxonomy":"product_cat","embeddable":true,"href":"https:\/\/iberoid.com\/pt\/wp-json\/wp\/v2\/product_cat?post=9726"},{"taxonomy":"product_tag","embeddable":true,"href":"https:\/\/iberoid.com\/pt\/wp-json\/wp\/v2\/product_tag?post=9726"}],"curies":[{"name":"wp","href":"https:\/\/api.w.org\/{rel}","templated":true}]}}