{"id":9728,"date":"2024-10-20T10:29:40","date_gmt":"2024-10-20T10:29:40","guid":{"rendered":"https:\/\/iberoid.com\/?post_type=product&#038;p=9728"},"modified":"2024-12-05T20:00:29","modified_gmt":"2024-12-05T20:00:29","slug":"testosterone-enanthate-driada","status":"publish","type":"product","link":"https:\/\/iberoid.com\/pt\/product\/testosterone-enanthate-driada\/","title":{"rendered":"Testos 250 mg\/ml (Testosterone Enanthate)"},"content":{"rendered":"<p><\/p>\n<ul>\n<li>Ingr\u00e9dient actif : Enanthate de testost\u00e9rone<\/li>\n<li>Type : St\u00e9ro\u00efde anabolisant (D\u00e9riv\u00e9 de la testost\u00e9rone)<\/li>\n<li>Forme : Injections<\/li>\n<li><b>Huile de support :\u00a0<\/b>Huile de p\u00e9pins de raisin + MCT<\/li>\n<\/ul>\n<h2>Qu&#8217;est-ce que l&#8217;Enanthate de testost\u00e9rone ?<\/h2>\n<p>L&#8217;Enanthate de testost\u00e9rone 250 mg est une forme injectable de testost\u00e9rone, l&#8217;hormone sexuelle m\u00e2le principale, avec un ester attach\u00e9, l&#8217;enanthate.<\/p>\n<p>La demi-vie de l&#8217;hormone testost\u00e9rone sans ester est de plusieurs heures. Il est tr\u00e8s incommode de faire des injections toutes les quelques heures, c&#8217;est pourquoi les scientifiques ont ajout\u00e9 l&#8217;ester enanthate, qui ralentit la lib\u00e9ration de la testost\u00e9rone dans le sang et augmente la\u00a0<b>demi-vie \u00e0 5-6 jours<\/b>.<\/p>\n<p>L&#8217;Androne 250 Enanthate de testost\u00e9rone est utilis\u00e9 dans le traitement hormonal substitutif et \u00e9galement dans le sport pour augmenter la vitesse des indicateurs de force, la croissance de la masse musculaire, ainsi que la pr\u00e9servation de la masse musculaire pendant le processus de coupe (br\u00fblure des graisses).<\/p>\n<h3>Injections d&#8217;Enanthate de testost\u00e9rone 250 mg : Objectif et efficacit\u00e9<\/h3>\n<ul>\n<li>Le principal objectif des injections de Test Enanthate est le\u00a0<b>traitement du d\u00e9clin de la testost\u00e9rone li\u00e9 \u00e0 l&#8217;\u00e2ge<\/b>. Les injections de test enanthate en Europe (le cypionate de testost\u00e9rone est utilis\u00e9 aux \u00c9tats-Unis) sont consid\u00e9r\u00e9es comme le moyen le plus efficace pour le traitement hormonal substitutif (THS) et sont recommand\u00e9es dans les directives m\u00e9dicales.<\/li>\n<li>Le m\u00e9dicament lui-m\u00eame contribue \u00e0 d\u00e9velopper les muscles en g\u00e9n\u00e9rant des prot\u00e9ines, ce qui augmente ensuite la force musculaire.<\/li>\n<li>La prot\u00e9ine musculaire de la testost\u00e9rone\u00a0<b>forme le catabolisme<\/b>\u00a0(d\u00e9gradation) pendant les p\u00e9riodes de d\u00e9ficit calorique dans le processus de br\u00fblage des graisses ou de perte de poids.<\/li>\n<li>La testost\u00e9rone est une hormone qui joue un r\u00f4le cl\u00e9 dans le m\u00e9tabolisme des glucides, des lipides et des prot\u00e9ines. On sait depuis un certain temps que la testost\u00e9rone a une influence majeure sur la composition corporelle en graisse et la masse musculaire chez l&#8217;homme.<\/li>\n<\/ul>\n<h3>Principaux bienfaits pour la sant\u00e9 de Test Enanthate 250 mg pour le corps<\/h3>\n<p>Le m\u00e9dicament a un impact significatif sur la sant\u00e9 et le bien-\u00eatre. Plus important encore, il a des effets b\u00e9n\u00e9fiques sur l&#8217;<b>humeur<\/b>, les niveaux d&#8217;<b>\u00e9nergie<\/b>\u00a0et le\u00a0<b>sentiment de bien-\u00eatre<\/b>\u00a0des patients, la fonction sexuelle, la masse corporelle maigre et la force musculaire, l&#8217;\u00e9rythropo\u00ef\u00e8se et la densit\u00e9 min\u00e9rale osseuse (DMO), la cognition, et certains avantages sur les facteurs de risque cardiovasculaire.<\/p>\n<h2>Comment utiliser l&#8217;Androne 250 Enanthate de testost\u00e9rone ?<\/h2>\n<p>L&#8217;Androne 250 Test Enanthate est utilis\u00e9 par injection intramusculaire. La demi-vie et les instructions du m\u00e9decin d\u00e9terminent la fr\u00e9quence des injections. Pour obtenir un \u00e9quilibre hormonal plus r\u00e9gulier, des injections plus fr\u00e9quentes sont pr\u00e9f\u00e9rables.<\/p>\n<h3>Combien par jour<\/h3>\n<p>Il n&#8217;est pas n\u00e9cessaire d&#8217;injecter Test Enanthate tous les jours ; g\u00e9n\u00e9ralement, les injections sont effectu\u00e9es tous les 3 \u00e0 7 jours, selon le dosage et les objectifs.<\/p>\n<p>Pour le traitement hormonal substitutif (THS), le dosage commence \u00e0 partir de\u00a0<b>125 mg en 5 jours<\/b>.<\/p>\n<p>Pour la musculation et le fitness, il augmente jusqu&#8217;\u00e0 1 gramme par semaine.<\/p>\n<h3>Demi-vie<\/h3>\n<p>Test enanthate est une version est\u00e9rifi\u00e9e (r\u00e9action au cours de laquelle un ester est form\u00e9) de la testost\u00e9rone avec une demi-vie de 5-6 jours.<\/p>\n<h2>Recommandations de dosage pour les hommes et les femmes<\/h2>\n<ul>\n<li>Pour traiter la\u00a0<u>d\u00e9ficience en androg\u00e8nes<\/u>, la dose recommand\u00e9e est de\u00a0<b>125 \u00e0 250 mg<\/b>, administr\u00e9e chaque semaine.<\/li>\n<\/ul>\n<ul>\n<li>Le\u00a0<u>cycle de musculation<\/u>\u00a0o\u00f9 la testost\u00e9rone est souvent privil\u00e9gi\u00e9e, surtout lorsque la l\u00e9g\u00e8re r\u00e9tention d&#8217;eau n&#8217;est pas un probl\u00e8me, elle est donc g\u00e9n\u00e9ralement inject\u00e9e chaque semaine pour la croissance musculaire. Lorsqu&#8217;elle est utilis\u00e9e pour am\u00e9liorer l&#8217;apparence physique ou la performance, le dosage typique est compris entre\u00a0<b>250 et 750 mg<\/b>\u00a0par semaine, et cela est suivi en cycles allant\u00a0<b>de 6 \u00e0 12 semaines<\/b>. La plupart des utilisateurs trouvent que cela suffit pour obtenir des am\u00e9liorations significatives en termes de volume et de puissance musculaire.<\/li>\n<li>Si la\u00a0<u>d\u00e9finition musculaire et la coupe<\/u>\u00a0sont votre objectif, vous pouvez inclure la testost\u00e9rone dans le cycle, g\u00e9n\u00e9ralement \u00e0 des doses plus faibles de\u00a0<b>100 \u00e0 200 mg<\/b>\u00a0par semaine. Dans ces cas, il peut \u00eatre associ\u00e9 \u00e0 un inhibiteur de l&#8217;aromatase pour g\u00e9rer les niveaux d&#8217;\u0153strog\u00e8nes.<\/li>\n<\/ul>\n<p>N\u00e9anmoins, certaines personnes pr\u00e9f\u00e8rent le combiner avec d&#8217;autres st\u00e9ro\u00efdes anabolisants\/androg\u00e8nes pour am\u00e9liorer ses effets. Si vous optez pour cette approche, ajouter 200 \u00e0 400 mg suppl\u00e9mentaires par semaine de compos\u00e9s comme le\u00a0und\u00e9cyl\u00e9nate de bold\u00e9none, le\u00a0enanthate de m\u00e9th\u00e9nolone, ou le\u00a0d\u00e9canoate de nandrolone\u00a0peut offrir des r\u00e9sultats remarquables sans affecter significativement le foie. L&#8217;adaptabilit\u00e9 du m\u00e9dicament signifie qu&#8217;il peut \u00eatre associ\u00e9 \u00e0 divers autres st\u00e9ro\u00efdes anabolisants\/androg\u00e8nes pour obtenir des r\u00e9sultats sp\u00e9cifiques.<\/p>\n<p>En m\u00e9decine clinique, le test enanthate est rarement utilis\u00e9 pour les\u00a0<b>femmes<\/b>. Il est g\u00e9n\u00e9ralement utilis\u00e9 comme traitement auxiliaire du\u00a0<b>cancer du sein inop\u00e9rable<\/b>\u00a0lorsque les autres traitements n&#8217;ont pas donn\u00e9 les r\u00e9sultats souhait\u00e9s, et il est essentiel de\u00a0<b>supprimer l&#8217;activit\u00e9 ovarienne<\/b>. En raison de ses puissantes propri\u00e9t\u00e9s androg\u00e8nes, du risque potentiel d&#8217;effets secondaires virilisants et de sa nature \u00e0 lib\u00e9ration lente (ce qui rend difficile la surveillance des niveaux sanguins), le test enanthate est\u00a0<u>d\u00e9conseill\u00e9 aux femmes<\/u>\u00a0qui cherchent \u00e0 am\u00e9liorer leur physique ou leurs performances.<\/p>\n<p>Cependant, certaines athl\u00e8tes professionnelles l&#8217;utilisent \u00e0 faibles doses pendant les phases d&#8217;entra\u00eenement de pointe.<\/p>","protected":false},"excerpt":{"rendered":"<p>Ingr\u00e9dient actif : Enanthate de testost\u00e9rone Type : St\u00e9ro\u00efde anabolisant (D\u00e9riv\u00e9 de la testost\u00e9rone) Forme : Injections Huile de support<\/p>\n","protected":false},"featured_media":9729,"comment_status":"open","ping_status":"closed","template":"","meta":[],"product_brand":[],"product_cat":[69],"product_tag":[],"class_list":{"0":"post-9728","1":"product","2":"type-product","3":"status-publish","4":"has-post-thumbnail","6":"product_cat-esteroides_inyectables","8":"first","9":"outofstock","10":"sale","11":"shipping-taxable","12":"purchasable","13":"product-type-simple"},"yoast_head":"<!-- This site is optimized with the Yoast SEO Premium plugin v24.4 (Yoast SEO v27.0) - https:\/\/yoast.com\/product\/yoast-seo-premium-wordpress\/ -->\n<title>Testos 250 mg\/ml (Testosterone Enanthate) - Ester\u00f3ides Online<\/title>\n<meta name=\"robots\" content=\"index, follow, max-snippet:-1, max-image-preview:large, max-video-preview:-1\" \/>\n<link rel=\"canonical\" href=\"https:\/\/iberoid.com\/pt\/product\/testosterone-enanthate-driada\/\" \/>\n<meta property=\"og:locale\" content=\"pt_PT\" \/>\n<meta property=\"og:type\" content=\"article\" \/>\n<meta property=\"og:title\" content=\"Testos 250 mg\/ml (Testosterone Enanthate)\" \/>\n<meta property=\"og:description\" content=\"Ingr\u00e9dient actif : Enanthate de testost\u00e9rone Type : St\u00e9ro\u00efde anabolisant (D\u00e9riv\u00e9 de la testost\u00e9rone) Forme : Injections Huile de support\" \/>\n<meta property=\"og:url\" content=\"https:\/\/iberoid.com\/pt\/product\/testosterone-enanthate-driada\/\" \/>\n<meta property=\"og:site_name\" content=\"Ester\u00f3ides Online\" \/>\n<meta property=\"article:modified_time\" content=\"2024-12-05T20:00:29+00:00\" \/>\n<meta property=\"og:image\" content=\"https:\/\/iberoid.com\/wp-content\/uploads\/2024\/10\/testos-driada-medical.webp\" \/>\n\t<meta property=\"og:image:width\" content=\"1000\" \/>\n\t<meta property=\"og:image:height\" content=\"1000\" \/>\n\t<meta property=\"og:image:type\" content=\"image\/webp\" \/>\n<meta name=\"twitter:card\" content=\"summary_large_image\" \/>\n<meta name=\"twitter:label1\" content=\"pre\u00e7o\" \/>\n\t<meta name=\"twitter:data1\" content=\"&euro;40.00\" \/>\n\t<meta name=\"twitter:label2\" content=\"Disponibilidade\" \/>\n\t<meta name=\"twitter:data2\" content=\"Esgotado\" \/>\n<script type=\"application\/ld+json\" class=\"yoast-schema-graph\">{\"@context\":\"https:\/\/schema.org\",\"@graph\":[{\"@type\":\"WebPage\",\"@id\":\"https:\/\/iberoid.com\/pt\/product\/testosterone-enanthate-driada\/\",\"url\":\"https:\/\/iberoid.com\/pt\/product\/testosterone-enanthate-driada\/\",\"name\":\"Testos 250 mg\/ml (Testosterone Enanthate) - Ester\u00f3ides Online\",\"isPartOf\":{\"@id\":\"https:\/\/iberoid-shop.com\/#website\"},\"primaryImageOfPage\":{\"@id\":\"https:\/\/iberoid.com\/pt\/product\/testosterone-enanthate-driada\/#primaryimage\"},\"image\":{\"@id\":\"https:\/\/iberoid.com\/pt\/product\/testosterone-enanthate-driada\/#primaryimage\"},\"thumbnailUrl\":\"https:\/\/iberoid.com\/wp-content\/uploads\/2024\/10\/testos-driada-medical.webp\",\"datePublished\":\"2024-10-20T10:29:40+00:00\",\"dateModified\":\"2024-12-05T20:00:29+00:00\",\"breadcrumb\":{\"@id\":\"https:\/\/iberoid.com\/pt\/product\/testosterone-enanthate-driada\/#breadcrumb\"},\"inLanguage\":\"pt-PT\",\"potentialAction\":[{\"@type\":\"ReadAction\",\"target\":[[\"https:\/\/iberoid.com\/pt\/product\/testosterone-enanthate-driada\/\"]]}]},{\"@type\":\"ImageObject\",\"inLanguage\":\"pt-PT\",\"@id\":\"https:\/\/iberoid.com\/pt\/product\/testosterone-enanthate-driada\/#primaryimage\",\"url\":\"https:\/\/iberoid.com\/wp-content\/uploads\/2024\/10\/testos-driada-medical.webp\",\"contentUrl\":\"https:\/\/iberoid.com\/wp-content\/uploads\/2024\/10\/testos-driada-medical.webp\",\"width\":1000,\"height\":1000},{\"@type\":\"BreadcrumbList\",\"@id\":\"https:\/\/iberoid.com\/pt\/product\/testosterone-enanthate-driada\/#breadcrumb\",\"itemListElement\":[{\"@type\":\"ListItem\",\"position\":1,\"name\":\"Portada\",\"item\":\"https:\/\/iberoid.com\/pt\/\"},{\"@type\":\"ListItem\",\"position\":2,\"name\":\"Loja\",\"item\":\"https:\/\/iberoid.com\/pt\/shop\/\"},{\"@type\":\"ListItem\",\"position\":3,\"name\":\"Testos 250 mg\/ml (Testosterone Enanthate)\"}]},{\"@type\":\"WebSite\",\"@id\":\"https:\/\/iberoid-shop.com\/#website\",\"url\":\"https:\/\/iberoid-shop.com\/\",\"name\":\"Ester\u00f3ides Online\",\"description\":\"Compre ester\u00f3ides online hoje em Espanha e Portugal. Temos o melhor servi\u00e7o ao cliente do setor e produtos da mais alta qualidade\",\"potentialAction\":[{\"@type\":\"SearchAction\",\"target\":{\"@type\":\"EntryPoint\",\"urlTemplate\":\"https:\/\/iberoid-shop.com\/?s={search_term_string}\"},\"query-input\":{\"@type\":\"PropertyValueSpecification\",\"valueRequired\":true,\"valueName\":\"search_term_string\"}}],\"inLanguage\":\"pt-PT\"}]}<\/script>\n<meta property=\"product:brand\" content=\"Driada\" \/>\n<meta property=\"product:price:amount\" content=\"40.00\" \/>\n<meta property=\"product:price:currency\" content=\"EUR\" \/>\n<meta property=\"og:availability\" content=\"out of stock\" \/>\n<meta property=\"product:availability\" content=\"out of stock\" \/>\n<meta property=\"product:condition\" content=\"new\" \/>\n<!-- \/ Yoast SEO Premium plugin. -->","yoast_head_json":{"title":"Testos 250 mg\/ml (Testosterone Enanthate) - Ester\u00f3ides Online","robots":{"index":"index","follow":"follow","max-snippet":"max-snippet:-1","max-image-preview":"max-image-preview:large","max-video-preview":"max-video-preview:-1"},"canonical":"https:\/\/iberoid.com\/pt\/product\/testosterone-enanthate-driada\/","og_locale":"pt_PT","og_type":"article","og_title":"Testos 250 mg\/ml (Testosterone Enanthate)","og_description":"Ingr\u00e9dient actif : Enanthate de testost\u00e9rone Type : St\u00e9ro\u00efde anabolisant (D\u00e9riv\u00e9 de la testost\u00e9rone) Forme : Injections Huile de support","og_url":"https:\/\/iberoid.com\/pt\/product\/testosterone-enanthate-driada\/","og_site_name":"Ester\u00f3ides Online","article_modified_time":"2024-12-05T20:00:29+00:00","og_image":[{"width":1000,"height":1000,"url":"https:\/\/iberoid.com\/wp-content\/uploads\/2024\/10\/testos-driada-medical.webp","type":"image\/webp"}],"twitter_card":"summary_large_image","twitter_misc":{"pre\u00e7o":"&euro;40.00","Disponibilidade":"Esgotado"},"schema":{"@context":"https:\/\/schema.org","@graph":[{"@type":"WebPage","@id":"https:\/\/iberoid.com\/pt\/product\/testosterone-enanthate-driada\/","url":"https:\/\/iberoid.com\/pt\/product\/testosterone-enanthate-driada\/","name":"Testos 250 mg\/ml (Testosterone Enanthate) - Ester\u00f3ides Online","isPartOf":{"@id":"https:\/\/iberoid-shop.com\/#website"},"primaryImageOfPage":{"@id":"https:\/\/iberoid.com\/pt\/product\/testosterone-enanthate-driada\/#primaryimage"},"image":{"@id":"https:\/\/iberoid.com\/pt\/product\/testosterone-enanthate-driada\/#primaryimage"},"thumbnailUrl":"https:\/\/iberoid.com\/wp-content\/uploads\/2024\/10\/testos-driada-medical.webp","datePublished":"2024-10-20T10:29:40+00:00","dateModified":"2024-12-05T20:00:29+00:00","breadcrumb":{"@id":"https:\/\/iberoid.com\/pt\/product\/testosterone-enanthate-driada\/#breadcrumb"},"inLanguage":"pt-PT","potentialAction":[{"@type":"ReadAction","target":[["https:\/\/iberoid.com\/pt\/product\/testosterone-enanthate-driada\/"]]}]},{"@type":"ImageObject","inLanguage":"pt-PT","@id":"https:\/\/iberoid.com\/pt\/product\/testosterone-enanthate-driada\/#primaryimage","url":"https:\/\/iberoid.com\/wp-content\/uploads\/2024\/10\/testos-driada-medical.webp","contentUrl":"https:\/\/iberoid.com\/wp-content\/uploads\/2024\/10\/testos-driada-medical.webp","width":1000,"height":1000},{"@type":"BreadcrumbList","@id":"https:\/\/iberoid.com\/pt\/product\/testosterone-enanthate-driada\/#breadcrumb","itemListElement":[{"@type":"ListItem","position":1,"name":"Portada","item":"https:\/\/iberoid.com\/pt\/"},{"@type":"ListItem","position":2,"name":"Loja","item":"https:\/\/iberoid.com\/pt\/shop\/"},{"@type":"ListItem","position":3,"name":"Testos 250 mg\/ml (Testosterone Enanthate)"}]},{"@type":"WebSite","@id":"https:\/\/iberoid-shop.com\/#website","url":"https:\/\/iberoid-shop.com\/","name":"Ester\u00f3ides Online","description":"Compre ester\u00f3ides online hoje em Espanha e Portugal. Temos o melhor servi\u00e7o ao cliente do setor e produtos da mais alta qualidade","potentialAction":[{"@type":"SearchAction","target":{"@type":"EntryPoint","urlTemplate":"https:\/\/iberoid-shop.com\/?s={search_term_string}"},"query-input":{"@type":"PropertyValueSpecification","valueRequired":true,"valueName":"search_term_string"}}],"inLanguage":"pt-PT"}]},"product_brand":"Driada","product_price_amount":"40.00","product_price_currency":"EUR","og_availability":"out of stock","product_availability":"out of stock","product_condition":"new"},"_links":{"self":[{"href":"https:\/\/iberoid.com\/pt\/wp-json\/wp\/v2\/product\/9728","targetHints":{"allow":["GET"]}}],"collection":[{"href":"https:\/\/iberoid.com\/pt\/wp-json\/wp\/v2\/product"}],"about":[{"href":"https:\/\/iberoid.com\/pt\/wp-json\/wp\/v2\/types\/product"}],"replies":[{"embeddable":true,"href":"https:\/\/iberoid.com\/pt\/wp-json\/wp\/v2\/comments?post=9728"}],"wp:featuredmedia":[{"embeddable":true,"href":"https:\/\/iberoid.com\/pt\/wp-json\/wp\/v2\/media\/9729"}],"wp:attachment":[{"href":"https:\/\/iberoid.com\/pt\/wp-json\/wp\/v2\/media?parent=9728"}],"wp:term":[{"taxonomy":"product_brand","embeddable":true,"href":"https:\/\/iberoid.com\/pt\/wp-json\/wp\/v2\/product_brand?post=9728"},{"taxonomy":"product_cat","embeddable":true,"href":"https:\/\/iberoid.com\/pt\/wp-json\/wp\/v2\/product_cat?post=9728"},{"taxonomy":"product_tag","embeddable":true,"href":"https:\/\/iberoid.com\/pt\/wp-json\/wp\/v2\/product_tag?post=9728"}],"curies":[{"name":"wp","href":"https:\/\/api.w.org\/{rel}","templated":true}]}}