{"id":9730,"date":"2024-10-20T10:32:53","date_gmt":"2024-10-20T10:32:53","guid":{"rendered":"https:\/\/iberoid.com\/?post_type=product&#038;p=9730"},"modified":"2025-02-16T08:08:02","modified_gmt":"2025-02-16T08:08:02","slug":"boldelad-250-mg-ml-boldenone-undecylenatedriada","status":"publish","type":"product","link":"https:\/\/iberoid.com\/pt\/product\/boldelad-250-mg-ml-boldenone-undecylenatedriada\/","title":{"rendered":"Boldelad 250 mg\/ml (Boldenone Undecylenate)"},"content":{"rendered":"<p><\/p>\n<ul>\n<li>Princ\u00edpio ativo: Undecilenato de Boldenona<\/li>\n<li>Tipo: ester\u00f3ide anabolizante (derivado da testosterona)<\/li>\n<li>Formul\u00e1rio: Inje\u00e7\u00f5es<\/li>\n<li><strong>\u00d3leo transportador:\u00a0<\/strong>\u00a0\u00f3leo de gergelim<\/li>\n<\/ul>\n<h2><strong>O que \u00e9 Boldenona?<\/strong><\/h2>\n<div>Boldenona \u00e9 um derivado do ester\u00f3ide anabolizante testosterona. Suas principais a\u00e7\u00f5es s\u00e3o construir massa muscular de alta qualidade e aumentar a for\u00e7a, aumentar o relevo do corpo (em combina\u00e7\u00e3o com o chamado \u201ccorte\u201d), aumentar o padr\u00e3o venoso, aumentar a energia, melhorar o bem-estar, aumentar a auto-estima e assim por diante.<\/div>\n<div><\/div>\n<div>O medicamento foi originalmente desenvolvido para aumentar a massa muscular em animais e era utilizado exclusivamente na medicina veterin\u00e1ria. Um pouco mais tarde, a f\u00f3rmula da Boldenona foi estudada mais detalhadamente e como resultado foi recomendado seu uso em humanos. Sua f\u00f3rmula cont\u00e9m uma liga\u00e7\u00e3o dupla entre os primeiros \u00e1tomos de carbono. Isso contribuiu para que o risco de efeitos colaterais decorrentes do uso do medicamento fosse significativamente pequeno e a diversidade desses efeitos fosse limitada.<\/div>\n<div><\/div>\n<div>A droga tem boas cr\u00edticas, pois seu \u00edndice androg\u00eanico \u00e9 duas vezes menor que a testosterona, e o \u00edndice anab\u00f3lico \u00e9 o mesmo &#8211; cem. N\u00e3o possui atividade estrog\u00eanica e progestog\u00eanica e, o que \u00e9 mais importante, n\u00e3o \u00e9 absolutamente t\u00f3xico para o f\u00edgado.<\/div>\n<div><\/div>\n<div>A droga \u00e9 excretada do corpo pelos rins. A meia-vida \u00e9 de duas semanas (ou quatorze dias). \u00c9 poss\u00edvel detectar o medicamento no organismo quase seis meses ap\u00f3s a \u00faltima dose, uma vez que as mol\u00e9culas de Boldenona podem ser completamente excretadas do organismo quatro (em alguns casos at\u00e9 dez) meses ap\u00f3s a toma da \u00faltima dose.<\/div>\n<div><\/div>\n<div>Al\u00e9m disso, a droga enrijece os m\u00fasculos e melhora a vasculariza\u00e7\u00e3o. Quanto aos efeitos gerais, aumenta significativamente o apetite e a contagem de gl\u00f3bulos vermelhos e promove a libera\u00e7\u00e3o de eritropoietina nos rins, pois melhora o fornecimento de oxig\u00eanio aos tecidos, mas o sangue fica muito espesso, o que pode causar trombose e problemas. no sistema cardiovascular.<\/div>\n<div><\/div>\n<div>A Boldenona n\u00e3o \u00e9 pass\u00edvel de aromatiza\u00e7\u00e3o, n\u00e3o ativa os receptores de estrog\u00eanio, tem muito menos propriedades androg\u00eanicas e, diferentemente de outros esteroides, pode ser usada por pessoas com doen\u00e7as da pr\u00f3stata.<\/div>\n<div><\/div>\n<div>Bboldenona tamb\u00e9m \u00e9 usada em cursos de testosterona como um inibidor anab\u00f3lico e suave da aromatase. Em indiv\u00edduos n\u00e3o propensos a aromatiza\u00e7\u00e3o forte, a boldenona pode substituir a necessidade de tomar anastrasol.<\/div>\n<div><\/div>\n<div>A Boldenona ocorre apenas em \u00e9steres n\u00e3o declinados.<\/div>\n<div><\/div>\n<h3><strong>Use para reduzir o estradiol<\/strong><\/h3>\n<div>A Boldenona \u00e9 um ester\u00f3ide anabolizante conhecido apenas pelas suas qualidades anab\u00f3licas, mas tamb\u00e9m \u00e9 uma excelente ferramenta para reduzir o estradiol durante o ciclo. A Boldenona possui qualidades como aumentar o apetite e a venosidade no corpo, mas seu principal charme \u00e9 combinar com as propriedades de um anabolizante as propriedades de diminuir o estradiol (horm\u00f4nio sexual feminino). Geralmente, durante os ciclos de esteroides, por atletas profissionais, a dose de boldenona chega a 800-1200 mg, o que causa choque em atletas novatos que nunca usaram.<\/div>\n<div><\/div>\n<div>Como agente anab\u00f3lico, este medicamento n\u00e3o \u00e9 muito eficaz, por isso sua dosagem deve ser bastante elevada. Mesmo que voc\u00ea n\u00e3o seja um levantador de peso muito pesado, \u00e9 prov\u00e1vel que voc\u00ea nem perceba a dose de 250 mg, mesmo que seja seu primeiro ciclo. Segundo atletas que usaram boldenona sozinha (sem outras drogas) ap\u00f3s 4 semanas &#8211; as sensa\u00e7\u00f5es eram como se o atleta tivesse ca\u00eddo completamente da pista, al\u00e9m disso, os n\u00edveis de estradiol estavam abaixo do normal.<\/div>\n<div><\/div>\n<div>A conclus\u00e3o \u00e9 simples &#8211; a boldenona s\u00f3 pode ser um complemento aos principais medicamentos do ciclo, mas de forma alguma sua base. A testosterona deve ser inclu\u00edda durante o ciclo, caso contr\u00e1rio o estradiol cair\u00e1 para valores desfavor\u00e1veis \u200b\u200b\u00e0 sa\u00fade. A Boldenona \u00e9 um medicamento que s\u00f3 pode ser tomado em conjunto com a testosterona, para obter uma adi\u00e7\u00e3o de estradiol no sangue, que a Boldenona reduz.<\/div>\n<div><\/div>\n<div>Caso contr\u00e1rio, voc\u00ea simplesmente \u201cmatar\u00e1\u201d seu estradiol com ele. Como voc\u00ea sabe, o n\u00edvel baixo de estradiol leva a consequ\u00eancias como diminui\u00e7\u00e3o da libido, osteoporose, deteriora\u00e7\u00e3o do humor e outras. A propor\u00e7\u00e3o entre a quantidade de boldenona e testosterona deve ser selecionada individualmente.<\/div>\n<div><\/div>\n<div>Nossa recomenda\u00e7\u00e3o \u00e9 come\u00e7ar com 2 partes de testosterona para 1 parte de boldenona.<\/div>\n<div><\/div>\n<div>Alguns dias ap\u00f3s a inje\u00e7\u00e3o de boldenona, verifique o estradiol no sangue. Se o estradiol permanecer elevado, aumentar a dose de boldenona.<\/div>\n<div><\/div>\n<div>Freq\u00fcentemente, as propor\u00e7\u00f5es de boldenona e testosterona podem ser de 1:1 para manter o estradiol na metade dos valores basais.<\/div>\n<div><\/div>\n<h3><strong>Perfil<\/strong><\/h3>\n<ul>\n<li>Frequ\u00eancia das inje\u00e7\u00f5es &#8211; a cada 7 a 10 dias<\/li>\n<li>Meia vida \u2013 10-14 dias<\/li>\n<\/ul>\n<p><\/p>","protected":false},"excerpt":{"rendered":"<p>Princ\u00edpio ativo: Undecilenato de Boldenona Tipo: ester\u00f3ide anabolizante (derivado da testosterona) Formul\u00e1rio: Inje\u00e7\u00f5es \u00d3leo transportador:\u00a0\u00a0\u00f3leo de gergelim O que \u00e9<\/p>\n","protected":false},"featured_media":9731,"comment_status":"open","ping_status":"closed","template":"","meta":[],"product_brand":[],"product_cat":[69],"product_tag":[],"class_list":{"0":"post-9730","1":"product","2":"type-product","3":"status-publish","4":"has-post-thumbnail","6":"product_cat-esteroides_inyectables","8":"first","9":"outofstock","10":"sale","11":"shipping-taxable","12":"purchasable","13":"product-type-simple"},"yoast_head":"<!-- This site is optimized with the Yoast SEO Premium plugin v24.4 (Yoast SEO v27.0) - https:\/\/yoast.com\/product\/yoast-seo-premium-wordpress\/ -->\n<title>Boldelad 250 mg\/ml (Boldenone Undecylenate) - Ester\u00f3ides Online<\/title>\n<meta name=\"robots\" content=\"index, follow, max-snippet:-1, max-image-preview:large, max-video-preview:-1\" \/>\n<link rel=\"canonical\" href=\"https:\/\/iberoid.com\/pt\/product\/boldelad-250-mg-ml-boldenone-undecylenatedriada\/\" \/>\n<meta property=\"og:locale\" content=\"pt_PT\" \/>\n<meta property=\"og:type\" content=\"article\" \/>\n<meta property=\"og:title\" content=\"Boldelad 250 mg\/ml (Boldenone Undecylenate)\" \/>\n<meta property=\"og:description\" content=\"Princ\u00edpio ativo: Undecilenato de Boldenona Tipo: ester\u00f3ide anabolizante (derivado da testosterona) Formul\u00e1rio: Inje\u00e7\u00f5es \u00d3leo transportador:\u00a0\u00a0\u00f3leo de gergelim O que \u00e9\" \/>\n<meta property=\"og:url\" content=\"https:\/\/iberoid.com\/pt\/product\/boldelad-250-mg-ml-boldenone-undecylenatedriada\/\" \/>\n<meta property=\"og:site_name\" content=\"Ester\u00f3ides Online\" \/>\n<meta property=\"article:modified_time\" content=\"2025-02-16T08:08:02+00:00\" \/>\n<meta property=\"og:image\" content=\"https:\/\/iberoid.com\/wp-content\/uploads\/2024\/10\/bolde-driad-scaled.webp\" \/>\n\t<meta property=\"og:image:width\" content=\"2560\" \/>\n\t<meta property=\"og:image:height\" content=\"2560\" \/>\n\t<meta property=\"og:image:type\" content=\"image\/webp\" \/>\n<meta name=\"twitter:card\" content=\"summary_large_image\" \/>\n<meta name=\"twitter:label1\" content=\"pre\u00e7o\" \/>\n\t<meta name=\"twitter:data1\" content=\"&euro;40.00\" \/>\n\t<meta name=\"twitter:label2\" content=\"Disponibilidade\" \/>\n\t<meta name=\"twitter:data2\" content=\"Esgotado\" \/>\n<script type=\"application\/ld+json\" class=\"yoast-schema-graph\">{\"@context\":\"https:\/\/schema.org\",\"@graph\":[{\"@type\":\"WebPage\",\"@id\":\"https:\/\/iberoid.com\/pt\/product\/boldelad-250-mg-ml-boldenone-undecylenatedriada\/\",\"url\":\"https:\/\/iberoid.com\/pt\/product\/boldelad-250-mg-ml-boldenone-undecylenatedriada\/\",\"name\":\"Boldelad 250 mg\/ml (Boldenone Undecylenate) - Ester\u00f3ides Online\",\"isPartOf\":{\"@id\":\"https:\/\/iberoid-shop.com\/#website\"},\"primaryImageOfPage\":{\"@id\":\"https:\/\/iberoid.com\/pt\/product\/boldelad-250-mg-ml-boldenone-undecylenatedriada\/#primaryimage\"},\"image\":{\"@id\":\"https:\/\/iberoid.com\/pt\/product\/boldelad-250-mg-ml-boldenone-undecylenatedriada\/#primaryimage\"},\"thumbnailUrl\":\"https:\/\/iberoid.com\/wp-content\/uploads\/2024\/10\/bolde-driad-scaled.webp\",\"datePublished\":\"2024-10-20T10:32:53+00:00\",\"dateModified\":\"2025-02-16T08:08:02+00:00\",\"breadcrumb\":{\"@id\":\"https:\/\/iberoid.com\/pt\/product\/boldelad-250-mg-ml-boldenone-undecylenatedriada\/#breadcrumb\"},\"inLanguage\":\"pt-PT\",\"potentialAction\":[{\"@type\":\"ReadAction\",\"target\":[[\"https:\/\/iberoid.com\/pt\/product\/boldelad-250-mg-ml-boldenone-undecylenatedriada\/\"]]}]},{\"@type\":\"ImageObject\",\"inLanguage\":\"pt-PT\",\"@id\":\"https:\/\/iberoid.com\/pt\/product\/boldelad-250-mg-ml-boldenone-undecylenatedriada\/#primaryimage\",\"url\":\"https:\/\/iberoid.com\/wp-content\/uploads\/2024\/10\/bolde-driad-scaled.webp\",\"contentUrl\":\"https:\/\/iberoid.com\/wp-content\/uploads\/2024\/10\/bolde-driad-scaled.webp\",\"width\":2560,\"height\":2560},{\"@type\":\"BreadcrumbList\",\"@id\":\"https:\/\/iberoid.com\/pt\/product\/boldelad-250-mg-ml-boldenone-undecylenatedriada\/#breadcrumb\",\"itemListElement\":[{\"@type\":\"ListItem\",\"position\":1,\"name\":\"Portada\",\"item\":\"https:\/\/iberoid.com\/pt\/\"},{\"@type\":\"ListItem\",\"position\":2,\"name\":\"Loja\",\"item\":\"https:\/\/iberoid.com\/pt\/shop\/\"},{\"@type\":\"ListItem\",\"position\":3,\"name\":\"Boldelad 250 mg\/ml (Boldenone Undecylenate)\"}]},{\"@type\":\"WebSite\",\"@id\":\"https:\/\/iberoid-shop.com\/#website\",\"url\":\"https:\/\/iberoid-shop.com\/\",\"name\":\"Ester\u00f3ides Online\",\"description\":\"Compre ester\u00f3ides online hoje em Espanha e Portugal. Temos o melhor servi\u00e7o ao cliente do setor e produtos da mais alta qualidade\",\"potentialAction\":[{\"@type\":\"SearchAction\",\"target\":{\"@type\":\"EntryPoint\",\"urlTemplate\":\"https:\/\/iberoid-shop.com\/?s={search_term_string}\"},\"query-input\":{\"@type\":\"PropertyValueSpecification\",\"valueRequired\":true,\"valueName\":\"search_term_string\"}}],\"inLanguage\":\"pt-PT\"}]}<\/script>\n<meta property=\"product:brand\" content=\"Driada\" \/>\n<meta property=\"product:price:amount\" content=\"40.00\" \/>\n<meta property=\"product:price:currency\" content=\"EUR\" \/>\n<meta property=\"og:availability\" content=\"out of stock\" \/>\n<meta property=\"product:availability\" content=\"out of stock\" \/>\n<meta property=\"product:condition\" content=\"new\" \/>\n<!-- \/ Yoast SEO Premium plugin. -->","yoast_head_json":{"title":"Boldelad 250 mg\/ml (Boldenone Undecylenate) - Ester\u00f3ides Online","robots":{"index":"index","follow":"follow","max-snippet":"max-snippet:-1","max-image-preview":"max-image-preview:large","max-video-preview":"max-video-preview:-1"},"canonical":"https:\/\/iberoid.com\/pt\/product\/boldelad-250-mg-ml-boldenone-undecylenatedriada\/","og_locale":"pt_PT","og_type":"article","og_title":"Boldelad 250 mg\/ml (Boldenone Undecylenate)","og_description":"Princ\u00edpio ativo: Undecilenato de Boldenona Tipo: ester\u00f3ide anabolizante (derivado da testosterona) Formul\u00e1rio: Inje\u00e7\u00f5es \u00d3leo transportador:\u00a0\u00a0\u00f3leo de gergelim O que \u00e9","og_url":"https:\/\/iberoid.com\/pt\/product\/boldelad-250-mg-ml-boldenone-undecylenatedriada\/","og_site_name":"Ester\u00f3ides Online","article_modified_time":"2025-02-16T08:08:02+00:00","og_image":[{"width":2560,"height":2560,"url":"https:\/\/iberoid.com\/wp-content\/uploads\/2024\/10\/bolde-driad-scaled.webp","type":"image\/webp"}],"twitter_card":"summary_large_image","twitter_misc":{"pre\u00e7o":"&euro;40.00","Disponibilidade":"Esgotado"},"schema":{"@context":"https:\/\/schema.org","@graph":[{"@type":"WebPage","@id":"https:\/\/iberoid.com\/pt\/product\/boldelad-250-mg-ml-boldenone-undecylenatedriada\/","url":"https:\/\/iberoid.com\/pt\/product\/boldelad-250-mg-ml-boldenone-undecylenatedriada\/","name":"Boldelad 250 mg\/ml (Boldenone Undecylenate) - Ester\u00f3ides Online","isPartOf":{"@id":"https:\/\/iberoid-shop.com\/#website"},"primaryImageOfPage":{"@id":"https:\/\/iberoid.com\/pt\/product\/boldelad-250-mg-ml-boldenone-undecylenatedriada\/#primaryimage"},"image":{"@id":"https:\/\/iberoid.com\/pt\/product\/boldelad-250-mg-ml-boldenone-undecylenatedriada\/#primaryimage"},"thumbnailUrl":"https:\/\/iberoid.com\/wp-content\/uploads\/2024\/10\/bolde-driad-scaled.webp","datePublished":"2024-10-20T10:32:53+00:00","dateModified":"2025-02-16T08:08:02+00:00","breadcrumb":{"@id":"https:\/\/iberoid.com\/pt\/product\/boldelad-250-mg-ml-boldenone-undecylenatedriada\/#breadcrumb"},"inLanguage":"pt-PT","potentialAction":[{"@type":"ReadAction","target":[["https:\/\/iberoid.com\/pt\/product\/boldelad-250-mg-ml-boldenone-undecylenatedriada\/"]]}]},{"@type":"ImageObject","inLanguage":"pt-PT","@id":"https:\/\/iberoid.com\/pt\/product\/boldelad-250-mg-ml-boldenone-undecylenatedriada\/#primaryimage","url":"https:\/\/iberoid.com\/wp-content\/uploads\/2024\/10\/bolde-driad-scaled.webp","contentUrl":"https:\/\/iberoid.com\/wp-content\/uploads\/2024\/10\/bolde-driad-scaled.webp","width":2560,"height":2560},{"@type":"BreadcrumbList","@id":"https:\/\/iberoid.com\/pt\/product\/boldelad-250-mg-ml-boldenone-undecylenatedriada\/#breadcrumb","itemListElement":[{"@type":"ListItem","position":1,"name":"Portada","item":"https:\/\/iberoid.com\/pt\/"},{"@type":"ListItem","position":2,"name":"Loja","item":"https:\/\/iberoid.com\/pt\/shop\/"},{"@type":"ListItem","position":3,"name":"Boldelad 250 mg\/ml (Boldenone Undecylenate)"}]},{"@type":"WebSite","@id":"https:\/\/iberoid-shop.com\/#website","url":"https:\/\/iberoid-shop.com\/","name":"Ester\u00f3ides Online","description":"Compre ester\u00f3ides online hoje em Espanha e Portugal. Temos o melhor servi\u00e7o ao cliente do setor e produtos da mais alta qualidade","potentialAction":[{"@type":"SearchAction","target":{"@type":"EntryPoint","urlTemplate":"https:\/\/iberoid-shop.com\/?s={search_term_string}"},"query-input":{"@type":"PropertyValueSpecification","valueRequired":true,"valueName":"search_term_string"}}],"inLanguage":"pt-PT"}]},"product_brand":"Driada","product_price_amount":"40.00","product_price_currency":"EUR","og_availability":"out of stock","product_availability":"out of stock","product_condition":"new"},"_links":{"self":[{"href":"https:\/\/iberoid.com\/pt\/wp-json\/wp\/v2\/product\/9730","targetHints":{"allow":["GET"]}}],"collection":[{"href":"https:\/\/iberoid.com\/pt\/wp-json\/wp\/v2\/product"}],"about":[{"href":"https:\/\/iberoid.com\/pt\/wp-json\/wp\/v2\/types\/product"}],"replies":[{"embeddable":true,"href":"https:\/\/iberoid.com\/pt\/wp-json\/wp\/v2\/comments?post=9730"}],"wp:featuredmedia":[{"embeddable":true,"href":"https:\/\/iberoid.com\/pt\/wp-json\/wp\/v2\/media\/9731"}],"wp:attachment":[{"href":"https:\/\/iberoid.com\/pt\/wp-json\/wp\/v2\/media?parent=9730"}],"wp:term":[{"taxonomy":"product_brand","embeddable":true,"href":"https:\/\/iberoid.com\/pt\/wp-json\/wp\/v2\/product_brand?post=9730"},{"taxonomy":"product_cat","embeddable":true,"href":"https:\/\/iberoid.com\/pt\/wp-json\/wp\/v2\/product_cat?post=9730"},{"taxonomy":"product_tag","embeddable":true,"href":"https:\/\/iberoid.com\/pt\/wp-json\/wp\/v2\/product_tag?post=9730"}],"curies":[{"name":"wp","href":"https:\/\/api.w.org\/{rel}","templated":true}]}}