{"id":9732,"date":"2024-10-20T10:35:06","date_gmt":"2024-10-20T10:35:06","guid":{"rendered":"https:\/\/iberoid.com\/?post_type=product&#038;p=9732"},"modified":"2025-02-24T09:23:56","modified_gmt":"2025-02-24T09:23:56","slug":"sustanon-driada","status":"publish","type":"product","link":"https:\/\/iberoid.com\/pt\/product\/sustanon-driada\/","title":{"rendered":"Sustalad 250 mg\/ml (Sustanon)"},"content":{"rendered":"<p><\/p>\n<ul>\n<li><span>Princ\u00edpio ativo: isocaproato de testosterona 60 mg, fenilpropionato de testosterona 60 mg, propionato de testosterona 30 mg\/ml, decanoato de testosterona 100 mg\/ml<\/span><\/li>\n<li><span>Tipo: Ester\u00f3ide anabolizante (derivado da testosterona)<\/span><\/li>\n<li><span>Formul\u00e1rio: Inje\u00e7\u00f5es<\/span><\/li>\n<li><b><span>\u00d3leo transportador:\u00a0<\/span><\/b><span>\u00a0\u00d3leo de gergelim + MCT<\/span><\/li>\n<\/ul>\n<h2><b><span>Descri\u00e7\u00e3o\u00a0<\/span><\/b><\/h2>\n<p><span>A testosterona \u00e9 o principal horm\u00f4nio sexual em humanos, desempenha um papel fundamental no desenvolvimento dos tecidos reprodutivos masculinos, como test\u00edculos e pr\u00f3stata, e tamb\u00e9m nas mulheres, bem como na promo\u00e7\u00e3o de caracter\u00edsticas sexuais secund\u00e1rias, como aumento da press\u00e3o arterial muscular e \u00f3ssea. massa e p\u00ealos corporais em homens. Al\u00e9m disso, a testosterona est\u00e1 envolvida na sa\u00fade e no bem-estar e na preven\u00e7\u00e3o da osteoporose em ambos os sexos. N\u00edveis insuficientes de testosterona em homens podem levar a anormalidades como fragilidade e perda \u00f3ssea. A testosterona tem propriedades anab\u00f3licas pronunciadas: aumenta a massa muscular, acelera a s\u00edntese prot\u00e9ica, aumenta a velocidade de recupera\u00e7\u00e3o e o fornecimento de glicog\u00eanio nos m\u00fasculos, etc. A testosterona controla um n\u00famero infinito de processos no corpo, sendo o horm\u00f4nio mais comum em nosso corpo e sempre necess\u00e1rio, pois os medicamentos de testosterona s\u00e3o usados \u200b\u200btanto por pessoas idosas com hipogonadismo relacionado \u00e0 idade quanto por atletas em ciclos de ester\u00f3ides.<\/span><\/p>\n<h2><b><span>Mecanismo de a\u00e7\u00e3o<\/span><\/b><\/h2>\n<p><span>A testosterona se liga aos receptores de andr\u00f3genos e \u00e9 um precursor de outro andr\u00f3geno biologicamente ativo, a diidrotestosterona, que \u00e9 formada pela exposi\u00e7\u00e3o \u00e0 enzima 5\u03b1-redutase da testosterona. A diidrotestosterona tem capacidade de liga\u00e7\u00e3o 5 vezes maior aos receptores andr\u00f3genos. Sob a influ\u00eancia desses horm\u00f4nios, o receptor muda sua estrutura e transmite um sinal ao n\u00facleo da c\u00e9lula, onde os efeitos androg\u00eanicos s\u00e3o realizados pela altera\u00e7\u00e3o da atividade de certos genes do DNA. A testosterona pode ser convertida em estrog\u00eanio sob a influ\u00eancia da aromatase (esse recurso \u00e9 chamado de aromatiza\u00e7\u00e3o). Predominantemente os estrog\u00eanios, em vez da testosterona, ativam o feedback atrav\u00e9s do eixo hipot\u00e1lamo-hip\u00f3fise-test\u00edculos e suprimem a secre\u00e7\u00e3o end\u00f3gena de testosterona quando medicamentos ex\u00f3genos s\u00e3o administrados.<\/span><\/p>\n<h2><b><span>uso m\u00e9dico<\/span><\/b><\/h2>\n<p><span>A testosterona est\u00e1 inclu\u00edda na lista de medicamentos essenciais da Organiza\u00e7\u00e3o Mundial da Sa\u00fade, que s\u00e3o os medicamentos mais importantes necess\u00e1rios em um sistema b\u00e1sico de sa\u00fade, da\u00ed a opini\u00e3o de que \u00e9 o \u00fanico ester\u00f3ide anabolizante para ganhar m\u00fasculos maiores e fortes \u00e9 incorreta, \u00e9 vital. medica\u00e7\u00e3o hormonal. A testosterona \u00e9 usada como medicamento para tratar disforia de g\u00eanero, hipogonadismo masculino e certos tipos de c\u00e2ncer de mama.<\/span><\/p>\n<p><span>Como os n\u00edveis de testosterona diminuem com a idade nos homens, para manter a sa\u00fade e a qualidade de vida, \u00e9 necess\u00e1rio adicionar terapia de reposi\u00e7\u00e3o hormonal (TRH) ou terapia de reposi\u00e7\u00e3o de testosterona (TRT). A TRH mant\u00e9m os n\u00edveis s\u00e9ricos de testosterona na faixa normal. O decl\u00ednio na produ\u00e7\u00e3o de testosterona com a idade gerou interesse na terapia de reposi\u00e7\u00e3o androg\u00eanica.<\/span><\/p>\n<p><span>Humor, capacidade espacial, aten\u00e7\u00e3o, mem\u00f3ria e outras fun\u00e7\u00f5es cognitivas importantes s\u00e3o afetadas pela testosterona em humanos. Evid\u00eancias preliminares sugerem que baixos n\u00edveis de testosterona s\u00e3o um fator de risco para decl\u00ednio cognitivo e possivelmente para dem\u00eancia de Alzheimer.<\/span><\/p>\n<p><span>Em ambos os sexos, a testosterona est\u00e1 envolvida na sa\u00fade e no bem-estar e na preven\u00e7\u00e3o da osteoporose. N\u00edveis insuficientes de testosterona em homens podem levar a anormalidades como fragilidade e perda \u00f3ssea. Al\u00e9m disso, o tratamento com testosterona \u00e9 ben\u00e9fico em homens adultos com baixos n\u00edveis de testosterona relacionados \u00e0 idade e que apresentam disfun\u00e7\u00e3o sexual.<\/span><\/p>\n<h3><b><span>Testosterona para idosos<\/span><\/b><\/h3>\n<p><span>Homens com mais de 35 anos que se queixam de seu bem-estar s\u00e3o muitas vezes recomendados a fazer um teste de testosterona no sangue e, se estiver abaixo de 12 nmol\/l, s\u00e3o oferecidos para iniciar a terapia de reposi\u00e7\u00e3o hormonal. Esta decis\u00e3o tem v\u00e1rios aspectos positivos. A composi\u00e7\u00e3o do corpo muda para melhor: mais carne, menos gordura, a fun\u00e7\u00e3o sexual experimenta uma segunda juventude, h\u00e1 um certo efeito rejuvenescedor, em geral o corpo ganha todo o negativo que recebeu durante o tempo em que esteve em estado de defici\u00eancia de andr\u00f3genos.<\/span><\/p>\n<p><span>A aten\u00e7\u00e3o do m\u00e9dico \u00e9 necess\u00e1ria: \u00e9 necess\u00e1rio monitorar constantemente o perfil lip\u00eddico, os par\u00e2metros cl\u00ednicos gerais do sangue, os n\u00edveis de estradiol e prolactina.<\/span><\/p>\n<p><span>\u00c9 igualmente importante que a produ\u00e7\u00e3o de gonadotrofinas naturais no TRH se aproxime constantemente de zero. Portanto, caso seja necess\u00e1rio adquirir descendentes, \u00e9 necess\u00e1ria terapia especial com uso de gonadotrofinas.<\/span><\/p>\n<p><span>Para a sele\u00e7\u00e3o da dosagem da terapia com testosterona, \u00e9 necess\u00e1ria uma consulta m\u00e9dica. A dosagem depende dos seus n\u00edveis normais de testosterona, n\u00edveis atuais, peso corporal, percentual de gordura corporal, SHBG e processo de aromatiza\u00e7\u00e3o.<\/span><\/p>\n<p><span>As doses aproximadas para terapia de reposi\u00e7\u00e3o s\u00e3o muito inferiores \u00e0s dos atletas, 50-200 mg por semana.<\/span><\/p>","protected":false},"excerpt":{"rendered":"<p>Princ\u00edpio ativo: isocaproato de testosterona 60 mg, fenilpropionato de testosterona 60 mg, propionato de testosterona 30 mg\/ml, decanoato de testosterona<\/p>\n","protected":false},"featured_media":9733,"comment_status":"open","ping_status":"closed","template":"","meta":[],"product_brand":[],"product_cat":[69],"product_tag":[],"class_list":{"0":"post-9732","1":"product","2":"type-product","3":"status-publish","4":"has-post-thumbnail","6":"product_cat-esteroides_inyectables","8":"first","9":"outofstock","10":"sale","11":"shipping-taxable","12":"purchasable","13":"product-type-simple"},"yoast_head":"<!-- This site is optimized with the Yoast SEO Premium plugin v24.4 (Yoast SEO v27.0) - https:\/\/yoast.com\/product\/yoast-seo-premium-wordpress\/ -->\n<title>Sustalad 250 mg\/ml (Sustanon) - Ester\u00f3ides Online<\/title>\n<meta name=\"robots\" content=\"index, follow, max-snippet:-1, max-image-preview:large, max-video-preview:-1\" \/>\n<link rel=\"canonical\" href=\"https:\/\/iberoid.com\/pt\/product\/sustanon-driada\/\" \/>\n<meta property=\"og:locale\" content=\"pt_PT\" \/>\n<meta property=\"og:type\" content=\"article\" \/>\n<meta property=\"og:title\" content=\"Sustalad 250 mg\/ml (Sustanon)\" \/>\n<meta property=\"og:description\" content=\"Princ\u00edpio ativo: isocaproato de testosterona 60 mg, fenilpropionato de testosterona 60 mg, propionato de testosterona 30 mg\/ml, decanoato de testosterona\" \/>\n<meta property=\"og:url\" content=\"https:\/\/iberoid.com\/pt\/product\/sustanon-driada\/\" \/>\n<meta property=\"og:site_name\" content=\"Ester\u00f3ides Online\" \/>\n<meta property=\"article:modified_time\" content=\"2025-02-24T09:23:56+00:00\" \/>\n<meta property=\"og:image\" content=\"https:\/\/iberoid.com\/wp-content\/uploads\/2024\/10\/sustalad-driada-medical.webp\" \/>\n\t<meta property=\"og:image:width\" content=\"1000\" \/>\n\t<meta property=\"og:image:height\" content=\"1000\" \/>\n\t<meta property=\"og:image:type\" content=\"image\/webp\" \/>\n<meta name=\"twitter:card\" content=\"summary_large_image\" \/>\n<meta name=\"twitter:label1\" content=\"pre\u00e7o\" \/>\n\t<meta name=\"twitter:data1\" content=\"&euro;30.00\" \/>\n\t<meta name=\"twitter:label2\" content=\"Disponibilidade\" \/>\n\t<meta name=\"twitter:data2\" content=\"Esgotado\" \/>\n<script type=\"application\/ld+json\" class=\"yoast-schema-graph\">{\"@context\":\"https:\/\/schema.org\",\"@graph\":[{\"@type\":\"WebPage\",\"@id\":\"https:\/\/iberoid.com\/pt\/product\/sustanon-driada\/\",\"url\":\"https:\/\/iberoid.com\/pt\/product\/sustanon-driada\/\",\"name\":\"Sustalad 250 mg\/ml (Sustanon) - Ester\u00f3ides Online\",\"isPartOf\":{\"@id\":\"https:\/\/iberoid-shop.com\/#website\"},\"primaryImageOfPage\":{\"@id\":\"https:\/\/iberoid.com\/pt\/product\/sustanon-driada\/#primaryimage\"},\"image\":{\"@id\":\"https:\/\/iberoid.com\/pt\/product\/sustanon-driada\/#primaryimage\"},\"thumbnailUrl\":\"https:\/\/iberoid.com\/wp-content\/uploads\/2024\/10\/sustalad-driada-medical.webp\",\"datePublished\":\"2024-10-20T10:35:06+00:00\",\"dateModified\":\"2025-02-24T09:23:56+00:00\",\"breadcrumb\":{\"@id\":\"https:\/\/iberoid.com\/pt\/product\/sustanon-driada\/#breadcrumb\"},\"inLanguage\":\"pt-PT\",\"potentialAction\":[{\"@type\":\"ReadAction\",\"target\":[[\"https:\/\/iberoid.com\/pt\/product\/sustanon-driada\/\"]]}]},{\"@type\":\"ImageObject\",\"inLanguage\":\"pt-PT\",\"@id\":\"https:\/\/iberoid.com\/pt\/product\/sustanon-driada\/#primaryimage\",\"url\":\"https:\/\/iberoid.com\/wp-content\/uploads\/2024\/10\/sustalad-driada-medical.webp\",\"contentUrl\":\"https:\/\/iberoid.com\/wp-content\/uploads\/2024\/10\/sustalad-driada-medical.webp\",\"width\":1000,\"height\":1000},{\"@type\":\"BreadcrumbList\",\"@id\":\"https:\/\/iberoid.com\/pt\/product\/sustanon-driada\/#breadcrumb\",\"itemListElement\":[{\"@type\":\"ListItem\",\"position\":1,\"name\":\"Portada\",\"item\":\"https:\/\/iberoid.com\/pt\/\"},{\"@type\":\"ListItem\",\"position\":2,\"name\":\"Loja\",\"item\":\"https:\/\/iberoid.com\/pt\/shop\/\"},{\"@type\":\"ListItem\",\"position\":3,\"name\":\"Sustalad 250 mg\/ml (Sustanon)\"}]},{\"@type\":\"WebSite\",\"@id\":\"https:\/\/iberoid-shop.com\/#website\",\"url\":\"https:\/\/iberoid-shop.com\/\",\"name\":\"Ester\u00f3ides Online\",\"description\":\"Compre ester\u00f3ides online hoje em Espanha e Portugal. Temos o melhor servi\u00e7o ao cliente do setor e produtos da mais alta qualidade\",\"potentialAction\":[{\"@type\":\"SearchAction\",\"target\":{\"@type\":\"EntryPoint\",\"urlTemplate\":\"https:\/\/iberoid-shop.com\/?s={search_term_string}\"},\"query-input\":{\"@type\":\"PropertyValueSpecification\",\"valueRequired\":true,\"valueName\":\"search_term_string\"}}],\"inLanguage\":\"pt-PT\"}]}<\/script>\n<meta property=\"product:price:amount\" content=\"30.00\" \/>\n<meta property=\"product:price:currency\" content=\"EUR\" \/>\n<meta property=\"og:availability\" content=\"out of stock\" \/>\n<meta property=\"product:availability\" content=\"out of stock\" \/>\n<meta property=\"product:condition\" content=\"new\" \/>\n<!-- \/ Yoast SEO Premium plugin. -->","yoast_head_json":{"title":"Sustalad 250 mg\/ml (Sustanon) - Ester\u00f3ides Online","robots":{"index":"index","follow":"follow","max-snippet":"max-snippet:-1","max-image-preview":"max-image-preview:large","max-video-preview":"max-video-preview:-1"},"canonical":"https:\/\/iberoid.com\/pt\/product\/sustanon-driada\/","og_locale":"pt_PT","og_type":"article","og_title":"Sustalad 250 mg\/ml (Sustanon)","og_description":"Princ\u00edpio ativo: isocaproato de testosterona 60 mg, fenilpropionato de testosterona 60 mg, propionato de testosterona 30 mg\/ml, decanoato de testosterona","og_url":"https:\/\/iberoid.com\/pt\/product\/sustanon-driada\/","og_site_name":"Ester\u00f3ides Online","article_modified_time":"2025-02-24T09:23:56+00:00","og_image":[{"width":1000,"height":1000,"url":"https:\/\/iberoid.com\/wp-content\/uploads\/2024\/10\/sustalad-driada-medical.webp","type":"image\/webp"}],"twitter_card":"summary_large_image","twitter_misc":{"pre\u00e7o":"&euro;30.00","Disponibilidade":"Esgotado"},"schema":{"@context":"https:\/\/schema.org","@graph":[{"@type":"WebPage","@id":"https:\/\/iberoid.com\/pt\/product\/sustanon-driada\/","url":"https:\/\/iberoid.com\/pt\/product\/sustanon-driada\/","name":"Sustalad 250 mg\/ml (Sustanon) - Ester\u00f3ides Online","isPartOf":{"@id":"https:\/\/iberoid-shop.com\/#website"},"primaryImageOfPage":{"@id":"https:\/\/iberoid.com\/pt\/product\/sustanon-driada\/#primaryimage"},"image":{"@id":"https:\/\/iberoid.com\/pt\/product\/sustanon-driada\/#primaryimage"},"thumbnailUrl":"https:\/\/iberoid.com\/wp-content\/uploads\/2024\/10\/sustalad-driada-medical.webp","datePublished":"2024-10-20T10:35:06+00:00","dateModified":"2025-02-24T09:23:56+00:00","breadcrumb":{"@id":"https:\/\/iberoid.com\/pt\/product\/sustanon-driada\/#breadcrumb"},"inLanguage":"pt-PT","potentialAction":[{"@type":"ReadAction","target":[["https:\/\/iberoid.com\/pt\/product\/sustanon-driada\/"]]}]},{"@type":"ImageObject","inLanguage":"pt-PT","@id":"https:\/\/iberoid.com\/pt\/product\/sustanon-driada\/#primaryimage","url":"https:\/\/iberoid.com\/wp-content\/uploads\/2024\/10\/sustalad-driada-medical.webp","contentUrl":"https:\/\/iberoid.com\/wp-content\/uploads\/2024\/10\/sustalad-driada-medical.webp","width":1000,"height":1000},{"@type":"BreadcrumbList","@id":"https:\/\/iberoid.com\/pt\/product\/sustanon-driada\/#breadcrumb","itemListElement":[{"@type":"ListItem","position":1,"name":"Portada","item":"https:\/\/iberoid.com\/pt\/"},{"@type":"ListItem","position":2,"name":"Loja","item":"https:\/\/iberoid.com\/pt\/shop\/"},{"@type":"ListItem","position":3,"name":"Sustalad 250 mg\/ml (Sustanon)"}]},{"@type":"WebSite","@id":"https:\/\/iberoid-shop.com\/#website","url":"https:\/\/iberoid-shop.com\/","name":"Ester\u00f3ides Online","description":"Compre ester\u00f3ides online hoje em Espanha e Portugal. Temos o melhor servi\u00e7o ao cliente do setor e produtos da mais alta qualidade","potentialAction":[{"@type":"SearchAction","target":{"@type":"EntryPoint","urlTemplate":"https:\/\/iberoid-shop.com\/?s={search_term_string}"},"query-input":{"@type":"PropertyValueSpecification","valueRequired":true,"valueName":"search_term_string"}}],"inLanguage":"pt-PT"}]},"product_price_amount":"30.00","product_price_currency":"EUR","og_availability":"out of stock","product_availability":"out of stock","product_condition":"new"},"_links":{"self":[{"href":"https:\/\/iberoid.com\/pt\/wp-json\/wp\/v2\/product\/9732","targetHints":{"allow":["GET"]}}],"collection":[{"href":"https:\/\/iberoid.com\/pt\/wp-json\/wp\/v2\/product"}],"about":[{"href":"https:\/\/iberoid.com\/pt\/wp-json\/wp\/v2\/types\/product"}],"replies":[{"embeddable":true,"href":"https:\/\/iberoid.com\/pt\/wp-json\/wp\/v2\/comments?post=9732"}],"wp:featuredmedia":[{"embeddable":true,"href":"https:\/\/iberoid.com\/pt\/wp-json\/wp\/v2\/media\/9733"}],"wp:attachment":[{"href":"https:\/\/iberoid.com\/pt\/wp-json\/wp\/v2\/media?parent=9732"}],"wp:term":[{"taxonomy":"product_brand","embeddable":true,"href":"https:\/\/iberoid.com\/pt\/wp-json\/wp\/v2\/product_brand?post=9732"},{"taxonomy":"product_cat","embeddable":true,"href":"https:\/\/iberoid.com\/pt\/wp-json\/wp\/v2\/product_cat?post=9732"},{"taxonomy":"product_tag","embeddable":true,"href":"https:\/\/iberoid.com\/pt\/wp-json\/wp\/v2\/product_tag?post=9732"}],"curies":[{"name":"wp","href":"https:\/\/api.w.org\/{rel}","templated":true}]}}