{"id":9736,"date":"2024-10-20T10:50:32","date_gmt":"2024-10-20T10:50:32","guid":{"rendered":"https:\/\/iberoid.com\/?post_type=product&#038;p=9736"},"modified":"2024-11-11T09:11:22","modified_gmt":"2024-11-11T09:11:22","slug":"masteron-enanthate-driada","status":"publish","type":"product","link":"https:\/\/iberoid.com\/pt\/product\/masteron-enanthate-driada\/","title":{"rendered":"Drostargos 200 mg\/ml (MASTERON ENANTHATE)"},"content":{"rendered":"<p><\/p>\n<ul>\n<li><span>Tipo: Ester\u00f3ide anabolizante (derivado de DHT)\u00a0\u00a0<\/span><\/li>\n<li><span>Formul\u00e1rio: Inje\u00e7\u00f5es<\/span><\/li>\n<li><b><span>Ve\u00edculo:<\/span><\/b><span>\u00a0\u00d3leo de gergelim<\/span><\/li>\n<\/ul>\n<h2><b><span>Descri\u00e7\u00e3o<\/span><\/b><\/h2>\n<p><span>Drostanolona (Masteron) tem um alto efeito androg\u00eanico e um efeito anab\u00f3lico moderado. A Drostanolona n\u00e3o aromatiza no organismo (ou seja, n\u00e3o se converte em estrog\u00eanio), pelo contr\u00e1rio, \u00e9 um inibidor suave da aromatase. Possui a\u00e7\u00e3o biol\u00f3gica semelhante \u00e0 diidrotestosterona, por ser um derivado desse horm\u00f4nio.\u00a0<\/span><\/p>\n<p><span>Na medicina, a Drostanolona \u00e9 utilizada como tratamento para c\u00e2ncer de mama em mulheres, por\u00e9m, devido \u00e0 alta probabilidade de viriliza\u00e7\u00e3o, atualmente \u00e9 pouco utilizada. A drostanolona n\u00e3o \u00e9 suscet\u00edvel \u00e0 a\u00e7\u00e3o da aromatase, ou seja, n\u00e3o h\u00e1 como convert\u00ea-la em estradiol.<\/span><\/p>\n<p><span>\u00a0Tem boa afinidade com receptores andr\u00f3genos n\u00e3o s\u00f3 nos m\u00fasculos, mas tamb\u00e9m na pr\u00f3stata e no couro cabeludo, da\u00ed os poss\u00edveis efeitos colaterais: calv\u00edcie, aumento da pr\u00f3stata, crescimento de pelos no corpo. Como derivado do DHT, inibe a atividade do estradiol nos tecidos, exibindo portanto atividade antiestrog\u00eanica indireta.\u00a0<\/span><\/p>\n<p><span>Entre os efeitos psicol\u00f3gicos desse medicamento est\u00e3o a \u201cmotiva\u00e7\u00e3o para o treino\u201d, muito popular entre os atletas que fazem dietas cortantes, quando n\u00e3o t\u00eam for\u00e7as, e o decl\u00ednio psicol\u00f3gico por falta de carboidratos.\u00a0<\/span><\/p>\n<p><span>A drostanolona \u00e9 popular na muscula\u00e7\u00e3o porque n\u00e3o causa reten\u00e7\u00e3o de l\u00edquidos e tem leve efeito diur\u00e9tico, que melhora a defini\u00e7\u00e3o muscular. Pode ser \u00fatil para atletas que desejam aumentar a dureza e densidade muscular, \u00e9 utilizado principalmente antes da competi\u00e7\u00e3o. Ele permite que voc\u00ea obtenha uma forma atl\u00e9tica definida, gra\u00e7as tamb\u00e9m ao efeito de queima de gordura da droga. A pr\u00e1tica mostra que o ciclo de Drostanolona pode reduzir a massa gorda em 5-10% do estado inicial.\u00a0<\/span><\/p>\n<p><span>A Drostanolona tem um baixo \u00edndice anab\u00f3lico (em compara\u00e7\u00e3o com a testosterona), por isso queima muito bem a gordura, ao mesmo tempo que aumenta o risco de efeitos secund\u00e1rios androg\u00e9nicos: agressividade, acne, calv\u00edcie, hipertrofia prost\u00e1tica e viriliza\u00e7\u00e3o nas mulheres.<\/span><\/p>\n<h3><b><span>Dosagem<\/span><\/b><\/h3>\n<p><span>O efeito ideal do medicamento \u00e9 alcan\u00e7ado com uma dose de aproximadamente 300-500 mg por semana. Pessoas em terapia de reposi\u00e7\u00e3o hormonal podem utiliz\u00e1-lo para reduzir o SHBG, pois, em termos de efeitos colaterais, aumenta a quantidade de testosterona livre no sangue. A medica\u00e7\u00e3o \u00e9 muito mais f\u00e1cil de tolerar do que o estanozolol ou outros derivados de DHT que foram usados \u200b\u200bpara reduzir o SHBG. Para esses fins, utilize de 75 a 200 mg do medicamento por semana, acredita-se que a drostanolona seja menos detectada no controle de doping do que outros esteroides. No entanto, os m\u00e9todos de detec\u00e7\u00e3o est\u00e3o em constante aperfei\u00e7oamento, portanto, tenha isso em mente.<\/span><\/p>\n<ul>\n<li><span>Iniciante: 200 mg<\/span><\/li>\n<li><span>Dosagem m\u00e9dia: 300-600 mg<\/span><\/li>\n<li><span>Dosagem alta: 600 mg +<\/span><\/li>\n<\/ul>\n<h3><b><span>Efeitos<\/span><\/b><\/h3>\n<ul>\n<li><span>Aumento de for\u00e7a e massa muscular magra\u00a0<\/span><\/li>\n<li><span>Melhore sua recupera\u00e7\u00e3o<\/span><\/li>\n<li><span>Queima de gordura<\/span><\/li>\n<li><span>Aus\u00eancia de aromatiza\u00e7\u00e3o<\/span><\/li>\n<\/ul>\n<h3><b><span>Efeitos colaterais<\/span><\/b><\/h3>\n<ul>\n<li><span>Supress\u00e3o de sua pr\u00f3pria testosterona\u00a0<\/span><\/li>\n<li><span>Fertilidade reduzida\u00a0\u00a0<\/span><\/li>\n<li><span>Aumento do n\u00edvel de hemat\u00f3crito\u00a0<\/span><\/li>\n<li><span>Aumento da press\u00e3o arterial\u00a0<\/span><\/li>\n<li><span>Acne\u00a0<\/span><\/li>\n<li><span>Calv\u00edcie\u00a0<\/span><\/li>\n<li><span>Deteriora\u00e7\u00e3o do perfil lip\u00eddico\u00a0<\/span><\/li>\n<\/ul>\n<h3><b><span>Perfil<\/span><\/b><\/h3>\n<ul>\n<li><span>A meia-vida \u00e9 de 4 a 5 dias<\/span><\/li>\n<li><span>Frequ\u00eancia das inje\u00e7\u00f5es &#8211; a cada 4-7 dias<\/span><\/li>\n<\/ul>\n<p><span>Enantato \u00e9 um \u00e9ster de a\u00e7\u00e3o prolongada. Dependendo do metabolismo e dos antecedentes hormonais, o per\u00edodo m\u00e9dio de a\u00e7\u00e3o do medicamento \u00e9 de 2 a 3 semanas (a meia-vida \u00e9 de 6 a 7 dias). As inje\u00e7\u00f5es s\u00e3o feitas uma ou duas vezes por semana para manter uma concentra\u00e7\u00e3o consistentemente alta e t\u00e3o est\u00e1vel quanto poss\u00edvel.<\/span><\/p>","protected":false},"excerpt":{"rendered":"<p>Tipo: Ester\u00f3ide anabolizante (derivado de DHT)\u00a0\u00a0 Formul\u00e1rio: Inje\u00e7\u00f5es Ve\u00edculo:\u00a0\u00d3leo de gergelim Descri\u00e7\u00e3o Drostanolona (Masteron) tem um alto efeito androg\u00eanico e<\/p>\n","protected":false},"featured_media":9737,"comment_status":"open","ping_status":"closed","template":"","meta":[],"product_brand":[],"product_cat":[69],"product_tag":[],"class_list":{"0":"post-9736","1":"product","2":"type-product","3":"status-publish","4":"has-post-thumbnail","6":"product_cat-esteroides_inyectables","8":"first","9":"outofstock","10":"sale","11":"shipping-taxable","12":"purchasable","13":"product-type-simple"},"yoast_head":"<!-- This site is optimized with the Yoast SEO Premium plugin v24.4 (Yoast SEO v27.3) - https:\/\/yoast.com\/product\/yoast-seo-premium-wordpress\/ -->\n<title>Drostargos 200 mg\/ml (MASTERON ENANTHATE) - Ester\u00f3ides Online<\/title>\n<meta name=\"robots\" content=\"index, follow, max-snippet:-1, max-image-preview:large, max-video-preview:-1\" \/>\n<link rel=\"canonical\" href=\"https:\/\/iberoid.com\/pt\/product\/masteron-enanthate-driada\/\" \/>\n<meta property=\"og:locale\" content=\"pt_PT\" \/>\n<meta property=\"og:type\" content=\"article\" \/>\n<meta property=\"og:title\" content=\"Drostargos 200 mg\/ml (MASTERON ENANTHATE)\" \/>\n<meta property=\"og:description\" content=\"Tipo: Ester\u00f3ide anabolizante (derivado de DHT)\u00a0\u00a0 Formul\u00e1rio: Inje\u00e7\u00f5es Ve\u00edculo:\u00a0\u00d3leo de gergelim Descri\u00e7\u00e3o Drostanolona (Masteron) tem um alto efeito androg\u00eanico e\" \/>\n<meta property=\"og:url\" content=\"https:\/\/iberoid.com\/pt\/product\/masteron-enanthate-driada\/\" \/>\n<meta property=\"og:site_name\" content=\"Ester\u00f3ides Online\" \/>\n<meta property=\"article:modified_time\" content=\"2024-11-11T09:11:22+00:00\" \/>\n<meta property=\"og:image\" content=\"https:\/\/iberoid.com\/wp-content\/uploads\/2024\/10\/maste-ena-driada.webp\" \/>\n\t<meta property=\"og:image:width\" content=\"1000\" \/>\n\t<meta property=\"og:image:height\" content=\"1000\" \/>\n\t<meta property=\"og:image:type\" content=\"image\/webp\" \/>\n<meta name=\"twitter:card\" content=\"summary_large_image\" \/>\n<meta name=\"twitter:label1\" content=\"pre\u00e7o\" \/>\n\t<meta name=\"twitter:data1\" content=\"&euro;50.00\" \/>\n\t<meta name=\"twitter:label2\" content=\"Disponibilidade\" \/>\n\t<meta name=\"twitter:data2\" content=\"Esgotado\" \/>\n<script type=\"application\/ld+json\" class=\"yoast-schema-graph\">{\"@context\":\"https:\\\/\\\/schema.org\",\"@graph\":[{\"@type\":\"WebPage\",\"@id\":\"https:\\\/\\\/iberoid.com\\\/pt\\\/product\\\/masteron-enanthate-driada\\\/\",\"url\":\"https:\\\/\\\/iberoid.com\\\/pt\\\/product\\\/masteron-enanthate-driada\\\/\",\"name\":\"Drostargos 200 mg\\\/ml (MASTERON ENANTHATE) - Ester\u00f3ides Online\",\"isPartOf\":{\"@id\":\"https:\\\/\\\/iberoid-shop.com\\\/#website\"},\"primaryImageOfPage\":{\"@id\":\"https:\\\/\\\/iberoid.com\\\/pt\\\/product\\\/masteron-enanthate-driada\\\/#primaryimage\"},\"image\":{\"@id\":\"https:\\\/\\\/iberoid.com\\\/pt\\\/product\\\/masteron-enanthate-driada\\\/#primaryimage\"},\"thumbnailUrl\":\"https:\\\/\\\/iberoid.com\\\/wp-content\\\/uploads\\\/2024\\\/10\\\/maste-ena-driada.webp\",\"datePublished\":\"2024-10-20T10:50:32+00:00\",\"dateModified\":\"2024-11-11T09:11:22+00:00\",\"breadcrumb\":{\"@id\":\"https:\\\/\\\/iberoid.com\\\/pt\\\/product\\\/masteron-enanthate-driada\\\/#breadcrumb\"},\"inLanguage\":\"pt-PT\",\"potentialAction\":[{\"@type\":\"ReadAction\",\"target\":[[\"https:\\\/\\\/iberoid.com\\\/pt\\\/product\\\/masteron-enanthate-driada\\\/\"]]}]},{\"@type\":\"ImageObject\",\"inLanguage\":\"pt-PT\",\"@id\":\"https:\\\/\\\/iberoid.com\\\/pt\\\/product\\\/masteron-enanthate-driada\\\/#primaryimage\",\"url\":\"https:\\\/\\\/iberoid.com\\\/wp-content\\\/uploads\\\/2024\\\/10\\\/maste-ena-driada.webp\",\"contentUrl\":\"https:\\\/\\\/iberoid.com\\\/wp-content\\\/uploads\\\/2024\\\/10\\\/maste-ena-driada.webp\",\"width\":1000,\"height\":1000},{\"@type\":\"BreadcrumbList\",\"@id\":\"https:\\\/\\\/iberoid.com\\\/pt\\\/product\\\/masteron-enanthate-driada\\\/#breadcrumb\",\"itemListElement\":[{\"@type\":\"ListItem\",\"position\":1,\"name\":\"Portada\",\"item\":\"https:\\\/\\\/iberoid.com\\\/pt\\\/\"},{\"@type\":\"ListItem\",\"position\":2,\"name\":\"Loja\",\"item\":\"https:\\\/\\\/iberoid.com\\\/pt\\\/shop\\\/\"},{\"@type\":\"ListItem\",\"position\":3,\"name\":\"Drostargos 200 mg\\\/ml (MASTERON ENANTHATE)\"}]},{\"@type\":\"WebSite\",\"@id\":\"https:\\\/\\\/iberoid-shop.com\\\/#website\",\"url\":\"https:\\\/\\\/iberoid-shop.com\\\/\",\"name\":\"Ester\u00f3ides Online\",\"description\":\"Compre ester\u00f3ides online hoje em Espanha e Portugal. Temos o melhor servi\u00e7o ao cliente do setor e produtos da mais alta qualidade\",\"potentialAction\":[{\"@type\":\"SearchAction\",\"target\":{\"@type\":\"EntryPoint\",\"urlTemplate\":\"https:\\\/\\\/iberoid-shop.com\\\/?s={search_term_string}\"},\"query-input\":{\"@type\":\"PropertyValueSpecification\",\"valueRequired\":true,\"valueName\":\"search_term_string\"}}],\"inLanguage\":\"pt-PT\"}]}<\/script>\n<meta property=\"product:brand\" content=\"Driada\" \/>\n<meta property=\"product:price:amount\" content=\"50.00\" \/>\n<meta property=\"product:price:currency\" content=\"EUR\" \/>\n<meta property=\"og:availability\" content=\"out of stock\" \/>\n<meta property=\"product:availability\" content=\"out of stock\" \/>\n<meta property=\"product:condition\" content=\"new\" \/>\n<!-- \/ Yoast SEO Premium plugin. -->","yoast_head_json":{"title":"Drostargos 200 mg\/ml (MASTERON ENANTHATE) - Ester\u00f3ides Online","robots":{"index":"index","follow":"follow","max-snippet":"max-snippet:-1","max-image-preview":"max-image-preview:large","max-video-preview":"max-video-preview:-1"},"canonical":"https:\/\/iberoid.com\/pt\/product\/masteron-enanthate-driada\/","og_locale":"pt_PT","og_type":"article","og_title":"Drostargos 200 mg\/ml (MASTERON ENANTHATE)","og_description":"Tipo: Ester\u00f3ide anabolizante (derivado de DHT)\u00a0\u00a0 Formul\u00e1rio: Inje\u00e7\u00f5es Ve\u00edculo:\u00a0\u00d3leo de gergelim Descri\u00e7\u00e3o Drostanolona (Masteron) tem um alto efeito androg\u00eanico e","og_url":"https:\/\/iberoid.com\/pt\/product\/masteron-enanthate-driada\/","og_site_name":"Ester\u00f3ides Online","article_modified_time":"2024-11-11T09:11:22+00:00","og_image":[{"width":1000,"height":1000,"url":"https:\/\/iberoid.com\/wp-content\/uploads\/2024\/10\/maste-ena-driada.webp","type":"image\/webp"}],"twitter_card":"summary_large_image","twitter_misc":{"pre\u00e7o":"&euro;50.00","Disponibilidade":"Esgotado"},"schema":{"@context":"https:\/\/schema.org","@graph":[{"@type":"WebPage","@id":"https:\/\/iberoid.com\/pt\/product\/masteron-enanthate-driada\/","url":"https:\/\/iberoid.com\/pt\/product\/masteron-enanthate-driada\/","name":"Drostargos 200 mg\/ml (MASTERON ENANTHATE) - Ester\u00f3ides Online","isPartOf":{"@id":"https:\/\/iberoid-shop.com\/#website"},"primaryImageOfPage":{"@id":"https:\/\/iberoid.com\/pt\/product\/masteron-enanthate-driada\/#primaryimage"},"image":{"@id":"https:\/\/iberoid.com\/pt\/product\/masteron-enanthate-driada\/#primaryimage"},"thumbnailUrl":"https:\/\/iberoid.com\/wp-content\/uploads\/2024\/10\/maste-ena-driada.webp","datePublished":"2024-10-20T10:50:32+00:00","dateModified":"2024-11-11T09:11:22+00:00","breadcrumb":{"@id":"https:\/\/iberoid.com\/pt\/product\/masteron-enanthate-driada\/#breadcrumb"},"inLanguage":"pt-PT","potentialAction":[{"@type":"ReadAction","target":[["https:\/\/iberoid.com\/pt\/product\/masteron-enanthate-driada\/"]]}]},{"@type":"ImageObject","inLanguage":"pt-PT","@id":"https:\/\/iberoid.com\/pt\/product\/masteron-enanthate-driada\/#primaryimage","url":"https:\/\/iberoid.com\/wp-content\/uploads\/2024\/10\/maste-ena-driada.webp","contentUrl":"https:\/\/iberoid.com\/wp-content\/uploads\/2024\/10\/maste-ena-driada.webp","width":1000,"height":1000},{"@type":"BreadcrumbList","@id":"https:\/\/iberoid.com\/pt\/product\/masteron-enanthate-driada\/#breadcrumb","itemListElement":[{"@type":"ListItem","position":1,"name":"Portada","item":"https:\/\/iberoid.com\/pt\/"},{"@type":"ListItem","position":2,"name":"Loja","item":"https:\/\/iberoid.com\/pt\/shop\/"},{"@type":"ListItem","position":3,"name":"Drostargos 200 mg\/ml (MASTERON ENANTHATE)"}]},{"@type":"WebSite","@id":"https:\/\/iberoid-shop.com\/#website","url":"https:\/\/iberoid-shop.com\/","name":"Ester\u00f3ides Online","description":"Compre ester\u00f3ides online hoje em Espanha e Portugal. Temos o melhor servi\u00e7o ao cliente do setor e produtos da mais alta qualidade","potentialAction":[{"@type":"SearchAction","target":{"@type":"EntryPoint","urlTemplate":"https:\/\/iberoid-shop.com\/?s={search_term_string}"},"query-input":{"@type":"PropertyValueSpecification","valueRequired":true,"valueName":"search_term_string"}}],"inLanguage":"pt-PT"}]},"product_brand":"Driada","product_price_amount":"50.00","product_price_currency":"EUR","og_availability":"out of stock","product_availability":"out of stock","product_condition":"new"},"_links":{"self":[{"href":"https:\/\/iberoid.com\/pt\/wp-json\/wp\/v2\/product\/9736","targetHints":{"allow":["GET"]}}],"collection":[{"href":"https:\/\/iberoid.com\/pt\/wp-json\/wp\/v2\/product"}],"about":[{"href":"https:\/\/iberoid.com\/pt\/wp-json\/wp\/v2\/types\/product"}],"replies":[{"embeddable":true,"href":"https:\/\/iberoid.com\/pt\/wp-json\/wp\/v2\/comments?post=9736"}],"wp:featuredmedia":[{"embeddable":true,"href":"https:\/\/iberoid.com\/pt\/wp-json\/wp\/v2\/media\/9737"}],"wp:attachment":[{"href":"https:\/\/iberoid.com\/pt\/wp-json\/wp\/v2\/media?parent=9736"}],"wp:term":[{"taxonomy":"product_brand","embeddable":true,"href":"https:\/\/iberoid.com\/pt\/wp-json\/wp\/v2\/product_brand?post=9736"},{"taxonomy":"product_cat","embeddable":true,"href":"https:\/\/iberoid.com\/pt\/wp-json\/wp\/v2\/product_cat?post=9736"},{"taxonomy":"product_tag","embeddable":true,"href":"https:\/\/iberoid.com\/pt\/wp-json\/wp\/v2\/product_tag?post=9736"}],"curies":[{"name":"wp","href":"https:\/\/api.w.org\/{rel}","templated":true}]}}