{"id":9751,"date":"2024-10-20T11:04:28","date_gmt":"2024-10-20T11:04:28","guid":{"rendered":"https:\/\/iberoid.com\/?post_type=product&#038;p=9751"},"modified":"2026-04-07T17:36:36","modified_gmt":"2026-04-07T17:36:36","slug":"turinabol10mg-imperia-labs","status":"publish","type":"product","link":"https:\/\/iberoid.com\/pt\/product\/turinabol10mg-imperia-labs\/","title":{"rendered":"TURINABOL 10mg"},"content":{"rendered":"<p>usando Imperia Labs Turinabol 10, os atletas podem aumentar os ganhos de massa muscular magra, aumentar a for\u00e7a, refor\u00e7ar os ossos, aumentar o desejo sexual e aumentar a regenera\u00e7\u00e3o do tecido muscular.<\/p>\n<h2>Efeitos colaterais:<\/h2>\n<p>As rea\u00e7\u00f5es adversas mais comuns atribu\u00eddas ao Turinabol s\u00e3o acne, interrup\u00e7\u00e3o tempor\u00e1ria da reprodu\u00e7\u00e3o do ron , aumento dos n\u00edveis de colesterol de baixa densidade (LDL) e aumento das enzimas hep\u00e1ticas.<\/p>\n<p>Prote\u00e7\u00e3o Considere a inclus\u00e3o de gonadotrofina ao usar este produto. N\u00e3o use este produto em combina\u00e7\u00e3o com outros ester\u00f3ides anabolizantes orais, ou voc\u00ea tem alguma doen\u00e7a do trato gastrointestinal. Como resultado do aumento da carga no f\u00edgado, recomendamos dividir a dosagem pela metade e n\u00e3o usar Turinabol por mais de 8 a 12 semanas.<\/p>\n<h2>Stacking :<\/h2>\n<p>Este medicamento apresenta excelentes resultados e pode ser aplicado com seguran\u00e7a com HGH e \u00e9steres longos e curtos como Testoste ron e P.<\/p>\n<p>&nbsp;<\/p>\n<h3>Turinabol: uma explora\u00e7\u00e3o aprofundada do ester\u00f3ide anabolizante<\/h3>\n<h4>Introdu\u00e7\u00e3o:<\/h4>\n<p>Tbol, \u00e9 um ester\u00f3ide anabolizante com uma hist\u00f3ria \u00fanica e um lugar no mundo da melhoria de desempenho. Este artigo tem como objetivo fornecer uma vis\u00e3o abrangente do Turinabol, abrangendo suas caracter\u00edsticas, usos e poss\u00edveis considera\u00e7\u00f5es para aqueles que consideram sua incorpora\u00e7\u00e3o em seus regimes de condicionamento f\u00edsico.<\/p>\n<h4>Compreendendo Turinabol:<\/h4>\n<p>Desenvolvido na d\u00e9cada de 1960 por cientistas da Alemanha Oriental, o Tbol \u00e9 uma forma modificada de Dianabol, com um \u00e1tomo de cloro adicionado. Esta modifica\u00e7\u00e3o reduz os efeitos androg\u00eanicos do ester\u00f3ide, mantendo suas propriedades anab\u00f3licas. Turinabol \u00e9 conhecido pela sua versatilidade, proporcionando um equil\u00edbrio entre as capacidades de constru\u00e7\u00e3o muscular e minimizando potenciais efeitos secund\u00e1rios.<\/p>\n<h4>Constru\u00e7\u00e3o muscular e efeitos anab\u00f3licos:<\/h4>\n<p>O T-Bol \u00e9 apreciado pela sua capacidade de promover massa muscular magra sem reten\u00e7\u00e3o excessiva de \u00e1gua. Aumenta a reten\u00e7\u00e3o de nitrog\u00eanio e a s\u00edntese de prote\u00ednas, contribuindo para um ron anab\u00f3lico favor\u00e1vel. Os usu\u00e1rios muitas vezes recorrem ao T-Bol durante as fases cut ou aumento bulk magra para obter ganhos musculares graduais e de qualidade.<\/p>\n<h4>Aprimoramento de resist\u00eancia e resist\u00eancia:<\/h4>\n<p>Os atletas valorizam este AAS pelo seu impacto na resist\u00eancia e resist\u00eancia. O ester\u00f3ide aumenta a produ\u00e7\u00e3o de gl\u00f3bulos vermelhos, melhorando o fornecimento de oxig\u00eanio aos m\u00fasculos. Esta melhor oxigena\u00e7\u00e3o pode levar ao aumento da resist\u00eancia durante treinos prolongados, tornando-o uma escolha adequada para atletas de diversas modalidades.<\/p>\n<h4>Efeitos androg\u00eanicos leves:<\/h4>\n<p>Este medicamento apresenta efeitos androg\u00eanicos leves, tornando-o uma op\u00e7\u00e3o preferida para aqueles sens\u00edveis aos efeitos colaterais androg\u00eanicos. Os usu\u00e1rios normalmente experimentam menos problemas como acne, pele oleosa e queda acelerada de cabelo em compara\u00e7\u00e3o com outros ester\u00f3ides anabolizantes mais potentes.<\/p>\n<h4>Considera\u00e7\u00f5es e potenciais efeitos colaterais:<\/h4>\n<p>Embora este PED seja considerado relativamente leve, os usu\u00e1rios devem estar cientes dos potenciais efeitos colaterais. A toxicidade hep\u00e1tica \u00e9 uma preocupa\u00e7\u00e3o e \u00e9 aconselh\u00e1vel o monitoramento regular da fun\u00e7\u00e3o hep\u00e1tica durante seu uso. Tamb\u00e9m podem ocorrer desequil\u00edbrios hormonais, necessitando de terapia p\u00f3s-ciclo para restaurar a produ\u00e7\u00e3o natural de ron .<\/p>\n<h4>Conclus\u00e3o:<\/h4>\n<p>Este PED, com seus efeitos anab\u00f3licos equilibrados e propriedades androg\u00eanicas suaves, conquistou um nicho para si no mundo da melhoria de desempenho. A sua versatilidade torna-o adequado tanto para ciclos cut como bulk , e o seu potencial para minimizar os efeitos secund\u00e1rios androg\u00e9nicos \u00e9 apreciado pelos utilizadores. Tal como acontece com qualquer ester\u00f3ide anabolizante, o uso respons\u00e1vel, a ades\u00e3o \u00e0s dosagens recomendadas e a consulta com profissionais de sa\u00fade garantem uma experi\u00eancia segura e eficaz para aqueles que consideram o T-Bol como parte de sua jornada de prepara\u00e7\u00e3o f\u00edsica.<\/p>","protected":false},"excerpt":{"rendered":"<p>usando Imperia Labs Turinabol 10, os atletas podem aumentar os ganhos de massa muscular magra, aumentar a for\u00e7a, refor\u00e7ar os<\/p>\n","protected":false},"featured_media":9752,"comment_status":"open","ping_status":"closed","template":"","meta":[],"product_brand":[3532],"product_cat":[73],"product_tag":[],"class_list":{"0":"post-9751","1":"product","2":"type-product","3":"status-publish","4":"has-post-thumbnail","6":"product_brand-imperia-labs","7":"product_cat-ssteroides_orales","9":"first","10":"instock","11":"sale","12":"shipping-taxable","13":"purchasable","14":"product-type-simple"},"yoast_head":"<!-- This site is optimized with the Yoast SEO Premium plugin v24.4 (Yoast SEO v27.3) - https:\/\/yoast.com\/product\/yoast-seo-premium-wordpress\/ -->\n<title>TURINABOL 10mg - Ester\u00f3ides Online<\/title>\n<meta name=\"description\" content=\"Imperia Labs Turinabol 10 aumenta a massa muscular magra, a for\u00e7a e a recupera\u00e7\u00e3o, enquanto fortalece a sa\u00fade \u00f3ssea. Use com responsabilidade para minimizar os efeitos colaterais e maximizar os ganhos.\" \/>\n<meta name=\"robots\" content=\"index, follow, max-snippet:-1, max-image-preview:large, max-video-preview:-1\" \/>\n<link rel=\"canonical\" href=\"https:\/\/iberoid.com\/pt\/product\/turinabol10mg-imperia-labs\/\" \/>\n<meta property=\"og:locale\" content=\"pt_PT\" \/>\n<meta property=\"og:type\" content=\"article\" \/>\n<meta property=\"og:title\" content=\"TURINABOL 10mg\" \/>\n<meta property=\"og:description\" content=\"Imperia Labs Turinabol 10 aumenta a massa muscular magra, a for\u00e7a e a recupera\u00e7\u00e3o, enquanto fortalece a sa\u00fade \u00f3ssea. Use com responsabilidade para minimizar os efeitos colaterais e maximizar os ganhos.\" \/>\n<meta property=\"og:url\" content=\"https:\/\/iberoid.com\/pt\/product\/turinabol10mg-imperia-labs\/\" \/>\n<meta property=\"og:site_name\" content=\"Ester\u00f3ides Online\" \/>\n<meta property=\"article:modified_time\" content=\"2026-04-07T17:36:36+00:00\" \/>\n<meta property=\"og:image\" content=\"https:\/\/iberoid.com\/wp-content\/uploads\/2024\/10\/turi-imp.jpeg?v=1729422257\" \/>\n\t<meta property=\"og:image:width\" content=\"2560\" \/>\n\t<meta property=\"og:image:height\" content=\"1707\" \/>\n\t<meta property=\"og:image:type\" content=\"image\/jpeg\" \/>\n<meta name=\"twitter:card\" content=\"summary_large_image\" \/>\n<meta name=\"twitter:label1\" content=\"pre\u00e7o\" \/>\n\t<meta name=\"twitter:data1\" content=\"&euro;45.00\" \/>\n\t<meta name=\"twitter:label2\" content=\"Disponibilidade\" \/>\n\t<meta name=\"twitter:data2\" content=\"Em stock\" \/>\n<script type=\"application\/ld+json\" class=\"yoast-schema-graph\">{\"@context\":\"https:\\\/\\\/schema.org\",\"@graph\":[{\"@type\":\"WebPage\",\"@id\":\"https:\\\/\\\/iberoid.com\\\/pt\\\/product\\\/turinabol10mg-imperia-labs\\\/\",\"url\":\"https:\\\/\\\/iberoid.com\\\/pt\\\/product\\\/turinabol10mg-imperia-labs\\\/\",\"name\":\"TURINABOL 10mg - Ester\u00f3ides Online\",\"isPartOf\":{\"@id\":\"https:\\\/\\\/iberoid.com\\\/pt\\\/#website\"},\"primaryImageOfPage\":{\"@id\":\"https:\\\/\\\/iberoid.com\\\/pt\\\/product\\\/turinabol10mg-imperia-labs\\\/#primaryimage\"},\"image\":{\"@id\":\"https:\\\/\\\/iberoid.com\\\/pt\\\/product\\\/turinabol10mg-imperia-labs\\\/#primaryimage\"},\"thumbnailUrl\":\"https:\\\/\\\/iberoid.com\\\/wp-content\\\/uploads\\\/2024\\\/10\\\/turi-imp.jpeg?v=1729422257\",\"datePublished\":\"2024-10-20T11:04:28+00:00\",\"dateModified\":\"2026-04-07T17:36:36+00:00\",\"description\":\"Imperia Labs Turinabol 10 aumenta a massa muscular magra, a for\u00e7a e a recupera\u00e7\u00e3o, enquanto fortalece a sa\u00fade \u00f3ssea. Use com responsabilidade para minimizar os efeitos colaterais e maximizar os ganhos.\",\"breadcrumb\":{\"@id\":\"https:\\\/\\\/iberoid.com\\\/pt\\\/product\\\/turinabol10mg-imperia-labs\\\/#breadcrumb\"},\"inLanguage\":\"pt-PT\",\"potentialAction\":[{\"@type\":\"ReadAction\",\"target\":[[\"https:\\\/\\\/iberoid.com\\\/pt\\\/product\\\/turinabol10mg-imperia-labs\\\/\"]]}]},{\"@type\":\"ImageObject\",\"inLanguage\":\"pt-PT\",\"@id\":\"https:\\\/\\\/iberoid.com\\\/pt\\\/product\\\/turinabol10mg-imperia-labs\\\/#primaryimage\",\"url\":\"https:\\\/\\\/iberoid.com\\\/wp-content\\\/uploads\\\/2024\\\/10\\\/turi-imp.jpeg?v=1729422257\",\"contentUrl\":\"https:\\\/\\\/iberoid.com\\\/wp-content\\\/uploads\\\/2024\\\/10\\\/turi-imp.jpeg?v=1729422257\",\"width\":2560,\"height\":1707},{\"@type\":\"BreadcrumbList\",\"@id\":\"https:\\\/\\\/iberoid.com\\\/pt\\\/product\\\/turinabol10mg-imperia-labs\\\/#breadcrumb\",\"itemListElement\":[{\"@type\":\"ListItem\",\"position\":1,\"name\":\"Portada\",\"item\":\"https:\\\/\\\/iberoid.com\\\/pt\\\/\"},{\"@type\":\"ListItem\",\"position\":2,\"name\":\"Loja\",\"item\":\"https:\\\/\\\/iberoid.com\\\/pt\\\/shop\\\/\"},{\"@type\":\"ListItem\",\"position\":3,\"name\":\"TURINABOL 10mg\"}]},{\"@type\":\"WebSite\",\"@id\":\"https:\\\/\\\/iberoid.com\\\/pt\\\/#website\",\"url\":\"https:\\\/\\\/iberoid.com\\\/pt\\\/\",\"name\":\"Ester\u00f3ides Online\",\"description\":\"Compre ester\u00f3ides online hoje em Espanha e Portugal. Temos o melhor servi\u00e7o ao cliente do setor e produtos da mais alta qualidade\",\"potentialAction\":[{\"@type\":\"SearchAction\",\"target\":{\"@type\":\"EntryPoint\",\"urlTemplate\":\"https:\\\/\\\/iberoid.com\\\/pt\\\/?s={search_term_string}\"},\"query-input\":{\"@type\":\"PropertyValueSpecification\",\"valueRequired\":true,\"valueName\":\"search_term_string\"}}],\"inLanguage\":\"pt-PT\"}]}<\/script>\n<meta property=\"product:brand\" content=\"IMPERIA LABS\" \/>\n<meta property=\"product:price:amount\" content=\"45.00\" \/>\n<meta property=\"product:price:currency\" content=\"EUR\" \/>\n<meta property=\"og:availability\" content=\"instock\" \/>\n<meta property=\"product:availability\" content=\"instock\" \/>\n<meta property=\"product:condition\" content=\"new\" \/>\n<!-- \/ Yoast SEO Premium plugin. -->","yoast_head_json":{"title":"TURINABOL 10mg - Ester\u00f3ides Online","description":"Imperia Labs Turinabol 10 aumenta a massa muscular magra, a for\u00e7a e a recupera\u00e7\u00e3o, enquanto fortalece a sa\u00fade \u00f3ssea. Use com responsabilidade para minimizar os efeitos colaterais e maximizar os ganhos.","robots":{"index":"index","follow":"follow","max-snippet":"max-snippet:-1","max-image-preview":"max-image-preview:large","max-video-preview":"max-video-preview:-1"},"canonical":"https:\/\/iberoid.com\/pt\/product\/turinabol10mg-imperia-labs\/","og_locale":"pt_PT","og_type":"article","og_title":"TURINABOL 10mg","og_description":"Imperia Labs Turinabol 10 aumenta a massa muscular magra, a for\u00e7a e a recupera\u00e7\u00e3o, enquanto fortalece a sa\u00fade \u00f3ssea. Use com responsabilidade para minimizar os efeitos colaterais e maximizar os ganhos.","og_url":"https:\/\/iberoid.com\/pt\/product\/turinabol10mg-imperia-labs\/","og_site_name":"Ester\u00f3ides Online","article_modified_time":"2026-04-07T17:36:36+00:00","og_image":[{"width":2560,"height":1707,"url":"https:\/\/iberoid.com\/wp-content\/uploads\/2024\/10\/turi-imp.jpeg?v=1729422257","type":"image\/jpeg"}],"twitter_card":"summary_large_image","twitter_misc":{"pre\u00e7o":"&euro;45.00","Disponibilidade":"Em stock"},"schema":{"@context":"https:\/\/schema.org","@graph":[{"@type":"WebPage","@id":"https:\/\/iberoid.com\/pt\/product\/turinabol10mg-imperia-labs\/","url":"https:\/\/iberoid.com\/pt\/product\/turinabol10mg-imperia-labs\/","name":"TURINABOL 10mg - Ester\u00f3ides Online","isPartOf":{"@id":"https:\/\/iberoid.com\/pt\/#website"},"primaryImageOfPage":{"@id":"https:\/\/iberoid.com\/pt\/product\/turinabol10mg-imperia-labs\/#primaryimage"},"image":{"@id":"https:\/\/iberoid.com\/pt\/product\/turinabol10mg-imperia-labs\/#primaryimage"},"thumbnailUrl":"https:\/\/iberoid.com\/wp-content\/uploads\/2024\/10\/turi-imp.jpeg?v=1729422257","datePublished":"2024-10-20T11:04:28+00:00","dateModified":"2026-04-07T17:36:36+00:00","description":"Imperia Labs Turinabol 10 aumenta a massa muscular magra, a for\u00e7a e a recupera\u00e7\u00e3o, enquanto fortalece a sa\u00fade \u00f3ssea. Use com responsabilidade para minimizar os efeitos colaterais e maximizar os ganhos.","breadcrumb":{"@id":"https:\/\/iberoid.com\/pt\/product\/turinabol10mg-imperia-labs\/#breadcrumb"},"inLanguage":"pt-PT","potentialAction":[{"@type":"ReadAction","target":[["https:\/\/iberoid.com\/pt\/product\/turinabol10mg-imperia-labs\/"]]}]},{"@type":"ImageObject","inLanguage":"pt-PT","@id":"https:\/\/iberoid.com\/pt\/product\/turinabol10mg-imperia-labs\/#primaryimage","url":"https:\/\/iberoid.com\/wp-content\/uploads\/2024\/10\/turi-imp.jpeg?v=1729422257","contentUrl":"https:\/\/iberoid.com\/wp-content\/uploads\/2024\/10\/turi-imp.jpeg?v=1729422257","width":2560,"height":1707},{"@type":"BreadcrumbList","@id":"https:\/\/iberoid.com\/pt\/product\/turinabol10mg-imperia-labs\/#breadcrumb","itemListElement":[{"@type":"ListItem","position":1,"name":"Portada","item":"https:\/\/iberoid.com\/pt\/"},{"@type":"ListItem","position":2,"name":"Loja","item":"https:\/\/iberoid.com\/pt\/shop\/"},{"@type":"ListItem","position":3,"name":"TURINABOL 10mg"}]},{"@type":"WebSite","@id":"https:\/\/iberoid.com\/pt\/#website","url":"https:\/\/iberoid.com\/pt\/","name":"Ester\u00f3ides Online","description":"Compre ester\u00f3ides online hoje em Espanha e Portugal. Temos o melhor servi\u00e7o ao cliente do setor e produtos da mais alta qualidade","potentialAction":[{"@type":"SearchAction","target":{"@type":"EntryPoint","urlTemplate":"https:\/\/iberoid.com\/pt\/?s={search_term_string}"},"query-input":{"@type":"PropertyValueSpecification","valueRequired":true,"valueName":"search_term_string"}}],"inLanguage":"pt-PT"}]},"product_brand":"IMPERIA LABS","product_price_amount":"45.00","product_price_currency":"EUR","og_availability":"instock","product_availability":"instock","product_condition":"new"},"_links":{"self":[{"href":"https:\/\/iberoid.com\/pt\/wp-json\/wp\/v2\/product\/9751","targetHints":{"allow":["GET"]}}],"collection":[{"href":"https:\/\/iberoid.com\/pt\/wp-json\/wp\/v2\/product"}],"about":[{"href":"https:\/\/iberoid.com\/pt\/wp-json\/wp\/v2\/types\/product"}],"replies":[{"embeddable":true,"href":"https:\/\/iberoid.com\/pt\/wp-json\/wp\/v2\/comments?post=9751"}],"wp:featuredmedia":[{"embeddable":true,"href":"https:\/\/iberoid.com\/pt\/wp-json\/wp\/v2\/media\/9752"}],"wp:attachment":[{"href":"https:\/\/iberoid.com\/pt\/wp-json\/wp\/v2\/media?parent=9751"}],"wp:term":[{"taxonomy":"product_brand","embeddable":true,"href":"https:\/\/iberoid.com\/pt\/wp-json\/wp\/v2\/product_brand?post=9751"},{"taxonomy":"product_cat","embeddable":true,"href":"https:\/\/iberoid.com\/pt\/wp-json\/wp\/v2\/product_cat?post=9751"},{"taxonomy":"product_tag","embeddable":true,"href":"https:\/\/iberoid.com\/pt\/wp-json\/wp\/v2\/product_tag?post=9751"}],"curies":[{"name":"wp","href":"https:\/\/api.w.org\/{rel}","templated":true}]}}