{"id":9755,"date":"2024-10-20T11:21:54","date_gmt":"2024-10-20T11:21:54","guid":{"rendered":"https:\/\/iberoid.com\/?post_type=product&#038;p=9755"},"modified":"2026-04-04T09:13:18","modified_gmt":"2026-04-04T09:13:18","slug":"trenbolone-acetate-76mg-imperialabs","status":"publish","type":"product","link":"https:\/\/iberoid.com\/pt\/product\/trenbolone-acetate-76mg-imperialabs\/","title":{"rendered":"Trenbolone Acetate 76mg"},"content":{"rendered":"<p>Ao usar Imperia Labs Trenbolon Acetat 76, os atletas podem aumentar os ganhos de massa muscular magra, aumentar a for\u00e7a e elevar o oxig\u00eanio nas c\u00e9lulas sangu\u00edneas para estimular uma regenera\u00e7\u00e3o mais r\u00e1pida do tecido muscular. Al\u00e9m disso, aumenta o Fator de Crescimento Semelhante \u00e0 Insulina-1 (IFR-1) e acelera a queima de gordura.<\/p>\n<h2>Efeitos colaterais:<\/h2>\n<p>As rea\u00e7\u00f5es adversas mais comuns atribu\u00eddas ao Trenbolon Acetat s\u00e3o acne, paralisa\u00e7\u00e3o tempor\u00e1ria da reprodu\u00e7\u00e3o do ron , aumento dos n\u00edveis de colesterol de baixa densidade (LDL), altera\u00e7\u00f5es de humor, aumento do n\u00edvel de prolactina, ins\u00f4nia, raiva.<\/p>\n<h2>Prote\u00e7\u00e3o:<\/h2>\n<p>Considere a inclus\u00e3o de gonadotrofina, cabergolina e bromocriptina ao usar este produto. Evite o consumo de Tamoxifeno ao usar Trenbolon Acetat .<\/p>\n<h2>Stacking :<\/h2>\n<p>Imperia Labs Trenbolon Acetat 76 apresenta excelentes resultados e pode ser aplicado com seguran\u00e7a com \u00e9steres curtos como Drostanolon Propionat HGH.<\/p>\n<p>&nbsp;<\/p>\n<h2>Desvendando a pot\u00eancia do Trenbolon Acetat na muscula\u00e7\u00e3o<\/h2>\n<h3>Introdu\u00e7\u00e3o:<\/h3>\n<p>No mundo din\u00e2mico do fisiculturismo e do aprimoramento do desempenho, certos compostos surgiram como ferramentas poderosas para aqueles que buscam ganhos substanciais de massa e for\u00e7a muscular. Entre estes, este PED destaca-se pelo seu not\u00e1vel impacto na transforma\u00e7\u00e3o f\u00edsica e no desempenho atl\u00e9tico. Vamos nos aprofundar nos detalhes deste potente ester\u00f3ide anabolizante.<\/p>\n<h3>Compreendendo Trenbolon Acetat :<\/h3>\n<p>Este AAS \u00e9 um derivado sint\u00e9tico da nandrolona, \u200b\u200bconhecido pelas suas excepcionais propriedades anab\u00f3licas. Frequentemente preferido por fisiculturistas e atletas, este composto tem a\u00e7\u00e3o r\u00e1pida devido ao seu \u00e9ster curto, permitindo que os usu\u00e1rios experimentem seus efeitos de forma relativamente r\u00e1pida.<\/p>\n<h3>Constru\u00e7\u00e3o e preserva\u00e7\u00e3o muscular:<\/h3>\n<p>Um dos principais atributos do Trenbolon Acetat \u00e9 sua capacidade de estimular o crescimento muscular e preservar a massa magra. Os usu\u00e1rios geralmente relatam ganhos significativos no tamanho e na for\u00e7a muscular, tornando-o uma escolha popular durante os ciclos bulk . Al\u00e9m disso, seu impacto na reten\u00e7\u00e3o de nitrog\u00eanio contribui para um equil\u00edbrio proteico positivo nos tecidos musculares.<\/p>\n<h3>For\u00e7a e desempenho aprimorados:<\/h3>\n<p>Trenbolon Acetat \u00e9 conhecido por sua capacidade de aumentar a for\u00e7a e o desempenho atl\u00e9tico geral. Os usu\u00e1rios frequentemente experimentam um aumento na pot\u00eancia e na resist\u00eancia durante os treinos, permitindo sess\u00f5es de treinamento mais intensas e prolongadas. Isso pode levar a uma maior estimula\u00e7\u00e3o muscular e a um progresso acelerado no alcance das metas de condicionamento f\u00edsico.<\/p>\n<h3>Recomposi\u00e7\u00e3o Corporal e Perda de Gordura:<\/h3>\n<p>Al\u00e9m das suas capacidades de constru\u00e7\u00e3o muscular, este PED \u00e9 not\u00e1vel pelo seu impacto na composi\u00e7\u00e3o corporal. Os usu\u00e1rios frequentemente observam uma redu\u00e7\u00e3o na gordura corporal e, ao mesmo tempo, ganham massa muscular magra. Este duplo efeito torna-o uma escolha vers\u00e1til para quem procura um f\u00edsico mais definido e esculpido.<\/p>\n<h3>Considera\u00e7\u00f5es e potenciais efeitos colaterais:<\/h3>\n<p>Embora este medicamento ofere\u00e7a benef\u00edcios impressionantes, os usu\u00e1rios devem estar atentos aos poss\u00edveis efeitos colaterais. Estes podem incluir efeitos androg\u00eanicos, como acne, queda acelerada de cabelo e aumento da agressividade. Al\u00e9m disso, o composto pode impactar a sa\u00fade cardiovascular e suprimir a produ\u00e7\u00e3o natural de ron . O uso respons\u00e1vel, incluindo dosagem adequada e terapia p\u00f3s-ciclo, \u00e9 crucial para mitigar esses riscos.<\/p>\n<h3>Conclus\u00e3o:<\/h3>\n<p>Esta droga para melhorar o desempenho (PED), com seus potentes efeitos anab\u00f3licos e impacto na constru\u00e7\u00e3o muscular, for\u00e7a e recomposi\u00e7\u00e3o corporal, solidificou seu lugar no arsenal dos fisiculturistas s\u00e9rios. A sua a\u00e7\u00e3o r\u00e1pida e versatilidade fazem dele uma escolha procurada por quem pretende ultrapassar os seus limites f\u00edsicos. No entanto, os utilizadores devem abordar a sua utiliza\u00e7\u00e3o de forma respons\u00e1vel, compreendendo os riscos potenciais e consultando os profissionais de sa\u00fade para garantir uma experi\u00eancia segura e eficaz.<\/p>","protected":false},"excerpt":{"rendered":"<p>Ao usar Imperia Labs Trenbolon Acetat 76, os atletas podem aumentar os ganhos de massa muscular magra, aumentar a for\u00e7a<\/p>\n","protected":false},"featured_media":9756,"comment_status":"open","ping_status":"closed","template":"","meta":[],"product_brand":[3532],"product_cat":[69],"product_tag":[],"class_list":{"0":"post-9755","1":"product","2":"type-product","3":"status-publish","4":"has-post-thumbnail","6":"product_brand-imperia-labs","7":"product_cat-esteroides_inyectables","9":"first","10":"instock","11":"sale","12":"shipping-taxable","13":"purchasable","14":"product-type-simple"},"yoast_head":"<!-- This site is optimized with the Yoast SEO Premium plugin v24.4 (Yoast SEO v27.3) - https:\/\/yoast.com\/product\/yoast-seo-premium-wordpress\/ -->\n<title>Trenbolone Acetate 76mg - Ester\u00f3ides Online<\/title>\n<meta name=\"description\" content=\"Imperia Labs Trenbolone Acetate 76 aumenta o crescimento muscular, a for\u00e7a e a queima de gordura, melhorando a oxigena\u00e7\u00e3o e os n\u00edveis de IGF-1.\" \/>\n<meta name=\"robots\" content=\"index, follow, max-snippet:-1, max-image-preview:large, max-video-preview:-1\" \/>\n<link rel=\"canonical\" href=\"https:\/\/iberoid.com\/pt\/product\/trenbolone-acetate-76mg-imperialabs\/\" \/>\n<meta property=\"og:locale\" content=\"pt_PT\" \/>\n<meta property=\"og:type\" content=\"article\" \/>\n<meta property=\"og:title\" content=\"Trenbolone Acetate 76mg\" \/>\n<meta property=\"og:description\" content=\"Imperia Labs Trenbolone Acetate 76 aumenta o crescimento muscular, a for\u00e7a e a queima de gordura, melhorando a oxigena\u00e7\u00e3o e os n\u00edveis de IGF-1.\" \/>\n<meta property=\"og:url\" content=\"https:\/\/iberoid.com\/pt\/product\/trenbolone-acetate-76mg-imperialabs\/\" \/>\n<meta property=\"og:site_name\" content=\"Ester\u00f3ides Online\" \/>\n<meta property=\"article:modified_time\" content=\"2026-04-04T09:13:18+00:00\" \/>\n<meta property=\"og:image\" content=\"https:\/\/iberoid.com\/wp-content\/uploads\/2024\/10\/trenbo-ace-imp-scaled.jpg?v=1729423297\" \/>\n\t<meta property=\"og:image:width\" content=\"1707\" \/>\n\t<meta property=\"og:image:height\" content=\"2560\" \/>\n\t<meta property=\"og:image:type\" content=\"image\/jpeg\" \/>\n<meta name=\"twitter:card\" content=\"summary_large_image\" \/>\n<meta name=\"twitter:label1\" content=\"pre\u00e7o\" \/>\n\t<meta name=\"twitter:data1\" content=\"&euro;65.00\" \/>\n\t<meta name=\"twitter:label2\" content=\"Disponibilidade\" \/>\n\t<meta name=\"twitter:data2\" content=\"Em stock\" \/>\n<script type=\"application\/ld+json\" class=\"yoast-schema-graph\">{\"@context\":\"https:\\\/\\\/schema.org\",\"@graph\":[{\"@type\":\"WebPage\",\"@id\":\"https:\\\/\\\/iberoid.com\\\/pt\\\/product\\\/trenbolone-acetate-76mg-imperialabs\\\/\",\"url\":\"https:\\\/\\\/iberoid.com\\\/pt\\\/product\\\/trenbolone-acetate-76mg-imperialabs\\\/\",\"name\":\"Trenbolone Acetate 76mg - Ester\u00f3ides Online\",\"isPartOf\":{\"@id\":\"https:\\\/\\\/iberoid.com\\\/pt\\\/#website\"},\"primaryImageOfPage\":{\"@id\":\"https:\\\/\\\/iberoid.com\\\/pt\\\/product\\\/trenbolone-acetate-76mg-imperialabs\\\/#primaryimage\"},\"image\":{\"@id\":\"https:\\\/\\\/iberoid.com\\\/pt\\\/product\\\/trenbolone-acetate-76mg-imperialabs\\\/#primaryimage\"},\"thumbnailUrl\":\"https:\\\/\\\/iberoid.com\\\/wp-content\\\/uploads\\\/2024\\\/10\\\/trenbo-ace-imp-scaled.jpg?v=1729423297\",\"datePublished\":\"2024-10-20T11:21:54+00:00\",\"dateModified\":\"2026-04-04T09:13:18+00:00\",\"description\":\"Imperia Labs Trenbolone Acetate 76 aumenta o crescimento muscular, a for\u00e7a e a queima de gordura, melhorando a oxigena\u00e7\u00e3o e os n\u00edveis de IGF-1.\",\"breadcrumb\":{\"@id\":\"https:\\\/\\\/iberoid.com\\\/pt\\\/product\\\/trenbolone-acetate-76mg-imperialabs\\\/#breadcrumb\"},\"inLanguage\":\"pt-PT\",\"potentialAction\":[{\"@type\":\"ReadAction\",\"target\":[[\"https:\\\/\\\/iberoid.com\\\/pt\\\/product\\\/trenbolone-acetate-76mg-imperialabs\\\/\"]]}]},{\"@type\":\"ImageObject\",\"inLanguage\":\"pt-PT\",\"@id\":\"https:\\\/\\\/iberoid.com\\\/pt\\\/product\\\/trenbolone-acetate-76mg-imperialabs\\\/#primaryimage\",\"url\":\"https:\\\/\\\/iberoid.com\\\/wp-content\\\/uploads\\\/2024\\\/10\\\/trenbo-ace-imp-scaled.jpg?v=1729423297\",\"contentUrl\":\"https:\\\/\\\/iberoid.com\\\/wp-content\\\/uploads\\\/2024\\\/10\\\/trenbo-ace-imp-scaled.jpg?v=1729423297\",\"width\":1707,\"height\":2560},{\"@type\":\"BreadcrumbList\",\"@id\":\"https:\\\/\\\/iberoid.com\\\/pt\\\/product\\\/trenbolone-acetate-76mg-imperialabs\\\/#breadcrumb\",\"itemListElement\":[{\"@type\":\"ListItem\",\"position\":1,\"name\":\"Portada\",\"item\":\"https:\\\/\\\/iberoid.com\\\/pt\\\/\"},{\"@type\":\"ListItem\",\"position\":2,\"name\":\"Loja\",\"item\":\"https:\\\/\\\/iberoid.com\\\/pt\\\/shop\\\/\"},{\"@type\":\"ListItem\",\"position\":3,\"name\":\"Trenbolone Acetate 76mg\"}]},{\"@type\":\"WebSite\",\"@id\":\"https:\\\/\\\/iberoid.com\\\/pt\\\/#website\",\"url\":\"https:\\\/\\\/iberoid.com\\\/pt\\\/\",\"name\":\"Ester\u00f3ides Online\",\"description\":\"Compre ester\u00f3ides online hoje em Espanha e Portugal. Temos o melhor servi\u00e7o ao cliente do setor e produtos da mais alta qualidade\",\"potentialAction\":[{\"@type\":\"SearchAction\",\"target\":{\"@type\":\"EntryPoint\",\"urlTemplate\":\"https:\\\/\\\/iberoid.com\\\/pt\\\/?s={search_term_string}\"},\"query-input\":{\"@type\":\"PropertyValueSpecification\",\"valueRequired\":true,\"valueName\":\"search_term_string\"}}],\"inLanguage\":\"pt-PT\"}]}<\/script>\n<meta property=\"product:brand\" content=\"IMPERIA LABS\" \/>\n<meta property=\"product:price:amount\" content=\"65.00\" \/>\n<meta property=\"product:price:currency\" content=\"EUR\" \/>\n<meta property=\"og:availability\" content=\"instock\" \/>\n<meta property=\"product:availability\" content=\"instock\" \/>\n<meta property=\"product:condition\" content=\"new\" \/>\n<!-- \/ Yoast SEO Premium plugin. -->","yoast_head_json":{"title":"Trenbolone Acetate 76mg - Ester\u00f3ides Online","description":"Imperia Labs Trenbolone Acetate 76 aumenta o crescimento muscular, a for\u00e7a e a queima de gordura, melhorando a oxigena\u00e7\u00e3o e os n\u00edveis de IGF-1.","robots":{"index":"index","follow":"follow","max-snippet":"max-snippet:-1","max-image-preview":"max-image-preview:large","max-video-preview":"max-video-preview:-1"},"canonical":"https:\/\/iberoid.com\/pt\/product\/trenbolone-acetate-76mg-imperialabs\/","og_locale":"pt_PT","og_type":"article","og_title":"Trenbolone Acetate 76mg","og_description":"Imperia Labs Trenbolone Acetate 76 aumenta o crescimento muscular, a for\u00e7a e a queima de gordura, melhorando a oxigena\u00e7\u00e3o e os n\u00edveis de IGF-1.","og_url":"https:\/\/iberoid.com\/pt\/product\/trenbolone-acetate-76mg-imperialabs\/","og_site_name":"Ester\u00f3ides Online","article_modified_time":"2026-04-04T09:13:18+00:00","og_image":[{"width":1707,"height":2560,"url":"https:\/\/iberoid.com\/wp-content\/uploads\/2024\/10\/trenbo-ace-imp-scaled.jpg?v=1729423297","type":"image\/jpeg"}],"twitter_card":"summary_large_image","twitter_misc":{"pre\u00e7o":"&euro;65.00","Disponibilidade":"Em stock"},"schema":{"@context":"https:\/\/schema.org","@graph":[{"@type":"WebPage","@id":"https:\/\/iberoid.com\/pt\/product\/trenbolone-acetate-76mg-imperialabs\/","url":"https:\/\/iberoid.com\/pt\/product\/trenbolone-acetate-76mg-imperialabs\/","name":"Trenbolone Acetate 76mg - Ester\u00f3ides Online","isPartOf":{"@id":"https:\/\/iberoid.com\/pt\/#website"},"primaryImageOfPage":{"@id":"https:\/\/iberoid.com\/pt\/product\/trenbolone-acetate-76mg-imperialabs\/#primaryimage"},"image":{"@id":"https:\/\/iberoid.com\/pt\/product\/trenbolone-acetate-76mg-imperialabs\/#primaryimage"},"thumbnailUrl":"https:\/\/iberoid.com\/wp-content\/uploads\/2024\/10\/trenbo-ace-imp-scaled.jpg?v=1729423297","datePublished":"2024-10-20T11:21:54+00:00","dateModified":"2026-04-04T09:13:18+00:00","description":"Imperia Labs Trenbolone Acetate 76 aumenta o crescimento muscular, a for\u00e7a e a queima de gordura, melhorando a oxigena\u00e7\u00e3o e os n\u00edveis de IGF-1.","breadcrumb":{"@id":"https:\/\/iberoid.com\/pt\/product\/trenbolone-acetate-76mg-imperialabs\/#breadcrumb"},"inLanguage":"pt-PT","potentialAction":[{"@type":"ReadAction","target":[["https:\/\/iberoid.com\/pt\/product\/trenbolone-acetate-76mg-imperialabs\/"]]}]},{"@type":"ImageObject","inLanguage":"pt-PT","@id":"https:\/\/iberoid.com\/pt\/product\/trenbolone-acetate-76mg-imperialabs\/#primaryimage","url":"https:\/\/iberoid.com\/wp-content\/uploads\/2024\/10\/trenbo-ace-imp-scaled.jpg?v=1729423297","contentUrl":"https:\/\/iberoid.com\/wp-content\/uploads\/2024\/10\/trenbo-ace-imp-scaled.jpg?v=1729423297","width":1707,"height":2560},{"@type":"BreadcrumbList","@id":"https:\/\/iberoid.com\/pt\/product\/trenbolone-acetate-76mg-imperialabs\/#breadcrumb","itemListElement":[{"@type":"ListItem","position":1,"name":"Portada","item":"https:\/\/iberoid.com\/pt\/"},{"@type":"ListItem","position":2,"name":"Loja","item":"https:\/\/iberoid.com\/pt\/shop\/"},{"@type":"ListItem","position":3,"name":"Trenbolone Acetate 76mg"}]},{"@type":"WebSite","@id":"https:\/\/iberoid.com\/pt\/#website","url":"https:\/\/iberoid.com\/pt\/","name":"Ester\u00f3ides Online","description":"Compre ester\u00f3ides online hoje em Espanha e Portugal. Temos o melhor servi\u00e7o ao cliente do setor e produtos da mais alta qualidade","potentialAction":[{"@type":"SearchAction","target":{"@type":"EntryPoint","urlTemplate":"https:\/\/iberoid.com\/pt\/?s={search_term_string}"},"query-input":{"@type":"PropertyValueSpecification","valueRequired":true,"valueName":"search_term_string"}}],"inLanguage":"pt-PT"}]},"product_brand":"IMPERIA LABS","product_price_amount":"65.00","product_price_currency":"EUR","og_availability":"instock","product_availability":"instock","product_condition":"new"},"_links":{"self":[{"href":"https:\/\/iberoid.com\/pt\/wp-json\/wp\/v2\/product\/9755","targetHints":{"allow":["GET"]}}],"collection":[{"href":"https:\/\/iberoid.com\/pt\/wp-json\/wp\/v2\/product"}],"about":[{"href":"https:\/\/iberoid.com\/pt\/wp-json\/wp\/v2\/types\/product"}],"replies":[{"embeddable":true,"href":"https:\/\/iberoid.com\/pt\/wp-json\/wp\/v2\/comments?post=9755"}],"wp:featuredmedia":[{"embeddable":true,"href":"https:\/\/iberoid.com\/pt\/wp-json\/wp\/v2\/media\/9756"}],"wp:attachment":[{"href":"https:\/\/iberoid.com\/pt\/wp-json\/wp\/v2\/media?parent=9755"}],"wp:term":[{"taxonomy":"product_brand","embeddable":true,"href":"https:\/\/iberoid.com\/pt\/wp-json\/wp\/v2\/product_brand?post=9755"},{"taxonomy":"product_cat","embeddable":true,"href":"https:\/\/iberoid.com\/pt\/wp-json\/wp\/v2\/product_cat?post=9755"},{"taxonomy":"product_tag","embeddable":true,"href":"https:\/\/iberoid.com\/pt\/wp-json\/wp\/v2\/product_tag?post=9755"}],"curies":[{"name":"wp","href":"https:\/\/api.w.org\/{rel}","templated":true}]}}