{"id":9761,"date":"2024-10-20T11:49:43","date_gmt":"2024-10-20T11:49:43","guid":{"rendered":"https:\/\/iberoid.com\/?post_type=product&#038;p=9761"},"modified":"2025-03-29T10:51:52","modified_gmt":"2025-03-29T10:51:52","slug":"androbolic50tabs-oxymetholon50mg-arenis","status":"publish","type":"product","link":"https:\/\/iberoid.com\/pt\/product\/androbolic50tabs-oxymetholon50mg-arenis\/","title":{"rendered":"ANDROBOLIC \/ OXYMETHOLON  &#8211; 50tabs \/ 50mg"},"content":{"rendered":"<p><\/p>\n<div class=\"wd-single-content wd-wpb wd-rs-63515175a95d9 vc_custom_1666273659357\">\n<p><span style=\"vertical-align: inherit;\"><span style=\"vertical-align: inherit;\">Androbolic cont\u00e9m 50 mg de oximetolona.<\/span><\/span><\/p>\n<p><span style=\"vertical-align: inherit;\"><span style=\"vertical-align: inherit;\">Androb\u00f3lico (oximetolona) \u00e9 um ester\u00f3ide anabolizante oral derivado da diidrotestosterona.<\/span><\/span><\/p>\n<h3><span id=\"Efectos-secundarios-estrogenicos\" class=\"ez-toc-section\"><\/span><span style=\"vertical-align: inherit;\"><span style=\"vertical-align: inherit;\">Efeitos colaterais estrog\u00eanicos<\/span><\/span><\/h3>\n<p><span style=\"vertical-align: inherit;\"><span style=\"vertical-align: inherit;\">Androb\u00f3lico (oximetolona) \u00e9 um ester\u00f3ide altamente estrog\u00eanico. N\u00edveis elevados de estrog\u00eanio geralmente causam ginecomastia. Ao mesmo tempo, a reten\u00e7\u00e3o de \u00e1gua pode tornar-se um problema, causando uma perda not\u00e1vel de defini\u00e7\u00e3o muscular \u00e0 medida que a reten\u00e7\u00e3o de \u00e1gua subcut\u00e2nea e os n\u00edveis de gordura aumentam.<\/span><\/span><\/p>\n<p><span style=\"vertical-align: inherit;\"><span style=\"vertical-align: inherit;\">Um antiestrog\u00eanio pode ser necess\u00e1rio para prevenir efeitos colaterais estrog\u00eanicos.<\/span><\/span><\/p>\n<h3><span id=\"Efectos-secundarios-androgenicos\" class=\"ez-toc-section\"><\/span><span style=\"vertical-align: inherit;\"><span style=\"vertical-align: inherit;\">Efeitos colaterais androg\u00eanicos<\/span><\/span><\/h3>\n<p><span style=\"vertical-align: inherit;\"><span style=\"vertical-align: inherit;\">Embora seja classificado como um ester\u00f3ide anabolizante, os efeitos colaterais androg\u00eanicos ainda s\u00e3o comuns com esta subst\u00e2ncia, especialmente com doses mais elevadas. Isso pode incluir epis\u00f3dios de pele oleosa, acne e crescimento de pelos corporais\/faciais.<\/span><\/span><\/p>\n<p><span style=\"vertical-align: inherit;\"><span style=\"vertical-align: inherit;\">Os ester\u00f3ides anab\u00f3licos\/androg\u00eanicos tamb\u00e9m podem agravar a queda de cabelo no padr\u00e3o masculino.<\/span><\/span><\/p>\n<p><span style=\"vertical-align: inherit;\"><span style=\"vertical-align: inherit;\">As mulheres tamb\u00e9m s\u00e3o alertadas sobre os poss\u00edveis efeitos virilizantes dos esteroides anabolizantes\/androg\u00eanicos. Isso pode incluir voz mais grave, irregularidades menstruais, altera\u00e7\u00f5es na textura da pele, crescimento de pelos faciais e aumento do clit\u00f3ris.<\/span><\/span><\/p>\n<h3><span id=\"Efectos-secundarios-de-hepatotoxicidad\" class=\"ez-toc-section\"><\/span><span style=\"vertical-align: inherit;\"><span style=\"vertical-align: inherit;\">Efeitos colaterais de hepatotoxicidade<\/span><\/span><\/h3>\n<p><span style=\"vertical-align: inherit;\"><span style=\"vertical-align: inherit;\">Androb\u00f3lico (oximetolona) \u00e9 um composto c17-alfa alquilado. Esteroides anab\u00f3licos\/androg\u00eanicos C17-alfa alquilados podem ser hepatot\u00f3xicos. A exposi\u00e7\u00e3o prolongada ou elevada pode resultar em danos no f\u00edgado. Em casos raros, pode ocorrer disfun\u00e7\u00e3o com risco de vida. \u00c9 aconselh\u00e1vel visitar um m\u00e9dico periodicamente durante cada ciclo para monitorar a fun\u00e7\u00e3o hep\u00e1tica e a sa\u00fade geral. A ingest\u00e3o de ester\u00f3ides alquilados c17-alfa \u00e9 comumente limitada a 6-8 semanas, em um esfor\u00e7o para prevenir o aumento do estresse hep\u00e1tico.<\/span><\/span><\/p>\n<p><span style=\"vertical-align: inherit;\"><span style=\"vertical-align: inherit;\">O uso de um suplemento de desintoxica\u00e7\u00e3o do f\u00edgado \u00e9 recomendado enquanto se toma ester\u00f3ides anab\u00f3licos\/androg\u00eanicos hepatot\u00f3xicos.<\/span><\/span><\/p>\n<p><span style=\"vertical-align: inherit;\"><span style=\"vertical-align: inherit;\">A hepatotoxicidade relativa aumenta \u00e0 medida que a dose aumenta, portanto a disfun\u00e7\u00e3o hep\u00e1tica ainda deve ser uma preocupa\u00e7\u00e3o.<\/span><\/span><\/p>\n<h3><span id=\"Efectos-secundarios-cardiovasculares\" class=\"ez-toc-section\"><\/span><span style=\"vertical-align: inherit;\"><span style=\"vertical-align: inherit;\">Efeitos colaterais cardiovasculares<\/span><\/span><\/h3>\n<p><span style=\"vertical-align: inherit;\"><span style=\"vertical-align: inherit;\">Os esteroides anab\u00f3licos\/androg\u00eanicos podem ter efeitos delet\u00e9rios sobre o colesterol s\u00e9rico. Isto inclui uma tend\u00eancia a diminuir os valores de colesterol HDL (bom) e aumentar os valores de colesterol LDL (ruim), o que pode alterar o equil\u00edbrio de HDL para LDL em uma dire\u00e7\u00e3o que favorece um risco aumentado de arteriosclerose.<\/span><\/span><\/p>\n<p><span style=\"vertical-align: inherit;\"><span style=\"vertical-align: inherit;\">O impacto relativo de um esteroide anab\u00f3lico\/androg\u00eanico nos lip\u00eddios s\u00e9ricos depende da dose, da via de administra\u00e7\u00e3o (oral ou injet\u00e1vel), do tipo de esteroide (aromatiz\u00e1vel ou n\u00e3o aromatiz\u00e1vel) e do n\u00edvel de resist\u00eancia ao metabolismo hep\u00e1tico.<\/span><\/span><\/p>\n<p><span style=\"vertical-align: inherit;\"><span style=\"vertical-align: inherit;\">Os esteroides anab\u00f3licos\/androg\u00eanicos tamb\u00e9m podem afetar negativamente a press\u00e3o arterial e os triglicer\u00eddeos, reduzir o relaxamento endotelial e apoiar a hipertrofia ventricular esquerda, o que pode aumentar o risco de doen\u00e7a cardiovascular e infarto do mioc\u00e1rdio.<\/span><\/span><\/p>\n<p><span style=\"vertical-align: inherit;\"><span style=\"vertical-align: inherit;\">Para ajudar a reduzir o esfor\u00e7o cardiovascular, recomenda-se manter um programa ativo de exerc\u00edcios cardiovasculares e minimizar a ingest\u00e3o de gordura saturada, colesterol e carboidratos simples em todos os momentos durante a administra\u00e7\u00e3o ativa de ester\u00f3ides. Recomenda-se tamb\u00e9m suplementar com \u00f3leos de peixe e uma f\u00f3rmula natural de colesterol\/antioxidante.<\/span><\/span><\/p>\n<h3><span id=\"Supresion-de-testosterona\" class=\"ez-toc-section\"><\/span><span style=\"vertical-align: inherit;\"><span style=\"vertical-align: inherit;\">Supress\u00e3o de testosterona<\/span><\/span><\/h3>\n<p><span style=\"vertical-align: inherit;\"><span style=\"vertical-align: inherit;\">Espera-se que todos os ester\u00f3ides anab\u00f3licos\/androg\u00eanicos suprimam a produ\u00e7\u00e3o end\u00f3gena de testosterona. A testosterona \u00e9 o principal andr\u00f3geno masculino e fornece um forte feedback negativo na produ\u00e7\u00e3o end\u00f3gena de testosterona.<\/span><\/span><\/p>\n<p><span style=\"vertical-align: inherit;\"><span style=\"vertical-align: inherit;\">Os medicamentos \u00e0 base de testosterona, da mesma forma, ter\u00e3o um forte efeito na regula\u00e7\u00e3o hipotal\u00e2mica dos horm\u00f4nios ester\u00f3ides naturais. Sem a interven\u00e7\u00e3o de subst\u00e2ncias estimuladoras da testosterona, os n\u00edveis de testosterona devem voltar ao normal dentro de 1 a 4 meses ap\u00f3s a descontinua\u00e7\u00e3o do medicamento.<\/span><\/span><\/p>\n<p><span style=\"vertical-align: inherit;\"><span style=\"vertical-align: inherit;\">Observe que o hipogonadismo hipogonadotr\u00f3fico prolongado pode se desenvolver como consequ\u00eancia do abuso de ester\u00f3ides, exigindo interven\u00e7\u00e3o m\u00e9dica.<\/span><\/span><\/p>\n<h3><span id=\"Administracion-para-hombres\" class=\"ez-toc-section\"><\/span><span style=\"vertical-align: inherit;\"><span style=\"vertical-align: inherit;\">Administra\u00e7\u00e3o para homens<\/span><\/span><\/h3>\n<p><span style=\"vertical-align: inherit;\"><span style=\"vertical-align: inherit;\">\u00c9 mais comumente usado na dose de 25-150 mg por dia, em duas ou tr\u00eas doses ao longo do dia.<\/span><\/span><\/p>\n<p><span style=\"vertical-align: inherit;\"><span style=\"vertical-align: inherit;\">Os efeitos positivos deste medicamento tornam-se mais evidentes quando utilizado por ciclos mais longos, normalmente com dura\u00e7\u00e3o de 6 a 8 semanas.<\/span><\/span><\/p>\n<p><span style=\"vertical-align: inherit;\"><span style=\"vertical-align: inherit;\">Androbolic (Oximetolona) \u00e9 um medicamento muito vers\u00e1til e pode ser combinado com uma s\u00e9rie de outros agentes dependendo do resultado desejado.<\/span><\/span><\/p>\n<p><span style=\"vertical-align: inherit;\"><span style=\"vertical-align: inherit;\">Para utiliza\u00e7\u00e3o m\u00e1xima, Androbolic (Oximetolona) deve ser tomado com o est\u00f4mago vazio.<\/span><\/span><\/p>\n<h3><span id=\"Administracion-para-la-Mujer\" class=\"ez-toc-section\"><\/span><span style=\"vertical-align: inherit;\"><span style=\"vertical-align: inherit;\">Administra\u00e7\u00e3o para Mulheres<\/span><\/span><\/h3>\n<p><span style=\"vertical-align: inherit;\"><span style=\"vertical-align: inherit;\">Androb\u00f3lico (oximetolona) raramente \u00e9 usado em mulheres na medicina cl\u00ednica.<\/span><\/span><\/p>\n<p><span style=\"vertical-align: inherit;\"><span style=\"vertical-align: inherit;\">Androb\u00f3lico (oximetolona) n\u00e3o \u00e9 recomendado para mulheres para fins de melhoria de desempenho devido \u00e0 sua forte natureza androg\u00eanica e \u00e0 sua tend\u00eancia a produzir efeitos colaterais virilizantes.<\/span><\/span><\/p>\n<\/div>\n<p><\/p>","protected":false},"excerpt":{"rendered":"<p>Androbolic cont\u00e9m 50 mg de oximetolona. Androb\u00f3lico (oximetolona) \u00e9 um ester\u00f3ide anabolizante oral derivado da diidrotestosterona. Efeitos colaterais estrog\u00eanicos Androb\u00f3lico<\/p>\n","protected":false},"featured_media":9762,"comment_status":"open","ping_status":"closed","template":"","meta":[],"product_brand":[],"product_cat":[73],"product_tag":[],"class_list":{"0":"post-9761","1":"product","2":"type-product","3":"status-publish","4":"has-post-thumbnail","6":"product_cat-ssteroides_orales","8":"first","9":"outofstock","10":"featured","11":"shipping-taxable","12":"purchasable","13":"product-type-simple"},"yoast_head":"<!-- This site is optimized with the Yoast SEO Premium plugin v24.4 (Yoast SEO v27.0) - https:\/\/yoast.com\/product\/yoast-seo-premium-wordpress\/ -->\n<title>ANDROBOLIC \/ OXYMETHOLON - 50tabs \/ 50mg - Ester\u00f3ides Online<\/title>\n<meta name=\"description\" content=\"Androbolic (Oxymetholone) \u00e9 um potente esteroide anab\u00f3lico com fortes efeitos estrog\u00eanicos, toxicidade hep\u00e1tica, riscos cardiovasculares e supress\u00e3o de testosterona.\" \/>\n<meta name=\"robots\" content=\"index, follow, max-snippet:-1, max-image-preview:large, max-video-preview:-1\" \/>\n<link rel=\"canonical\" href=\"https:\/\/iberoid.com\/pt\/product\/androbolic50tabs-oxymetholon50mg-arenis\/\" \/>\n<meta property=\"og:locale\" content=\"pt_PT\" \/>\n<meta property=\"og:type\" content=\"article\" \/>\n<meta property=\"og:title\" content=\"ANDROBOLIC \/ OXYMETHOLON - 50tabs \/ 50mg\" \/>\n<meta property=\"og:description\" content=\"Androbolic (Oxymetholone) \u00e9 um potente esteroide anab\u00f3lico com fortes efeitos estrog\u00eanicos, toxicidade hep\u00e1tica, riscos cardiovasculares e supress\u00e3o de testosterona.\" \/>\n<meta property=\"og:url\" content=\"https:\/\/iberoid.com\/pt\/product\/androbolic50tabs-oxymetholon50mg-arenis\/\" \/>\n<meta property=\"og:site_name\" content=\"Ester\u00f3ides Online\" \/>\n<meta property=\"article:modified_time\" content=\"2025-03-29T10:51:52+00:00\" \/>\n<meta property=\"og:image\" content=\"https:\/\/iberoid.com\/wp-content\/uploads\/2024\/10\/androbolic.jpg?v=1729424968\" \/>\n\t<meta property=\"og:image:width\" content=\"1000\" \/>\n\t<meta property=\"og:image:height\" content=\"1000\" \/>\n\t<meta property=\"og:image:type\" content=\"image\/jpeg\" \/>\n<meta name=\"twitter:card\" content=\"summary_large_image\" \/>\n<meta name=\"twitter:label1\" content=\"pre\u00e7o\" \/>\n\t<meta name=\"twitter:data1\" content=\"&euro;40.00\" \/>\n\t<meta name=\"twitter:label2\" content=\"Disponibilidade\" \/>\n\t<meta name=\"twitter:data2\" content=\"Esgotado\" \/>\n<script type=\"application\/ld+json\" class=\"yoast-schema-graph\">{\"@context\":\"https:\/\/schema.org\",\"@graph\":[{\"@type\":\"WebPage\",\"@id\":\"https:\/\/iberoid.com\/pt\/product\/androbolic50tabs-oxymetholon50mg-arenis\/\",\"url\":\"https:\/\/iberoid.com\/pt\/product\/androbolic50tabs-oxymetholon50mg-arenis\/\",\"name\":\"ANDROBOLIC \/ OXYMETHOLON - 50tabs \/ 50mg - Ester\u00f3ides Online\",\"isPartOf\":{\"@id\":\"https:\/\/iberoid.com\/pt\/#website\"},\"primaryImageOfPage\":{\"@id\":\"https:\/\/iberoid.com\/pt\/product\/androbolic50tabs-oxymetholon50mg-arenis\/#primaryimage\"},\"image\":{\"@id\":\"https:\/\/iberoid.com\/pt\/product\/androbolic50tabs-oxymetholon50mg-arenis\/#primaryimage\"},\"thumbnailUrl\":\"https:\/\/iberoid.com\/wp-content\/uploads\/2024\/10\/androbolic.jpg?v=1729424968\",\"datePublished\":\"2024-10-20T11:49:43+00:00\",\"dateModified\":\"2025-03-29T10:51:52+00:00\",\"description\":\"Androbolic (Oxymetholone) \u00e9 um potente esteroide anab\u00f3lico com fortes efeitos estrog\u00eanicos, toxicidade hep\u00e1tica, riscos cardiovasculares e supress\u00e3o de testosterona.\",\"breadcrumb\":{\"@id\":\"https:\/\/iberoid.com\/pt\/product\/androbolic50tabs-oxymetholon50mg-arenis\/#breadcrumb\"},\"inLanguage\":\"pt-PT\",\"potentialAction\":[{\"@type\":\"ReadAction\",\"target\":[[\"https:\/\/iberoid.com\/pt\/product\/androbolic50tabs-oxymetholon50mg-arenis\/\"]]}]},{\"@type\":\"ImageObject\",\"inLanguage\":\"pt-PT\",\"@id\":\"https:\/\/iberoid.com\/pt\/product\/androbolic50tabs-oxymetholon50mg-arenis\/#primaryimage\",\"url\":\"https:\/\/iberoid.com\/wp-content\/uploads\/2024\/10\/androbolic.jpg?v=1729424968\",\"contentUrl\":\"https:\/\/iberoid.com\/wp-content\/uploads\/2024\/10\/androbolic.jpg?v=1729424968\",\"width\":1000,\"height\":1000},{\"@type\":\"BreadcrumbList\",\"@id\":\"https:\/\/iberoid.com\/pt\/product\/androbolic50tabs-oxymetholon50mg-arenis\/#breadcrumb\",\"itemListElement\":[{\"@type\":\"ListItem\",\"position\":1,\"name\":\"Portada\",\"item\":\"https:\/\/iberoid.com\/pt\/\"},{\"@type\":\"ListItem\",\"position\":2,\"name\":\"Loja\",\"item\":\"https:\/\/iberoid.com\/pt\/shop\/\"},{\"@type\":\"ListItem\",\"position\":3,\"name\":\"ANDROBOLIC \/ OXYMETHOLON &#8211; 50tabs \/ 50mg\"}]},{\"@type\":\"WebSite\",\"@id\":\"https:\/\/iberoid.com\/pt\/#website\",\"url\":\"https:\/\/iberoid.com\/pt\/\",\"name\":\"Ester\u00f3ides Online\",\"description\":\"Compre ester\u00f3ides online hoje em Espanha e Portugal. Temos o melhor servi\u00e7o ao cliente do setor e produtos da mais alta qualidade\",\"potentialAction\":[{\"@type\":\"SearchAction\",\"target\":{\"@type\":\"EntryPoint\",\"urlTemplate\":\"https:\/\/iberoid.com\/pt\/?s={search_term_string}\"},\"query-input\":{\"@type\":\"PropertyValueSpecification\",\"valueRequired\":true,\"valueName\":\"search_term_string\"}}],\"inLanguage\":\"pt-PT\"}]}<\/script>\n<meta property=\"product:brand\" content=\"Arenis Medico\" \/>\n<meta property=\"product:price:amount\" content=\"40.00\" \/>\n<meta property=\"product:price:currency\" content=\"EUR\" \/>\n<meta property=\"og:availability\" content=\"out of stock\" \/>\n<meta property=\"product:availability\" content=\"out of stock\" \/>\n<meta property=\"product:condition\" content=\"new\" \/>\n<!-- \/ Yoast SEO Premium plugin. -->","yoast_head_json":{"title":"ANDROBOLIC \/ OXYMETHOLON - 50tabs \/ 50mg - Ester\u00f3ides Online","description":"Androbolic (Oxymetholone) \u00e9 um potente esteroide anab\u00f3lico com fortes efeitos estrog\u00eanicos, toxicidade hep\u00e1tica, riscos cardiovasculares e supress\u00e3o de testosterona.","robots":{"index":"index","follow":"follow","max-snippet":"max-snippet:-1","max-image-preview":"max-image-preview:large","max-video-preview":"max-video-preview:-1"},"canonical":"https:\/\/iberoid.com\/pt\/product\/androbolic50tabs-oxymetholon50mg-arenis\/","og_locale":"pt_PT","og_type":"article","og_title":"ANDROBOLIC \/ OXYMETHOLON - 50tabs \/ 50mg","og_description":"Androbolic (Oxymetholone) \u00e9 um potente esteroide anab\u00f3lico com fortes efeitos estrog\u00eanicos, toxicidade hep\u00e1tica, riscos cardiovasculares e supress\u00e3o de testosterona.","og_url":"https:\/\/iberoid.com\/pt\/product\/androbolic50tabs-oxymetholon50mg-arenis\/","og_site_name":"Ester\u00f3ides Online","article_modified_time":"2025-03-29T10:51:52+00:00","og_image":[{"width":1000,"height":1000,"url":"https:\/\/iberoid.com\/wp-content\/uploads\/2024\/10\/androbolic.jpg?v=1729424968","type":"image\/jpeg"}],"twitter_card":"summary_large_image","twitter_misc":{"pre\u00e7o":"&euro;40.00","Disponibilidade":"Esgotado"},"schema":{"@context":"https:\/\/schema.org","@graph":[{"@type":"WebPage","@id":"https:\/\/iberoid.com\/pt\/product\/androbolic50tabs-oxymetholon50mg-arenis\/","url":"https:\/\/iberoid.com\/pt\/product\/androbolic50tabs-oxymetholon50mg-arenis\/","name":"ANDROBOLIC \/ OXYMETHOLON - 50tabs \/ 50mg - Ester\u00f3ides Online","isPartOf":{"@id":"https:\/\/iberoid.com\/pt\/#website"},"primaryImageOfPage":{"@id":"https:\/\/iberoid.com\/pt\/product\/androbolic50tabs-oxymetholon50mg-arenis\/#primaryimage"},"image":{"@id":"https:\/\/iberoid.com\/pt\/product\/androbolic50tabs-oxymetholon50mg-arenis\/#primaryimage"},"thumbnailUrl":"https:\/\/iberoid.com\/wp-content\/uploads\/2024\/10\/androbolic.jpg?v=1729424968","datePublished":"2024-10-20T11:49:43+00:00","dateModified":"2025-03-29T10:51:52+00:00","description":"Androbolic (Oxymetholone) \u00e9 um potente esteroide anab\u00f3lico com fortes efeitos estrog\u00eanicos, toxicidade hep\u00e1tica, riscos cardiovasculares e supress\u00e3o de testosterona.","breadcrumb":{"@id":"https:\/\/iberoid.com\/pt\/product\/androbolic50tabs-oxymetholon50mg-arenis\/#breadcrumb"},"inLanguage":"pt-PT","potentialAction":[{"@type":"ReadAction","target":[["https:\/\/iberoid.com\/pt\/product\/androbolic50tabs-oxymetholon50mg-arenis\/"]]}]},{"@type":"ImageObject","inLanguage":"pt-PT","@id":"https:\/\/iberoid.com\/pt\/product\/androbolic50tabs-oxymetholon50mg-arenis\/#primaryimage","url":"https:\/\/iberoid.com\/wp-content\/uploads\/2024\/10\/androbolic.jpg?v=1729424968","contentUrl":"https:\/\/iberoid.com\/wp-content\/uploads\/2024\/10\/androbolic.jpg?v=1729424968","width":1000,"height":1000},{"@type":"BreadcrumbList","@id":"https:\/\/iberoid.com\/pt\/product\/androbolic50tabs-oxymetholon50mg-arenis\/#breadcrumb","itemListElement":[{"@type":"ListItem","position":1,"name":"Portada","item":"https:\/\/iberoid.com\/pt\/"},{"@type":"ListItem","position":2,"name":"Loja","item":"https:\/\/iberoid.com\/pt\/shop\/"},{"@type":"ListItem","position":3,"name":"ANDROBOLIC \/ OXYMETHOLON &#8211; 50tabs \/ 50mg"}]},{"@type":"WebSite","@id":"https:\/\/iberoid.com\/pt\/#website","url":"https:\/\/iberoid.com\/pt\/","name":"Ester\u00f3ides Online","description":"Compre ester\u00f3ides online hoje em Espanha e Portugal. Temos o melhor servi\u00e7o ao cliente do setor e produtos da mais alta qualidade","potentialAction":[{"@type":"SearchAction","target":{"@type":"EntryPoint","urlTemplate":"https:\/\/iberoid.com\/pt\/?s={search_term_string}"},"query-input":{"@type":"PropertyValueSpecification","valueRequired":true,"valueName":"search_term_string"}}],"inLanguage":"pt-PT"}]},"product_brand":"Arenis Medico","product_price_amount":"40.00","product_price_currency":"EUR","og_availability":"out of stock","product_availability":"out of stock","product_condition":"new"},"_links":{"self":[{"href":"https:\/\/iberoid.com\/pt\/wp-json\/wp\/v2\/product\/9761","targetHints":{"allow":["GET"]}}],"collection":[{"href":"https:\/\/iberoid.com\/pt\/wp-json\/wp\/v2\/product"}],"about":[{"href":"https:\/\/iberoid.com\/pt\/wp-json\/wp\/v2\/types\/product"}],"replies":[{"embeddable":true,"href":"https:\/\/iberoid.com\/pt\/wp-json\/wp\/v2\/comments?post=9761"}],"wp:featuredmedia":[{"embeddable":true,"href":"https:\/\/iberoid.com\/pt\/wp-json\/wp\/v2\/media\/9762"}],"wp:attachment":[{"href":"https:\/\/iberoid.com\/pt\/wp-json\/wp\/v2\/media?parent=9761"}],"wp:term":[{"taxonomy":"product_brand","embeddable":true,"href":"https:\/\/iberoid.com\/pt\/wp-json\/wp\/v2\/product_brand?post=9761"},{"taxonomy":"product_cat","embeddable":true,"href":"https:\/\/iberoid.com\/pt\/wp-json\/wp\/v2\/product_cat?post=9761"},{"taxonomy":"product_tag","embeddable":true,"href":"https:\/\/iberoid.com\/pt\/wp-json\/wp\/v2\/product_tag?post=9761"}],"curies":[{"name":"wp","href":"https:\/\/api.w.org\/{rel}","templated":true}]}}