{"id":9776,"date":"2024-10-27T11:20:48","date_gmt":"2024-10-27T11:20:48","guid":{"rendered":"https:\/\/iberoid.com\/?post_type=product&#038;p=9776"},"modified":"2025-08-06T06:42:42","modified_gmt":"2025-08-06T06:42:42","slug":"anavaros-driada-oxandrolone","status":"publish","type":"product","link":"https:\/\/iberoid.com\/pt\/product\/anavaros-driada-oxandrolone\/","title":{"rendered":"ANAVAROS \/ OXANDROLONE"},"content":{"rendered":"<p><\/p>\n<ul>\n<li>Ingrediente activo: oxandrolona<\/li>\n<li>Tipo: Esteroides anabolizantes (derivado DHT)<\/li>\n<li>Forma: Orales (p\u00edldoras)<\/li>\n<\/ul>\n<h2><b>Descripci\u00f3n<\/b><\/h2>\n<div>La oxandrolona es un esteroide anab\u00f3lico que fue aprobado para el tratamiento de pacientes debilitados infectados por el VIH, la anemia, para la recuperaci\u00f3n de quemaduras, para fortalecer los huesos, aprobado para su uso en pediatr\u00eda. Uno de los esteroides m\u00e1s seguros del mercado. Utilizado activamente en el culturismo.<\/div>\n<div><\/div>\n<div>La oxandrolona no es apropiada para ganar masa muscular. El ciclo de oxandrolona se recomienda para personas que tienen suficiente masa muscular y un contenido moderado de grasa corporal, para dar alivio muscular y reducir la grasa subcut\u00e1nea.<\/div>\n<div><\/div>\n<div>Tenga en cuenta que los efectos secundarios de la oxandrolona est\u00e1n bien estudiados y son poco frecuentes. A pesar de que la oxandrolona es un esteroide alfa-17-alquilado, su efecto t\u00f3xico en el h\u00edgado es insignificante. Los estudios demuestran que la Oxandrolona 20 mg diarios tomados durante 12 semanas no tiene ning\u00fan efecto sobre los niveles de enzimas hep\u00e1ticas (indicadores de da\u00f1o hep\u00e1tico).<\/div>\n<div><\/div>\n<div>Dado que la Oxandrolona es un derivado de la dihidrotestosterona, no se aromatiza (no se convierte en estr\u00f3genos, que causan efectos secundarios como la ginecomastia y la acumulaci\u00f3n de l\u00edquido en el cuerpo). La oxandrolona no afecta significativamente al nivel de producci\u00f3n de testosterona propia en dosis moderadas. En la pr\u00e1ctica cl\u00ednica, se sigue utilizando para tratar a ni\u00f1os.<\/div>\n<div><\/div>\n<h3><b>Dosis<\/b><\/h3>\n<ul>\n<li>Principiante: 20-30 mg<\/li>\n<li>Dosis media 30-50 mg<\/li>\n<li>Dosis alta 50-100 mg<\/li>\n<\/ul>\n<div>Oxandrolona &#8220;solo&#8221; curso se lleva a cabo para mejorar el alivio de los m\u00fasculos durante el ciclo de corte. La duraci\u00f3n total del curso es de 6-8 semanas. Las dosis comienzan a partir de 20 mg a 80 mg por d\u00eda, dividido en 2-3 dosis.<\/div>\n<div><\/div>\n<h3><b>Efectos<\/b><\/h3>\n<ul>\n<li>Aumentar el relieve y la firmeza de los m\u00fasculos &#8211; el principal efecto de la oxandrolona<\/li>\n<li>Preservar la masa muscular del catabolismo en una dieta baja en carbohidratos<\/li>\n<li>Quemar grasa<\/li>\n<li>Aumentar los niveles de la hormona del crecimiento<\/li>\n<li>Aumentar la fuerza<\/li>\n<li>Efectos secundarios raros-esteroide anab\u00f3lico m\u00e1s seguro en un mercado<\/li>\n<li>Ausencia de aromatizaci\u00f3n<\/li>\n<\/ul>\n<h3><b>Efectos secundarios<\/b><\/h3>\n<ul>\n<li>Disminuci\u00f3n del apetito<\/li>\n<li>Dolor abdominal<\/li>\n<li>N\u00e1useas<\/li>\n<li>Dolores de cabeza<\/li>\n<li>Supresi\u00f3n de su propia testosterona<\/li>\n<li>Reducci\u00f3n de la fertilidad<\/li>\n<li>Aumento de la presi\u00f3n arterial<\/li>\n<li>Acn\u00e9<\/li>\n<li>Calvicie<\/li>\n<li>Deterioro del perfil lip\u00eddico<\/li>\n<li>Hepatotoxicidad<\/li>\n<\/ul>\n<h3><b>Perfil<\/b><\/h3>\n<ul>\n<li>Vida media: 10-12 horas<\/li>\n<li>Duraci\u00f3n de la acci\u00f3n &#8211; 8-12 horas<\/li>\n<li>Frecuencia de toma &#8211; 2 veces al d\u00eda<\/li>\n<\/ul>\n<p><\/p>","protected":false},"excerpt":{"rendered":"<p>Ingrediente activo: oxandrolona Tipo: Esteroides anabolizantes (derivado DHT) Forma: Orales (p\u00edldoras) Descripci\u00f3n La oxandrolona es un esteroide anab\u00f3lico que fue<\/p>\n","protected":false},"featured_media":9777,"comment_status":"open","ping_status":"closed","template":"","meta":[],"product_brand":[],"product_cat":[73],"product_tag":[],"class_list":{"0":"post-9776","1":"product","2":"type-product","3":"status-publish","4":"has-post-thumbnail","6":"product_cat-ssteroides_orales","8":"first","9":"outofstock","10":"sale","11":"shipping-taxable","12":"purchasable","13":"product-type-simple"},"yoast_head":"<!-- This site is optimized with the Yoast SEO Premium plugin v24.4 (Yoast SEO v27.3) - https:\/\/yoast.com\/product\/yoast-seo-premium-wordpress\/ -->\n<title>ANAVAROS \/ OXANDROLONE - Ester\u00f3ides Online<\/title>\n<meta name=\"description\" content=\"Anavar (Oxandrolona) \u00e9 um esteroide anab\u00f3lico leve usado para defini\u00e7\u00e3o muscular, perda de gordura e ganho de for\u00e7a. \u00c9 popular por seus baixos efeitos androg\u00eanicos.\" \/>\n<meta name=\"robots\" content=\"index, follow, max-snippet:-1, max-image-preview:large, max-video-preview:-1\" \/>\n<link rel=\"canonical\" href=\"https:\/\/iberoid.com\/pt\/product\/anavaros-driada-oxandrolone\/\" \/>\n<meta property=\"og:locale\" content=\"pt_PT\" \/>\n<meta property=\"og:type\" content=\"article\" \/>\n<meta property=\"og:title\" content=\"ANAVAROS \/ OXANDROLONE\" \/>\n<meta property=\"og:description\" content=\"Anavar (Oxandrolona) \u00e9 um esteroide anab\u00f3lico leve usado para defini\u00e7\u00e3o muscular, perda de gordura e ganho de for\u00e7a. \u00c9 popular por seus baixos efeitos androg\u00eanicos.\" \/>\n<meta property=\"og:url\" content=\"https:\/\/iberoid.com\/pt\/product\/anavaros-driada-oxandrolone\/\" \/>\n<meta property=\"og:site_name\" content=\"Ester\u00f3ides Online\" \/>\n<meta property=\"article:modified_time\" content=\"2025-08-06T06:42:42+00:00\" \/>\n<meta property=\"og:image\" content=\"https:\/\/iberoid.com\/wp-content\/uploads\/2024\/10\/anavaros_driada-scaled.webp\" \/>\n\t<meta property=\"og:image:width\" content=\"2560\" \/>\n\t<meta property=\"og:image:height\" content=\"2560\" \/>\n\t<meta property=\"og:image:type\" content=\"image\/webp\" \/>\n<meta name=\"twitter:card\" content=\"summary_large_image\" \/>\n<meta name=\"twitter:label1\" content=\"pre\u00e7o\" \/>\n\t<meta name=\"twitter:data1\" content=\"&euro;50.00\" \/>\n\t<meta name=\"twitter:label2\" content=\"Disponibilidade\" \/>\n\t<meta name=\"twitter:data2\" content=\"Esgotado\" \/>\n<script type=\"application\/ld+json\" class=\"yoast-schema-graph\">{\"@context\":\"https:\\\/\\\/schema.org\",\"@graph\":[{\"@type\":\"WebPage\",\"@id\":\"https:\\\/\\\/iberoid.com\\\/pt\\\/product\\\/anavaros-driada-oxandrolone\\\/\",\"url\":\"https:\\\/\\\/iberoid.com\\\/pt\\\/product\\\/anavaros-driada-oxandrolone\\\/\",\"name\":\"ANAVAROS \\\/ OXANDROLONE - Ester\u00f3ides Online\",\"isPartOf\":{\"@id\":\"https:\\\/\\\/iberoid.com\\\/pt\\\/#website\"},\"primaryImageOfPage\":{\"@id\":\"https:\\\/\\\/iberoid.com\\\/pt\\\/product\\\/anavaros-driada-oxandrolone\\\/#primaryimage\"},\"image\":{\"@id\":\"https:\\\/\\\/iberoid.com\\\/pt\\\/product\\\/anavaros-driada-oxandrolone\\\/#primaryimage\"},\"thumbnailUrl\":\"https:\\\/\\\/iberoid.com\\\/wp-content\\\/uploads\\\/2024\\\/10\\\/anavaros_driada-scaled.webp\",\"datePublished\":\"2024-10-27T11:20:48+00:00\",\"dateModified\":\"2025-08-06T06:42:42+00:00\",\"description\":\"Anavar (Oxandrolona) \u00e9 um esteroide anab\u00f3lico leve usado para defini\u00e7\u00e3o muscular, perda de gordura e ganho de for\u00e7a. \u00c9 popular por seus baixos efeitos androg\u00eanicos.\",\"breadcrumb\":{\"@id\":\"https:\\\/\\\/iberoid.com\\\/pt\\\/product\\\/anavaros-driada-oxandrolone\\\/#breadcrumb\"},\"inLanguage\":\"pt-PT\",\"potentialAction\":[{\"@type\":\"ReadAction\",\"target\":[[\"https:\\\/\\\/iberoid.com\\\/pt\\\/product\\\/anavaros-driada-oxandrolone\\\/\"]]}]},{\"@type\":\"ImageObject\",\"inLanguage\":\"pt-PT\",\"@id\":\"https:\\\/\\\/iberoid.com\\\/pt\\\/product\\\/anavaros-driada-oxandrolone\\\/#primaryimage\",\"url\":\"https:\\\/\\\/iberoid.com\\\/wp-content\\\/uploads\\\/2024\\\/10\\\/anavaros_driada-scaled.webp\",\"contentUrl\":\"https:\\\/\\\/iberoid.com\\\/wp-content\\\/uploads\\\/2024\\\/10\\\/anavaros_driada-scaled.webp\",\"width\":2560,\"height\":2560},{\"@type\":\"BreadcrumbList\",\"@id\":\"https:\\\/\\\/iberoid.com\\\/pt\\\/product\\\/anavaros-driada-oxandrolone\\\/#breadcrumb\",\"itemListElement\":[{\"@type\":\"ListItem\",\"position\":1,\"name\":\"Portada\",\"item\":\"https:\\\/\\\/iberoid.com\\\/pt\\\/\"},{\"@type\":\"ListItem\",\"position\":2,\"name\":\"Loja\",\"item\":\"https:\\\/\\\/iberoid.com\\\/pt\\\/shop\\\/\"},{\"@type\":\"ListItem\",\"position\":3,\"name\":\"ANAVAROS \\\/ OXANDROLONE\"}]},{\"@type\":\"WebSite\",\"@id\":\"https:\\\/\\\/iberoid.com\\\/pt\\\/#website\",\"url\":\"https:\\\/\\\/iberoid.com\\\/pt\\\/\",\"name\":\"Ester\u00f3ides Online\",\"description\":\"Compre ester\u00f3ides online hoje em Espanha e Portugal. Temos o melhor servi\u00e7o ao cliente do setor e produtos da mais alta qualidade\",\"potentialAction\":[{\"@type\":\"SearchAction\",\"target\":{\"@type\":\"EntryPoint\",\"urlTemplate\":\"https:\\\/\\\/iberoid.com\\\/pt\\\/?s={search_term_string}\"},\"query-input\":{\"@type\":\"PropertyValueSpecification\",\"valueRequired\":true,\"valueName\":\"search_term_string\"}}],\"inLanguage\":\"pt-PT\"}]}<\/script>\n<meta property=\"product:brand\" content=\"Driada\" \/>\n<meta property=\"product:price:amount\" content=\"50.00\" \/>\n<meta property=\"product:price:currency\" content=\"EUR\" \/>\n<meta property=\"og:availability\" content=\"out of stock\" \/>\n<meta property=\"product:availability\" content=\"out of stock\" \/>\n<meta property=\"product:condition\" content=\"new\" \/>\n<!-- \/ Yoast SEO Premium plugin. -->","yoast_head_json":{"title":"ANAVAROS \/ OXANDROLONE - Ester\u00f3ides Online","description":"Anavar (Oxandrolona) \u00e9 um esteroide anab\u00f3lico leve usado para defini\u00e7\u00e3o muscular, perda de gordura e ganho de for\u00e7a. \u00c9 popular por seus baixos efeitos androg\u00eanicos.","robots":{"index":"index","follow":"follow","max-snippet":"max-snippet:-1","max-image-preview":"max-image-preview:large","max-video-preview":"max-video-preview:-1"},"canonical":"https:\/\/iberoid.com\/pt\/product\/anavaros-driada-oxandrolone\/","og_locale":"pt_PT","og_type":"article","og_title":"ANAVAROS \/ OXANDROLONE","og_description":"Anavar (Oxandrolona) \u00e9 um esteroide anab\u00f3lico leve usado para defini\u00e7\u00e3o muscular, perda de gordura e ganho de for\u00e7a. \u00c9 popular por seus baixos efeitos androg\u00eanicos.","og_url":"https:\/\/iberoid.com\/pt\/product\/anavaros-driada-oxandrolone\/","og_site_name":"Ester\u00f3ides Online","article_modified_time":"2025-08-06T06:42:42+00:00","og_image":[{"width":2560,"height":2560,"url":"https:\/\/iberoid.com\/wp-content\/uploads\/2024\/10\/anavaros_driada-scaled.webp","type":"image\/webp"}],"twitter_card":"summary_large_image","twitter_misc":{"pre\u00e7o":"&euro;50.00","Disponibilidade":"Esgotado"},"schema":{"@context":"https:\/\/schema.org","@graph":[{"@type":"WebPage","@id":"https:\/\/iberoid.com\/pt\/product\/anavaros-driada-oxandrolone\/","url":"https:\/\/iberoid.com\/pt\/product\/anavaros-driada-oxandrolone\/","name":"ANAVAROS \/ OXANDROLONE - Ester\u00f3ides Online","isPartOf":{"@id":"https:\/\/iberoid.com\/pt\/#website"},"primaryImageOfPage":{"@id":"https:\/\/iberoid.com\/pt\/product\/anavaros-driada-oxandrolone\/#primaryimage"},"image":{"@id":"https:\/\/iberoid.com\/pt\/product\/anavaros-driada-oxandrolone\/#primaryimage"},"thumbnailUrl":"https:\/\/iberoid.com\/wp-content\/uploads\/2024\/10\/anavaros_driada-scaled.webp","datePublished":"2024-10-27T11:20:48+00:00","dateModified":"2025-08-06T06:42:42+00:00","description":"Anavar (Oxandrolona) \u00e9 um esteroide anab\u00f3lico leve usado para defini\u00e7\u00e3o muscular, perda de gordura e ganho de for\u00e7a. \u00c9 popular por seus baixos efeitos androg\u00eanicos.","breadcrumb":{"@id":"https:\/\/iberoid.com\/pt\/product\/anavaros-driada-oxandrolone\/#breadcrumb"},"inLanguage":"pt-PT","potentialAction":[{"@type":"ReadAction","target":[["https:\/\/iberoid.com\/pt\/product\/anavaros-driada-oxandrolone\/"]]}]},{"@type":"ImageObject","inLanguage":"pt-PT","@id":"https:\/\/iberoid.com\/pt\/product\/anavaros-driada-oxandrolone\/#primaryimage","url":"https:\/\/iberoid.com\/wp-content\/uploads\/2024\/10\/anavaros_driada-scaled.webp","contentUrl":"https:\/\/iberoid.com\/wp-content\/uploads\/2024\/10\/anavaros_driada-scaled.webp","width":2560,"height":2560},{"@type":"BreadcrumbList","@id":"https:\/\/iberoid.com\/pt\/product\/anavaros-driada-oxandrolone\/#breadcrumb","itemListElement":[{"@type":"ListItem","position":1,"name":"Portada","item":"https:\/\/iberoid.com\/pt\/"},{"@type":"ListItem","position":2,"name":"Loja","item":"https:\/\/iberoid.com\/pt\/shop\/"},{"@type":"ListItem","position":3,"name":"ANAVAROS \/ OXANDROLONE"}]},{"@type":"WebSite","@id":"https:\/\/iberoid.com\/pt\/#website","url":"https:\/\/iberoid.com\/pt\/","name":"Ester\u00f3ides Online","description":"Compre ester\u00f3ides online hoje em Espanha e Portugal. Temos o melhor servi\u00e7o ao cliente do setor e produtos da mais alta qualidade","potentialAction":[{"@type":"SearchAction","target":{"@type":"EntryPoint","urlTemplate":"https:\/\/iberoid.com\/pt\/?s={search_term_string}"},"query-input":{"@type":"PropertyValueSpecification","valueRequired":true,"valueName":"search_term_string"}}],"inLanguage":"pt-PT"}]},"product_brand":"Driada","product_price_amount":"50.00","product_price_currency":"EUR","og_availability":"out of stock","product_availability":"out of stock","product_condition":"new"},"_links":{"self":[{"href":"https:\/\/iberoid.com\/pt\/wp-json\/wp\/v2\/product\/9776","targetHints":{"allow":["GET"]}}],"collection":[{"href":"https:\/\/iberoid.com\/pt\/wp-json\/wp\/v2\/product"}],"about":[{"href":"https:\/\/iberoid.com\/pt\/wp-json\/wp\/v2\/types\/product"}],"replies":[{"embeddable":true,"href":"https:\/\/iberoid.com\/pt\/wp-json\/wp\/v2\/comments?post=9776"}],"wp:featuredmedia":[{"embeddable":true,"href":"https:\/\/iberoid.com\/pt\/wp-json\/wp\/v2\/media\/9777"}],"wp:attachment":[{"href":"https:\/\/iberoid.com\/pt\/wp-json\/wp\/v2\/media?parent=9776"}],"wp:term":[{"taxonomy":"product_brand","embeddable":true,"href":"https:\/\/iberoid.com\/pt\/wp-json\/wp\/v2\/product_brand?post=9776"},{"taxonomy":"product_cat","embeddable":true,"href":"https:\/\/iberoid.com\/pt\/wp-json\/wp\/v2\/product_cat?post=9776"},{"taxonomy":"product_tag","embeddable":true,"href":"https:\/\/iberoid.com\/pt\/wp-json\/wp\/v2\/product_tag?post=9776"}],"curies":[{"name":"wp","href":"https:\/\/api.w.org\/{rel}","templated":true}]}}