{"id":9782,"date":"2024-10-27T11:38:57","date_gmt":"2024-10-27T11:38:57","guid":{"rendered":"https:\/\/iberoid.com\/?post_type=product&#038;p=9782"},"modified":"2025-08-17T10:24:28","modified_gmt":"2025-08-17T10:24:28","slug":"dianabol-methandiienone-driada-10mg-100tabs","status":"publish","type":"product","link":"https:\/\/iberoid.com\/pt\/product\/dianabol-methandiienone-driada-10mg-100tabs\/","title":{"rendered":"DIANABOL \/ METHANDIIENONE &#8211; 10MG \/ 100tabs"},"content":{"rendered":"<p><\/p>\n<ul>\n<li>Princ\u00edpio ativo: Methandienona<\/li>\n<li>Tipo: Ester\u00f3ide Anab\u00f3lico (Derivado de Testosterona)<\/li>\n<li>Forma: Oral (p\u00edlula)<\/li>\n<\/ul>\n<h2>O que \u00e9 Dianabol (metadienona)?<\/h2>\n<p>Methandienona, comumente conhecida como Dianabol, Danabol ou Dbol, \u00e9 um ester\u00f3ide oral bem conhecido no fisiculturismo e outros esportes. A sua estrutura inclui um grupo 17-alfa-metilo, que permite a ingest\u00e3o oral gra\u00e7as \u00e0 alquila\u00e7\u00e3o C17-alfa, que produz efeitos corporais pronunciados, mas tamb\u00e9m sobrecarrega o f\u00edgado.<\/p>\n<p>Com meia-vida de 4,5 a 6 horas, a Methandienona tem efeitos estrog\u00eanicos leves. A sua convers\u00e3o num metabolito mais androg\u00e9nico atrav\u00e9s da enzima 5-alfa redutase \u00e9 m\u00ednima. Sua\u00a0<b>efic\u00e1cia no aumento do tamanho<\/b>\u00a0e da for\u00e7a muscular o tornou um favorito entre atletas e fisiculturistas.<\/p>\n<p>Est\u00e3o dispon\u00edveis para venda comprimidos de Dianabol 10 mg, populares pelo pre\u00e7o relativamente acess\u00edvel de um \u00fanico pacote.<\/p>\n<h3>Composi\u00e7\u00e3o qu\u00edmica da Methandienona<\/h3>\n<p>Estruturalmente, pode ser descrito como 17\u03b1-metil-17\u03b2-hidroxi-1,4-androstadien-3-ona. A estrutura molecular consiste em um n\u00facleo de quatro an\u00e9is cicloalcanos interconectados \u2013 tr\u00eas an\u00e9is ciclohexano de seis membros e um anel ciclopentano de cinco membros, t\u00edpico dos ester\u00f3ides.<\/p>\n<p>Methandienona cont\u00e9m um grupo 17-alfa-metil. \u00c9 a alquila\u00e7\u00e3o do C17-alfa que torna poss\u00edvel o uso oral deste ester\u00f3ide anabolizante, com um efeito muito percept\u00edvel no corpo (e um efeito negativo no f\u00edgado).<\/p>\n<h3>Benef\u00edcios para o corpo e sa\u00fade<\/h3>\n<ul>\n<li>Aumento da s\u00edntese proteica;<\/li>\n<li>Promove um\u00a0<b>r\u00e1pido aumento de for\u00e7a<\/b>\u00a0e massa muscular;<\/li>\n<li>Melhora a recupera\u00e7\u00e3o;<\/li>\n<li>Aumenta o n\u00edvel de glicog\u00eanio;<\/li>\n<li>Aumento do apetite;<\/li>\n<li><b>Melhora o humor<\/b>\u00a0e apoia a motiva\u00e7\u00e3o do treino.<\/li>\n<\/ul>\n<h3>Aplica\u00e7\u00e3o do Dbol<\/h3>\n<p>A dose m\u00ednima de dbol para\u00a0<b>homens<\/b>\u00a0\u00e9 de 20 mg por dia, mas a m\u00e9dia \u00e9 de 30 mg devido \u00e0 meia-vida curta de 6 a 8 horas, portanto a frequ\u00eancia de ingest\u00e3o \u00e9 dividida em 2 a 3 vezes ao dia.<\/p>\n<p>Dbol pode causar efeitos colaterais masculinizantes em mulheres. No entanto, algumas mulheres conseguem lidar com pequenas doses sem efeitos secund\u00e1rios graves. Se uma\u00a0<b>mulher<\/b>\u00a0quiser experimentar o Dbol, \u00e9 aconselh\u00e1vel come\u00e7ar com uma ingest\u00e3o di\u00e1ria de 2,5 mg. Se isso for toler\u00e1vel, eles podem considerar aument\u00e1-lo para 5 mg por dia. Uma minoria de mulheres pode tentar uma dose di\u00e1ria de 10 mg, mas isto aumenta o risco de desenvolver caracter\u00edsticas masculinas. Para a maioria das mulheres, n\u00e3o \u00e9 recomendado exceder 5 mg, pois mesmo nesta dose, as fortes propriedades anab\u00f3licas do Dbol podem produzir resultados significativos.<\/p>\n<p>Sempre consulte um profissional de sa\u00fade ao considerar o uso de ester\u00f3ides ou outros medicamentos. A Driada oferece essas consultas gratuitamente.<\/p>","protected":false},"excerpt":{"rendered":"<p>Princ\u00edpio ativo: Methandienona Tipo: Ester\u00f3ide Anab\u00f3lico (Derivado de Testosterona) Forma: Oral (p\u00edlula) O que \u00e9 Dianabol (metadienona)? Methandienona, comumente conhecida<\/p>\n","protected":false},"featured_media":9783,"comment_status":"open","ping_status":"closed","template":"","meta":[],"product_brand":[],"product_cat":[73],"product_tag":[],"class_list":{"0":"post-9782","1":"product","2":"type-product","3":"status-publish","4":"has-post-thumbnail","6":"product_cat-ssteroides_orales","8":"first","9":"outofstock","10":"sale","11":"shipping-taxable","12":"purchasable","13":"product-type-simple"},"yoast_head":"<!-- This site is optimized with the Yoast SEO Premium plugin v24.4 (Yoast SEO v27.0) - https:\/\/yoast.com\/product\/yoast-seo-premium-wordpress\/ -->\n<title>DIANABOL \/ METHANDIIENONE - 10MG \/ 100tabs - Ester\u00f3ides Online<\/title>\n<meta name=\"description\" content=\"Dianabol (Metandienona): Ester\u00f3ide oral para r\u00e1pido ganho muscular\/for\u00e7a e recupera\u00e7\u00e3o. T\u00f3xico hep\u00e1tico (alquila\u00e7\u00e3o C17-alfa).\" \/>\n<meta name=\"robots\" content=\"index, follow, max-snippet:-1, max-image-preview:large, max-video-preview:-1\" \/>\n<link rel=\"canonical\" href=\"https:\/\/iberoid.com\/pt\/product\/dianabol-methandiienone-driada-10mg-100tabs\/\" \/>\n<meta property=\"og:locale\" content=\"pt_PT\" \/>\n<meta property=\"og:type\" content=\"article\" \/>\n<meta property=\"og:title\" content=\"DIANABOL \/ METHANDIIENONE - 10MG \/ 100tabs\" \/>\n<meta property=\"og:description\" content=\"Dianabol (Metandienona): Ester\u00f3ide oral para r\u00e1pido ganho muscular\/for\u00e7a e recupera\u00e7\u00e3o. T\u00f3xico hep\u00e1tico (alquila\u00e7\u00e3o C17-alfa).\" \/>\n<meta property=\"og:url\" content=\"https:\/\/iberoid.com\/pt\/product\/dianabol-methandiienone-driada-10mg-100tabs\/\" \/>\n<meta property=\"og:site_name\" content=\"Ester\u00f3ides Online\" \/>\n<meta property=\"article:modified_time\" content=\"2025-08-17T10:24:28+00:00\" \/>\n<meta property=\"og:image\" content=\"https:\/\/iberoid.com\/wp-content\/uploads\/2024\/10\/dinabolyn-driada-medical.webp\" \/>\n\t<meta property=\"og:image:width\" content=\"1000\" \/>\n\t<meta property=\"og:image:height\" content=\"1000\" \/>\n\t<meta property=\"og:image:type\" content=\"image\/webp\" \/>\n<meta name=\"twitter:card\" content=\"summary_large_image\" \/>\n<meta name=\"twitter:label1\" content=\"pre\u00e7o\" \/>\n\t<meta name=\"twitter:data1\" content=\"&euro;25.00\" \/>\n\t<meta name=\"twitter:label2\" content=\"Disponibilidade\" \/>\n\t<meta name=\"twitter:data2\" content=\"Esgotado\" \/>\n<script type=\"application\/ld+json\" class=\"yoast-schema-graph\">{\"@context\":\"https:\/\/schema.org\",\"@graph\":[{\"@type\":\"WebPage\",\"@id\":\"https:\/\/iberoid.com\/pt\/product\/dianabol-methandiienone-driada-10mg-100tabs\/\",\"url\":\"https:\/\/iberoid.com\/pt\/product\/dianabol-methandiienone-driada-10mg-100tabs\/\",\"name\":\"DIANABOL \/ METHANDIIENONE - 10MG \/ 100tabs - Ester\u00f3ides Online\",\"isPartOf\":{\"@id\":\"https:\/\/iberoid.com\/pt\/#website\"},\"primaryImageOfPage\":{\"@id\":\"https:\/\/iberoid.com\/pt\/product\/dianabol-methandiienone-driada-10mg-100tabs\/#primaryimage\"},\"image\":{\"@id\":\"https:\/\/iberoid.com\/pt\/product\/dianabol-methandiienone-driada-10mg-100tabs\/#primaryimage\"},\"thumbnailUrl\":\"https:\/\/iberoid.com\/wp-content\/uploads\/2024\/10\/dinabolyn-driada-medical.webp\",\"datePublished\":\"2024-10-27T11:38:57+00:00\",\"dateModified\":\"2025-08-17T10:24:28+00:00\",\"description\":\"Dianabol (Metandienona): Ester\u00f3ide oral para r\u00e1pido ganho muscular\/for\u00e7a e recupera\u00e7\u00e3o. T\u00f3xico hep\u00e1tico (alquila\u00e7\u00e3o C17-alfa).\",\"breadcrumb\":{\"@id\":\"https:\/\/iberoid.com\/pt\/product\/dianabol-methandiienone-driada-10mg-100tabs\/#breadcrumb\"},\"inLanguage\":\"pt-PT\",\"potentialAction\":[{\"@type\":\"ReadAction\",\"target\":[[\"https:\/\/iberoid.com\/pt\/product\/dianabol-methandiienone-driada-10mg-100tabs\/\"]]}]},{\"@type\":\"ImageObject\",\"inLanguage\":\"pt-PT\",\"@id\":\"https:\/\/iberoid.com\/pt\/product\/dianabol-methandiienone-driada-10mg-100tabs\/#primaryimage\",\"url\":\"https:\/\/iberoid.com\/wp-content\/uploads\/2024\/10\/dinabolyn-driada-medical.webp\",\"contentUrl\":\"https:\/\/iberoid.com\/wp-content\/uploads\/2024\/10\/dinabolyn-driada-medical.webp\",\"width\":1000,\"height\":1000},{\"@type\":\"BreadcrumbList\",\"@id\":\"https:\/\/iberoid.com\/pt\/product\/dianabol-methandiienone-driada-10mg-100tabs\/#breadcrumb\",\"itemListElement\":[{\"@type\":\"ListItem\",\"position\":1,\"name\":\"Portada\",\"item\":\"https:\/\/iberoid.com\/pt\/\"},{\"@type\":\"ListItem\",\"position\":2,\"name\":\"Loja\",\"item\":\"https:\/\/iberoid.com\/pt\/shop\/\"},{\"@type\":\"ListItem\",\"position\":3,\"name\":\"DIANABOL \/ METHANDIIENONE &#8211; 10MG \/ 100tabs\"}]},{\"@type\":\"WebSite\",\"@id\":\"https:\/\/iberoid.com\/pt\/#website\",\"url\":\"https:\/\/iberoid.com\/pt\/\",\"name\":\"Ester\u00f3ides Online\",\"description\":\"Compre ester\u00f3ides online hoje em Espanha e Portugal. Temos o melhor servi\u00e7o ao cliente do setor e produtos da mais alta qualidade\",\"potentialAction\":[{\"@type\":\"SearchAction\",\"target\":{\"@type\":\"EntryPoint\",\"urlTemplate\":\"https:\/\/iberoid.com\/pt\/?s={search_term_string}\"},\"query-input\":{\"@type\":\"PropertyValueSpecification\",\"valueRequired\":true,\"valueName\":\"search_term_string\"}}],\"inLanguage\":\"pt-PT\"}]}<\/script>\n<meta property=\"product:brand\" content=\"Driada\" \/>\n<meta property=\"product:price:amount\" content=\"25.00\" \/>\n<meta property=\"product:price:currency\" content=\"EUR\" \/>\n<meta property=\"og:availability\" content=\"out of stock\" \/>\n<meta property=\"product:availability\" content=\"out of stock\" \/>\n<meta property=\"product:condition\" content=\"new\" \/>\n<!-- \/ Yoast SEO Premium plugin. -->","yoast_head_json":{"title":"DIANABOL \/ METHANDIIENONE - 10MG \/ 100tabs - Ester\u00f3ides Online","description":"Dianabol (Metandienona): Ester\u00f3ide oral para r\u00e1pido ganho muscular\/for\u00e7a e recupera\u00e7\u00e3o. T\u00f3xico hep\u00e1tico (alquila\u00e7\u00e3o C17-alfa).","robots":{"index":"index","follow":"follow","max-snippet":"max-snippet:-1","max-image-preview":"max-image-preview:large","max-video-preview":"max-video-preview:-1"},"canonical":"https:\/\/iberoid.com\/pt\/product\/dianabol-methandiienone-driada-10mg-100tabs\/","og_locale":"pt_PT","og_type":"article","og_title":"DIANABOL \/ METHANDIIENONE - 10MG \/ 100tabs","og_description":"Dianabol (Metandienona): Ester\u00f3ide oral para r\u00e1pido ganho muscular\/for\u00e7a e recupera\u00e7\u00e3o. T\u00f3xico hep\u00e1tico (alquila\u00e7\u00e3o C17-alfa).","og_url":"https:\/\/iberoid.com\/pt\/product\/dianabol-methandiienone-driada-10mg-100tabs\/","og_site_name":"Ester\u00f3ides Online","article_modified_time":"2025-08-17T10:24:28+00:00","og_image":[{"width":1000,"height":1000,"url":"https:\/\/iberoid.com\/wp-content\/uploads\/2024\/10\/dinabolyn-driada-medical.webp","type":"image\/webp"}],"twitter_card":"summary_large_image","twitter_misc":{"pre\u00e7o":"&euro;25.00","Disponibilidade":"Esgotado"},"schema":{"@context":"https:\/\/schema.org","@graph":[{"@type":"WebPage","@id":"https:\/\/iberoid.com\/pt\/product\/dianabol-methandiienone-driada-10mg-100tabs\/","url":"https:\/\/iberoid.com\/pt\/product\/dianabol-methandiienone-driada-10mg-100tabs\/","name":"DIANABOL \/ METHANDIIENONE - 10MG \/ 100tabs - Ester\u00f3ides Online","isPartOf":{"@id":"https:\/\/iberoid.com\/pt\/#website"},"primaryImageOfPage":{"@id":"https:\/\/iberoid.com\/pt\/product\/dianabol-methandiienone-driada-10mg-100tabs\/#primaryimage"},"image":{"@id":"https:\/\/iberoid.com\/pt\/product\/dianabol-methandiienone-driada-10mg-100tabs\/#primaryimage"},"thumbnailUrl":"https:\/\/iberoid.com\/wp-content\/uploads\/2024\/10\/dinabolyn-driada-medical.webp","datePublished":"2024-10-27T11:38:57+00:00","dateModified":"2025-08-17T10:24:28+00:00","description":"Dianabol (Metandienona): Ester\u00f3ide oral para r\u00e1pido ganho muscular\/for\u00e7a e recupera\u00e7\u00e3o. T\u00f3xico hep\u00e1tico (alquila\u00e7\u00e3o C17-alfa).","breadcrumb":{"@id":"https:\/\/iberoid.com\/pt\/product\/dianabol-methandiienone-driada-10mg-100tabs\/#breadcrumb"},"inLanguage":"pt-PT","potentialAction":[{"@type":"ReadAction","target":[["https:\/\/iberoid.com\/pt\/product\/dianabol-methandiienone-driada-10mg-100tabs\/"]]}]},{"@type":"ImageObject","inLanguage":"pt-PT","@id":"https:\/\/iberoid.com\/pt\/product\/dianabol-methandiienone-driada-10mg-100tabs\/#primaryimage","url":"https:\/\/iberoid.com\/wp-content\/uploads\/2024\/10\/dinabolyn-driada-medical.webp","contentUrl":"https:\/\/iberoid.com\/wp-content\/uploads\/2024\/10\/dinabolyn-driada-medical.webp","width":1000,"height":1000},{"@type":"BreadcrumbList","@id":"https:\/\/iberoid.com\/pt\/product\/dianabol-methandiienone-driada-10mg-100tabs\/#breadcrumb","itemListElement":[{"@type":"ListItem","position":1,"name":"Portada","item":"https:\/\/iberoid.com\/pt\/"},{"@type":"ListItem","position":2,"name":"Loja","item":"https:\/\/iberoid.com\/pt\/shop\/"},{"@type":"ListItem","position":3,"name":"DIANABOL \/ METHANDIIENONE &#8211; 10MG \/ 100tabs"}]},{"@type":"WebSite","@id":"https:\/\/iberoid.com\/pt\/#website","url":"https:\/\/iberoid.com\/pt\/","name":"Ester\u00f3ides Online","description":"Compre ester\u00f3ides online hoje em Espanha e Portugal. Temos o melhor servi\u00e7o ao cliente do setor e produtos da mais alta qualidade","potentialAction":[{"@type":"SearchAction","target":{"@type":"EntryPoint","urlTemplate":"https:\/\/iberoid.com\/pt\/?s={search_term_string}"},"query-input":{"@type":"PropertyValueSpecification","valueRequired":true,"valueName":"search_term_string"}}],"inLanguage":"pt-PT"}]},"product_brand":"Driada","product_price_amount":"25.00","product_price_currency":"EUR","og_availability":"out of stock","product_availability":"out of stock","product_condition":"new"},"_links":{"self":[{"href":"https:\/\/iberoid.com\/pt\/wp-json\/wp\/v2\/product\/9782","targetHints":{"allow":["GET"]}}],"collection":[{"href":"https:\/\/iberoid.com\/pt\/wp-json\/wp\/v2\/product"}],"about":[{"href":"https:\/\/iberoid.com\/pt\/wp-json\/wp\/v2\/types\/product"}],"replies":[{"embeddable":true,"href":"https:\/\/iberoid.com\/pt\/wp-json\/wp\/v2\/comments?post=9782"}],"wp:featuredmedia":[{"embeddable":true,"href":"https:\/\/iberoid.com\/pt\/wp-json\/wp\/v2\/media\/9783"}],"wp:attachment":[{"href":"https:\/\/iberoid.com\/pt\/wp-json\/wp\/v2\/media?parent=9782"}],"wp:term":[{"taxonomy":"product_brand","embeddable":true,"href":"https:\/\/iberoid.com\/pt\/wp-json\/wp\/v2\/product_brand?post=9782"},{"taxonomy":"product_cat","embeddable":true,"href":"https:\/\/iberoid.com\/pt\/wp-json\/wp\/v2\/product_cat?post=9782"},{"taxonomy":"product_tag","embeddable":true,"href":"https:\/\/iberoid.com\/pt\/wp-json\/wp\/v2\/product_tag?post=9782"}],"curies":[{"name":"wp","href":"https:\/\/api.w.org\/{rel}","templated":true}]}}