{"id":9790,"date":"2024-10-27T12:21:28","date_gmt":"2024-10-27T12:21:28","guid":{"rendered":"https:\/\/iberoid.com\/?post_type=product&#038;p=9790"},"modified":"2025-02-24T09:18:06","modified_gmt":"2025-02-24T09:18:06","slug":"stanos-10mg100tabs-stanozolol-winstrol-driada","status":"publish","type":"product","link":"https:\/\/iberoid.com\/pt\/product\/stanos-10mg100tabs-stanozolol-winstrol-driada\/","title":{"rendered":"STANOS 10mg,100tabs (Stanozolol, Winstrol)"},"content":{"rendered":"<p>Princ\u00edpio ativo: Estanozolol<br \/>\nTipo: Ester\u00f3ides anabolizantes (derivado da DHT)<br \/>\nForma: Oral (comprimidos)<br \/>\nWinstrol comprimidos 10 mg<\/p>\n<p>Winstrol \u00e9 a marca registada do Stanozolol, uma hormona ester\u00f3ide anabolizante sint\u00e9tica que \u00e9 17\u03b1-metilada. \u00c9 classificado como um derivado da dihidrotestosterona.<\/p>\n<p>Inicialmente, o Stanozolol foi criado para o tratamento de animais, especificamente cavalos. No entanto, acabou por receber a aprova\u00e7\u00e3o da FDA para uso em humanos.<\/p>\n<p>O estanozolol \u00e9 prescrito para doen\u00e7as como a anemia apl\u00e1stica e o angioedema heredit\u00e1rio. Al\u00e9m disso, \u00e9 procurado por atletas competitivos, culturistas e halterofilistas para melhorar o seu f\u00edsico e aumentar o desempenho, apoiar a massa muscular durante o processo de queima de gordura e aumentar a motiva\u00e7\u00e3o do treino. O suplemento de Stanozolol n\u00e3o tem atividade estrog\u00e9nica, pelo que o resultado surge rapidamente.<\/p>\n<p>Pode ser encontrado em comprimidos de estanozolol ou na forma injet\u00e1vel. Pode comprar comprimidos orais de Winstrol em farm\u00e1cias ou na Internet, enquanto as c\u00e1psulas de Winstrol s\u00e3o raras e, na sua maioria, s\u00e3o produtos do mercado negro de qualidade duvidosa.<\/p>\n<p>Princ\u00edpio de funcionamento dos comprimidos de Stanozolol: principais benef\u00edcios para o organismo<\/p>\n<p>O estanozolol, vulgarmente conhecido como Winstrol, \u00e9 um medicamento muito procurado no culturismo e nos desportos onde a combina\u00e7\u00e3o de velocidade e for\u00e7a \u00e9 importante, dispon\u00edvel para compra online. Ao contr\u00e1rio de muitos ester\u00f3ides, o seu impacto no peso corporal \u00e9 m\u00ednimo. Em vez disso, define os m\u00fasculos, acentua os detalhes venosos e auxilia na queima de gordura, tornando-o\u00a0popular durante as fases de \u201ccorte\u201d.<\/p>\n<p>Um estudo de 1989 descobriu que uma dose \u00fanica de estanozolol, de 0,2 mg por 1 kg de peso corporal, pode reduzir os n\u00edveis de SHBG (Globulina de Liga\u00e7\u00e3o \u00e0s Hormonas Sexuais) at\u00e9 50%. Isto \u00e9 ben\u00e9fico para atletas com n\u00edveis hormonais acima das normas fisiol\u00f3gicas, bem como para indiv\u00edduos mais velhos cujos n\u00edveis de SHBG est\u00e3o elevados devido \u00e0 idade. Esta redu\u00e7\u00e3o pode levar a um aumento da testosterona livre, o que significa que a efic\u00e1cia de qualquer ester\u00f3ide tomado juntamente com o estanozolol \u00e9 provavelmente aumentada.<\/p>\n<p>\u00c0 escala molecular, o Stanozolol pode ligar-se aos recetores androg\u00e9nios. Esta capacidade de liga\u00e7\u00e3o com os recetores no tecido adiposo pode aumentar substancialmente o metabolismo da gordura. Acredita-se tamb\u00e9m que tem efeitos antiestrog\u00e9nicos e antiprogestag\u00e9nicos, possivelmente devido \u00e0 sua inibi\u00e7\u00e3o competitiva dos recetores de progesterona.<\/p>\n<p>O Winstrol \u00e9 altamente considerado no culturismo devido aos seus efeitos \u00fanicos em compara\u00e7\u00e3o com a maioria dos ester\u00f3ides. Embora n\u00e3o influencie muito a massa corporal, define os contornos musculares, melhora o detalhe venoso e promove a queima de gordura. Como resultado, \u00e9 utilizado principalmente durante ciclos de \u201ccorte\u201d e no desenvolvimento de formas \u201crasgadas\u201d.<\/p>\n<p>Os principais efeitos do Stanozolol incluem:<\/p>\n<p>Melhor defini\u00e7\u00e3o muscular.<br \/>\nAumento acentuado da velocidade, resist\u00eancia e for\u00e7a, especialmente valioso para quem pratica levantamento de pesos e atletismo.<br \/>\nPerda de gordura acelerada.<br \/>\nApetite aumentado<br \/>\nMaior motiva\u00e7\u00e3o geral e n\u00edvel de energia<br \/>\nRemo\u00e7\u00e3o do excesso de fluido corporal.<br \/>\nOs testes cient\u00edficos mostram que uma dose oral de Stanozolol, de 0,2 mg por quilograma de peso de um atleta, diminui em 50% o n\u00edvel de globulina que se liga \u00e0s hormonas anab\u00f3licas. Isto sugere que a efici\u00eancia da toma de outros ester\u00f3ides em conjunto com Stanozolol aumentar\u00e1 significativamente.<br \/>\nAcredita-se tamb\u00e9m que exibe efeitos antiestrog\u00e9nicos e antiprogestog\u00e9nicos, potencialmente devido \u00e0 sua inibi\u00e7\u00e3o competitiva dos recetores de progesterona.<br \/>\nComo utilizar Winstrol comprimidos 10 mg?<\/p>\n<p>A dosagem ideal de Winstrol para os halterofilistas masculinos \u00e9 de 3 a 5 comprimidos de 10 mg todos os dias. Os atletas e os pugilistas utilizam frequentemente doses mais baixas \u2013 cerca de 10 mg\/dia.<\/p>\n<p>A dura\u00e7\u00e3o do ciclo \u00e9 de aproximadamente 4\u20136 semanas. \u00c0 medida que a dura\u00e7\u00e3o do ciclo aumenta, aumenta tamb\u00e9m o risco de efeitos secund\u00e1rios, que afectam principalmente as articula\u00e7\u00f5es.<\/p>\n<p>Ap\u00f3s completar o ciclo, \u00e9 necess\u00e1ria uma PCT de 3 semanas com citrato de clomifeno, 25-50 mg\\dia ser\u00e1 suficiente para a maioria dos casos.<\/p>","protected":false},"excerpt":{"rendered":"<p>Princ\u00edpio ativo: Estanozolol Tipo: Ester\u00f3ides anabolizantes (derivado da DHT) Forma: Oral (comprimidos) Winstrol comprimidos 10 mg Winstrol \u00e9 a marca<\/p>\n","protected":false},"featured_media":9791,"comment_status":"open","ping_status":"closed","template":"","meta":[],"product_brand":[],"product_cat":[73],"product_tag":[],"class_list":{"0":"post-9790","1":"product","2":"type-product","3":"status-publish","4":"has-post-thumbnail","6":"product_cat-ssteroides_orales","8":"first","9":"outofstock","10":"sale","11":"featured","12":"shipping-taxable","13":"purchasable","14":"product-type-simple"},"yoast_head":"<!-- This site is optimized with the Yoast SEO Premium plugin v24.4 (Yoast SEO v27.0) - https:\/\/yoast.com\/product\/yoast-seo-premium-wordpress\/ -->\n<title>STANOS 10mg,100tabs (Stanozolol, Winstrol) - Ester\u00f3ides Online<\/title>\n<meta name=\"robots\" content=\"index, follow, max-snippet:-1, max-image-preview:large, max-video-preview:-1\" \/>\n<link rel=\"canonical\" href=\"https:\/\/iberoid.com\/pt\/product\/stanos-10mg100tabs-stanozolol-winstrol-driada\/\" \/>\n<meta property=\"og:locale\" content=\"pt_PT\" \/>\n<meta property=\"og:type\" content=\"article\" \/>\n<meta property=\"og:title\" content=\"STANOS 10mg,100tabs (Stanozolol, Winstrol)\" \/>\n<meta property=\"og:description\" content=\"Princ\u00edpio ativo: Estanozolol Tipo: Ester\u00f3ides anabolizantes (derivado da DHT) Forma: Oral (comprimidos) Winstrol comprimidos 10 mg Winstrol \u00e9 a marca\" \/>\n<meta property=\"og:url\" content=\"https:\/\/iberoid.com\/pt\/product\/stanos-10mg100tabs-stanozolol-winstrol-driada\/\" \/>\n<meta property=\"og:site_name\" content=\"Ester\u00f3ides Online\" \/>\n<meta property=\"article:modified_time\" content=\"2025-02-24T09:18:06+00:00\" \/>\n<meta property=\"og:image\" content=\"https:\/\/iberoid.com\/wp-content\/uploads\/2024\/10\/stanos_white-2000x2000h.jpg.webp\" \/>\n\t<meta property=\"og:image:width\" content=\"2000\" \/>\n\t<meta property=\"og:image:height\" content=\"2000\" \/>\n\t<meta property=\"og:image:type\" content=\"image\/webp\" \/>\n<meta name=\"twitter:card\" content=\"summary_large_image\" \/>\n<meta name=\"twitter:label1\" content=\"pre\u00e7o\" \/>\n\t<meta name=\"twitter:data1\" content=\"&euro;30.00\" \/>\n\t<meta name=\"twitter:label2\" content=\"Disponibilidade\" \/>\n\t<meta name=\"twitter:data2\" content=\"Esgotado\" \/>\n<script type=\"application\/ld+json\" class=\"yoast-schema-graph\">{\"@context\":\"https:\/\/schema.org\",\"@graph\":[{\"@type\":\"WebPage\",\"@id\":\"https:\/\/iberoid.com\/pt\/product\/stanos-10mg100tabs-stanozolol-winstrol-driada\/\",\"url\":\"https:\/\/iberoid.com\/pt\/product\/stanos-10mg100tabs-stanozolol-winstrol-driada\/\",\"name\":\"STANOS 10mg,100tabs (Stanozolol, Winstrol) - Ester\u00f3ides Online\",\"isPartOf\":{\"@id\":\"https:\/\/iberoid-shop.com\/#website\"},\"primaryImageOfPage\":{\"@id\":\"https:\/\/iberoid.com\/pt\/product\/stanos-10mg100tabs-stanozolol-winstrol-driada\/#primaryimage\"},\"image\":{\"@id\":\"https:\/\/iberoid.com\/pt\/product\/stanos-10mg100tabs-stanozolol-winstrol-driada\/#primaryimage\"},\"thumbnailUrl\":\"https:\/\/iberoid.com\/wp-content\/uploads\/2024\/10\/stanos_white-2000x2000h.jpg.webp\",\"datePublished\":\"2024-10-27T12:21:28+00:00\",\"dateModified\":\"2025-02-24T09:18:06+00:00\",\"breadcrumb\":{\"@id\":\"https:\/\/iberoid.com\/pt\/product\/stanos-10mg100tabs-stanozolol-winstrol-driada\/#breadcrumb\"},\"inLanguage\":\"pt-PT\",\"potentialAction\":[{\"@type\":\"ReadAction\",\"target\":[[\"https:\/\/iberoid.com\/pt\/product\/stanos-10mg100tabs-stanozolol-winstrol-driada\/\"]]}]},{\"@type\":\"ImageObject\",\"inLanguage\":\"pt-PT\",\"@id\":\"https:\/\/iberoid.com\/pt\/product\/stanos-10mg100tabs-stanozolol-winstrol-driada\/#primaryimage\",\"url\":\"https:\/\/iberoid.com\/wp-content\/uploads\/2024\/10\/stanos_white-2000x2000h.jpg.webp\",\"contentUrl\":\"https:\/\/iberoid.com\/wp-content\/uploads\/2024\/10\/stanos_white-2000x2000h.jpg.webp\",\"width\":2000,\"height\":2000},{\"@type\":\"BreadcrumbList\",\"@id\":\"https:\/\/iberoid.com\/pt\/product\/stanos-10mg100tabs-stanozolol-winstrol-driada\/#breadcrumb\",\"itemListElement\":[{\"@type\":\"ListItem\",\"position\":1,\"name\":\"Portada\",\"item\":\"https:\/\/iberoid.com\/pt\/\"},{\"@type\":\"ListItem\",\"position\":2,\"name\":\"Loja\",\"item\":\"https:\/\/iberoid.com\/pt\/shop\/\"},{\"@type\":\"ListItem\",\"position\":3,\"name\":\"STANOS 10mg,100tabs (Stanozolol, Winstrol)\"}]},{\"@type\":\"WebSite\",\"@id\":\"https:\/\/iberoid-shop.com\/#website\",\"url\":\"https:\/\/iberoid-shop.com\/\",\"name\":\"Ester\u00f3ides Online\",\"description\":\"Compre ester\u00f3ides online hoje em Espanha e Portugal. Temos o melhor servi\u00e7o ao cliente do setor e produtos da mais alta qualidade\",\"potentialAction\":[{\"@type\":\"SearchAction\",\"target\":{\"@type\":\"EntryPoint\",\"urlTemplate\":\"https:\/\/iberoid-shop.com\/?s={search_term_string}\"},\"query-input\":{\"@type\":\"PropertyValueSpecification\",\"valueRequired\":true,\"valueName\":\"search_term_string\"}}],\"inLanguage\":\"pt-PT\"}]}<\/script>\n<meta property=\"product:brand\" content=\"Driada\" \/>\n<meta property=\"product:price:amount\" content=\"30.00\" \/>\n<meta property=\"product:price:currency\" content=\"EUR\" \/>\n<meta property=\"og:availability\" content=\"out of stock\" \/>\n<meta property=\"product:availability\" content=\"out of stock\" \/>\n<meta property=\"product:condition\" content=\"new\" \/>\n<!-- \/ Yoast SEO Premium plugin. -->","yoast_head_json":{"title":"STANOS 10mg,100tabs (Stanozolol, Winstrol) - Ester\u00f3ides Online","robots":{"index":"index","follow":"follow","max-snippet":"max-snippet:-1","max-image-preview":"max-image-preview:large","max-video-preview":"max-video-preview:-1"},"canonical":"https:\/\/iberoid.com\/pt\/product\/stanos-10mg100tabs-stanozolol-winstrol-driada\/","og_locale":"pt_PT","og_type":"article","og_title":"STANOS 10mg,100tabs (Stanozolol, Winstrol)","og_description":"Princ\u00edpio ativo: Estanozolol Tipo: Ester\u00f3ides anabolizantes (derivado da DHT) Forma: Oral (comprimidos) Winstrol comprimidos 10 mg Winstrol \u00e9 a marca","og_url":"https:\/\/iberoid.com\/pt\/product\/stanos-10mg100tabs-stanozolol-winstrol-driada\/","og_site_name":"Ester\u00f3ides Online","article_modified_time":"2025-02-24T09:18:06+00:00","og_image":[{"width":2000,"height":2000,"url":"https:\/\/iberoid.com\/wp-content\/uploads\/2024\/10\/stanos_white-2000x2000h.jpg.webp","type":"image\/webp"}],"twitter_card":"summary_large_image","twitter_misc":{"pre\u00e7o":"&euro;30.00","Disponibilidade":"Esgotado"},"schema":{"@context":"https:\/\/schema.org","@graph":[{"@type":"WebPage","@id":"https:\/\/iberoid.com\/pt\/product\/stanos-10mg100tabs-stanozolol-winstrol-driada\/","url":"https:\/\/iberoid.com\/pt\/product\/stanos-10mg100tabs-stanozolol-winstrol-driada\/","name":"STANOS 10mg,100tabs (Stanozolol, Winstrol) - Ester\u00f3ides Online","isPartOf":{"@id":"https:\/\/iberoid-shop.com\/#website"},"primaryImageOfPage":{"@id":"https:\/\/iberoid.com\/pt\/product\/stanos-10mg100tabs-stanozolol-winstrol-driada\/#primaryimage"},"image":{"@id":"https:\/\/iberoid.com\/pt\/product\/stanos-10mg100tabs-stanozolol-winstrol-driada\/#primaryimage"},"thumbnailUrl":"https:\/\/iberoid.com\/wp-content\/uploads\/2024\/10\/stanos_white-2000x2000h.jpg.webp","datePublished":"2024-10-27T12:21:28+00:00","dateModified":"2025-02-24T09:18:06+00:00","breadcrumb":{"@id":"https:\/\/iberoid.com\/pt\/product\/stanos-10mg100tabs-stanozolol-winstrol-driada\/#breadcrumb"},"inLanguage":"pt-PT","potentialAction":[{"@type":"ReadAction","target":[["https:\/\/iberoid.com\/pt\/product\/stanos-10mg100tabs-stanozolol-winstrol-driada\/"]]}]},{"@type":"ImageObject","inLanguage":"pt-PT","@id":"https:\/\/iberoid.com\/pt\/product\/stanos-10mg100tabs-stanozolol-winstrol-driada\/#primaryimage","url":"https:\/\/iberoid.com\/wp-content\/uploads\/2024\/10\/stanos_white-2000x2000h.jpg.webp","contentUrl":"https:\/\/iberoid.com\/wp-content\/uploads\/2024\/10\/stanos_white-2000x2000h.jpg.webp","width":2000,"height":2000},{"@type":"BreadcrumbList","@id":"https:\/\/iberoid.com\/pt\/product\/stanos-10mg100tabs-stanozolol-winstrol-driada\/#breadcrumb","itemListElement":[{"@type":"ListItem","position":1,"name":"Portada","item":"https:\/\/iberoid.com\/pt\/"},{"@type":"ListItem","position":2,"name":"Loja","item":"https:\/\/iberoid.com\/pt\/shop\/"},{"@type":"ListItem","position":3,"name":"STANOS 10mg,100tabs (Stanozolol, Winstrol)"}]},{"@type":"WebSite","@id":"https:\/\/iberoid-shop.com\/#website","url":"https:\/\/iberoid-shop.com\/","name":"Ester\u00f3ides Online","description":"Compre ester\u00f3ides online hoje em Espanha e Portugal. Temos o melhor servi\u00e7o ao cliente do setor e produtos da mais alta qualidade","potentialAction":[{"@type":"SearchAction","target":{"@type":"EntryPoint","urlTemplate":"https:\/\/iberoid-shop.com\/?s={search_term_string}"},"query-input":{"@type":"PropertyValueSpecification","valueRequired":true,"valueName":"search_term_string"}}],"inLanguage":"pt-PT"}]},"product_brand":"Driada","product_price_amount":"30.00","product_price_currency":"EUR","og_availability":"out of stock","product_availability":"out of stock","product_condition":"new"},"_links":{"self":[{"href":"https:\/\/iberoid.com\/pt\/wp-json\/wp\/v2\/product\/9790","targetHints":{"allow":["GET"]}}],"collection":[{"href":"https:\/\/iberoid.com\/pt\/wp-json\/wp\/v2\/product"}],"about":[{"href":"https:\/\/iberoid.com\/pt\/wp-json\/wp\/v2\/types\/product"}],"replies":[{"embeddable":true,"href":"https:\/\/iberoid.com\/pt\/wp-json\/wp\/v2\/comments?post=9790"}],"wp:featuredmedia":[{"embeddable":true,"href":"https:\/\/iberoid.com\/pt\/wp-json\/wp\/v2\/media\/9791"}],"wp:attachment":[{"href":"https:\/\/iberoid.com\/pt\/wp-json\/wp\/v2\/media?parent=9790"}],"wp:term":[{"taxonomy":"product_brand","embeddable":true,"href":"https:\/\/iberoid.com\/pt\/wp-json\/wp\/v2\/product_brand?post=9790"},{"taxonomy":"product_cat","embeddable":true,"href":"https:\/\/iberoid.com\/pt\/wp-json\/wp\/v2\/product_cat?post=9790"},{"taxonomy":"product_tag","embeddable":true,"href":"https:\/\/iberoid.com\/pt\/wp-json\/wp\/v2\/product_tag?post=9790"}],"curies":[{"name":"wp","href":"https:\/\/api.w.org\/{rel}","templated":true}]}}