{"id":9835,"date":"2024-12-05T11:15:34","date_gmt":"2024-12-05T11:15:34","guid":{"rendered":"https:\/\/iberoid.com\/?post_type=product&#038;p=9835"},"modified":"2026-03-29T16:01:05","modified_gmt":"2026-03-29T16:01:05","slug":"careforce-sidenafil100-mg-caja-de-100-tabletas","status":"publish","type":"product","link":"https:\/\/iberoid.com\/pt\/product\/careforce-sidenafil100-mg-caja-de-100-tabletas\/","title":{"rendered":"CAREFORCE (SIDENAFIL) 100 mg \/ 100 tabletas"},"content":{"rendered":"<p><span>Careforce 100mg \u00e9 um medicamento usado para tratar DE, contendo o ingrediente ativo Sildenafil Citrate 100mg\u00a0\u00a0<\/span><strong><span>Viagra<\/span><\/strong><span>\u00a0. Sildenafil Citrate \u00e9 um inibidor da fosfodiesterase tipo 5 (PDE5), uma classe de medicamentos amplamente conhecida por sua efic\u00e1cia no\u00a0\u00a0<\/span><strong><span>tratamento da disfun\u00e7\u00e3o er\u00e9til<\/span><\/strong><span>\u00a0. Ele ajuda os homens a ganhar e manter uma ere\u00e7\u00e3o por meio do aumento do fluxo sangu\u00edneo para o p\u00eanis durante a estimula\u00e7\u00e3o sexual.<\/span><\/p>\n<h2><span>Como o Careforce 100 mg funciona?<\/span><\/h2>\n<p><span>O Careforce 100mg funciona usando a inibi\u00e7\u00e3o da enzima PDE5, que desempenha um papel vital na regula\u00e7\u00e3o do fluxo sangu\u00edneo dentro do p\u00eanis. Veja como ele funciona em elementos:<\/span><\/p>\n<p><span>Durante a excita\u00e7\u00e3o sexual, o \u00f3xido n\u00edtrico \u00e9 lan\u00e7ado dentro do tecido er\u00e9til do p\u00eanis. O \u00f3xido n\u00edtrico ativa a enzima guanilato ciclase, resultando em est\u00e1gios melhorados de monofosfato de guanosina c\u00edclico (cGMP). O CGMP relaxa os grupos musculares f\u00e1ceis e aumentar\u00e1 o fluxo sangu\u00edneo para o p\u00eanis, levando a uma ere\u00e7\u00e3o. A PDE5 decomp\u00f5e o cGMP, o que pode dificultar o modo de ere\u00e7\u00e3o. O Careforce 100 mg inibe a PDE5, permitindo que o cGMP se acumule e\u00a0\u00a0<\/span><strong><span>sustente uma ere\u00e7\u00e3o<\/span><\/strong><span>\u00a0.<\/span><\/p>\n<p><span>Ao inibir a PDE5, o Careforce 100 mg complementa o fluxo sangu\u00edneo para o p\u00eanis, facilitando o procedimento de ere\u00e7\u00e3o \u00e0 base de plantas enquanto a pessoa est\u00e1 sexualmente excitada.<\/span><\/p>\n<h2><span>Benef\u00edcios do Careforce 100 mg<\/span><\/h2>\n<p><span>Este comprimido oferece in\u00fameros benef\u00edcios para homens que sofrem de DE:<\/span><\/p>\n<ul>\n<li><span>Foi clinicamente comprovado que este medicamento \u00e9 eficaz no tratamento da DE, ajudando os homens a adquirir e manter uma ere\u00e7\u00e3o robusta.<\/span><\/li>\n<li><span>Ao restaurar a fun\u00e7\u00e3o er\u00e9til, o Careforce 100 mg pode aumentar consideravelmente a autoconfian\u00e7a do homem e a qualidade de vida geral.<\/span><\/li>\n<li><span>Este medicamento geralmente come\u00e7a a fazer efeito dentro de 30 a 60 minutos, o que o torna uma alternativa conveniente para atividade sexual espont\u00e2nea.<\/span><\/li>\n<li><span>Os efeitos do comprimido Careforce podem durar at\u00e9 4 horas, oferecendo tempo suficiente para a rela\u00e7\u00e3o sexual.<\/span><\/li>\n<\/ul>\n<h2><span>Diretrizes de uso<\/span><\/h2>\n<p><span>Para garantir o uso seguro e eficaz do Careforce 100mg, siga estas sugest\u00f5es:<\/span><\/p>\n<ul>\n<li><span>Tome este medicamento conforme prescrito por seu profissional de sa\u00fade. A dose inicial usual \u00e9 de 100 mg, mas seu m\u00e9dico pode regular adicionalmente a dosagem com base totalmente nos desejos do seu homem ou mulher e na rea\u00e7\u00e3o ao medicamento.<\/span><\/li>\n<li><span>Engula o comprimido com um copo de \u00e1gua. Tente n\u00e3o quebrar, esmagar ou quebrar o medicamento.<\/span><\/li>\n<li><span>Tome Careforce 100 mg aproximadamente 30 a 60 minutos antes da atividade sexual. O medicamento pode ser considerado ou sem refei\u00e7\u00f5es, mas uma refei\u00e7\u00e3o rica em gorduras tamb\u00e9m pode atrasar seu in\u00edcio de a\u00e7\u00e3o.<\/span><\/li>\n<li><span>N\u00e3o tome mais de um comprimido em um per\u00edodo de 24 horas.<\/span><\/li>\n<\/ul>\n<h3><span>As pessoas tamb\u00e9m perguntaram?<\/span><\/h3>\n<h4><span>1. Posso tomar Careforce 100 mg com alimentos?<\/span><\/h4>\n<p><span>De fato, voc\u00ea pode tom\u00e1-lo com ou sem alimentos. No entanto, uma refei\u00e7\u00e3o rica em gordura pode atrasar sua a\u00e7\u00e3o.<\/span><\/p>\n<h4><span>2. Quanto tempo dura o Careforce 100 mg?<\/span><\/h4>\n<p><span>Os efeitos deste medicamento podem durar at\u00e9 4 horas. No entanto, essa dura\u00e7\u00e3o pode variar dependendo da resposta individual e de outros fatores.<\/span><\/p>\n<h4><span>3. Se voc\u00ea esquecer de tomar uma dose, quais medidas voc\u00ea deve tomar?<\/span><\/h4>\n<p><span>\u00c9 tomado conforme necess\u00e1rio para disfun\u00e7\u00e3o er\u00e9til, ent\u00e3o n\u00e3o h\u00e1 um cronograma de dosagem regular. N\u00e3o tome mais medicamento para compensar uma dose esquecida.<\/span><\/p>\n<h4><span>4. Posso tomar outros medicamentos para DE com Careforce 100 mg?<\/span><\/h4>\n<p><span>N\u00e3o tome outros medicamentos para DE enquanto estiver usando Careforce 100 mg sem consultar seu m\u00e9dico. Combinar medicamentos para DE pode aumentar o risco de efeitos colaterais s\u00e9rios.<\/span><\/p>\n<h4><span>5. Qual \u00e9 a efic\u00e1cia do Careforce 100 mg?<\/span><\/h4>\n<p><span>Careforce 100 mg foi clinicamente comprovado como eficaz no tratamento da disfun\u00e7\u00e3o er\u00e9til em muitos homens. Os resultados individuais podem variar, e \u00e9 importante seguir as instru\u00e7\u00f5es do seu m\u00e9dico para obter o melhor resultado.<\/span><\/p>","protected":false},"excerpt":{"rendered":"<p>Careforce 100mg \u00e9 um medicamento usado para tratar DE, contendo o ingrediente ativo Sildenafil Citrate 100mg\u00a0\u00a0Viagra\u00a0. Sildenafil Citrate \u00e9 um<\/p>\n","protected":false},"featured_media":9030,"comment_status":"open","ping_status":"closed","template":"","meta":[],"product_brand":[],"product_cat":[3533,3412],"product_tag":[],"class_list":{"0":"post-9835","1":"product","2":"type-product","3":"status-publish","4":"has-post-thumbnail","6":"product_cat-sales-rebajas","7":"product_cat-varios","9":"first","10":"instock","11":"sale","12":"shipping-taxable","13":"purchasable","14":"product-type-simple"},"yoast_head":"<!-- This site is optimized with the Yoast SEO Premium plugin v24.4 (Yoast SEO v27.0) - https:\/\/yoast.com\/product\/yoast-seo-premium-wordpress\/ -->\n<title>CAREFORCE (SIDENAFIL) 100 mg \/ 100 tabletas - Ester\u00f3ides Online<\/title>\n<meta name=\"description\" content=\"Careforce 100mg, contendo citrato de sildenafila, trata a disfun\u00e7\u00e3o er\u00e9til ao melhorar o fluxo sangu\u00edneo para o p\u00eanis, permitindo ere\u00e7\u00f5es durante a estimula\u00e7\u00e3o sexual.\" \/>\n<meta name=\"robots\" content=\"index, follow, max-snippet:-1, max-image-preview:large, max-video-preview:-1\" \/>\n<link rel=\"canonical\" href=\"https:\/\/iberoid.com\/pt\/product\/careforce-sidenafil100-mg-caja-de-100-tabletas\/\" \/>\n<meta property=\"og:locale\" content=\"pt_PT\" \/>\n<meta property=\"og:type\" content=\"article\" \/>\n<meta property=\"og:title\" content=\"CAREFORCE (SIDENAFIL) 100 mg \/ 100 tabletas\" \/>\n<meta property=\"og:description\" content=\"Careforce 100mg, contendo citrato de sildenafila, trata a disfun\u00e7\u00e3o er\u00e9til ao melhorar o fluxo sangu\u00edneo para o p\u00eanis, permitindo ere\u00e7\u00f5es durante a estimula\u00e7\u00e3o sexual.\" \/>\n<meta property=\"og:url\" content=\"https:\/\/iberoid.com\/pt\/product\/careforce-sidenafil100-mg-caja-de-100-tabletas\/\" \/>\n<meta property=\"og:site_name\" content=\"Ester\u00f3ides Online\" \/>\n<meta property=\"article:modified_time\" content=\"2026-03-29T16:01:05+00:00\" \/>\n<meta property=\"og:image\" content=\"https:\/\/iberoid.com\/wp-content\/uploads\/2023\/10\/cenforce-100-500x500-1.webp\" \/>\n\t<meta property=\"og:image:width\" content=\"500\" \/>\n\t<meta property=\"og:image:height\" content=\"355\" \/>\n\t<meta property=\"og:image:type\" content=\"image\/webp\" \/>\n<meta name=\"twitter:card\" content=\"summary_large_image\" \/>\n<meta name=\"twitter:label1\" content=\"pre\u00e7o\" \/>\n\t<meta name=\"twitter:data1\" content=\"&euro;65.00\" \/>\n\t<meta name=\"twitter:label2\" content=\"Disponibilidade\" \/>\n\t<meta name=\"twitter:data2\" content=\"Em stock\" \/>\n<script type=\"application\/ld+json\" class=\"yoast-schema-graph\">{\"@context\":\"https:\/\/schema.org\",\"@graph\":[{\"@type\":\"WebPage\",\"@id\":\"https:\/\/iberoid.com\/pt\/product\/careforce-sidenafil100-mg-caja-de-100-tabletas\/\",\"url\":\"https:\/\/iberoid.com\/pt\/product\/careforce-sidenafil100-mg-caja-de-100-tabletas\/\",\"name\":\"CAREFORCE (SIDENAFIL) 100 mg \/ 100 tabletas - Ester\u00f3ides Online\",\"isPartOf\":{\"@id\":\"https:\/\/iberoid-shop.com\/#website\"},\"primaryImageOfPage\":{\"@id\":\"https:\/\/iberoid.com\/pt\/product\/careforce-sidenafil100-mg-caja-de-100-tabletas\/#primaryimage\"},\"image\":{\"@id\":\"https:\/\/iberoid.com\/pt\/product\/careforce-sidenafil100-mg-caja-de-100-tabletas\/#primaryimage\"},\"thumbnailUrl\":\"https:\/\/iberoid.com\/wp-content\/uploads\/2023\/10\/cenforce-100-500x500-1.webp\",\"datePublished\":\"2024-12-05T11:15:34+00:00\",\"dateModified\":\"2026-03-29T16:01:05+00:00\",\"description\":\"Careforce 100mg, contendo citrato de sildenafila, trata a disfun\u00e7\u00e3o er\u00e9til ao melhorar o fluxo sangu\u00edneo para o p\u00eanis, permitindo ere\u00e7\u00f5es durante a estimula\u00e7\u00e3o sexual.\",\"breadcrumb\":{\"@id\":\"https:\/\/iberoid.com\/pt\/product\/careforce-sidenafil100-mg-caja-de-100-tabletas\/#breadcrumb\"},\"inLanguage\":\"pt-PT\",\"potentialAction\":[{\"@type\":\"ReadAction\",\"target\":[[\"https:\/\/iberoid.com\/pt\/product\/careforce-sidenafil100-mg-caja-de-100-tabletas\/\"]]}]},{\"@type\":\"ImageObject\",\"inLanguage\":\"pt-PT\",\"@id\":\"https:\/\/iberoid.com\/pt\/product\/careforce-sidenafil100-mg-caja-de-100-tabletas\/#primaryimage\",\"url\":\"https:\/\/iberoid.com\/wp-content\/uploads\/2023\/10\/cenforce-100-500x500-1.webp\",\"contentUrl\":\"https:\/\/iberoid.com\/wp-content\/uploads\/2023\/10\/cenforce-100-500x500-1.webp\",\"width\":500,\"height\":355},{\"@type\":\"BreadcrumbList\",\"@id\":\"https:\/\/iberoid.com\/pt\/product\/careforce-sidenafil100-mg-caja-de-100-tabletas\/#breadcrumb\",\"itemListElement\":[{\"@type\":\"ListItem\",\"position\":1,\"name\":\"Portada\",\"item\":\"https:\/\/iberoid.com\/pt\/\"},{\"@type\":\"ListItem\",\"position\":2,\"name\":\"Loja\",\"item\":\"https:\/\/iberoid.com\/pt\/shop\/\"},{\"@type\":\"ListItem\",\"position\":3,\"name\":\"CAREFORCE (SIDENAFIL) 100 mg \/ 100 tabletas\"}]},{\"@type\":\"WebSite\",\"@id\":\"https:\/\/iberoid-shop.com\/#website\",\"url\":\"https:\/\/iberoid-shop.com\/\",\"name\":\"Ester\u00f3ides Online\",\"description\":\"Compre ester\u00f3ides online hoje em Espanha e Portugal. Temos o melhor servi\u00e7o ao cliente do setor e produtos da mais alta qualidade\",\"potentialAction\":[{\"@type\":\"SearchAction\",\"target\":{\"@type\":\"EntryPoint\",\"urlTemplate\":\"https:\/\/iberoid-shop.com\/?s={search_term_string}\"},\"query-input\":{\"@type\":\"PropertyValueSpecification\",\"valueRequired\":true,\"valueName\":\"search_term_string\"}}],\"inLanguage\":\"pt-PT\"}]}<\/script>\n<meta property=\"product:brand\" content=\"CARECLUB Pharmacy\" \/>\n<meta property=\"product:price:amount\" content=\"65.00\" \/>\n<meta property=\"product:price:currency\" content=\"EUR\" \/>\n<meta property=\"og:availability\" content=\"instock\" \/>\n<meta property=\"product:availability\" content=\"instock\" \/>\n<meta property=\"product:condition\" content=\"new\" \/>\n<!-- \/ Yoast SEO Premium plugin. -->","yoast_head_json":{"title":"CAREFORCE (SIDENAFIL) 100 mg \/ 100 tabletas - Ester\u00f3ides Online","description":"Careforce 100mg, contendo citrato de sildenafila, trata a disfun\u00e7\u00e3o er\u00e9til ao melhorar o fluxo sangu\u00edneo para o p\u00eanis, permitindo ere\u00e7\u00f5es durante a estimula\u00e7\u00e3o sexual.","robots":{"index":"index","follow":"follow","max-snippet":"max-snippet:-1","max-image-preview":"max-image-preview:large","max-video-preview":"max-video-preview:-1"},"canonical":"https:\/\/iberoid.com\/pt\/product\/careforce-sidenafil100-mg-caja-de-100-tabletas\/","og_locale":"pt_PT","og_type":"article","og_title":"CAREFORCE (SIDENAFIL) 100 mg \/ 100 tabletas","og_description":"Careforce 100mg, contendo citrato de sildenafila, trata a disfun\u00e7\u00e3o er\u00e9til ao melhorar o fluxo sangu\u00edneo para o p\u00eanis, permitindo ere\u00e7\u00f5es durante a estimula\u00e7\u00e3o sexual.","og_url":"https:\/\/iberoid.com\/pt\/product\/careforce-sidenafil100-mg-caja-de-100-tabletas\/","og_site_name":"Ester\u00f3ides Online","article_modified_time":"2026-03-29T16:01:05+00:00","og_image":[{"width":500,"height":355,"url":"https:\/\/iberoid.com\/wp-content\/uploads\/2023\/10\/cenforce-100-500x500-1.webp","type":"image\/webp"}],"twitter_card":"summary_large_image","twitter_misc":{"pre\u00e7o":"&euro;65.00","Disponibilidade":"Em stock"},"schema":{"@context":"https:\/\/schema.org","@graph":[{"@type":"WebPage","@id":"https:\/\/iberoid.com\/pt\/product\/careforce-sidenafil100-mg-caja-de-100-tabletas\/","url":"https:\/\/iberoid.com\/pt\/product\/careforce-sidenafil100-mg-caja-de-100-tabletas\/","name":"CAREFORCE (SIDENAFIL) 100 mg \/ 100 tabletas - Ester\u00f3ides Online","isPartOf":{"@id":"https:\/\/iberoid-shop.com\/#website"},"primaryImageOfPage":{"@id":"https:\/\/iberoid.com\/pt\/product\/careforce-sidenafil100-mg-caja-de-100-tabletas\/#primaryimage"},"image":{"@id":"https:\/\/iberoid.com\/pt\/product\/careforce-sidenafil100-mg-caja-de-100-tabletas\/#primaryimage"},"thumbnailUrl":"https:\/\/iberoid.com\/wp-content\/uploads\/2023\/10\/cenforce-100-500x500-1.webp","datePublished":"2024-12-05T11:15:34+00:00","dateModified":"2026-03-29T16:01:05+00:00","description":"Careforce 100mg, contendo citrato de sildenafila, trata a disfun\u00e7\u00e3o er\u00e9til ao melhorar o fluxo sangu\u00edneo para o p\u00eanis, permitindo ere\u00e7\u00f5es durante a estimula\u00e7\u00e3o sexual.","breadcrumb":{"@id":"https:\/\/iberoid.com\/pt\/product\/careforce-sidenafil100-mg-caja-de-100-tabletas\/#breadcrumb"},"inLanguage":"pt-PT","potentialAction":[{"@type":"ReadAction","target":[["https:\/\/iberoid.com\/pt\/product\/careforce-sidenafil100-mg-caja-de-100-tabletas\/"]]}]},{"@type":"ImageObject","inLanguage":"pt-PT","@id":"https:\/\/iberoid.com\/pt\/product\/careforce-sidenafil100-mg-caja-de-100-tabletas\/#primaryimage","url":"https:\/\/iberoid.com\/wp-content\/uploads\/2023\/10\/cenforce-100-500x500-1.webp","contentUrl":"https:\/\/iberoid.com\/wp-content\/uploads\/2023\/10\/cenforce-100-500x500-1.webp","width":500,"height":355},{"@type":"BreadcrumbList","@id":"https:\/\/iberoid.com\/pt\/product\/careforce-sidenafil100-mg-caja-de-100-tabletas\/#breadcrumb","itemListElement":[{"@type":"ListItem","position":1,"name":"Portada","item":"https:\/\/iberoid.com\/pt\/"},{"@type":"ListItem","position":2,"name":"Loja","item":"https:\/\/iberoid.com\/pt\/shop\/"},{"@type":"ListItem","position":3,"name":"CAREFORCE (SIDENAFIL) 100 mg \/ 100 tabletas"}]},{"@type":"WebSite","@id":"https:\/\/iberoid-shop.com\/#website","url":"https:\/\/iberoid-shop.com\/","name":"Ester\u00f3ides Online","description":"Compre ester\u00f3ides online hoje em Espanha e Portugal. Temos o melhor servi\u00e7o ao cliente do setor e produtos da mais alta qualidade","potentialAction":[{"@type":"SearchAction","target":{"@type":"EntryPoint","urlTemplate":"https:\/\/iberoid-shop.com\/?s={search_term_string}"},"query-input":{"@type":"PropertyValueSpecification","valueRequired":true,"valueName":"search_term_string"}}],"inLanguage":"pt-PT"}]},"product_brand":"CARECLUB Pharmacy","product_price_amount":"65.00","product_price_currency":"EUR","og_availability":"instock","product_availability":"instock","product_condition":"new"},"_links":{"self":[{"href":"https:\/\/iberoid.com\/pt\/wp-json\/wp\/v2\/product\/9835","targetHints":{"allow":["GET"]}}],"collection":[{"href":"https:\/\/iberoid.com\/pt\/wp-json\/wp\/v2\/product"}],"about":[{"href":"https:\/\/iberoid.com\/pt\/wp-json\/wp\/v2\/types\/product"}],"replies":[{"embeddable":true,"href":"https:\/\/iberoid.com\/pt\/wp-json\/wp\/v2\/comments?post=9835"}],"wp:featuredmedia":[{"embeddable":true,"href":"https:\/\/iberoid.com\/pt\/wp-json\/wp\/v2\/media\/9030"}],"wp:attachment":[{"href":"https:\/\/iberoid.com\/pt\/wp-json\/wp\/v2\/media?parent=9835"}],"wp:term":[{"taxonomy":"product_brand","embeddable":true,"href":"https:\/\/iberoid.com\/pt\/wp-json\/wp\/v2\/product_brand?post=9835"},{"taxonomy":"product_cat","embeddable":true,"href":"https:\/\/iberoid.com\/pt\/wp-json\/wp\/v2\/product_cat?post=9835"},{"taxonomy":"product_tag","embeddable":true,"href":"https:\/\/iberoid.com\/pt\/wp-json\/wp\/v2\/product_tag?post=9835"}],"curies":[{"name":"wp","href":"https:\/\/api.w.org\/{rel}","templated":true}]}}