{"id":9871,"date":"2025-01-02T13:54:51","date_gmt":"2025-01-02T13:54:51","guid":{"rendered":"https:\/\/iberoid.com\/?post_type=product&#038;p=9871"},"modified":"2026-03-30T00:29:23","modified_gmt":"2026-03-30T00:29:23","slug":"pack3-tamoxifeno-tamoxitech-biotech-canada","status":"publish","type":"product","link":"https:\/\/iberoid.com\/pt\/product\/pack3-tamoxifeno-tamoxitech-biotech-canada\/","title":{"rendered":"PACK 3 &#8211; TAMOXIFENO \/ TAMOXITECH"},"content":{"rendered":"<p>O citrato de tamoxifeno \u00e9 um tipo de terapia hormonal chamado modulador seletivo dos receptores de estrog\u00eanio (ou SERM). Ele atua ligando-se aos receptores de estrog\u00eanio, bloqueando os efeitos do estrog\u00eanio em alguns tecidos enquanto imita seus efeitos em outros. No tecido mam\u00e1rio, o citrato de tamoxifeno bloqueia o estrog\u00eanio de se ligar aos seus receptores, o que pode prevenir o crescimento de c\u00e9lulas cancer\u00edgenas. O citrato de tamoxifeno imita os efeitos do estrog\u00eanio no tecido \u00f3sseo, o que pode reduzir a reabsor\u00e7\u00e3o \u00f3ssea, diminuir a renova\u00e7\u00e3o \u00f3ssea e aumentar a densidade mineral \u00f3ssea.<\/p>\n<p>O citrato de tamoxifeno est\u00e1 aprovado para tratar:<\/p>\n<ul>\n<li><strong>C\u00e2ncer de mama<\/strong> em mulheres e homens. \u00c9 utilizado:\n<ul>\n<li>Em pacientes cujo c\u00e2ncer se espalhou para outras partes do corpo;<\/li>\n<li>Como terapia adjuvante em mulheres cujo c\u00e2ncer foi tratado com cirurgia e radioterapia.<\/li>\n<\/ul>\n<\/li>\n<li><strong>Carcinoma ductal in situ (DCIS)<\/strong>. \u00c9 utilizado para reduzir a chance de desenvolver c\u00e2ncer de mama invasivo em mulheres que passaram por cirurgia e radioterapia para o DCIS.<\/li>\n<\/ul>\n<p>O citrato de tamoxifeno tamb\u00e9m est\u00e1 aprovado para <strong>prevenir<\/strong>:<\/p>\n<ul>\n<li><strong>C\u00e2ncer de mama<\/strong> em mulheres que apresentam alto risco de desenvolver a doen\u00e7a.<\/li>\n<\/ul>\n<p>Al\u00e9m disso, o citrato de tamoxifeno est\u00e1 sendo estudado para o tratamento de outros tipos de c\u00e2ncer.<\/p>","protected":false},"excerpt":{"rendered":"<p>O citrato de tamoxifeno \u00e9 um tipo de terapia hormonal chamado modulador seletivo dos receptores de estrog\u00eanio (ou SERM). Ele<\/p>\n","protected":false},"featured_media":9298,"comment_status":"open","ping_status":"closed","template":"","meta":[],"product_brand":[],"product_cat":[3474],"product_tag":[],"class_list":{"0":"post-9871","1":"product","2":"type-product","3":"status-publish","4":"has-post-thumbnail","6":"product_cat-packs","8":"first","9":"instock","10":"sale","11":"shipping-taxable","12":"purchasable","13":"product-type-simple"},"yoast_head":"<!-- This site is optimized with the Yoast SEO Premium plugin v24.4 (Yoast SEO v27.0) - https:\/\/yoast.com\/product\/yoast-seo-premium-wordpress\/ -->\n<title>PACK 3 - TAMOXIFENO \/ TAMOXITECH - Ester\u00f3ides Online<\/title>\n<meta name=\"description\" content=\"O citrato de tamoxifeno \u00e9 um modulador seletivo dos receptores de estrog\u00eanio (SERM) que bloqueia o estrog\u00eanio no tecido mam\u00e1rio para prevenir o crescimento do c\u00e2ncer e o imita nos ossos para melhorar a densidade. \u00c9 usado para o tratamento e preven\u00e7\u00e3o do c\u00e2ncer de mama.\" \/>\n<meta name=\"robots\" content=\"index, follow, max-snippet:-1, max-image-preview:large, max-video-preview:-1\" \/>\n<link rel=\"canonical\" href=\"https:\/\/iberoid.com\/pt\/product\/pack3-tamoxifeno-tamoxitech-biotech-canada\/\" \/>\n<meta property=\"og:locale\" content=\"pt_PT\" \/>\n<meta property=\"og:type\" content=\"article\" \/>\n<meta property=\"og:title\" content=\"PACK 3 - TAMOXIFENO \/ TAMOXITECH\" \/>\n<meta property=\"og:description\" content=\"O citrato de tamoxifeno \u00e9 um modulador seletivo dos receptores de estrog\u00eanio (SERM) que bloqueia o estrog\u00eanio no tecido mam\u00e1rio para prevenir o crescimento do c\u00e2ncer e o imita nos ossos para melhorar a densidade. \u00c9 usado para o tratamento e preven\u00e7\u00e3o do c\u00e2ncer de mama.\" \/>\n<meta property=\"og:url\" content=\"https:\/\/iberoid.com\/pt\/product\/pack3-tamoxifeno-tamoxitech-biotech-canada\/\" \/>\n<meta property=\"og:site_name\" content=\"Ester\u00f3ides Online\" \/>\n<meta property=\"article:modified_time\" content=\"2026-03-30T00:29:23+00:00\" \/>\n<meta property=\"og:image\" content=\"https:\/\/iberoid.com\/wp-content\/uploads\/2024\/03\/tamobi.jpg?v=1711306023\" \/>\n\t<meta property=\"og:image:width\" content=\"1748\" \/>\n\t<meta property=\"og:image:height\" content=\"2048\" \/>\n\t<meta property=\"og:image:type\" content=\"image\/jpeg\" \/>\n<meta name=\"twitter:card\" content=\"summary_large_image\" \/>\n<meta name=\"twitter:label1\" content=\"pre\u00e7o\" \/>\n\t<meta name=\"twitter:data1\" content=\"&euro;30.00\" \/>\n\t<meta name=\"twitter:label2\" content=\"Disponibilidade\" \/>\n\t<meta name=\"twitter:data2\" content=\"Em stock\" \/>\n<script type=\"application\/ld+json\" class=\"yoast-schema-graph\">{\"@context\":\"https:\/\/schema.org\",\"@graph\":[{\"@type\":\"WebPage\",\"@id\":\"https:\/\/iberoid.com\/pt\/product\/pack3-tamoxifeno-tamoxitech-biotech-canada\/\",\"url\":\"https:\/\/iberoid.com\/pt\/product\/pack3-tamoxifeno-tamoxitech-biotech-canada\/\",\"name\":\"PACK 3 - TAMOXIFENO \/ TAMOXITECH - Ester\u00f3ides Online\",\"isPartOf\":{\"@id\":\"https:\/\/iberoid-shop.com\/#website\"},\"primaryImageOfPage\":{\"@id\":\"https:\/\/iberoid.com\/pt\/product\/pack3-tamoxifeno-tamoxitech-biotech-canada\/#primaryimage\"},\"image\":{\"@id\":\"https:\/\/iberoid.com\/pt\/product\/pack3-tamoxifeno-tamoxitech-biotech-canada\/#primaryimage\"},\"thumbnailUrl\":\"https:\/\/iberoid.com\/wp-content\/uploads\/2024\/03\/tamobi.jpg?v=1711306023\",\"datePublished\":\"2025-01-02T13:54:51+00:00\",\"dateModified\":\"2026-03-30T00:29:23+00:00\",\"description\":\"O citrato de tamoxifeno \u00e9 um modulador seletivo dos receptores de estrog\u00eanio (SERM) que bloqueia o estrog\u00eanio no tecido mam\u00e1rio para prevenir o crescimento do c\u00e2ncer e o imita nos ossos para melhorar a densidade. \u00c9 usado para o tratamento e preven\u00e7\u00e3o do c\u00e2ncer de mama.\",\"breadcrumb\":{\"@id\":\"https:\/\/iberoid.com\/pt\/product\/pack3-tamoxifeno-tamoxitech-biotech-canada\/#breadcrumb\"},\"inLanguage\":\"pt-PT\",\"potentialAction\":[{\"@type\":\"ReadAction\",\"target\":[[\"https:\/\/iberoid.com\/pt\/product\/pack3-tamoxifeno-tamoxitech-biotech-canada\/\"]]}]},{\"@type\":\"ImageObject\",\"inLanguage\":\"pt-PT\",\"@id\":\"https:\/\/iberoid.com\/pt\/product\/pack3-tamoxifeno-tamoxitech-biotech-canada\/#primaryimage\",\"url\":\"https:\/\/iberoid.com\/wp-content\/uploads\/2024\/03\/tamobi.jpg?v=1711306023\",\"contentUrl\":\"https:\/\/iberoid.com\/wp-content\/uploads\/2024\/03\/tamobi.jpg?v=1711306023\",\"width\":1748,\"height\":2048,\"caption\":\"TAMOXITECH 20\"},{\"@type\":\"BreadcrumbList\",\"@id\":\"https:\/\/iberoid.com\/pt\/product\/pack3-tamoxifeno-tamoxitech-biotech-canada\/#breadcrumb\",\"itemListElement\":[{\"@type\":\"ListItem\",\"position\":1,\"name\":\"Portada\",\"item\":\"https:\/\/iberoid.com\/pt\/\"},{\"@type\":\"ListItem\",\"position\":2,\"name\":\"Loja\",\"item\":\"https:\/\/iberoid.com\/pt\/shop\/\"},{\"@type\":\"ListItem\",\"position\":3,\"name\":\"PACK 3 &#8211; TAMOXIFENO \/ TAMOXITECH\"}]},{\"@type\":\"WebSite\",\"@id\":\"https:\/\/iberoid-shop.com\/#website\",\"url\":\"https:\/\/iberoid-shop.com\/\",\"name\":\"Ester\u00f3ides Online\",\"description\":\"Compre ester\u00f3ides online hoje em Espanha e Portugal. Temos o melhor servi\u00e7o ao cliente do setor e produtos da mais alta qualidade\",\"potentialAction\":[{\"@type\":\"SearchAction\",\"target\":{\"@type\":\"EntryPoint\",\"urlTemplate\":\"https:\/\/iberoid-shop.com\/?s={search_term_string}\"},\"query-input\":{\"@type\":\"PropertyValueSpecification\",\"valueRequired\":true,\"valueName\":\"search_term_string\"}}],\"inLanguage\":\"pt-PT\"}]}<\/script>\n<meta property=\"product:brand\" content=\"Canada Biotech Peptides\" \/>\n<meta property=\"product:price:amount\" content=\"30.00\" \/>\n<meta property=\"product:price:currency\" content=\"EUR\" \/>\n<meta property=\"og:availability\" content=\"instock\" \/>\n<meta property=\"product:availability\" content=\"instock\" \/>\n<meta property=\"product:condition\" content=\"new\" \/>\n<!-- \/ Yoast SEO Premium plugin. -->","yoast_head_json":{"title":"PACK 3 - TAMOXIFENO \/ TAMOXITECH - Ester\u00f3ides Online","description":"O citrato de tamoxifeno \u00e9 um modulador seletivo dos receptores de estrog\u00eanio (SERM) que bloqueia o estrog\u00eanio no tecido mam\u00e1rio para prevenir o crescimento do c\u00e2ncer e o imita nos ossos para melhorar a densidade. \u00c9 usado para o tratamento e preven\u00e7\u00e3o do c\u00e2ncer de mama.","robots":{"index":"index","follow":"follow","max-snippet":"max-snippet:-1","max-image-preview":"max-image-preview:large","max-video-preview":"max-video-preview:-1"},"canonical":"https:\/\/iberoid.com\/pt\/product\/pack3-tamoxifeno-tamoxitech-biotech-canada\/","og_locale":"pt_PT","og_type":"article","og_title":"PACK 3 - TAMOXIFENO \/ TAMOXITECH","og_description":"O citrato de tamoxifeno \u00e9 um modulador seletivo dos receptores de estrog\u00eanio (SERM) que bloqueia o estrog\u00eanio no tecido mam\u00e1rio para prevenir o crescimento do c\u00e2ncer e o imita nos ossos para melhorar a densidade. \u00c9 usado para o tratamento e preven\u00e7\u00e3o do c\u00e2ncer de mama.","og_url":"https:\/\/iberoid.com\/pt\/product\/pack3-tamoxifeno-tamoxitech-biotech-canada\/","og_site_name":"Ester\u00f3ides Online","article_modified_time":"2026-03-30T00:29:23+00:00","og_image":[{"width":1748,"height":2048,"url":"https:\/\/iberoid.com\/wp-content\/uploads\/2024\/03\/tamobi.jpg?v=1711306023","type":"image\/jpeg"}],"twitter_card":"summary_large_image","twitter_misc":{"pre\u00e7o":"&euro;30.00","Disponibilidade":"Em stock"},"schema":{"@context":"https:\/\/schema.org","@graph":[{"@type":"WebPage","@id":"https:\/\/iberoid.com\/pt\/product\/pack3-tamoxifeno-tamoxitech-biotech-canada\/","url":"https:\/\/iberoid.com\/pt\/product\/pack3-tamoxifeno-tamoxitech-biotech-canada\/","name":"PACK 3 - TAMOXIFENO \/ TAMOXITECH - Ester\u00f3ides Online","isPartOf":{"@id":"https:\/\/iberoid-shop.com\/#website"},"primaryImageOfPage":{"@id":"https:\/\/iberoid.com\/pt\/product\/pack3-tamoxifeno-tamoxitech-biotech-canada\/#primaryimage"},"image":{"@id":"https:\/\/iberoid.com\/pt\/product\/pack3-tamoxifeno-tamoxitech-biotech-canada\/#primaryimage"},"thumbnailUrl":"https:\/\/iberoid.com\/wp-content\/uploads\/2024\/03\/tamobi.jpg?v=1711306023","datePublished":"2025-01-02T13:54:51+00:00","dateModified":"2026-03-30T00:29:23+00:00","description":"O citrato de tamoxifeno \u00e9 um modulador seletivo dos receptores de estrog\u00eanio (SERM) que bloqueia o estrog\u00eanio no tecido mam\u00e1rio para prevenir o crescimento do c\u00e2ncer e o imita nos ossos para melhorar a densidade. \u00c9 usado para o tratamento e preven\u00e7\u00e3o do c\u00e2ncer de mama.","breadcrumb":{"@id":"https:\/\/iberoid.com\/pt\/product\/pack3-tamoxifeno-tamoxitech-biotech-canada\/#breadcrumb"},"inLanguage":"pt-PT","potentialAction":[{"@type":"ReadAction","target":[["https:\/\/iberoid.com\/pt\/product\/pack3-tamoxifeno-tamoxitech-biotech-canada\/"]]}]},{"@type":"ImageObject","inLanguage":"pt-PT","@id":"https:\/\/iberoid.com\/pt\/product\/pack3-tamoxifeno-tamoxitech-biotech-canada\/#primaryimage","url":"https:\/\/iberoid.com\/wp-content\/uploads\/2024\/03\/tamobi.jpg?v=1711306023","contentUrl":"https:\/\/iberoid.com\/wp-content\/uploads\/2024\/03\/tamobi.jpg?v=1711306023","width":1748,"height":2048,"caption":"TAMOXITECH 20"},{"@type":"BreadcrumbList","@id":"https:\/\/iberoid.com\/pt\/product\/pack3-tamoxifeno-tamoxitech-biotech-canada\/#breadcrumb","itemListElement":[{"@type":"ListItem","position":1,"name":"Portada","item":"https:\/\/iberoid.com\/pt\/"},{"@type":"ListItem","position":2,"name":"Loja","item":"https:\/\/iberoid.com\/pt\/shop\/"},{"@type":"ListItem","position":3,"name":"PACK 3 &#8211; TAMOXIFENO \/ TAMOXITECH"}]},{"@type":"WebSite","@id":"https:\/\/iberoid-shop.com\/#website","url":"https:\/\/iberoid-shop.com\/","name":"Ester\u00f3ides Online","description":"Compre ester\u00f3ides online hoje em Espanha e Portugal. Temos o melhor servi\u00e7o ao cliente do setor e produtos da mais alta qualidade","potentialAction":[{"@type":"SearchAction","target":{"@type":"EntryPoint","urlTemplate":"https:\/\/iberoid-shop.com\/?s={search_term_string}"},"query-input":{"@type":"PropertyValueSpecification","valueRequired":true,"valueName":"search_term_string"}}],"inLanguage":"pt-PT"}]},"product_brand":"Canada Biotech Peptides","product_price_amount":"30.00","product_price_currency":"EUR","og_availability":"instock","product_availability":"instock","product_condition":"new"},"_links":{"self":[{"href":"https:\/\/iberoid.com\/pt\/wp-json\/wp\/v2\/product\/9871","targetHints":{"allow":["GET"]}}],"collection":[{"href":"https:\/\/iberoid.com\/pt\/wp-json\/wp\/v2\/product"}],"about":[{"href":"https:\/\/iberoid.com\/pt\/wp-json\/wp\/v2\/types\/product"}],"replies":[{"embeddable":true,"href":"https:\/\/iberoid.com\/pt\/wp-json\/wp\/v2\/comments?post=9871"}],"wp:featuredmedia":[{"embeddable":true,"href":"https:\/\/iberoid.com\/pt\/wp-json\/wp\/v2\/media\/9298"}],"wp:attachment":[{"href":"https:\/\/iberoid.com\/pt\/wp-json\/wp\/v2\/media?parent=9871"}],"wp:term":[{"taxonomy":"product_brand","embeddable":true,"href":"https:\/\/iberoid.com\/pt\/wp-json\/wp\/v2\/product_brand?post=9871"},{"taxonomy":"product_cat","embeddable":true,"href":"https:\/\/iberoid.com\/pt\/wp-json\/wp\/v2\/product_cat?post=9871"},{"taxonomy":"product_tag","embeddable":true,"href":"https:\/\/iberoid.com\/pt\/wp-json\/wp\/v2\/product_tag?post=9871"}],"curies":[{"name":"wp","href":"https:\/\/api.w.org\/{rel}","templated":true}]}}