{"id":9995,"date":"2025-04-02T18:12:39","date_gmt":"2025-04-02T18:12:39","guid":{"rendered":"https:\/\/iberoid.com\/?post_type=product&#038;p=9995"},"modified":"2026-02-02T17:22:31","modified_gmt":"2026-02-02T17:22:31","slug":"pack3testosteronpropionate-mp-pharm","status":"publish","type":"product","link":"https:\/\/iberoid.com\/pt\/product\/pack3testosteronpropionate-mp-pharm\/","title":{"rendered":"PACK 3 &#8211; Testosterone Propionate"},"content":{"rendered":"<p><\/p>\n<p class=\"\" data-start=\"0\" data-end=\"334\">O propionato de testosterona \u00e9 utilizado no tratamento do d\u00e9ficit androg\u00eanico ap\u00f3s castra\u00e7\u00e3o, eunquismo, impot\u00eancia de origem hormonal, sinais de cl\u00edmax masculino (diminui\u00e7\u00e3o da libido e da atividade f\u00edsica e intelectual) na acromegalia, na hipertrofia prost\u00e1tica em est\u00e1gio inicial, osteoporose causada por insufici\u00eancia androg\u00eanica.<\/p>\n<p class=\"\" data-start=\"336\" data-end=\"701\">Nas mulheres, o propionato de testosterona \u00e9 utilizado para tratar dist\u00farbios vasculares e nervosos clim\u00e1ticos, quando preparados contra estrog\u00eanio (c\u00e2ncer de ov\u00e1rio e mama, sangramento uterino) juntamente com radioterapia em c\u00e2ncer de mama e ov\u00e1rio (geralmente em mulheres com menos de 60 anos) em mulheres com sangramento uterino disfuncional com mais de 45 anos.<\/p>\n<p class=\"\" data-start=\"703\" data-end=\"720\">Contraindica\u00e7\u00f5es:<\/p>\n<p class=\"\" data-start=\"722\" data-end=\"1218\">Pessoas com hipersensibilidade ao propionato de testosterona e seus componentes, com problemas relacionados \u00e0 pr\u00f3stata ou talvez c\u00e2ncer de mama, hipertrofia prost\u00e1tica com sintomas de problemas urin\u00e1rios, s\u00edndrome nefr\u00f3tica ou mesmo o per\u00edodo nefr\u00f3tico associado \u00e0 nefrites, edema, hipercalcemia, disfun\u00e7\u00e3o hep\u00e1tica, diabetes mellitus e doen\u00e7as coronarianas, infarto do mioc\u00e1rdio com hist\u00f3rico, aterosclerose em homens mais velhos, gravidez, amamenta\u00e7\u00e3o n\u00e3o devem usar propionato de testosterona.<\/p>\n<p class=\"\" data-start=\"1220\" data-end=\"1234\">Administra\u00e7\u00e3o:<\/p>\n<p class=\"\" data-start=\"1236\" data-end=\"1426\">O Test-Propionato pode ser administrado apenas por inje\u00e7\u00e3o intramuscular, no m\u00fasculo gl\u00fateo. O ciclo de dosagem \u00e9 ajustado individualmente conforme a doen\u00e7a, sexo, idade e resultado cl\u00ednico.<\/p>\n<p class=\"\" data-start=\"1428\" data-end=\"1584\">A dose mais ideal para administrar \u00e9 de 50 mg aumentada at\u00e9 100 mg, diariamente ou a cada dois dias. A dose total semanal estar\u00e1 no intervalo de 300-700 mg.<\/p>\n<p class=\"\" data-start=\"1586\" data-end=\"1598\">A\u00e7\u00e3o m\u00e9dica:<\/p>\n<p class=\"\" data-start=\"1600\" data-end=\"2333\">A testosterona \u00e9 o principal horm\u00f4nio androg\u00eanico produzido pelos test\u00edculos. A testosterona \u00e9 respons\u00e1vel pelo desenvolvimento dos \u00f3rg\u00e3os sexuais masculinos e tamb\u00e9m pelas caracter\u00edsticas sexuais secund\u00e1rias (desenvolvimento da pr\u00f3stata, ves\u00edculas seminais, p\u00eanis e escroto), distribui\u00e7\u00e3o de pelos masculinos (rosto, osso p\u00fabico, peito), desenvolvimento dos m\u00fasculos da laringe e distribui\u00e7\u00e3o do peso corporal. Ela mant\u00e9m o equil\u00edbrio de s\u00f3dio, pot\u00e1ssio e f\u00f3sforo, aumenta o metabolismo construtivo das prote\u00ednas e reduz o catabolismo. Aumenta as concentra\u00e7\u00f5es plasm\u00e1ticas, na fase pr\u00e9-p\u00fabere pode causar crescimento retardado e fechamento epifis\u00e1rio. O propionato de testosterona promove a produ\u00e7\u00e3o de glicoprote\u00ednas e eritrocitos.<\/p>\n<p class=\"\" data-start=\"2335\" data-end=\"2346\">Precau\u00e7\u00f5es:<\/p>\n<p class=\"\" data-start=\"2348\" data-end=\"2985\">Pessoas que sofrem de doen\u00e7as card\u00edacas latentes ou evidentes, fun\u00e7\u00e3o renal prejudicada, hipertens\u00e3o, epilepsia ou enxaqueca (ou hist\u00f3rico de presen\u00e7a dessas condi\u00e7\u00f5es) devem ser monitoradas constantemente, pois a testosterona pode causar reten\u00e7\u00e3o de s\u00f3dio e \u00e1gua. Durante o per\u00edodo de tratamento, as fun\u00e7\u00f5es hep\u00e1ticas devem ser monitoradas. Em pacientes com c\u00e2ncer de mama, hipernefroma, c\u00e2ncer de pulm\u00e3o com met\u00e1stases \u00f3sseas, ser\u00e1 controlado o n\u00edvel de c\u00e1lcio no sangue e na urina. A administra\u00e7\u00e3o de testosterona em adolescentes pr\u00e9-p\u00faberes deve ser realizada com cautela para evitar a cessa\u00e7\u00e3o precoce do crescimento e da puberdade.<\/p>\n<p><\/p>","protected":false},"excerpt":{"rendered":"<p>O propionato de testosterona \u00e9 utilizado no tratamento do d\u00e9ficit androg\u00eanico ap\u00f3s castra\u00e7\u00e3o, eunquismo, impot\u00eancia de origem hormonal, sinais de<\/p>\n","protected":false},"featured_media":9996,"comment_status":"open","ping_status":"closed","template":"","meta":[],"product_brand":[],"product_cat":[69,3474],"product_tag":[],"class_list":{"0":"post-9995","1":"product","2":"type-product","3":"status-publish","4":"has-post-thumbnail","6":"product_cat-esteroides_inyectables","7":"product_cat-packs","9":"first","10":"instock","11":"sale","12":"shipping-taxable","13":"purchasable","14":"product-type-simple"},"yoast_head":"<!-- This site is optimized with the Yoast SEO Premium plugin v24.4 (Yoast SEO v27.0) - https:\/\/yoast.com\/product\/yoast-seo-premium-wordpress\/ -->\n<title>PACK 3 - Testosterone Propionate - Ester\u00f3ides Online<\/title>\n<meta name=\"description\" content=\"A inje\u00e7\u00e3o de propionato de testosterona trata defici\u00eancia androg\u00eanica, problemas do climat\u00e9rio masculino e osteoporose. Tamb\u00e9m usada para algumas condi\u00e7\u00f5es femininas. Dose t\u00edpica de 50-100mg diariamente\/em dias alternados. Contraindicado em c\u00e2ncer, gravidez, problemas card\u00edacos\/hep\u00e1ticos\/renais. Apenas inje\u00e7\u00e3o IM.\" \/>\n<meta name=\"robots\" content=\"index, follow, max-snippet:-1, max-image-preview:large, max-video-preview:-1\" \/>\n<link rel=\"canonical\" href=\"https:\/\/iberoid.com\/pt\/product\/pack3testosteronpropionate-mp-pharm\/\" \/>\n<meta property=\"og:locale\" content=\"pt_PT\" \/>\n<meta property=\"og:type\" content=\"article\" \/>\n<meta property=\"og:title\" content=\"PACK 3 - Testosterone Propionate\" \/>\n<meta property=\"og:description\" content=\"A inje\u00e7\u00e3o de propionato de testosterona trata defici\u00eancia androg\u00eanica, problemas do climat\u00e9rio masculino e osteoporose. Tamb\u00e9m usada para algumas condi\u00e7\u00f5es femininas. Dose t\u00edpica de 50-100mg diariamente\/em dias alternados. Contraindicado em c\u00e2ncer, gravidez, problemas card\u00edacos\/hep\u00e1ticos\/renais. Apenas inje\u00e7\u00e3o IM.\" \/>\n<meta property=\"og:url\" content=\"https:\/\/iberoid.com\/pt\/product\/pack3testosteronpropionate-mp-pharm\/\" \/>\n<meta property=\"og:site_name\" content=\"Ester\u00f3ides Online\" \/>\n<meta property=\"article:modified_time\" content=\"2026-02-02T17:22:31+00:00\" \/>\n<meta property=\"og:image\" content=\"https:\/\/iberoid.com\/wp-content\/uploads\/2025\/04\/TP3-scaled.jpg?v=1743617477\" \/>\n\t<meta property=\"og:image:width\" content=\"2560\" \/>\n\t<meta property=\"og:image:height\" content=\"2073\" \/>\n\t<meta property=\"og:image:type\" content=\"image\/jpeg\" \/>\n<meta name=\"twitter:card\" content=\"summary_large_image\" \/>\n<meta name=\"twitter:label1\" content=\"pre\u00e7o\" \/>\n\t<meta name=\"twitter:data1\" content=\"&euro;40.00\" \/>\n\t<meta name=\"twitter:label2\" content=\"Disponibilidade\" \/>\n\t<meta name=\"twitter:data2\" content=\"Em stock\" \/>\n<script type=\"application\/ld+json\" class=\"yoast-schema-graph\">{\"@context\":\"https:\/\/schema.org\",\"@graph\":[{\"@type\":\"WebPage\",\"@id\":\"https:\/\/iberoid.com\/pt\/product\/pack3testosteronpropionate-mp-pharm\/\",\"url\":\"https:\/\/iberoid.com\/pt\/product\/pack3testosteronpropionate-mp-pharm\/\",\"name\":\"PACK 3 - Testosterone Propionate - Ester\u00f3ides Online\",\"isPartOf\":{\"@id\":\"https:\/\/iberoid-shop.com\/#website\"},\"primaryImageOfPage\":{\"@id\":\"https:\/\/iberoid.com\/pt\/product\/pack3testosteronpropionate-mp-pharm\/#primaryimage\"},\"image\":{\"@id\":\"https:\/\/iberoid.com\/pt\/product\/pack3testosteronpropionate-mp-pharm\/#primaryimage\"},\"thumbnailUrl\":\"https:\/\/iberoid.com\/wp-content\/uploads\/2025\/04\/TP3-scaled.jpg?v=1743617477\",\"datePublished\":\"2025-04-02T18:12:39+00:00\",\"dateModified\":\"2026-02-02T17:22:31+00:00\",\"description\":\"A inje\u00e7\u00e3o de propionato de testosterona trata defici\u00eancia androg\u00eanica, problemas do climat\u00e9rio masculino e osteoporose. Tamb\u00e9m usada para algumas condi\u00e7\u00f5es femininas. Dose t\u00edpica de 50-100mg diariamente\/em dias alternados. Contraindicado em c\u00e2ncer, gravidez, problemas card\u00edacos\/hep\u00e1ticos\/renais. Apenas inje\u00e7\u00e3o IM.\",\"breadcrumb\":{\"@id\":\"https:\/\/iberoid.com\/pt\/product\/pack3testosteronpropionate-mp-pharm\/#breadcrumb\"},\"inLanguage\":\"pt-PT\",\"potentialAction\":[{\"@type\":\"ReadAction\",\"target\":[[\"https:\/\/iberoid.com\/pt\/product\/pack3testosteronpropionate-mp-pharm\/\"]]}]},{\"@type\":\"ImageObject\",\"inLanguage\":\"pt-PT\",\"@id\":\"https:\/\/iberoid.com\/pt\/product\/pack3testosteronpropionate-mp-pharm\/#primaryimage\",\"url\":\"https:\/\/iberoid.com\/wp-content\/uploads\/2025\/04\/TP3-scaled.jpg?v=1743617477\",\"contentUrl\":\"https:\/\/iberoid.com\/wp-content\/uploads\/2025\/04\/TP3-scaled.jpg?v=1743617477\",\"width\":2560,\"height\":2073},{\"@type\":\"BreadcrumbList\",\"@id\":\"https:\/\/iberoid.com\/pt\/product\/pack3testosteronpropionate-mp-pharm\/#breadcrumb\",\"itemListElement\":[{\"@type\":\"ListItem\",\"position\":1,\"name\":\"Portada\",\"item\":\"https:\/\/iberoid.com\/pt\/\"},{\"@type\":\"ListItem\",\"position\":2,\"name\":\"Loja\",\"item\":\"https:\/\/iberoid.com\/pt\/shop\/\"},{\"@type\":\"ListItem\",\"position\":3,\"name\":\"PACK 3 &#8211; Testosterone Propionate\"}]},{\"@type\":\"WebSite\",\"@id\":\"https:\/\/iberoid-shop.com\/#website\",\"url\":\"https:\/\/iberoid-shop.com\/\",\"name\":\"Ester\u00f3ides Online\",\"description\":\"Compre ester\u00f3ides online hoje em Espanha e Portugal. Temos o melhor servi\u00e7o ao cliente do setor e produtos da mais alta qualidade\",\"potentialAction\":[{\"@type\":\"SearchAction\",\"target\":{\"@type\":\"EntryPoint\",\"urlTemplate\":\"https:\/\/iberoid-shop.com\/?s={search_term_string}\"},\"query-input\":{\"@type\":\"PropertyValueSpecification\",\"valueRequired\":true,\"valueName\":\"search_term_string\"}}],\"inLanguage\":\"pt-PT\"}]}<\/script>\n<meta property=\"product:price:amount\" content=\"40.00\" \/>\n<meta property=\"product:price:currency\" content=\"EUR\" \/>\n<meta property=\"og:availability\" content=\"instock\" \/>\n<meta property=\"product:availability\" content=\"instock\" \/>\n<meta property=\"product:condition\" content=\"new\" \/>\n<!-- \/ Yoast SEO Premium plugin. -->","yoast_head_json":{"title":"PACK 3 - Testosterone Propionate - Ester\u00f3ides Online","description":"A inje\u00e7\u00e3o de propionato de testosterona trata defici\u00eancia androg\u00eanica, problemas do climat\u00e9rio masculino e osteoporose. Tamb\u00e9m usada para algumas condi\u00e7\u00f5es femininas. Dose t\u00edpica de 50-100mg diariamente\/em dias alternados. Contraindicado em c\u00e2ncer, gravidez, problemas card\u00edacos\/hep\u00e1ticos\/renais. Apenas inje\u00e7\u00e3o IM.","robots":{"index":"index","follow":"follow","max-snippet":"max-snippet:-1","max-image-preview":"max-image-preview:large","max-video-preview":"max-video-preview:-1"},"canonical":"https:\/\/iberoid.com\/pt\/product\/pack3testosteronpropionate-mp-pharm\/","og_locale":"pt_PT","og_type":"article","og_title":"PACK 3 - Testosterone Propionate","og_description":"A inje\u00e7\u00e3o de propionato de testosterona trata defici\u00eancia androg\u00eanica, problemas do climat\u00e9rio masculino e osteoporose. Tamb\u00e9m usada para algumas condi\u00e7\u00f5es femininas. Dose t\u00edpica de 50-100mg diariamente\/em dias alternados. Contraindicado em c\u00e2ncer, gravidez, problemas card\u00edacos\/hep\u00e1ticos\/renais. Apenas inje\u00e7\u00e3o IM.","og_url":"https:\/\/iberoid.com\/pt\/product\/pack3testosteronpropionate-mp-pharm\/","og_site_name":"Ester\u00f3ides Online","article_modified_time":"2026-02-02T17:22:31+00:00","og_image":[{"width":2560,"height":2073,"url":"https:\/\/iberoid.com\/wp-content\/uploads\/2025\/04\/TP3-scaled.jpg?v=1743617477","type":"image\/jpeg"}],"twitter_card":"summary_large_image","twitter_misc":{"pre\u00e7o":"&euro;40.00","Disponibilidade":"Em stock"},"schema":{"@context":"https:\/\/schema.org","@graph":[{"@type":"WebPage","@id":"https:\/\/iberoid.com\/pt\/product\/pack3testosteronpropionate-mp-pharm\/","url":"https:\/\/iberoid.com\/pt\/product\/pack3testosteronpropionate-mp-pharm\/","name":"PACK 3 - Testosterone Propionate - Ester\u00f3ides Online","isPartOf":{"@id":"https:\/\/iberoid-shop.com\/#website"},"primaryImageOfPage":{"@id":"https:\/\/iberoid.com\/pt\/product\/pack3testosteronpropionate-mp-pharm\/#primaryimage"},"image":{"@id":"https:\/\/iberoid.com\/pt\/product\/pack3testosteronpropionate-mp-pharm\/#primaryimage"},"thumbnailUrl":"https:\/\/iberoid.com\/wp-content\/uploads\/2025\/04\/TP3-scaled.jpg?v=1743617477","datePublished":"2025-04-02T18:12:39+00:00","dateModified":"2026-02-02T17:22:31+00:00","description":"A inje\u00e7\u00e3o de propionato de testosterona trata defici\u00eancia androg\u00eanica, problemas do climat\u00e9rio masculino e osteoporose. Tamb\u00e9m usada para algumas condi\u00e7\u00f5es femininas. Dose t\u00edpica de 50-100mg diariamente\/em dias alternados. Contraindicado em c\u00e2ncer, gravidez, problemas card\u00edacos\/hep\u00e1ticos\/renais. Apenas inje\u00e7\u00e3o IM.","breadcrumb":{"@id":"https:\/\/iberoid.com\/pt\/product\/pack3testosteronpropionate-mp-pharm\/#breadcrumb"},"inLanguage":"pt-PT","potentialAction":[{"@type":"ReadAction","target":[["https:\/\/iberoid.com\/pt\/product\/pack3testosteronpropionate-mp-pharm\/"]]}]},{"@type":"ImageObject","inLanguage":"pt-PT","@id":"https:\/\/iberoid.com\/pt\/product\/pack3testosteronpropionate-mp-pharm\/#primaryimage","url":"https:\/\/iberoid.com\/wp-content\/uploads\/2025\/04\/TP3-scaled.jpg?v=1743617477","contentUrl":"https:\/\/iberoid.com\/wp-content\/uploads\/2025\/04\/TP3-scaled.jpg?v=1743617477","width":2560,"height":2073},{"@type":"BreadcrumbList","@id":"https:\/\/iberoid.com\/pt\/product\/pack3testosteronpropionate-mp-pharm\/#breadcrumb","itemListElement":[{"@type":"ListItem","position":1,"name":"Portada","item":"https:\/\/iberoid.com\/pt\/"},{"@type":"ListItem","position":2,"name":"Loja","item":"https:\/\/iberoid.com\/pt\/shop\/"},{"@type":"ListItem","position":3,"name":"PACK 3 &#8211; Testosterone Propionate"}]},{"@type":"WebSite","@id":"https:\/\/iberoid-shop.com\/#website","url":"https:\/\/iberoid-shop.com\/","name":"Ester\u00f3ides Online","description":"Compre ester\u00f3ides online hoje em Espanha e Portugal. Temos o melhor servi\u00e7o ao cliente do setor e produtos da mais alta qualidade","potentialAction":[{"@type":"SearchAction","target":{"@type":"EntryPoint","urlTemplate":"https:\/\/iberoid-shop.com\/?s={search_term_string}"},"query-input":{"@type":"PropertyValueSpecification","valueRequired":true,"valueName":"search_term_string"}}],"inLanguage":"pt-PT"}]},"product_price_amount":"40.00","product_price_currency":"EUR","og_availability":"instock","product_availability":"instock","product_condition":"new"},"_links":{"self":[{"href":"https:\/\/iberoid.com\/pt\/wp-json\/wp\/v2\/product\/9995","targetHints":{"allow":["GET"]}}],"collection":[{"href":"https:\/\/iberoid.com\/pt\/wp-json\/wp\/v2\/product"}],"about":[{"href":"https:\/\/iberoid.com\/pt\/wp-json\/wp\/v2\/types\/product"}],"replies":[{"embeddable":true,"href":"https:\/\/iberoid.com\/pt\/wp-json\/wp\/v2\/comments?post=9995"}],"wp:featuredmedia":[{"embeddable":true,"href":"https:\/\/iberoid.com\/pt\/wp-json\/wp\/v2\/media\/9996"}],"wp:attachment":[{"href":"https:\/\/iberoid.com\/pt\/wp-json\/wp\/v2\/media?parent=9995"}],"wp:term":[{"taxonomy":"product_brand","embeddable":true,"href":"https:\/\/iberoid.com\/pt\/wp-json\/wp\/v2\/product_brand?post=9995"},{"taxonomy":"product_cat","embeddable":true,"href":"https:\/\/iberoid.com\/pt\/wp-json\/wp\/v2\/product_cat?post=9995"},{"taxonomy":"product_tag","embeddable":true,"href":"https:\/\/iberoid.com\/pt\/wp-json\/wp\/v2\/product_tag?post=9995"}],"curies":[{"name":"wp","href":"https:\/\/api.w.org\/{rel}","templated":true}]}}